{"id":2308,"date":"2021-09-30T20:26:35","date_gmt":"2021-09-30T20:26:35","guid":{"rendered":"http:\/\/www.rula.disabilityrightsca.org\/es\/?page_id=2308"},"modified":"2023-12-05T23:32:57","modified_gmt":"2023-12-05T23:32:57","slug":"11-15-que-son-los-servicios-de-apoyo-en-el-hogar","status":"publish","type":"page","link":"https:\/\/rula.disabilityrightsca.org\/es\/rula-book\/capitulo-11-la-exencion-por-discapacidad-del-desarrollo-de-medi-cal\/11-15-que-son-los-servicios-de-apoyo-en-el-hogar\/","title":{"rendered":"(11.15) \u00bfQu\u00e9 son los servicios de apoyo en el hogar?"},"content":{"rendered":"\n<p>Los Servicios de Apoyo en el Hogar (IHSS) son un beneficio de Medi-Cal. IHSS est\u00e1 disponible si tiene una discapacidad y necesita atenci\u00f3n especial para mantenerse seguro en casa. IHSS paga a un proveedor para que le brinde atenci\u00f3n no m\u00e9dica en el hogar.<\/p>\n\n\n\n<p>Para obtener informaci\u00f3n sobre IHSS, consulte las publicaciones de Disability Rights California sobre IHSS aqu\u00ed:<a href=\"https:\/\/www.disabilityrightsca.org\/es\/publicaciones\/servicios-de-apoyo-en-el-hogar-ihss\"> https:\/\/www.disabilityrightsca.org\/resources\/in-home-supportive-services-ihss<\/a><\/p>\n","protected":false},"excerpt":{"rendered":"<p>Los Servicios de Apoyo en el Hogar (IHSS) son un beneficio de Medi-Cal. IHSS est\u00e1 disponible si tiene una discapacidad y necesita atenci\u00f3n especial para&hellip;<\/p>\n","protected":false},"author":1,"featured_media":0,"parent":2275,"menu_order":15,"comment_status":"closed","ping_status":"closed","template":"","meta":{"footnotes":""},"class_list":["post-2308","page","type-page","status-publish","hentry"],"_links":{"self":[{"href":"https:\/\/rula.disabilityrightsca.org\/es\/wp-json\/wp\/v2\/pages\/2308","targetHints":{"allow":["GET"]}}],"collection":[{"href":"https:\/\/rula.disabilityrightsca.org\/es\/wp-json\/wp\/v2\/pages"}],"about":[{"href":"https:\/\/rula.disabilityrightsca.org\/es\/wp-json\/wp\/v2\/types\/page"}],"author":[{"embeddable":true,"href":"https:\/\/rula.disabilityrightsca.org\/es\/wp-json\/wp\/v2\/users\/1"}],"replies":[{"embeddable":true,"href":"https:\/\/rula.disabilityrightsca.org\/es\/wp-json\/wp\/v2\/comments?post=2308"}],"version-history":[{"count":4,"href":"https:\/\/rula.disabilityrightsca.org\/es\/wp-json\/wp\/v2\/pages\/2308\/revisions"}],"predecessor-version":[{"id":3947,"href":"https:\/\/rula.disabilityrightsca.org\/es\/wp-json\/wp\/v2\/pages\/2308\/revisions\/3947"}],"up":[{"embeddable":true,"href":"https:\/\/rula.disabilityrightsca.org\/es\/wp-json\/wp\/v2\/pages\/2275"}],"wp:attachment":[{"href":"https:\/\/rula.disabilityrightsca.org\/es\/wp-json\/wp\/v2\/media?parent=2308"}],"curies":[{"name":"wp","href":"https:\/\/api.w.org\/{rel}","templated":true}]}}