{"id":2306,"date":"2021-09-30T20:24:55","date_gmt":"2021-09-30T20:24:55","guid":{"rendered":"http:\/\/www.rula.disabilityrightsca.org\/es\/?page_id=2306"},"modified":"2023-12-05T23:30:54","modified_gmt":"2023-12-05T23:30:54","slug":"11-14-puede-mi-hijo-recibir-medi-cal-si-recibe-los-beneficios-de-sobreviviente-del-seguro-social","status":"publish","type":"page","link":"https:\/\/rula.disabilityrightsca.org\/es\/rula-book\/capitulo-11-la-exencion-por-discapacidad-del-desarrollo-de-medi-cal\/11-14-puede-mi-hijo-recibir-medi-cal-si-recibe-los-beneficios-de-sobreviviente-del-seguro-social\/","title":{"rendered":"(11.14) \u00bfPuede mi hijo recibir Medi-Cal si recibe los beneficios de sobreviviente del Seguro Social?"},"content":{"rendered":"\n<p>Quiz\u00e1s. Con la consideraci\u00f3n institucional, Medi-Cal puede evaluar la elegibilidad de su hijo sin contar sus ingresos.<\/p>\n\n\n\n<p>Medi-Cal contar\u00e1 los Beneficios del Seguro Social para sobrevivientes como ingresos del propio ni\u00f1o. La parte del costo de Medi-Cal se basar\u00e1 en el ingreso contable del ni\u00f1o superior a $600 por mes.<\/p>\n","protected":false},"excerpt":{"rendered":"<p>Quiz\u00e1s. Con la consideraci\u00f3n institucional, Medi-Cal puede evaluar la elegibilidad de su hijo sin contar sus ingresos. Medi-Cal contar\u00e1 los Beneficios del Seguro Social para&hellip;<\/p>\n","protected":false},"author":1,"featured_media":0,"parent":2275,"menu_order":14,"comment_status":"closed","ping_status":"closed","template":"","meta":{"footnotes":""},"class_list":["post-2306","page","type-page","status-publish","hentry"],"_links":{"self":[{"href":"https:\/\/rula.disabilityrightsca.org\/es\/wp-json\/wp\/v2\/pages\/2306","targetHints":{"allow":["GET"]}}],"collection":[{"href":"https:\/\/rula.disabilityrightsca.org\/es\/wp-json\/wp\/v2\/pages"}],"about":[{"href":"https:\/\/rula.disabilityrightsca.org\/es\/wp-json\/wp\/v2\/types\/page"}],"author":[{"embeddable":true,"href":"https:\/\/rula.disabilityrightsca.org\/es\/wp-json\/wp\/v2\/users\/1"}],"replies":[{"embeddable":true,"href":"https:\/\/rula.disabilityrightsca.org\/es\/wp-json\/wp\/v2\/comments?post=2306"}],"version-history":[{"count":3,"href":"https:\/\/rula.disabilityrightsca.org\/es\/wp-json\/wp\/v2\/pages\/2306\/revisions"}],"predecessor-version":[{"id":3945,"href":"https:\/\/rula.disabilityrightsca.org\/es\/wp-json\/wp\/v2\/pages\/2306\/revisions\/3945"}],"up":[{"embeddable":true,"href":"https:\/\/rula.disabilityrightsca.org\/es\/wp-json\/wp\/v2\/pages\/2275"}],"wp:attachment":[{"href":"https:\/\/rula.disabilityrightsca.org\/es\/wp-json\/wp\/v2\/media?parent=2306"}],"curies":[{"name":"wp","href":"https:\/\/api.w.org\/{rel}","templated":true}]}}