{"id":2302,"date":"2021-09-30T20:22:39","date_gmt":"2021-09-30T20:22:39","guid":{"rendered":"http:\/\/www.rula.disabilityrightsca.org\/es\/?page_id=2302"},"modified":"2023-12-05T23:29:36","modified_gmt":"2023-12-05T23:29:36","slug":"11-12-que-sucede-si-los-ingresos-de-mi-familia-son-demasiado-altos-para-calificar-para-medi-cal","status":"publish","type":"page","link":"https:\/\/rula.disabilityrightsca.org\/es\/rula-book\/capitulo-11-la-exencion-por-discapacidad-del-desarrollo-de-medi-cal\/11-12-que-sucede-si-los-ingresos-de-mi-familia-son-demasiado-altos-para-calificar-para-medi-cal\/","title":{"rendered":"(11.12) \u00bfQu\u00e9 sucede si los ingresos de mi familia son demasiado altos para calificar para Medi Cal?"},"content":{"rendered":"\n<p>A\u00fan puede obtener Medi-Cal por la Exenci\u00f3n DD. El prop\u00f3sito principal de la Exenci\u00f3n DD es ayudarlo a mantenerse fuera de una instituci\u00f3n y en la comunidad. Por lo tanto, incluso si los ingresos de su familia son demasiado altos, puede ser elegible para Medi\u2011Cal porque no contar\u00e1n los ingresos o recursos de sus padres o c\u00f3nyuge.<\/p>\n\n\n\n<p>Medi-Cal puede determinar su elegibilidad mediante la &#8220;consideraci\u00f3n institucional&#8221;. Esto significa que Medi\u2011Cal evaluar\u00e1 su elegibilidad como si viviera en una instituci\u00f3n y no con sus padres o c\u00f3nyuge. Esto significa que no est\u00e1 en la MFBU de sus padres o c\u00f3nyuge (consulte la <a href=\"https:\/\/rula.disabilityrightsca.org\/es\/rula-book\/capitulo-11-la-exencion-por-discapacidad-del-desarrollo-de-medi-cal\/11-11-contarian-normalmente-los-ingresos-y-recursos-de-los-padres-para-la-elegibilidad-de-medi-cal-de-su-hijo\/\">Pregunta 11<\/a>). Esto se debe a que Medi-Cal solo cuenta sus <em>propios<\/em> ingresos y recursos (que a menudo son bajos o nulos) cuando vive en una instituci\u00f3n.<\/p>\n\n\n\n<p>Medi-Cal puede usar la consideraci\u00f3n institucional para determinar su elegibilidad para Medi-Cal, porque las personas en la Exenci\u00f3n DD ya est\u00e1n calificadas para recibir servicios en un ICF\/DD (centro de atenci\u00f3n intermedia).<\/p>\n\n\n\n<p>As\u00ed es como funciona el proceso:<\/p>\n\n\n\n<ul class=\"wp-block-list\">\n<li>El centro regional determina que usted califica para los servicios de exenci\u00f3n DD, pero no es elegible para Medi-Cal debido a los ingresos o recursos de sus padres o c\u00f3nyuge.<\/li>\n\n\n\n<li>El centro regional se comunica con la persona de contacto de exenci\u00f3n del condado y le pregunta si es elegible para Medi-Cal sin contar los ingresos de sus padres o c\u00f3nyuge.<span class=\"footnote_referrer\"><a role=\"button\" tabindex=\"0\" onclick=\"footnote_moveToReference_2302_1('footnote_plugin_reference_2302_1_1');\" onkeypress=\"footnote_moveToReference_2302_1('footnote_plugin_reference_2302_1_1');\" ><sup id=\"footnote_plugin_tooltip_2302_1_1\" class=\"footnote_plugin_tooltip_text\">[1]<\/sup><\/a><span id=\"footnote_plugin_tooltip_text_2302_1_1\" class=\"footnote_tooltip\">Los procedimientos se explican en las Cartas del Departamento de Atenci\u00f3n M\u00e9dica a Todos los Directores de Bienestar Social del Condado (ACWDL) N.\u00ba 00-08, 00-59, 01-24<\/span><\/span><script type=\"text\/javascript\"> jQuery('#footnote_plugin_tooltip_2302_1_1').tooltip({ tip: '#footnote_plugin_tooltip_text_2302_1_1', tipClass: 'footnote_tooltip', effect: 'fade', predelay: 0, fadeInSpeed: 200, delay: 400, fadeOutSpeed: 200, position: 'top center', relative: true, offset: [-7, 0], });<\/script><\/li>\n\n\n\n<li>La persona de contacto de exenci\u00f3n del condado utiliza la consideraci\u00f3n institucional para examinar su solicitud y decidir\u00e1 si usted es elegible para Medi\u2011Cal sin costo o con costo compartido. Consulte las preguntas 13 y 14 para saber cu\u00e1ndo podr\u00eda tener Medi-Cal con costo compartido.<\/li>\n\n\n\n<li>Si es elegible, calificar\u00e1 para Medi\u2011Cal bajo un c\u00f3digo especial.<\/li>\n\n\n\n<li>Su Medi-Cal ser\u00e1 de &#8220;alcance completo&#8221;, lo que significa que puede ver m\u00e9dicos, ir al hospital y tener otros servicios de Medi-Cal. El centro regional puede pagar algunos de los servicios de su centro regional usando Medi-Cal.<\/li>\n<\/ul>\n<div class=\"speaker-mute footnotes_reference_container\"> <div class=\"footnote_container_prepare\"><p><span role=\"button\" tabindex=\"0\" class=\"footnote_reference_container_label pointer\" onclick=\"footnote_expand_collapse_reference_container_2302_1();\">&#x202F;<\/span><span role=\"button\" tabindex=\"0\" class=\"footnote_reference_container_collapse_button\" style=\"display: none;\" onclick=\"footnote_expand_collapse_reference_container_2302_1();\">[<a id=\"footnote_reference_container_collapse_button_2302_1\">+<\/a>]<\/span><\/p><\/div> <div id=\"footnote_references_container_2302_1\" style=\"\"><table class=\"footnotes_table footnote-reference-container\"><caption class=\"accessibility\">References<\/caption> <tbody> \r\n\r\n<tr class=\"footnotes_plugin_reference_row\"> <th scope=\"row\" class=\"footnote_plugin_index_combi pointer\"  onclick=\"footnote_moveToAnchor_2302_1('footnote_plugin_tooltip_2302_1_1');\"><a id=\"footnote_plugin_reference_2302_1_1\" class=\"footnote_backlink\"><span class=\"footnote_index_arrow\">&#8593;<\/span>1<\/a><\/th> <td class=\"footnote_plugin_text\">Los procedimientos se explican en las Cartas del Departamento de Atenci\u00f3n M\u00e9dica a Todos los Directores de Bienestar Social del Condado (ACWDL) N.\u00ba 00-08, 00-59, 01-24<\/td><\/tr>\r\n\r\n <\/tbody> <\/table> <\/div><\/div><script type=\"text\/javascript\"> function footnote_expand_reference_container_2302_1() { jQuery('#footnote_references_container_2302_1').show(); jQuery('#footnote_reference_container_collapse_button_2302_1').text('\u2212'); } function footnote_collapse_reference_container_2302_1() { jQuery('#footnote_references_container_2302_1').hide(); jQuery('#footnote_reference_container_collapse_button_2302_1').text('+'); } function footnote_expand_collapse_reference_container_2302_1() { if (jQuery('#footnote_references_container_2302_1').is(':hidden')) { footnote_expand_reference_container_2302_1(); } else { footnote_collapse_reference_container_2302_1(); } } function footnote_moveToReference_2302_1(p_str_TargetID) { footnote_expand_reference_container_2302_1(); var l_obj_Target = jQuery('#' + p_str_TargetID); if (l_obj_Target.length) { jQuery( 'html, body' ).delay( 0 ); jQuery('html, body').animate({ scrollTop: l_obj_Target.offset().top - window.innerHeight * 0.2 }, 380); } } function footnote_moveToAnchor_2302_1(p_str_TargetID) { footnote_expand_reference_container_2302_1(); var l_obj_Target = jQuery('#' + p_str_TargetID); if (l_obj_Target.length) { jQuery( 'html, body' ).delay( 0 ); jQuery('html, body').animate({ scrollTop: l_obj_Target.offset().top - window.innerHeight * 0.2 }, 380); } }<\/script>","protected":false},"excerpt":{"rendered":"<p>A\u00fan puede obtener Medi-Cal por la Exenci\u00f3n DD. El prop\u00f3sito principal de la Exenci\u00f3n DD es ayudarlo a mantenerse fuera de una instituci\u00f3n y en&hellip;<\/p>\n","protected":false},"author":1,"featured_media":0,"parent":2275,"menu_order":12,"comment_status":"closed","ping_status":"closed","template":"","meta":{"footnotes":""},"class_list":["post-2302","page","type-page","status-publish","hentry"],"_links":{"self":[{"href":"https:\/\/rula.disabilityrightsca.org\/es\/wp-json\/wp\/v2\/pages\/2302","targetHints":{"allow":["GET"]}}],"collection":[{"href":"https:\/\/rula.disabilityrightsca.org\/es\/wp-json\/wp\/v2\/pages"}],"about":[{"href":"https:\/\/rula.disabilityrightsca.org\/es\/wp-json\/wp\/v2\/types\/page"}],"author":[{"embeddable":true,"href":"https:\/\/rula.disabilityrightsca.org\/es\/wp-json\/wp\/v2\/users\/1"}],"replies":[{"embeddable":true,"href":"https:\/\/rula.disabilityrightsca.org\/es\/wp-json\/wp\/v2\/comments?post=2302"}],"version-history":[{"count":4,"href":"https:\/\/rula.disabilityrightsca.org\/es\/wp-json\/wp\/v2\/pages\/2302\/revisions"}],"predecessor-version":[{"id":3943,"href":"https:\/\/rula.disabilityrightsca.org\/es\/wp-json\/wp\/v2\/pages\/2302\/revisions\/3943"}],"up":[{"embeddable":true,"href":"https:\/\/rula.disabilityrightsca.org\/es\/wp-json\/wp\/v2\/pages\/2275"}],"wp:attachment":[{"href":"https:\/\/rula.disabilityrightsca.org\/es\/wp-json\/wp\/v2\/media?parent=2302"}],"curies":[{"name":"wp","href":"https:\/\/api.w.org\/{rel}","templated":true}]}}