{"id":2300,"date":"2021-09-30T20:21:07","date_gmt":"2021-09-30T20:21:07","guid":{"rendered":"http:\/\/www.rula.disabilityrightsca.org\/es\/?page_id=2300"},"modified":"2023-12-05T23:28:29","modified_gmt":"2023-12-05T23:28:29","slug":"11-11-contarian-normalmente-los-ingresos-y-recursos-de-los-padres-para-la-elegibilidad-de-medi-cal-de-su-hijo","status":"publish","type":"page","link":"https:\/\/rula.disabilityrightsca.org\/es\/rula-book\/capitulo-11-la-exencion-por-discapacidad-del-desarrollo-de-medi-cal\/11-11-contarian-normalmente-los-ingresos-y-recursos-de-los-padres-para-la-elegibilidad-de-medi-cal-de-su-hijo\/","title":{"rendered":"(11.11) \u00bfContar\u00edan normalmente los ingresos y recursos de los padres para la elegibilidad de Medi-Cal de su hijo?"},"content":{"rendered":"\n<p>S\u00ed. Para la elegibilidad regular de Medi-Cal (no para la exenci\u00f3n DD), un ni\u00f1o generalmente est\u00e1 en el hogar de sus padres. Medi-Cal llama a un hogar una &#8220;Unidad de Presupuesto Familiar de Medi-Cal&#8221; o MFBU. Cuando un ni\u00f1o est\u00e1 en el hogar (MFBU) con los padres, los ingresos y recursos de los padres se cuentan para la elegibilidad de Medi-Cal del ni\u00f1o.<\/p>\n\n\n\n<p><strong>NOTA:<\/strong>&nbsp;Usted es un &#8220;ni\u00f1o&#8221; para Medi-Cal si es menor de 18 a\u00f1os, o si ambas cosas son verdaderas:<\/p>\n\n\n\n<ul class=\"wp-block-list\">\n<li>&nbsp;Tiene 18 a\u00f1os o m\u00e1s, pero menos de 21, y<\/li>\n\n\n\n<li>&nbsp;Su padre lo reclama como dependiente para obtener un cr\u00e9dito fiscal o una deducci\u00f3n a los fines de los impuestos sobre la renta estatales o federales.<span class=\"footnote_referrer\"><a role=\"button\" tabindex=\"0\" onclick=\"footnote_moveToReference_2300_1('footnote_plugin_reference_2300_1_1');\" onkeypress=\"footnote_moveToReference_2300_1('footnote_plugin_reference_2300_1_1');\" ><sup id=\"footnote_plugin_tooltip_2300_1_1\" class=\"footnote_plugin_tooltip_text\">[1]<\/sup><\/a><span id=\"footnote_plugin_tooltip_text_2300_1_1\" class=\"footnote_tooltip\">22 CCR \u00a7 50060 y \u00a7 50351(c)<\/span><\/span><script type=\"text\/javascript\"> jQuery('#footnote_plugin_tooltip_2300_1_1').tooltip({ tip: '#footnote_plugin_tooltip_text_2300_1_1', tipClass: 'footnote_tooltip', effect: 'fade', predelay: 0, fadeInSpeed: 200, delay: 400, fadeOutSpeed: 200, position: 'top center', relative: true, offset: [-7, 0], });<\/script><\/li>\n<\/ul>\n\n\n\n<p>Puede solicitar la Exenci\u00f3n DD a trav\u00e9s de una evaluaci\u00f3n institucional si es menor de 21 a\u00f1os y sus padres lo reclaman como dependiente.<span class=\"footnote_referrer\"><a role=\"button\" tabindex=\"0\" onclick=\"footnote_moveToReference_2300_1('footnote_plugin_reference_2300_1_2');\" onkeypress=\"footnote_moveToReference_2300_1('footnote_plugin_reference_2300_1_2');\" ><sup id=\"footnote_plugin_tooltip_2300_1_2\" class=\"footnote_plugin_tooltip_text\">[2]<\/sup><\/a><span id=\"footnote_plugin_tooltip_text_2300_1_2\" class=\"footnote_tooltip\">ACWDL 00-59<\/span><\/span><script type=\"text\/javascript\"> jQuery('#footnote_plugin_tooltip_2300_1_2').tooltip({ tip: '#footnote_plugin_tooltip_text_2300_1_2', tipClass: 'footnote_tooltip', effect: 'fade', predelay: 0, fadeInSpeed: 200, delay: 400, fadeOutSpeed: 200, position: 'top center', relative: true, offset: [-7, 0], });<\/script> Esto significa que es un ni\u00f1o para Medi-Cal. Sus padres deber\u00e1n proporcionar informaci\u00f3n sobre sus ingresos y recursos para la solicitud. Consulte la\u00a0<a href=\"https:\/\/rula.disabilityrightsca.org\/es\/rula-book\/capitulo-11-la-exencion-por-discapacidad-del-desarrollo-de-medi-cal\/11-12-que-sucede-si-los-ingresos-de-mi-familia-son-demasiado-altos-para-calificar-para-medi-cal\/\">Pregunta 12<\/a>.<\/p>\n<div class=\"speaker-mute footnotes_reference_container\"> <div class=\"footnote_container_prepare\"><p><span role=\"button\" tabindex=\"0\" class=\"footnote_reference_container_label pointer\" onclick=\"footnote_expand_collapse_reference_container_2300_1();\">&#x202F;<\/span><span role=\"button\" tabindex=\"0\" class=\"footnote_reference_container_collapse_button\" style=\"display: none;\" onclick=\"footnote_expand_collapse_reference_container_2300_1();\">[<a id=\"footnote_reference_container_collapse_button_2300_1\">+<\/a>]<\/span><\/p><\/div> <div id=\"footnote_references_container_2300_1\" style=\"\"><table class=\"footnotes_table footnote-reference-container\"><caption class=\"accessibility\">References<\/caption> <tbody> \r\n\r\n<tr class=\"footnotes_plugin_reference_row\"> <th scope=\"row\" class=\"footnote_plugin_index_combi pointer\"  onclick=\"footnote_moveToAnchor_2300_1('footnote_plugin_tooltip_2300_1_1');\"><a id=\"footnote_plugin_reference_2300_1_1\" class=\"footnote_backlink\"><span class=\"footnote_index_arrow\">&#8593;<\/span>1<\/a><\/th> <td class=\"footnote_plugin_text\">22 CCR \u00a7 50060 y \u00a7 50351(c)<\/td><\/tr>\r\n\r\n<tr class=\"footnotes_plugin_reference_row\"> <th scope=\"row\" class=\"footnote_plugin_index_combi pointer\"  onclick=\"footnote_moveToAnchor_2300_1('footnote_plugin_tooltip_2300_1_2');\"><a id=\"footnote_plugin_reference_2300_1_2\" class=\"footnote_backlink\"><span class=\"footnote_index_arrow\">&#8593;<\/span>2<\/a><\/th> <td class=\"footnote_plugin_text\">ACWDL 00-59<\/td><\/tr>\r\n\r\n <\/tbody> <\/table> <\/div><\/div><script type=\"text\/javascript\"> function footnote_expand_reference_container_2300_1() { jQuery('#footnote_references_container_2300_1').show(); jQuery('#footnote_reference_container_collapse_button_2300_1').text('\u2212'); } function footnote_collapse_reference_container_2300_1() { jQuery('#footnote_references_container_2300_1').hide(); jQuery('#footnote_reference_container_collapse_button_2300_1').text('+'); } function footnote_expand_collapse_reference_container_2300_1() { if (jQuery('#footnote_references_container_2300_1').is(':hidden')) { footnote_expand_reference_container_2300_1(); } else { footnote_collapse_reference_container_2300_1(); } } function footnote_moveToReference_2300_1(p_str_TargetID) { footnote_expand_reference_container_2300_1(); var l_obj_Target = jQuery('#' + p_str_TargetID); if (l_obj_Target.length) { jQuery( 'html, body' ).delay( 0 ); jQuery('html, body').animate({ scrollTop: l_obj_Target.offset().top - window.innerHeight * 0.2 }, 380); } } function footnote_moveToAnchor_2300_1(p_str_TargetID) { footnote_expand_reference_container_2300_1(); var l_obj_Target = jQuery('#' + p_str_TargetID); if (l_obj_Target.length) { jQuery( 'html, body' ).delay( 0 ); jQuery('html, body').animate({ scrollTop: l_obj_Target.offset().top - window.innerHeight * 0.2 }, 380); } }<\/script>","protected":false},"excerpt":{"rendered":"<p>S\u00ed. Para la elegibilidad regular de Medi-Cal (no para la exenci\u00f3n DD), un ni\u00f1o generalmente est\u00e1 en el hogar de sus padres. Medi-Cal llama a&hellip;<\/p>\n","protected":false},"author":1,"featured_media":0,"parent":2275,"menu_order":11,"comment_status":"closed","ping_status":"closed","template":"","meta":{"footnotes":""},"class_list":["post-2300","page","type-page","status-publish","hentry"],"_links":{"self":[{"href":"https:\/\/rula.disabilityrightsca.org\/es\/wp-json\/wp\/v2\/pages\/2300","targetHints":{"allow":["GET"]}}],"collection":[{"href":"https:\/\/rula.disabilityrightsca.org\/es\/wp-json\/wp\/v2\/pages"}],"about":[{"href":"https:\/\/rula.disabilityrightsca.org\/es\/wp-json\/wp\/v2\/types\/page"}],"author":[{"embeddable":true,"href":"https:\/\/rula.disabilityrightsca.org\/es\/wp-json\/wp\/v2\/users\/1"}],"replies":[{"embeddable":true,"href":"https:\/\/rula.disabilityrightsca.org\/es\/wp-json\/wp\/v2\/comments?post=2300"}],"version-history":[{"count":5,"href":"https:\/\/rula.disabilityrightsca.org\/es\/wp-json\/wp\/v2\/pages\/2300\/revisions"}],"predecessor-version":[{"id":3942,"href":"https:\/\/rula.disabilityrightsca.org\/es\/wp-json\/wp\/v2\/pages\/2300\/revisions\/3942"}],"up":[{"embeddable":true,"href":"https:\/\/rula.disabilityrightsca.org\/es\/wp-json\/wp\/v2\/pages\/2275"}],"wp:attachment":[{"href":"https:\/\/rula.disabilityrightsca.org\/es\/wp-json\/wp\/v2\/media?parent=2300"}],"curies":[{"name":"wp","href":"https:\/\/api.w.org\/{rel}","templated":true}]}}