{"id":2292,"date":"2021-09-30T20:14:15","date_gmt":"2021-09-30T20:14:15","guid":{"rendered":"http:\/\/www.rula.disabilityrightsca.org\/es\/?page_id=2292"},"modified":"2023-12-05T23:18:36","modified_gmt":"2023-12-05T23:18:36","slug":"11-7-si-soy-elegible-y-solicito-la-exencion-dd-tengo-la-garantia-de-obtener-la-exencion","status":"publish","type":"page","link":"https:\/\/rula.disabilityrightsca.org\/es\/rula-book\/capitulo-11-la-exencion-por-discapacidad-del-desarrollo-de-medi-cal\/11-7-si-soy-elegible-y-solicito-la-exencion-dd-tengo-la-garantia-de-obtener-la-exencion\/","title":{"rendered":"(11.7) Si soy elegible y solicito la exenci\u00f3n DD, \u00bftengo la garant\u00eda de obtener la exenci\u00f3n?"},"content":{"rendered":"\n<p>Puede ser elegible para los servicios de exenci\u00f3n de Medi-Cal <strong><em>si<\/em><\/strong> hay un espacio de exenci\u00f3n disponible.<span class=\"footnote_referrer\"><a role=\"button\" tabindex=\"0\" onclick=\"footnote_moveToReference_2292_1('footnote_plugin_reference_2292_1_1');\" onkeypress=\"footnote_moveToReference_2292_1('footnote_plugin_reference_2292_1_1');\" ><sup id=\"footnote_plugin_tooltip_2292_1_1\" class=\"footnote_plugin_tooltip_text\">[1]<\/sup><\/a><span id=\"footnote_plugin_tooltip_text_2292_1_1\" class=\"footnote_tooltip\">Lewis contra el Departamento de Salud de Nuevo M\u00e9xico 275 F. Supp. 2d 1319, 1345 (D. N.M. 2003) (&#8220;Una vez que el Estado establece su programa de exenciones, est\u00e1 obligado a implementar el&nbsp;&#x2026; <span class=\"footnote_tooltip_continue\"  onclick=\"footnote_moveToReference_2292_1('footnote_plugin_reference_2292_1_1');\">Continue reading<\/span><\/span><\/span><script type=\"text\/javascript\"> jQuery('#footnote_plugin_tooltip_2292_1_1').tooltip({ tip: '#footnote_plugin_tooltip_text_2292_1_1', tipClass: 'footnote_tooltip', effect: 'fade', predelay: 0, fadeInSpeed: 200, delay: 400, fadeOutSpeed: 200, position: 'top center', relative: true, offset: [-7, 0], });<\/script>\u00a0Hay muchos espacios<span class=\"footnote_referrer\"><a role=\"button\" tabindex=\"0\" onclick=\"footnote_moveToReference_2292_1('footnote_plugin_reference_2292_1_2');\" onkeypress=\"footnote_moveToReference_2292_1('footnote_plugin_reference_2292_1_2');\" ><sup id=\"footnote_plugin_tooltip_2292_1_2\" class=\"footnote_plugin_tooltip_text\">[2]<\/sup><\/a><span id=\"footnote_plugin_tooltip_text_2292_1_2\" class=\"footnote_tooltip\">Los servicios de la Ley Lanterman son un derecho. Por lo tanto, si desea vivir en la comunidad, el centro regional deber\u00eda ayudarlo, incluso si no hay un espacio de exenci\u00f3n disponible<\/span><\/span><script type=\"text\/javascript\"> jQuery('#footnote_plugin_tooltip_2292_1_2').tooltip({ tip: '#footnote_plugin_tooltip_text_2292_1_2', tipClass: 'footnote_tooltip', effect: 'fade', predelay: 0, fadeInSpeed: 200, delay: 400, fadeOutSpeed: 200, position: 'top center', relative: true, offset: [-7, 0], });<\/script>, y se agregan m\u00e1s cada a\u00f1o. Por ejemplo, hay 145.000 espacios de exenci\u00f3n DD para 2021. Habr\u00e1 150.000 espacios en 2022.<span class=\"footnote_referrer\"><a role=\"button\" tabindex=\"0\" onclick=\"footnote_moveToReference_2292_1('footnote_plugin_reference_2292_1_3');\" onkeypress=\"footnote_moveToReference_2292_1('footnote_plugin_reference_2292_1_3');\" ><sup id=\"footnote_plugin_tooltip_2292_1_3\" class=\"footnote_plugin_tooltip_text\">[3]<\/sup><\/a><span id=\"footnote_plugin_tooltip_text_2292_1_3\" class=\"footnote_tooltip\">Aprobaci\u00f3n de la exenci\u00f3n de CMS, PDF p\u00e1gina 1 de 297 en:\u00a0<a href=\"https:\/\/www.dds.ca.gov\/wp-content\/uploads\/2019\/02\/HCBS_WaiverApplication_20190212.pdf\">Solicitud de la exenci\u00f3n HCBS<\/a><\/span><\/span><script type=\"text\/javascript\"> jQuery('#footnote_plugin_tooltip_2292_1_3').tooltip({ tip: '#footnote_plugin_tooltip_text_2292_1_3', tipClass: 'footnote_tooltip', effect: 'fade', predelay: 0, fadeInSpeed: 200, delay: 400, fadeOutSpeed: 200, position: 'top center', relative: true, offset: [-7, 0], });<\/script> Esto es suficiente para todos, hasta ahora.<\/p>\n<div class=\"speaker-mute footnotes_reference_container\"> <div class=\"footnote_container_prepare\"><p><span role=\"button\" tabindex=\"0\" class=\"footnote_reference_container_label pointer\" onclick=\"footnote_expand_collapse_reference_container_2292_1();\">&#x202F;<\/span><span role=\"button\" tabindex=\"0\" class=\"footnote_reference_container_collapse_button\" style=\"display: none;\" onclick=\"footnote_expand_collapse_reference_container_2292_1();\">[<a id=\"footnote_reference_container_collapse_button_2292_1\">+<\/a>]<\/span><\/p><\/div> <div id=\"footnote_references_container_2292_1\" style=\"\"><table class=\"footnotes_table footnote-reference-container\"><caption class=\"accessibility\">References<\/caption> <tbody> \r\n\r\n<tr class=\"footnotes_plugin_reference_row\"> <th scope=\"row\" class=\"footnote_plugin_index_combi pointer\"  onclick=\"footnote_moveToAnchor_2292_1('footnote_plugin_tooltip_2292_1_1');\"><a id=\"footnote_plugin_reference_2292_1_1\" class=\"footnote_backlink\"><span class=\"footnote_index_arrow\">&#8593;<\/span>1<\/a><\/th> <td class=\"footnote_plugin_text\">Lewis contra el Departamento de Salud de Nuevo M\u00e9xico 275 F. Supp. 2d 1319, 1345 (D. N.M. 2003) (&#8220;Una vez que el Estado establece su programa de exenciones, est\u00e1 obligado a implementar el programa de exenciones tal como lo ha dise\u00f1ado&#8221;); Makin contra Hawaii 114 F.Supp.2d 1017 (1999)<\/td><\/tr>\r\n\r\n<tr class=\"footnotes_plugin_reference_row\"> <th scope=\"row\" class=\"footnote_plugin_index_combi pointer\"  onclick=\"footnote_moveToAnchor_2292_1('footnote_plugin_tooltip_2292_1_2');\"><a id=\"footnote_plugin_reference_2292_1_2\" class=\"footnote_backlink\"><span class=\"footnote_index_arrow\">&#8593;<\/span>2<\/a><\/th> <td class=\"footnote_plugin_text\">Los servicios de la Ley Lanterman son un derecho. Por lo tanto, si desea vivir en la comunidad, el centro regional deber\u00eda ayudarlo, incluso si no hay un espacio de exenci\u00f3n disponible<\/td><\/tr>\r\n\r\n<tr class=\"footnotes_plugin_reference_row\"> <th scope=\"row\" class=\"footnote_plugin_index_combi pointer\"  onclick=\"footnote_moveToAnchor_2292_1('footnote_plugin_tooltip_2292_1_3');\"><a id=\"footnote_plugin_reference_2292_1_3\" class=\"footnote_backlink\"><span class=\"footnote_index_arrow\">&#8593;<\/span>3<\/a><\/th> <td class=\"footnote_plugin_text\">Aprobaci\u00f3n de la exenci\u00f3n de CMS, PDF p\u00e1gina 1 de 297 en:\u00a0<a href=\"https:\/\/www.dds.ca.gov\/wp-content\/uploads\/2019\/02\/HCBS_WaiverApplication_20190212.pdf\">Solicitud de la exenci\u00f3n HCBS<\/a><\/td><\/tr>\r\n\r\n <\/tbody> <\/table> <\/div><\/div><script type=\"text\/javascript\"> function footnote_expand_reference_container_2292_1() { jQuery('#footnote_references_container_2292_1').show(); jQuery('#footnote_reference_container_collapse_button_2292_1').text('\u2212'); } function footnote_collapse_reference_container_2292_1() { jQuery('#footnote_references_container_2292_1').hide(); jQuery('#footnote_reference_container_collapse_button_2292_1').text('+'); } function footnote_expand_collapse_reference_container_2292_1() { if (jQuery('#footnote_references_container_2292_1').is(':hidden')) { footnote_expand_reference_container_2292_1(); } else { footnote_collapse_reference_container_2292_1(); } } function footnote_moveToReference_2292_1(p_str_TargetID) { footnote_expand_reference_container_2292_1(); var l_obj_Target = jQuery('#' + p_str_TargetID); if (l_obj_Target.length) { jQuery( 'html, body' ).delay( 0 ); jQuery('html, body').animate({ scrollTop: l_obj_Target.offset().top - window.innerHeight * 0.2 }, 380); } } function footnote_moveToAnchor_2292_1(p_str_TargetID) { footnote_expand_reference_container_2292_1(); var l_obj_Target = jQuery('#' + p_str_TargetID); if (l_obj_Target.length) { jQuery( 'html, body' ).delay( 0 ); jQuery('html, body').animate({ scrollTop: l_obj_Target.offset().top - window.innerHeight * 0.2 }, 380); } }<\/script>","protected":false},"excerpt":{"rendered":"<p>Puede ser elegible para los servicios de exenci\u00f3n de Medi-Cal si hay un espacio de exenci\u00f3n disponible.[1]Lewis contra el Departamento de Salud de Nuevo M\u00e9xico&hellip;<\/p>\n","protected":false},"author":1,"featured_media":0,"parent":2275,"menu_order":7,"comment_status":"closed","ping_status":"closed","template":"","meta":{"footnotes":""},"class_list":["post-2292","page","type-page","status-publish","hentry"],"_links":{"self":[{"href":"https:\/\/rula.disabilityrightsca.org\/es\/wp-json\/wp\/v2\/pages\/2292","targetHints":{"allow":["GET"]}}],"collection":[{"href":"https:\/\/rula.disabilityrightsca.org\/es\/wp-json\/wp\/v2\/pages"}],"about":[{"href":"https:\/\/rula.disabilityrightsca.org\/es\/wp-json\/wp\/v2\/types\/page"}],"author":[{"embeddable":true,"href":"https:\/\/rula.disabilityrightsca.org\/es\/wp-json\/wp\/v2\/users\/1"}],"replies":[{"embeddable":true,"href":"https:\/\/rula.disabilityrightsca.org\/es\/wp-json\/wp\/v2\/comments?post=2292"}],"version-history":[{"count":8,"href":"https:\/\/rula.disabilityrightsca.org\/es\/wp-json\/wp\/v2\/pages\/2292\/revisions"}],"predecessor-version":[{"id":3934,"href":"https:\/\/rula.disabilityrightsca.org\/es\/wp-json\/wp\/v2\/pages\/2292\/revisions\/3934"}],"up":[{"embeddable":true,"href":"https:\/\/rula.disabilityrightsca.org\/es\/wp-json\/wp\/v2\/pages\/2275"}],"wp:attachment":[{"href":"https:\/\/rula.disabilityrightsca.org\/es\/wp-json\/wp\/v2\/media?parent=2292"}],"curies":[{"name":"wp","href":"https:\/\/api.w.org\/{rel}","templated":true}]}}