{"id":2290,"date":"2021-09-30T20:12:20","date_gmt":"2021-09-30T20:12:20","guid":{"rendered":"http:\/\/www.rula.disabilityrightsca.org\/es\/?page_id=2290"},"modified":"2023-12-05T23:16:26","modified_gmt":"2023-12-05T23:16:26","slug":"11-6-todos-los-consumidores-de-los-centros-regionales-califican-para-los-servicios-de-exencion-dd","status":"publish","type":"page","link":"https:\/\/rula.disabilityrightsca.org\/es\/rula-book\/capitulo-11-la-exencion-por-discapacidad-del-desarrollo-de-medi-cal\/11-6-todos-los-consumidores-de-los-centros-regionales-califican-para-los-servicios-de-exencion-dd\/","title":{"rendered":"(11.6) \u00bfTodos los consumidores de los centros regionales califican para los servicios de exenci\u00f3n DD?"},"content":{"rendered":"\n<p>No. Algunos consumidores de centros regionales no califican para los servicios de exenci\u00f3n DD porque:<\/p>\n\n\n\n<ul class=\"wp-block-list\">\n<li>Sus necesidades no coinciden con las necesarias para calificar para un ICF. <span class=\"footnote_referrer\"><a role=\"button\" tabindex=\"0\" onclick=\"footnote_moveToReference_2290_1('footnote_plugin_reference_2290_1_1');\" onkeypress=\"footnote_moveToReference_2290_1('footnote_plugin_reference_2290_1_1');\" ><sup id=\"footnote_plugin_tooltip_2290_1_1\" class=\"footnote_plugin_tooltip_text\">[1]<\/sup><\/a><span id=\"footnote_plugin_tooltip_text_2290_1_1\" class=\"footnote_tooltip\">Es posible que las personas que necesitan un nivel de atenci\u00f3n m\u00e1s alto que el proporcionado en un ICF puedan calificar para los servicios de la Exenci\u00f3n DD<\/span><\/span><script type=\"text\/javascript\"> jQuery('#footnote_plugin_tooltip_2290_1_1').tooltip({ tip: '#footnote_plugin_tooltip_text_2290_1_1', tipClass: 'footnote_tooltip', effect: 'fade', predelay: 0, fadeInSpeed: 200, delay: 400, fadeOutSpeed: 200, position: 'top center', relative: true, offset: [-7, 0], });<\/script>.<\/li>\n\n\n\n<li>Sus ingresos son demasiado altos para calificar para Medi-Cal.<\/li>\n<\/ul>\n\n\n\n<p><strong><em>Recuerde:<\/em><\/strong>\u00a0Incluso si no es elegible para los servicios de la exenci\u00f3n DD, a\u00fan puede obtener los servicios enumerados en su IPP. Consulte el\u00a0<a href=\"https:\/\/rula.disabilityrightsca.org\/es\/rula-book\/capitulo-4-planes-de-programas-individuales\/\">Cap\u00edtulo 4<\/a>.<\/p>\n<div class=\"speaker-mute footnotes_reference_container\"> <div class=\"footnote_container_prepare\"><p><span role=\"button\" tabindex=\"0\" class=\"footnote_reference_container_label pointer\" onclick=\"footnote_expand_collapse_reference_container_2290_1();\">&#x202F;<\/span><span role=\"button\" tabindex=\"0\" class=\"footnote_reference_container_collapse_button\" style=\"display: none;\" onclick=\"footnote_expand_collapse_reference_container_2290_1();\">[<a id=\"footnote_reference_container_collapse_button_2290_1\">+<\/a>]<\/span><\/p><\/div> <div id=\"footnote_references_container_2290_1\" style=\"\"><table class=\"footnotes_table footnote-reference-container\"><caption class=\"accessibility\">References<\/caption> <tbody> \r\n\r\n<tr class=\"footnotes_plugin_reference_row\"> <th scope=\"row\" class=\"footnote_plugin_index_combi pointer\"  onclick=\"footnote_moveToAnchor_2290_1('footnote_plugin_tooltip_2290_1_1');\"><a id=\"footnote_plugin_reference_2290_1_1\" class=\"footnote_backlink\"><span class=\"footnote_index_arrow\">&#8593;<\/span>1<\/a><\/th> <td class=\"footnote_plugin_text\">Es posible que las personas que necesitan un nivel de atenci\u00f3n m\u00e1s alto que el proporcionado en un ICF puedan calificar para los servicios de la Exenci\u00f3n DD<\/td><\/tr>\r\n\r\n <\/tbody> <\/table> <\/div><\/div><script type=\"text\/javascript\"> function footnote_expand_reference_container_2290_1() { jQuery('#footnote_references_container_2290_1').show(); jQuery('#footnote_reference_container_collapse_button_2290_1').text('\u2212'); } function footnote_collapse_reference_container_2290_1() { jQuery('#footnote_references_container_2290_1').hide(); jQuery('#footnote_reference_container_collapse_button_2290_1').text('+'); } function footnote_expand_collapse_reference_container_2290_1() { if (jQuery('#footnote_references_container_2290_1').is(':hidden')) { footnote_expand_reference_container_2290_1(); } else { footnote_collapse_reference_container_2290_1(); } } function footnote_moveToReference_2290_1(p_str_TargetID) { footnote_expand_reference_container_2290_1(); var l_obj_Target = jQuery('#' + p_str_TargetID); if (l_obj_Target.length) { jQuery( 'html, body' ).delay( 0 ); jQuery('html, body').animate({ scrollTop: l_obj_Target.offset().top - window.innerHeight * 0.2 }, 380); } } function footnote_moveToAnchor_2290_1(p_str_TargetID) { footnote_expand_reference_container_2290_1(); var l_obj_Target = jQuery('#' + p_str_TargetID); if (l_obj_Target.length) { jQuery( 'html, body' ).delay( 0 ); jQuery('html, body').animate({ scrollTop: l_obj_Target.offset().top - window.innerHeight * 0.2 }, 380); } }<\/script>","protected":false},"excerpt":{"rendered":"<p>No. Algunos consumidores de centros regionales no califican para los servicios de exenci\u00f3n DD porque: Recuerde:\u00a0Incluso si no es elegible para los servicios de la&hellip;<\/p>\n","protected":false},"author":1,"featured_media":0,"parent":2275,"menu_order":6,"comment_status":"closed","ping_status":"closed","template":"","meta":{"footnotes":""},"class_list":["post-2290","page","type-page","status-publish","hentry"],"_links":{"self":[{"href":"https:\/\/rula.disabilityrightsca.org\/es\/wp-json\/wp\/v2\/pages\/2290","targetHints":{"allow":["GET"]}}],"collection":[{"href":"https:\/\/rula.disabilityrightsca.org\/es\/wp-json\/wp\/v2\/pages"}],"about":[{"href":"https:\/\/rula.disabilityrightsca.org\/es\/wp-json\/wp\/v2\/types\/page"}],"author":[{"embeddable":true,"href":"https:\/\/rula.disabilityrightsca.org\/es\/wp-json\/wp\/v2\/users\/1"}],"replies":[{"embeddable":true,"href":"https:\/\/rula.disabilityrightsca.org\/es\/wp-json\/wp\/v2\/comments?post=2290"}],"version-history":[{"count":4,"href":"https:\/\/rula.disabilityrightsca.org\/es\/wp-json\/wp\/v2\/pages\/2290\/revisions"}],"predecessor-version":[{"id":3932,"href":"https:\/\/rula.disabilityrightsca.org\/es\/wp-json\/wp\/v2\/pages\/2290\/revisions\/3932"}],"up":[{"embeddable":true,"href":"https:\/\/rula.disabilityrightsca.org\/es\/wp-json\/wp\/v2\/pages\/2275"}],"wp:attachment":[{"href":"https:\/\/rula.disabilityrightsca.org\/es\/wp-json\/wp\/v2\/media?parent=2290"}],"curies":[{"name":"wp","href":"https:\/\/api.w.org\/{rel}","templated":true}]}}