{"id":2286,"date":"2021-09-30T20:09:36","date_gmt":"2021-09-30T20:09:36","guid":{"rendered":"http:\/\/www.rula.disabilityrightsca.org\/es\/?page_id=2286"},"modified":"2023-12-05T23:11:59","modified_gmt":"2023-12-05T23:11:59","slug":"11-4-medi-cal-paga-los-servicios-del-centro-regional","status":"publish","type":"page","link":"https:\/\/rula.disabilityrightsca.org\/es\/rula-book\/capitulo-11-la-exencion-por-discapacidad-del-desarrollo-de-medi-cal\/11-4-medi-cal-paga-los-servicios-del-centro-regional\/","title":{"rendered":"(11.4) \u00bfMedi-Cal paga los servicios del centro regional?"},"content":{"rendered":"\n<p>Si usted califica, Medi-Cal puede pagar algunos de los servicios de su centro regional. Medi-Cal es un programa p\u00fablico que brinda servicios de atenci\u00f3n m\u00e9dica a californianos de bajos ingresos o con discapacidades.<span class=\"footnote_referrer\"><a role=\"button\" tabindex=\"0\" onclick=\"footnote_moveToReference_2286_1('footnote_plugin_reference_2286_1_1');\" onkeypress=\"footnote_moveToReference_2286_1('footnote_plugin_reference_2286_1_1');\" ><sup id=\"footnote_plugin_tooltip_2286_1_1\" class=\"footnote_plugin_tooltip_text\">[1]<\/sup><\/a><span id=\"footnote_plugin_tooltip_text_2286_1_1\" class=\"footnote_tooltip\">Consulte la publicaci\u00f3n de Disability Rights California para obtener informaci\u00f3n b\u00e1sica sobre&nbsp;&#x2026; <span class=\"footnote_tooltip_continue\"  onclick=\"footnote_moveToReference_2286_1('footnote_plugin_reference_2286_1_1');\">Continue reading<\/span><\/span><\/span><script type=\"text\/javascript\"> jQuery('#footnote_plugin_tooltip_2286_1_1').tooltip({ tip: '#footnote_plugin_tooltip_text_2286_1_1', tipClass: 'footnote_tooltip', effect: 'fade', predelay: 0, fadeInSpeed: 200, delay: 400, fadeOutSpeed: 200, position: 'top center', relative: true, offset: [-7, 0], });<\/script><\/p>\n\n\n\n<p>A diferencia de Medicare y la mayor\u00eda de los planes de seguro m\u00e9dico privados, Medi-Cal cubre:<\/p>\n\n\n\n<ul class=\"wp-block-list\">\n<li>Atenci\u00f3n de larga duraci\u00f3n en instituciones, y<\/li>\n\n\n\n<li>Alternativas comunitarias a las instituciones, como los Servicios de Apoyo en el Hogar (IHSS) y los servicios mencionados en&nbsp;la <a href=\"https:\/\/rula.disabilityrightsca.org\/es\/rula-book\/capitulo-11-la-exencion-por-discapacidad-del-desarrollo-de-medi-cal\/11-25-que-servicios-cubre-la-exencion-dd\/\">Pregunta 25<\/a>.<\/li>\n<\/ul>\n\n\n\n<p>Incluso si es elegible para Medi\u2011Cal, es posible que no cubra todos los servicios del centro regional que necesita. Si necesita un servicio no cubierto por Medi-Cal, igual usted tiene derecho a recibir ese servicio si est\u00e1 en su IPP.&nbsp;<\/p>\n\n\n\n<p>Es beneficioso para el estado que las personas con la exenci\u00f3n m\u00e9dica por DD puedan cubrir algunos de los servicios. No debe notar una diferencia en sus servicios, ya sea que Medi-Cal los cubra o no. Sin embargo, el estado recibir\u00e1 dinero federal equivalente si est\u00e1 en la Exenci\u00f3n DD. Es bueno para los californianos que el estado reciba m\u00e1s dinero federal. Tambi\u00e9n puede ser beneficioso para usted. Consulte la\u00a0<a href=\"https:\/\/rula.disabilityrightsca.org\/es\/rula-book\/capitulo-11-la-exencion-por-discapacidad-del-desarrollo-de-medi-cal\/11-9-es-una-buena-idea-obtener-los-servicios-de-la-exencion-dd-si-soy-elegible\/\">Pregunta 9<\/a>\u00a0para obtener m\u00e1s informaci\u00f3n.<\/p>\n\n\n\n<p><strong>Importante:<em> <\/em><\/strong>Su IPP debe enumerar todos los servicios que necesita, no solo los servicios que pagar\u00e1 Medi\u2011Cal. Incluso si la Exenci\u00f3n DD no cubre los servicios que necesita, a\u00fan tiene derecho a recibir los servicios que figuran en su IPP.<\/p>\n<div class=\"speaker-mute footnotes_reference_container\"> <div class=\"footnote_container_prepare\"><p><span role=\"button\" tabindex=\"0\" class=\"footnote_reference_container_label pointer\" onclick=\"footnote_expand_collapse_reference_container_2286_1();\">&#x202F;<\/span><span role=\"button\" tabindex=\"0\" class=\"footnote_reference_container_collapse_button\" style=\"display: none;\" onclick=\"footnote_expand_collapse_reference_container_2286_1();\">[<a id=\"footnote_reference_container_collapse_button_2286_1\">+<\/a>]<\/span><\/p><\/div> <div id=\"footnote_references_container_2286_1\" style=\"\"><table class=\"footnotes_table footnote-reference-container\"><caption class=\"accessibility\">References<\/caption> <tbody> \r\n\r\n<tr class=\"footnotes_plugin_reference_row\"> <th scope=\"row\" class=\"footnote_plugin_index_combi pointer\"  onclick=\"footnote_moveToAnchor_2286_1('footnote_plugin_tooltip_2286_1_1');\"><a id=\"footnote_plugin_reference_2286_1_1\" class=\"footnote_backlink\"><span class=\"footnote_index_arrow\">&#8593;<\/span>1<\/a><\/th> <td class=\"footnote_plugin_text\">Consulte la publicaci\u00f3n de Disability Rights California para obtener informaci\u00f3n b\u00e1sica sobre Medicaid\/Medi-Cal:\u00a0<a href=\"https:\/\/www.disabilityrightsca.org\/es\/publications\/hoja-informativa-que-es-medicaid-medi-cal\"><span class=\"footnote_url_wrap\">https:\/\/www.disabilityrightsca.org\/es\/publications\/hoja-informativa-que-es-medicaid-medi-cal<\/span><\/a><\/td><\/tr>\r\n\r\n <\/tbody> <\/table> <\/div><\/div><script type=\"text\/javascript\"> function footnote_expand_reference_container_2286_1() { jQuery('#footnote_references_container_2286_1').show(); jQuery('#footnote_reference_container_collapse_button_2286_1').text('\u2212'); } function footnote_collapse_reference_container_2286_1() { jQuery('#footnote_references_container_2286_1').hide(); jQuery('#footnote_reference_container_collapse_button_2286_1').text('+'); } function footnote_expand_collapse_reference_container_2286_1() { if (jQuery('#footnote_references_container_2286_1').is(':hidden')) { footnote_expand_reference_container_2286_1(); } else { footnote_collapse_reference_container_2286_1(); } } function footnote_moveToReference_2286_1(p_str_TargetID) { footnote_expand_reference_container_2286_1(); var l_obj_Target = jQuery('#' + p_str_TargetID); if (l_obj_Target.length) { jQuery( 'html, body' ).delay( 0 ); jQuery('html, body').animate({ scrollTop: l_obj_Target.offset().top - window.innerHeight * 0.2 }, 380); } } function footnote_moveToAnchor_2286_1(p_str_TargetID) { footnote_expand_reference_container_2286_1(); var l_obj_Target = jQuery('#' + p_str_TargetID); if (l_obj_Target.length) { jQuery( 'html, body' ).delay( 0 ); jQuery('html, body').animate({ scrollTop: l_obj_Target.offset().top - window.innerHeight * 0.2 }, 380); } }<\/script>","protected":false},"excerpt":{"rendered":"<p>Si usted califica, Medi-Cal puede pagar algunos de los servicios de su centro regional. Medi-Cal es un programa p\u00fablico que brinda servicios de atenci\u00f3n m\u00e9dica&hellip;<\/p>\n","protected":false},"author":1,"featured_media":0,"parent":2275,"menu_order":4,"comment_status":"closed","ping_status":"closed","template":"","meta":{"footnotes":""},"class_list":["post-2286","page","type-page","status-publish","hentry"],"_links":{"self":[{"href":"https:\/\/rula.disabilityrightsca.org\/es\/wp-json\/wp\/v2\/pages\/2286","targetHints":{"allow":["GET"]}}],"collection":[{"href":"https:\/\/rula.disabilityrightsca.org\/es\/wp-json\/wp\/v2\/pages"}],"about":[{"href":"https:\/\/rula.disabilityrightsca.org\/es\/wp-json\/wp\/v2\/types\/page"}],"author":[{"embeddable":true,"href":"https:\/\/rula.disabilityrightsca.org\/es\/wp-json\/wp\/v2\/users\/1"}],"replies":[{"embeddable":true,"href":"https:\/\/rula.disabilityrightsca.org\/es\/wp-json\/wp\/v2\/comments?post=2286"}],"version-history":[{"count":5,"href":"https:\/\/rula.disabilityrightsca.org\/es\/wp-json\/wp\/v2\/pages\/2286\/revisions"}],"predecessor-version":[{"id":3927,"href":"https:\/\/rula.disabilityrightsca.org\/es\/wp-json\/wp\/v2\/pages\/2286\/revisions\/3927"}],"up":[{"embeddable":true,"href":"https:\/\/rula.disabilityrightsca.org\/es\/wp-json\/wp\/v2\/pages\/2275"}],"wp:attachment":[{"href":"https:\/\/rula.disabilityrightsca.org\/es\/wp-json\/wp\/v2\/media?parent=2286"}],"curies":[{"name":"wp","href":"https:\/\/api.w.org\/{rel}","templated":true}]}}