{"id":2284,"date":"2021-09-30T20:08:24","date_gmt":"2021-09-30T20:08:24","guid":{"rendered":"http:\/\/www.rula.disabilityrightsca.org\/es\/?page_id=2284"},"modified":"2022-04-22T23:22:40","modified_gmt":"2022-04-22T23:22:40","slug":"11-3-donde-puedo-encontrar-informacion-detallada-sobre-la-exencion-dd","status":"publish","type":"page","link":"https:\/\/rula.disabilityrightsca.org\/es\/rula-book\/capitulo-11-la-exencion-por-discapacidad-del-desarrollo-de-medi-cal\/11-3-donde-puedo-encontrar-informacion-detallada-sobre-la-exencion-dd\/","title":{"rendered":"(11.3) \u00bfD\u00f3nde puedo encontrar informaci\u00f3n detallada sobre la Exenci\u00f3n DD?"},"content":{"rendered":"\n<p>Usted puede:<\/p>\n\n\n\n<ul class=\"wp-block-list\"><li>Solicite ver la copia de la Exenci\u00f3n DD de su centro regional.<\/li><\/ul>\n\n\n\n<p>Visite&nbsp;<a href=\"https:\/\/www.dds.ca.gov\/initiatives\/hcbs\/\">Programas de servicios basados en el hogar y la comunidad &#8211; Departamento de Servicios del Desarrollo de California<\/a><\/p>\n","protected":false},"excerpt":{"rendered":"<p>Usted puede: Solicite ver la copia de la Exenci\u00f3n DD de su centro regional. Visite&nbsp;Programas de servicios basados en el hogar y la comunidad &#8211;&hellip;<\/p>\n","protected":false},"author":1,"featured_media":0,"parent":2275,"menu_order":3,"comment_status":"closed","ping_status":"closed","template":"","meta":{"footnotes":""},"class_list":["post-2284","page","type-page","status-publish","hentry"],"_links":{"self":[{"href":"https:\/\/rula.disabilityrightsca.org\/es\/wp-json\/wp\/v2\/pages\/2284","targetHints":{"allow":["GET"]}}],"collection":[{"href":"https:\/\/rula.disabilityrightsca.org\/es\/wp-json\/wp\/v2\/pages"}],"about":[{"href":"https:\/\/rula.disabilityrightsca.org\/es\/wp-json\/wp\/v2\/types\/page"}],"author":[{"embeddable":true,"href":"https:\/\/rula.disabilityrightsca.org\/es\/wp-json\/wp\/v2\/users\/1"}],"replies":[{"embeddable":true,"href":"https:\/\/rula.disabilityrightsca.org\/es\/wp-json\/wp\/v2\/comments?post=2284"}],"version-history":[{"count":2,"href":"https:\/\/rula.disabilityrightsca.org\/es\/wp-json\/wp\/v2\/pages\/2284\/revisions"}],"predecessor-version":[{"id":3048,"href":"https:\/\/rula.disabilityrightsca.org\/es\/wp-json\/wp\/v2\/pages\/2284\/revisions\/3048"}],"up":[{"embeddable":true,"href":"https:\/\/rula.disabilityrightsca.org\/es\/wp-json\/wp\/v2\/pages\/2275"}],"wp:attachment":[{"href":"https:\/\/rula.disabilityrightsca.org\/es\/wp-json\/wp\/v2\/media?parent=2284"}],"curies":[{"name":"wp","href":"https:\/\/api.w.org\/{rel}","templated":true}]}}