{"id":2280,"date":"2021-09-30T20:06:05","date_gmt":"2021-09-30T20:06:05","guid":{"rendered":"http:\/\/www.rula.disabilityrightsca.org\/es\/?page_id=2280"},"modified":"2023-12-05T23:07:46","modified_gmt":"2023-12-05T23:07:46","slug":"11-1-que-es-la-exencion-dd","status":"publish","type":"page","link":"https:\/\/rula.disabilityrightsca.org\/es\/rula-book\/capitulo-11-la-exencion-por-discapacidad-del-desarrollo-de-medi-cal\/11-1-que-es-la-exencion-dd\/","title":{"rendered":"(11.1) \u00bfQu\u00e9 es la Exenci\u00f3n DD?"},"content":{"rendered":"\n<p>La Exenci\u00f3n DD es el nombre abreviado de la Exenci\u00f3n por Discapacidad del Desarrollo de Servicios Basados en el Hogar y la Comunidad de Medi\u2011Cal. La Exenci\u00f3n DD puede pagar muchos servicios domiciliarios y comunitarios como:<\/p>\n\n\n\n<ul class=\"wp-block-list\">\n<li>Servicios de vida con apoyo para que pueda vivir en su propia casa,<\/li>\n\n\n\n<li>Servicios de empleo con apoyo para que pueda trabajar y<\/li>\n\n\n\n<li>Servicio de relevo para familiares y otros cuidadores.<\/li>\n<\/ul>\n\n\n\n<p>Si su Plan de Programa Individual (IPP) enumera servicios como estos, es posible que se paguen a trav\u00e9s de la Exenci\u00f3n DD. Consulte la\u00a0<a href=\"https:\/\/rula.disabilityrightsca.org\/es\/rula-book\/capitulo-11-la-exencion-por-discapacidad-del-desarrollo-de-medi-cal\/11-25-que-servicios-cubre-la-exencion-dd\/\">Pregunta 25<\/a>\u00a0para obtener una lista de otros servicios de la Exenci\u00f3n DD.<\/p>\n\n\n\n<p>Hay otras exenciones, pero la Exenci\u00f3n DD es la exenci\u00f3n m\u00e1s importante para las personas con discapacidades del desarrollo. Se llama \u201cexenci\u00f3n\u201d porque permite al estado renunciar a algunas reglas federales que usa Medi-Cal. Por ejemplo, la exenci\u00f3n &#8220;renuncia&#8221; a las reglas de ingresos y recursos. Esto significa que podr\u00eda obtener Medi-Cal si es un ni\u00f1o y sus padres tienen demasiado dinero. Consulte las Preguntas\u00a0<a href=\"https:\/\/rula.disabilityrightsca.org\/es\/rula-book\/capitulo-11-la-exencion-por-discapacidad-del-desarrollo-de-medi-cal\/11-9-es-una-buena-idea-obtener-los-servicios-de-la-exencion-dd-si-soy-elegible\/\">9<\/a>\u00a0y\u00a0<a href=\"https:\/\/rula.disabilityrightsca.org\/rula-book\/chapter-11-the-medi-cal-developmental-disability-waiver\/11-10-is-it-better-for-some-people-not-to-be-on-the-dd-waiver\/\">1<\/a><a href=\"https:\/\/rula.disabilityrightsca.org\/es\/rula-book\/capitulo-11-la-exencion-por-discapacidad-del-desarrollo-de-medi-cal\/11-10-es-mejor-para-algunas-personas-no-estar-en-la-exencion-dd\/\">0<\/a>.<\/p>\n","protected":false},"excerpt":{"rendered":"<p>La Exenci\u00f3n DD es el nombre abreviado de la Exenci\u00f3n por Discapacidad del Desarrollo de Servicios Basados en el Hogar y la Comunidad de Medi\u2011Cal.&hellip;<\/p>\n","protected":false},"author":1,"featured_media":0,"parent":2275,"menu_order":1,"comment_status":"closed","ping_status":"closed","template":"","meta":{"footnotes":""},"class_list":["post-2280","page","type-page","status-publish","hentry"],"_links":{"self":[{"href":"https:\/\/rula.disabilityrightsca.org\/es\/wp-json\/wp\/v2\/pages\/2280","targetHints":{"allow":["GET"]}}],"collection":[{"href":"https:\/\/rula.disabilityrightsca.org\/es\/wp-json\/wp\/v2\/pages"}],"about":[{"href":"https:\/\/rula.disabilityrightsca.org\/es\/wp-json\/wp\/v2\/types\/page"}],"author":[{"embeddable":true,"href":"https:\/\/rula.disabilityrightsca.org\/es\/wp-json\/wp\/v2\/users\/1"}],"replies":[{"embeddable":true,"href":"https:\/\/rula.disabilityrightsca.org\/es\/wp-json\/wp\/v2\/comments?post=2280"}],"version-history":[{"count":4,"href":"https:\/\/rula.disabilityrightsca.org\/es\/wp-json\/wp\/v2\/pages\/2280\/revisions"}],"predecessor-version":[{"id":3923,"href":"https:\/\/rula.disabilityrightsca.org\/es\/wp-json\/wp\/v2\/pages\/2280\/revisions\/3923"}],"up":[{"embeddable":true,"href":"https:\/\/rula.disabilityrightsca.org\/es\/wp-json\/wp\/v2\/pages\/2275"}],"wp:attachment":[{"href":"https:\/\/rula.disabilityrightsca.org\/es\/wp-json\/wp\/v2\/media?parent=2280"}],"curies":[{"name":"wp","href":"https:\/\/api.w.org\/{rel}","templated":true}]}}