{"id":2275,"date":"2021-09-30T20:02:58","date_gmt":"2021-09-30T20:02:58","guid":{"rendered":"http:\/\/www.rula.disabilityrightsca.org\/es\/?page_id=2275"},"modified":"2022-03-01T22:32:45","modified_gmt":"2022-03-01T22:32:45","slug":"capitulo-11-la-exencion-por-discapacidad-del-desarrollo-de-medi-cal","status":"publish","type":"page","link":"https:\/\/rula.disabilityrightsca.org\/es\/rula-book\/capitulo-11-la-exencion-por-discapacidad-del-desarrollo-de-medi-cal\/","title":{"rendered":"Cap\u00edtulo 11: La Exenci\u00f3n por Discapacidad del Desarrollo de Medi-Cal"},"content":{"rendered":"\n<p><div class=\"print-fullchapter-wrap\"><div class=\"print-fullchapter\"><a href=\"https:\/\/rula.disabilityrightsca.org\/es\/chapter-11-print\/\">Imprimir todo el cap\u00edtulo<\/a><\/div><\/div><\/p>\n\n\n\n<p>Este cap\u00edtulo brinda informaci\u00f3n sobre la Exenci\u00f3n por Discapacidad del Desarrollo (DD) de los servicios basados en el hogar y la comunidad de Medi\u2011Cal. Esto incluye qu\u00e9 es la exenci\u00f3n, qui\u00e9n es elegible y qu\u00e9 servicios incluye.<\/p>\n\n\n\n<p>Esta informaci\u00f3n se toma principalmente de una ley estatal llamada Ley Lanterman, que comienza en la secci\u00f3n 4500 del C\u00f3digo de Instituciones y Bienestar Social de California. Le proporcionamos la secci\u00f3n de esta ley estatal donde puede encontrar la informaci\u00f3n que escribimos. Es posible que deba consultar la ley para obtener los servicios que necesita. Cuando vea la palabra &#8220;Secci\u00f3n(es)&#8221;, seguida de un n\u00famero y ninguna otra informaci\u00f3n, significa secci\u00f3n(es) de la Ley Lanterman. Para leer la Ley Lanterman, <a href=\"https:\/\/www.dds.ca.gov\/transparency\/laws-regulations\/lanterman-act-and-related-laws\/\">haga clic aqu\u00ed<\/a>.<\/p>\n\n\n\n<p>Este cap\u00edtulo tambi\u00e9n contiene informaci\u00f3n del programa federal Medicaid. Es posible que deba consultar las regulaciones federales para obtener los servicios que necesita. Las citas que se aparecen as\u00ed: 42 C.F.R. \u00a7 se refieren a las regulaciones federales.<\/p>\n\n\n\n<p>Este cap\u00edtulo tambi\u00e9n incluye informaci\u00f3n de las Cartas para Directores de Bienestar de Todos los Condados (ACWDL, por sus siglas en ingl\u00e9s). Estas son cartas del estado a los condados sobre las reglas que los condados deben seguir en los programas de salud. Puede encontrarlas aqu\u00ed:&nbsp;<a href=\"https:\/\/www.dhcs.ca.gov\/services\/medi-cal\/eligibility\/Letters\/Pages\/ACWDLbyyear.aspx\">https:\/\/www.dhcs.ca.gov\/services\/medi-cal\/eligibility\/Letters\/Pages\/ACWDLbyyear.aspx<\/a><\/p>\n\n\n<div class=\"menu-chapter-11-container\"><ul id=\"menu-chapter-11\" class=\"menu\"><li id=\"menu-item-2331\" class=\"menu-item menu-item-type-post_type menu-item-object-page menu-item-2331\"><a href=\"https:\/\/rula.disabilityrightsca.org\/es\/rula-book\/capitulo-11-la-exencion-por-discapacidad-del-desarrollo-de-medi-cal\/11-1-que-es-la-exencion-dd\/\">(11.1) \u00bfQu\u00e9 es la Exenci\u00f3n DD?<\/a><\/li>\n<li id=\"menu-item-2332\" class=\"menu-item menu-item-type-post_type menu-item-object-page menu-item-2332\"><a href=\"https:\/\/rula.disabilityrightsca.org\/es\/rula-book\/capitulo-11-la-exencion-por-discapacidad-del-desarrollo-de-medi-cal\/11-2-como-ayuda-la-exencion-dd-a-las-personas-a-vivir-en-la-comunidad\/\">(11.2) \u00bfC\u00f3mo ayuda la Exenci\u00f3n DD a las personas a vivir en la comunidad?<\/a><\/li>\n<li id=\"menu-item-2333\" class=\"menu-item menu-item-type-post_type menu-item-object-page menu-item-2333\"><a href=\"https:\/\/rula.disabilityrightsca.org\/es\/rula-book\/capitulo-11-la-exencion-por-discapacidad-del-desarrollo-de-medi-cal\/11-3-donde-puedo-encontrar-informacion-detallada-sobre-la-exencion-dd\/\">(11.3) \u00bfD\u00f3nde puedo encontrar informaci\u00f3n detallada sobre la Exenci\u00f3n DD?<\/a><\/li>\n<li id=\"menu-item-2316\" class=\"menu-item menu-item-type-post_type menu-item-object-page menu-item-2316\"><a href=\"https:\/\/rula.disabilityrightsca.org\/es\/rula-book\/capitulo-11-la-exencion-por-discapacidad-del-desarrollo-de-medi-cal\/11-4-medi-cal-paga-los-servicios-del-centro-regional\/\">(11.4) \u00bfMedi-Cal paga los servicios del centro regional?<\/a><\/li>\n<li id=\"menu-item-2317\" class=\"menu-item menu-item-type-post_type menu-item-object-page menu-item-2317\"><a href=\"https:\/\/rula.disabilityrightsca.org\/es\/rula-book\/capitulo-11-la-exencion-por-discapacidad-del-desarrollo-de-medi-cal\/11-5-soy-elegible-para-los-servicios-de-exencion-dd\/\">(11.5) \u00bfSoy elegible para los servicios de Exenci\u00f3n DD?<\/a><\/li>\n<li id=\"menu-item-2318\" class=\"menu-item menu-item-type-post_type menu-item-object-page menu-item-2318\"><a href=\"https:\/\/rula.disabilityrightsca.org\/es\/rula-book\/capitulo-11-la-exencion-por-discapacidad-del-desarrollo-de-medi-cal\/11-6-todos-los-consumidores-de-los-centros-regionales-califican-para-los-servicios-de-exencion-dd\/\">(11.6) \u00bfTodos los consumidores de los centros regionales califican para los servicios de exenci\u00f3n DD?<\/a><\/li>\n<li id=\"menu-item-2319\" class=\"menu-item menu-item-type-post_type menu-item-object-page menu-item-2319\"><a href=\"https:\/\/rula.disabilityrightsca.org\/es\/rula-book\/capitulo-11-la-exencion-por-discapacidad-del-desarrollo-de-medi-cal\/11-7-si-soy-elegible-y-solicito-la-exencion-dd-tengo-la-garantia-de-obtener-la-exencion\/\">(11.7) Si soy elegible y solicito la exenci\u00f3n DD, \u00bftengo la garant\u00eda de obtener la exenci\u00f3n?<\/a><\/li>\n<li id=\"menu-item-2320\" class=\"menu-item menu-item-type-post_type menu-item-object-page menu-item-2320\"><a href=\"https:\/\/rula.disabilityrightsca.org\/es\/rula-book\/capitulo-11-la-exencion-por-discapacidad-del-desarrollo-de-medi-cal\/11-8-como-solicito-la-exencion-dd\/\">(11.8) \u00bfC\u00f3mo solicito la exenci\u00f3n DD?<\/a><\/li>\n<li id=\"menu-item-2321\" class=\"menu-item menu-item-type-post_type menu-item-object-page menu-item-2321\"><a href=\"https:\/\/rula.disabilityrightsca.org\/es\/rula-book\/capitulo-11-la-exencion-por-discapacidad-del-desarrollo-de-medi-cal\/11-9-es-una-buena-idea-obtener-los-servicios-de-la-exencion-dd-si-soy-elegible\/\">(11.9) \u00bfEs una buena idea obtener los servicios de la exenci\u00f3n DD si soy elegible?<\/a><\/li>\n<li id=\"menu-item-2322\" class=\"menu-item menu-item-type-post_type menu-item-object-page menu-item-2322\"><a href=\"https:\/\/rula.disabilityrightsca.org\/es\/rula-book\/capitulo-11-la-exencion-por-discapacidad-del-desarrollo-de-medi-cal\/11-10-es-mejor-para-algunas-personas-no-estar-en-la-exencion-dd\/\">(11.10) \u00bfEs mejor para algunas personas no estar en la exenci\u00f3n DD?<\/a><\/li>\n<li id=\"menu-item-2323\" class=\"menu-item menu-item-type-post_type menu-item-object-page menu-item-2323\"><a href=\"https:\/\/rula.disabilityrightsca.org\/es\/rula-book\/capitulo-11-la-exencion-por-discapacidad-del-desarrollo-de-medi-cal\/11-11-contarian-normalmente-los-ingresos-y-recursos-de-los-padres-para-la-elegibilidad-de-medi-cal-de-su-hijo\/\">(11.11) \u00bfContar\u00edan normalmente los ingresos y recursos de los padres para la elegibilidad de Medi-Cal de su hijo?<\/a><\/li>\n<li id=\"menu-item-2324\" class=\"menu-item menu-item-type-post_type menu-item-object-page menu-item-2324\"><a href=\"https:\/\/rula.disabilityrightsca.org\/es\/rula-book\/capitulo-11-la-exencion-por-discapacidad-del-desarrollo-de-medi-cal\/11-12-que-sucede-si-los-ingresos-de-mi-familia-son-demasiado-altos-para-calificar-para-medi-cal\/\">(11.12) \u00bfQu\u00e9 sucede si los ingresos de mi familia son demasiado altos para calificar para Medi Cal?<\/a><\/li>\n<li id=\"menu-item-2325\" class=\"menu-item menu-item-type-post_type menu-item-object-page menu-item-2325\"><a href=\"https:\/\/rula.disabilityrightsca.org\/es\/rula-book\/capitulo-11-la-exencion-por-discapacidad-del-desarrollo-de-medi-cal\/11-13-puede-mi-hijo-recibir-medi-cal-si-recibe-manutencion-infantil\/\">(11.13) \u00bfPuede mi hijo recibir Medi-Cal si recibe manutenci\u00f3n infantil?<\/a><\/li>\n<li id=\"menu-item-2326\" class=\"menu-item menu-item-type-post_type menu-item-object-page menu-item-2326\"><a href=\"https:\/\/rula.disabilityrightsca.org\/es\/rula-book\/capitulo-11-la-exencion-por-discapacidad-del-desarrollo-de-medi-cal\/11-14-puede-mi-hijo-recibir-medi-cal-si-recibe-los-beneficios-de-sobreviviente-del-seguro-social\/\">(11.14) \u00bfPuede mi hijo recibir Medi-Cal si recibe los beneficios de sobreviviente del Seguro Social?<\/a><\/li>\n<li id=\"menu-item-2327\" class=\"menu-item menu-item-type-post_type menu-item-object-page menu-item-2327\"><a href=\"https:\/\/rula.disabilityrightsca.org\/es\/rula-book\/capitulo-11-la-exencion-por-discapacidad-del-desarrollo-de-medi-cal\/11-15-que-son-los-servicios-de-apoyo-en-el-hogar\/\">(11.15) \u00bfQu\u00e9 son los servicios de apoyo en el hogar?<\/a><\/li>\n<li id=\"menu-item-2328\" class=\"menu-item menu-item-type-post_type menu-item-object-page menu-item-2328\"><a href=\"https:\/\/rula.disabilityrightsca.org\/es\/rula-book\/capitulo-11-la-exencion-por-discapacidad-del-desarrollo-de-medi-cal\/11-16-existen-otras-exenciones-de-servicios-basados-en-el-hogar-y-la-comunidad-hcbs\/\">(11.16) \u00bfExisten otras Exenciones de Servicios Basados en el Hogar y la Comunidad (HCBS)?<\/a><\/li>\n<li id=\"menu-item-2329\" class=\"menu-item menu-item-type-post_type menu-item-object-page menu-item-2329\"><a href=\"https:\/\/rula.disabilityrightsca.org\/es\/rula-book\/capitulo-11-la-exencion-por-discapacidad-del-desarrollo-de-medi-cal\/11-17-sabria-si-el-centro-regional-me-pusiera-en-la-exencion-dd\/\">(11.17) \u00bfSabr\u00eda si el centro regional me pusiera en la Exenci\u00f3n DD?<\/a><\/li>\n<li id=\"menu-item-2330\" class=\"menu-item menu-item-type-post_type menu-item-object-page menu-item-2330\"><a href=\"https:\/\/rula.disabilityrightsca.org\/es\/rula-book\/capitulo-11-la-exencion-por-discapacidad-del-desarrollo-de-medi-cal\/11-18-el-centro-regional-quiere-incluirme-en-la-exencion-dd-pero-ya-tengo-medi-cal-tengo-que-estar-de-acuerdo\/\">(11.18) El centro regional quiere incluirme en la Exenci\u00f3n DD, pero ya tengo Medi-Cal. \u00bfTengo que estar de acuerdo?<\/a><\/li>\n<li id=\"menu-item-2342\" class=\"menu-item menu-item-type-post_type menu-item-object-page menu-item-2342\"><a href=\"https:\/\/rula.disabilityrightsca.org\/es\/rula-book\/capitulo-11-la-exencion-por-discapacidad-del-desarrollo-de-medi-cal\/11-19-estar-en-la-exencion-dd-afectara-mi-estado-migratorio\/\">(11.19) \u00bfEstar en la exenci\u00f3n DD afectar\u00e1 mi estado migratorio?<\/a><\/li>\n<li id=\"menu-item-2343\" class=\"menu-item menu-item-type-post_type menu-item-object-page menu-item-2343\"><a href=\"https:\/\/rula.disabilityrightsca.org\/es\/rula-book\/capitulo-11-la-exencion-por-discapacidad-del-desarrollo-de-medi-cal\/11-20-perdere-mi-elegibilidad-para-los-servicios-de-la-exencion-dd-si-no-los-recibo-ahora\/\">(11.20) \u00bfPerder\u00e9 mi elegibilidad para los servicios de la exenci\u00f3n DD si no los recibo ahora?<\/a><\/li>\n<li id=\"menu-item-2344\" class=\"menu-item menu-item-type-post_type menu-item-object-page menu-item-2344\"><a href=\"https:\/\/rula.disabilityrightsca.org\/es\/rula-book\/capitulo-11-la-exencion-por-discapacidad-del-desarrollo-de-medi-cal\/11-21-que-hago-si-el-centro-regional-se-niega-a-brindarme-un-servicio-disponible-bajo-una-exencion\/\">(11.21) \u00bfQu\u00e9 hago si el centro regional se niega a brindarme un servicio disponible bajo una exenci\u00f3n?<\/a><\/li>\n<li id=\"menu-item-2345\" class=\"menu-item menu-item-type-post_type menu-item-object-page menu-item-2345\"><a href=\"https:\/\/rula.disabilityrightsca.org\/es\/rula-book\/capitulo-11-la-exencion-por-discapacidad-del-desarrollo-de-medi-cal\/11-22-son-las-audiencias-de-exencion-dd-y-las-audiencias-de-medi-cal-lo-mismo\/\">(11.22) \u00bfSon las audiencias de exenci\u00f3n DD y las audiencias de Medi-Cal lo mismo?<\/a><\/li>\n<li id=\"menu-item-2352\" class=\"menu-item menu-item-type-post_type menu-item-object-page menu-item-2352\"><a href=\"https:\/\/rula.disabilityrightsca.org\/es\/rula-book\/capitulo-11-la-exencion-por-discapacidad-del-desarrollo-de-medi-cal\/11-23-son-las-audiencias-de-exencion-dd-y-las-audiencias-de-la-ley-lanterman-lo-mismo\/\">(11.23) \u00bfSon las audiencias de exenci\u00f3n DD y las audiencias de la Ley Lanterman lo mismo?<\/a><\/li>\n<li id=\"menu-item-2353\" class=\"menu-item menu-item-type-post_type menu-item-object-page menu-item-2353\"><a href=\"https:\/\/rula.disabilityrightsca.org\/es\/rula-book\/capitulo-11-la-exencion-por-discapacidad-del-desarrollo-de-medi-cal\/11-24-que-pasa-si-el-centro-regional-dice-que-no-soy-elegible-para-la-exencion-dd\/\">(11.24) \u00bfQu\u00e9 pasa si el centro regional dice que no soy elegible para la exenci\u00f3n DD?<\/a><\/li>\n<li id=\"menu-item-2354\" class=\"menu-item menu-item-type-post_type menu-item-object-page menu-item-2354\"><a href=\"https:\/\/rula.disabilityrightsca.org\/es\/rula-book\/capitulo-11-la-exencion-por-discapacidad-del-desarrollo-de-medi-cal\/11-25-que-servicios-cubre-la-exencion-dd\/\">(11.25) \u00bfQu\u00e9 servicios cubre la exenci\u00f3n DD?<\/a><\/li>\n<li id=\"menu-item-3486\" class=\"menu-item menu-item-type-post_type menu-item-object-page menu-item-3486\"><a href=\"https:\/\/rula.disabilityrightsca.org\/es\/rula-book\/capitulo-11-la-exencion-por-discapacidad-del-desarrollo-de-medi-cal\/11-26-si-quiero-inscribirme-en-pace-puedo-seguir-siendo-cliente-del-centro-regional-y-estar-en-la-exencion-dd\/\">(11.26) Si quiero inscribirme en PACE, \u00bfpuedo seguir siendo cliente del centro regional y estar en la Exenci\u00f3n DD?<\/a><\/li>\n<\/ul><\/div>\n","protected":false},"excerpt":{"rendered":"<p>Imprimir todo el cap\u00edtulo Este cap\u00edtulo brinda informaci\u00f3n sobre la Exenci\u00f3n por Discapacidad del Desarrollo (DD) de los servicios basados en el hogar y la&hellip;<\/p>\n","protected":false},"author":1,"featured_media":0,"parent":33,"menu_order":11,"comment_status":"closed","ping_status":"closed","template":"","meta":{"footnotes":""},"class_list":["post-2275","page","type-page","status-publish","hentry"],"_links":{"self":[{"href":"https:\/\/rula.disabilityrightsca.org\/es\/wp-json\/wp\/v2\/pages\/2275","targetHints":{"allow":["GET"]}}],"collection":[{"href":"https:\/\/rula.disabilityrightsca.org\/es\/wp-json\/wp\/v2\/pages"}],"about":[{"href":"https:\/\/rula.disabilityrightsca.org\/es\/wp-json\/wp\/v2\/types\/page"}],"author":[{"embeddable":true,"href":"https:\/\/rula.disabilityrightsca.org\/es\/wp-json\/wp\/v2\/users\/1"}],"replies":[{"embeddable":true,"href":"https:\/\/rula.disabilityrightsca.org\/es\/wp-json\/wp\/v2\/comments?post=2275"}],"version-history":[{"count":9,"href":"https:\/\/rula.disabilityrightsca.org\/es\/wp-json\/wp\/v2\/pages\/2275\/revisions"}],"predecessor-version":[{"id":3216,"href":"https:\/\/rula.disabilityrightsca.org\/es\/wp-json\/wp\/v2\/pages\/2275\/revisions\/3216"}],"up":[{"embeddable":true,"href":"https:\/\/rula.disabilityrightsca.org\/es\/wp-json\/wp\/v2\/pages\/33"}],"wp:attachment":[{"href":"https:\/\/rula.disabilityrightsca.org\/es\/wp-json\/wp\/v2\/media?parent=2275"}],"curies":[{"name":"wp","href":"https:\/\/api.w.org\/{rel}","templated":true}]}}