{"id":219,"date":"2019-01-30T01:27:58","date_gmt":"2019-01-30T01:27:58","guid":{"rendered":"http:\/\/www.rula.disabilityrightsca.org\/es\/?page_id=219"},"modified":"2022-03-01T22:17:15","modified_gmt":"2022-03-01T22:17:15","slug":"capitulo-6-mantener-unida-a-la-familia-servicios-y-apoyos-para-ninos","status":"publish","type":"page","link":"https:\/\/rula.disabilityrightsca.org\/es\/rula-book\/capitulo-6-mantener-unida-a-la-familia-servicios-y-apoyos-para-ninos\/","title":{"rendered":"Cap\u00edtulo 6: Mantener unida a la familia: Servicios y Apoyos para Ni\u00f1os"},"content":{"rendered":"\n<p><div class=\"print-fullchapter-wrap\"><div class=\"print-fullchapter\"><a href=\"https:\/\/rula.disabilityrightsca.org\/es\/chapter-6-print\/\">Imprimir todo el cap\u00edtulo<\/a><\/div><\/div><\/p>\n\n\n\n<p>Este cap\u00edtulo le brinda informaci\u00f3n sobre los servicios y apoyos para ni\u00f1os y adultos con discapacidades del desarrollo que viven en el hogar. Explicamos c\u00f3mo la ley apoya el mantenimiento de las familias unidas.<\/p>\n\n\n\n<p>Esta informaci\u00f3n se toma principalmente de una ley estatal llamada Ley Lanterman, que comienza en la secci\u00f3n 4500 del C\u00f3digo de Instituciones y Bienestar Social de California. Le proporcionamos la secci\u00f3n de esta ley estatal donde puede encontrar la informaci\u00f3n que escribimos. Es posible que deba consultar la ley para obtener los servicios que necesita. Cuando vea la palabra &#8220;Secci\u00f3n(es)&#8221;, seguida de un n\u00famero y ninguna otra informaci\u00f3n, significa secci\u00f3n(es) de la Ley Lanterman. Para leer la Ley Lanterman, <a href=\"https:\/\/www.dds.ca.gov\/transparency\/laws-regulations\/lanterman-act-and-related-laws\/\">haga clic aqu\u00ed<\/a>.<\/p>\n\n\n<div class=\"menu-chapter-6-container\"><ul id=\"menu-chapter-6\" class=\"menu\"><li id=\"menu-item-1074\" class=\"menu-item menu-item-type-post_type menu-item-object-page menu-item-1074\"><a href=\"https:\/\/rula.disabilityrightsca.org\/es\/rula-book\/capitulo-6-mantener-unida-a-la-familia-servicios-y-apoyos-para-ninos\/6-1-que-dice-la-ley-lanterman-sobre-los-servicios-que-ayudan-a-los-ninos-a-vivir-en-casa-con-sus-familias\/\">(6.1) \u00bfQu\u00e9 dice la Ley Lanterman sobre los servicios que ayudan a los ni\u00f1os a vivir en casa con sus familias?<\/a><\/li>\n<li id=\"menu-item-1148\" class=\"menu-item menu-item-type-post_type menu-item-object-page menu-item-1148\"><a href=\"https:\/\/rula.disabilityrightsca.org\/es\/rula-book\/capitulo-6-mantener-unida-a-la-familia-servicios-y-apoyos-para-ninos\/6-2-que-deben-hacer-los-centros-regionales-para-satisfacer-las-necesidades-de-los-ninos-con-discapacidades-del-desarrollo-y-sus-familias\/\">(6.2) \u00bfQu\u00e9 deben hacer los centros regionales para satisfacer las necesidades de los ni\u00f1os con discapacidades del desarrollo y sus familias?<\/a><\/li>\n<li id=\"menu-item-1149\" class=\"menu-item menu-item-type-post_type menu-item-object-page menu-item-1149\"><a href=\"https:\/\/rula.disabilityrightsca.org\/es\/rula-book\/capitulo-6-mantener-unida-a-la-familia-servicios-y-apoyos-para-ninos\/how-do-i-ask-for-new-services-or-change-to-the-services-for-my-child\/\">(6.3) \u00bfC\u00f3mo solicito nuevos servicios o cambio en los servicios para mi hijo?<\/a><\/li>\n<li id=\"menu-item-1150\" class=\"menu-item menu-item-type-post_type menu-item-object-page menu-item-1150\"><a href=\"https:\/\/rula.disabilityrightsca.org\/es\/rula-book\/capitulo-6-mantener-unida-a-la-familia-servicios-y-apoyos-para-ninos\/6-4-como-involucra-a-las-familias-el-proceso-del-plan-de-programa-individual-ipp\/\">(6.4) \u00bfC\u00f3mo involucra a las familias el proceso del Plan de Programa Individual (IPP)?<\/a><\/li>\n<li id=\"menu-item-1151\" class=\"menu-item menu-item-type-post_type menu-item-object-page menu-item-1151\"><a href=\"https:\/\/rula.disabilityrightsca.org\/es\/rula-book\/capitulo-6-mantener-unida-a-la-familia-servicios-y-apoyos-para-ninos\/6-5-que-son-los-servicios-genericos\/\">(6.5) \u00bfQu\u00e9 son los Servicios Gen\u00e9ricos?<\/a><\/li>\n<li id=\"menu-item-1152\" class=\"menu-item menu-item-type-post_type menu-item-object-page menu-item-1152\"><a href=\"https:\/\/rula.disabilityrightsca.org\/es\/rula-book\/capitulo-6-mantener-unida-a-la-familia-servicios-y-apoyos-para-ninos\/6-6-como-funcionan-los-servicios-de-apoyo-en-el-hogar-como-recurso-generico\/\">(6.6) \u00bfC\u00f3mo funcionan los servicios de apoyo en el hogar como recurso gen\u00e9rico?<\/a><\/li>\n<li id=\"menu-item-1153\" class=\"menu-item menu-item-type-post_type menu-item-object-page menu-item-1153\"><a href=\"https:\/\/rula.disabilityrightsca.org\/es\/rula-book\/capitulo-6-mantener-unida-a-la-familia-servicios-y-apoyos-para-ninos\/6-7-como-funcionan-los-apoyos-naturales-como-recurso-generico\/\">(6.7) \u00bfC\u00f3mo funcionan los apoyos naturales como recurso gen\u00e9rico?<\/a><\/li>\n<li id=\"menu-item-1154\" class=\"menu-item menu-item-type-post_type menu-item-object-page menu-item-1154\"><a href=\"https:\/\/rula.disabilityrightsca.org\/es\/rula-book\/capitulo-6-mantener-unida-a-la-familia-servicios-y-apoyos-para-ninos\/6-8-pueden-los-centros-regionales-pagar-los-servicios-medicos-o-dentales\/\">(6.8) \u00bfLos centros regionales pueden pagar los servicios m\u00e9dicos o dentales?<\/a><\/li>\n<li id=\"menu-item-1155\" class=\"menu-item menu-item-type-post_type menu-item-object-page menu-item-1155\"><a href=\"https:\/\/rula.disabilityrightsca.org\/es\/rula-book\/capitulo-6-mantener-unida-a-la-familia-servicios-y-apoyos-para-ninos\/6-9-si-un-centro-regional-paga-por-los-servicios-debe-utilizar-siempre-el-proveedor-de-servicios-menos-costoso\/\">(6.9) Si un centro regional paga por los servicios, \u00bfdebe utilizar siempre el proveedor de servicios menos costoso?<\/a><\/li>\n<li id=\"menu-item-1156\" class=\"menu-item menu-item-type-post_type menu-item-object-page menu-item-1156\"><a href=\"https:\/\/rula.disabilityrightsca.org\/es\/rula-book\/capitulo-6-mantener-unida-a-la-familia-servicios-y-apoyos-para-ninos\/6-10-ademas-de-la-ley-lanterman-otras-leyes-exigen-servicios-para-ninos-con-discapacidades-que-puedan-ayudarlos-a-vivir-en-casa\/\">(6.10) Adem\u00e1s de la Ley Lanterman, \u00bfhay otras leyes que exijan servicios para ni\u00f1os con discapacidades que puedan ayudarlos a vivir en casa?<\/a><\/li>\n<li id=\"menu-item-1157\" class=\"menu-item menu-item-type-post_type menu-item-object-page menu-item-1157\"><a href=\"https:\/\/rula.disabilityrightsca.org\/es\/rula-book\/capitulo-6-mantener-unida-a-la-familia-servicios-y-apoyos-para-ninos\/6-11-pueden-los-padres-con-discapacidades-del-desarrollo-obtener-servicios-del-centro-regional-para-ayudarlos-a-criar-a-sus-hijos\/\">(6.11) \u00bfLos padres con discapacidades del desarrollo pueden obtener servicios del centro regional para ayudarlos a criar a sus hijos?<\/a><\/li>\n<li id=\"menu-item-1158\" class=\"menu-item menu-item-type-post_type menu-item-object-page menu-item-1158\"><a href=\"https:\/\/rula.disabilityrightsca.org\/es\/rula-book\/capitulo-6-mantener-unida-a-la-familia-servicios-y-apoyos-para-ninos\/6-12-se-consideraran-la-cultura-los-valores-y-las-costumbres-de-una-familia-al-brindar-servicios-que-ayuden-a-las-familias-a-mantener-a-sus-hijos-con-discapacidades-en-el-hogar\/\">(6.12) \u00bfSe considerar\u00e1n la cultura, los valores y las costumbres de una familia al brindar servicios que ayuden a las familias a mantener a sus hijos con discapacidades en el hogar?<\/a><\/li>\n<li id=\"menu-item-1159\" class=\"menu-item menu-item-type-post_type menu-item-object-page menu-item-1159\"><a href=\"https:\/\/rula.disabilityrightsca.org\/es\/rula-book\/capitulo-6-mantener-unida-a-la-familia-servicios-y-apoyos-para-ninos\/6-13-que-pasa-si-no-hablo-ingles-o-el-ingles-no-es-mi-idioma-nativo\/\">(6.13) \u00bfQu\u00e9 pasa si no hablo ingl\u00e9s o el ingl\u00e9s no es mi idioma nativo?<\/a><\/li>\n<li id=\"menu-item-1160\" class=\"menu-item menu-item-type-post_type menu-item-object-page menu-item-1160\"><a href=\"https:\/\/rula.disabilityrightsca.org\/es\/rula-book\/capitulo-6-mantener-unida-a-la-familia-servicios-y-apoyos-para-ninos\/6-14-que-pasa-si-el-centro-regional-no-ofrece-todos-los-servicios-que-nuestra-familia-necesita-para-que-nuestro-hijo-viva-en-casa\/\">(6.14) \u00bfQu\u00e9 pasa si el centro regional no ofrece todos los servicios que nuestra familia necesita para que nuestro hijo viva en casa?<\/a><\/li>\n<li id=\"menu-item-1161\" class=\"menu-item menu-item-type-post_type menu-item-object-page menu-item-1161\"><a href=\"https:\/\/rula.disabilityrightsca.org\/es\/rula-book\/capitulo-6-mantener-unida-a-la-familia-servicios-y-apoyos-para-ninos\/6-15-que-servicios-de-apoyo-familiar-pueden-brindar-los-centros-regionales-para-ayudar-a-las-familias-a-cuidar-a-sus-hijos-en-casa\/\">(6.15) \u00bfQu\u00e9 servicios de apoyo familiar pueden brindar los centros regionales para ayudar a las familias a cuidar a sus hijos en casa?<\/a><\/li>\n<li id=\"menu-item-1162\" class=\"menu-item menu-item-type-post_type menu-item-object-page menu-item-1162\"><a href=\"https:\/\/rula.disabilityrightsca.org\/es\/rula-book\/capitulo-6-mantener-unida-a-la-familia-servicios-y-apoyos-para-ninos\/6-16-existen-reglas-o-requisitos-especiales-para-ciertos-servicios-del-centro-regional\/\">(6.16) \u00bfExisten reglas o requisitos especiales para ciertos servicios del centro regional?<\/a><\/li>\n<li id=\"menu-item-1163\" class=\"menu-item menu-item-type-post_type menu-item-object-page menu-item-1163\"><a href=\"https:\/\/rula.disabilityrightsca.org\/es\/rula-book\/capitulo-6-mantener-unida-a-la-familia-servicios-y-apoyos-para-ninos\/6-17-puede-el-centro-regional-pagar-el-campamento-y-los-servicios-de-recreacion-social-y-los-servicios-educativos-y-las-terapias-no-medicas\/\">(6.17) \u00bfEl centro regional puede pagar el campamento y los servicios de recreaci\u00f3n social? \u00bfY los servicios educativos y las terapias no m\u00e9dicas?<\/a><\/li>\n<li id=\"menu-item-1164\" class=\"menu-item menu-item-type-post_type menu-item-object-page menu-item-1164\"><a href=\"https:\/\/rula.disabilityrightsca.org\/es\/rula-book\/capitulo-6-mantener-unida-a-la-familia-servicios-y-apoyos-para-ninos\/6-18-hay-servicios-de-relevo-disponibles-para-las-familias-para-ayudarles-a-mantener-a-sus-hijos-con-discapacidades-en-casa\/\">(6.18) \u00bfQu\u00e9 dice el Departamento de Servicios de Desarrollo sobre la restauraci\u00f3n de los servicios de campamentos, recreaci\u00f3n social y otros servicios relacionados?<\/a><\/li>\n<li id=\"menu-item-1165\" class=\"menu-item menu-item-type-post_type menu-item-object-page menu-item-1165\"><a href=\"https:\/\/rula.disabilityrightsca.org\/es\/rula-book\/capitulo-6-mantener-unida-a-la-familia-servicios-y-apoyos-para-ninos\/6-19-pueden-las-instalaciones-que-cuidan-a-ninos-con-discapacidades-del-desarrollo-u-hogares-de-acogida-temporal-obtener-horas-de-cuidado-de-relevo\/\">(6.19) \u00bfC\u00f3mo deciden los centros regionales qui\u00e9n recibe servicios como campamentos, recreaci\u00f3n social, terapias no m\u00e9dicas y educaci\u00f3n?<\/a><\/li>\n<li id=\"menu-item-1166\" class=\"menu-item menu-item-type-post_type menu-item-object-page menu-item-1166\"><a href=\"https:\/\/rula.disabilityrightsca.org\/es\/rula-book\/capitulo-6-mantener-unida-a-la-familia-servicios-y-apoyos-para-ninos\/6-20-como-decide-un-centro-regional-cuanto-servicio-de-relevo-se-necesita\/\">(6.20) \u00bfTengo que usar o probar otros recursos antes de que el centro regional financie mi programa de recreaci\u00f3n social?<\/a><\/li>\n<li id=\"menu-item-1167\" class=\"menu-item menu-item-type-post_type menu-item-object-page menu-item-1167\"><a href=\"https:\/\/rula.disabilityrightsca.org\/es\/rula-book\/capitulo-6-mantener-unida-a-la-familia-servicios-y-apoyos-para-ninos\/6-21-que-pasa-si-necesitamos-mas-horas-de-descanso-de-las-que-el-centro-regional-considera-que-necesita-nuestra-familia\/\">(6.21) \u00bfC\u00f3mo solicito servicios de recreaci\u00f3n social, campamentos, terapias no m\u00e9dicas o servicios educativos de parte del centro regional?<\/a><\/li>\n<li id=\"menu-item-1168\" class=\"menu-item menu-item-type-post_type menu-item-object-page menu-item-1168\"><a href=\"https:\/\/rula.disabilityrightsca.org\/es\/rula-book\/capitulo-6-mantener-unida-a-la-familia-servicios-y-apoyos-para-ninos\/6-22-que-pasa-si-el-centro-regional-y-yo-no-podemos-ponernos-de-acuerdo-sobre-la-cantidad-de-servicio-de-relevo-que-necesita-nuestra-familia\/\">(6.22) \u00bfQu\u00e9 pasa si el centro regional rechaza mi solicitud de recreaci\u00f3n social u otros servicios relacionados?<\/a><\/li>\n<li id=\"menu-item-1169\" class=\"menu-item menu-item-type-post_type menu-item-object-page menu-item-1169\"><a href=\"https:\/\/rula.disabilityrightsca.org\/es\/rula-book\/capitulo-6-mantener-unida-a-la-familia-servicios-y-apoyos-para-ninos\/6-23-como-elijo-un-trabajador-de-cuidado-de-relevo\/\">(6.23) \u00bfHay servicios de relevo disponibles para las familias, para ayudarles a mantener a sus hijos con discapacidades en casa?<\/a><\/li>\n<li id=\"menu-item-1170\" class=\"menu-item menu-item-type-post_type menu-item-object-page menu-item-1170\"><a href=\"https:\/\/rula.disabilityrightsca.org\/es\/rula-book\/capitulo-6-mantener-unida-a-la-familia-servicios-y-apoyos-para-ninos\/6-24-como-se-convierte-un-miembro-de-la-familia-en-miembro-de-la-familia-proveedor-de-servicios-de-relevo-para-el-centro-regional\/\">(6.24) \u00bfPueden las instalaciones que cuidan a ni\u00f1os con discapacidades del desarrollo u hogares de acogida temporal obtener horas de cuidado de relevo?<\/a><\/li>\n<li id=\"menu-item-1171\" class=\"menu-item menu-item-type-post_type menu-item-object-page menu-item-1171\"><a href=\"https:\/\/rula.disabilityrightsca.org\/es\/rula-book\/capitulo-6-mantener-unida-a-la-familia-servicios-y-apoyos-para-ninos\/6-25-se-puede-capacitar-a-los-proveedores-de-servicios-de-relevo-para-abordar-las-necesidades-medicas-especiales-de-una-persona-con-una-discapacidad-durante-las-horas-de-servicio-de-relevo\/\">(6.25) \u00bfC\u00f3mo decide un centro regional cu\u00e1nto servicio de relevo se necesita?<\/a><\/li>\n<li id=\"menu-item-1172\" class=\"menu-item menu-item-type-post_type menu-item-object-page menu-item-1172\"><a href=\"https:\/\/rula.disabilityrightsca.org\/es\/rula-book\/capitulo-6-mantener-unida-a-la-familia-servicios-y-apoyos-para-ninos\/6-26-como-funcionan-los-servicios-de-relevo-junto-con-los-servicios-de-apoyo-en-el-hogar-proporcionados-por-el-condado\/\">(6.26) \u00bfQu\u00e9 pasa si necesitamos m\u00e1s horas de descanso de las que el centro regional considera que necesita nuestra familia?<\/a><\/li>\n<li id=\"menu-item-1173\" class=\"menu-item menu-item-type-post_type menu-item-object-page menu-item-1173\"><a href=\"https:\/\/rula.disabilityrightsca.org\/es\/rula-book\/capitulo-6-mantener-unida-a-la-familia-servicios-y-apoyos-para-ninos\/6-27-pueden-los-centros-regionales-pedir-a-las-familias-que-cambien-los-servicios-de-relevo-por-otros-servicios-del-centro-regional-que-tambien-les-brindan-a-las-familias-un-descanso-de-la-re\/\">(6.27) \u00bfQu\u00e9 pasa si el centro regional y yo no podemos ponernos de acuerdo sobre la cantidad de servicio de relevo que necesita nuestra familia?<\/a><\/li>\n<li id=\"menu-item-1174\" class=\"menu-item menu-item-type-post_type menu-item-object-page menu-item-1174\"><a href=\"https:\/\/rula.disabilityrightsca.org\/es\/rula-book\/capitulo-6-mantener-unida-a-la-familia-servicios-y-apoyos-para-ninos\/6-28-el-cuidado-de-relevo-y-la-guarderia-son-los-mismos-servicios\/\">(6.28) \u00bfC\u00f3mo elijo un trabajador de cuidado de relevo?<\/a><\/li>\n<li id=\"menu-item-1175\" class=\"menu-item menu-item-type-post_type menu-item-object-page menu-item-1175\"><a href=\"https:\/\/rula.disabilityrightsca.org\/es\/rula-book\/capitulo-6-mantener-unida-a-la-familia-servicios-y-apoyos-para-ninos\/6-29-puede-un-centro-regional-u-otra-agencia-ayudar-a-pagar-los-costos-de-la-guarderia-de-un-nino-con-una-discapacidad-del-desarrollo\/\">(6.29) \u00bfC\u00f3mo se convierte un miembro de la familia en miembro de la familia proveedor de servicios de relevo para el centro regional?<\/a><\/li>\n<li id=\"menu-item-1176\" class=\"menu-item menu-item-type-post_type menu-item-object-page menu-item-1176\"><a href=\"https:\/\/rula.disabilityrightsca.org\/es\/rula-book\/capitulo-6-mantener-unida-a-la-familia-servicios-y-apoyos-para-ninos\/6-30-deben-los-proveedores-de-guarderia-hacer-modificaciones-razonables-para-brindar-cuidado-a-los-ninos-con-discapacidades-del-desarrollo\/\">(6.30) \u00bfSe puede capacitar a los proveedores de servicios de relevo para abordar las necesidades m\u00e9dicas especiales de una persona con una discapacidad, durante las horas de servicio de relevo?<\/a><\/li>\n<li id=\"menu-item-1177\" class=\"menu-item menu-item-type-post_type menu-item-object-page menu-item-1177\"><a href=\"https:\/\/rula.disabilityrightsca.org\/es\/rula-book\/capitulo-6-mantener-unida-a-la-familia-servicios-y-apoyos-para-ninos\/6-31-como-funcionan-en-conjunto-el-programa-de-educacion-especial-de-mi-hijo-y-el-centro-regional\/\">(6.31) \u00bfC\u00f3mo funcionan los servicios de relevo junto con los servicios de apoyo en el hogar proporcionados por el condado?<\/a><\/li>\n<li id=\"menu-item-1178\" class=\"menu-item menu-item-type-post_type menu-item-object-page menu-item-1178\"><a href=\"https:\/\/rula.disabilityrightsca.org\/es\/rula-book\/capitulo-6-mantener-unida-a-la-familia-servicios-y-apoyos-para-ninos\/6-32-esta-el-centro-regional-involucrado-en-la-transicion-de-los-estudiantes-de-educacion-especial-de-la-escuela-a-la-vida-postescolar\/\">(6.32) \u00bfLos centros regionales pueden pedir a las familias que cambien los servicios de relevo por otros servicios del centro regional que, tambi\u00e9n les brindan a las familias un descanso de la responsabilidad del cuidado?<\/a><\/li>\n<li id=\"menu-item-1179\" class=\"menu-item menu-item-type-post_type menu-item-object-page menu-item-1179\"><a href=\"https:\/\/rula.disabilityrightsca.org\/es\/rula-book\/capitulo-6-mantener-unida-a-la-familia-servicios-y-apoyos-para-ninos\/6-33-pueden-los-centros-regionales-proporcionar-servicios-de-intervencion-de-emergencia-o-crisis\/\">(6.33) \u00bfEl cuidado de relevo y la guarder\u00eda son los mismos servicios?<\/a><\/li>\n<li id=\"menu-item-1180\" class=\"menu-item menu-item-type-post_type menu-item-object-page menu-item-1180\"><a href=\"https:\/\/rula.disabilityrightsca.org\/es\/rula-book\/capitulo-6-mantener-unida-a-la-familia-servicios-y-apoyos-para-ninos\/6-34-pueden-los-centros-regionales-brindar-atencion-de-enfermeria\/\">(6.34) \u00bfUn centro regional u otra agencia puede ayudar a pagar los costos de la guarder\u00eda de un ni\u00f1o con una discapacidad del desarrollo?<\/a><\/li>\n<li id=\"menu-item-1181\" class=\"menu-item menu-item-type-post_type menu-item-object-page menu-item-1181\"><a href=\"https:\/\/rula.disabilityrightsca.org\/es\/rula-book\/capitulo-6-mantener-unida-a-la-familia-servicios-y-apoyos-para-ninos\/6-35-como-sirven-el-programa-de-asistencia-para-la-adopcion-aap-y-el-centro-regional-a-los-ninos-con-discapacidades-del-desarrollo\/\">(6.35) \u00bfLos proveedores de guarder\u00eda deben hacer modificaciones razonables para brindar cuidado a los ni\u00f1os con discapacidades del desarrollo?<\/a><\/li>\n<li id=\"menu-item-2271\" class=\"menu-item menu-item-type-post_type menu-item-object-page menu-item-2271\"><a href=\"https:\/\/rula.disabilityrightsca.org\/es\/rula-book\/capitulo-6-mantener-unida-a-la-familia-servicios-y-apoyos-para-ninos\/6-36-los-padres-tienen-que-pagar-tarifas-por-algunos-servicios-del-centro-regional\/\">(6.36) \u00bfC\u00f3mo funcionan en conjunto el programa de educaci\u00f3n especial de mi hijo y el centro regional?<\/a><\/li>\n<li id=\"menu-item-2272\" class=\"menu-item menu-item-type-post_type menu-item-object-page menu-item-2272\"><a href=\"https:\/\/rula.disabilityrightsca.org\/es\/rula-book\/capitulo-6-mantener-unida-a-la-familia-servicios-y-apoyos-para-ninos\/6-37-puede-mi-hijo-unirse-al-programa-de-autodeterminacion\/\">(6.37) \u00bfEl centro regional est\u00e1 involucrado en la transici\u00f3n de los estudiantes de educaci\u00f3n especial de la escuela a la vida post-escolar?<\/a><\/li>\n<li id=\"menu-item-3557\" class=\"menu-item menu-item-type-post_type menu-item-object-page menu-item-3557\"><a href=\"https:\/\/rula.disabilityrightsca.org\/es\/rula-book\/capitulo-6-mantener-unida-a-la-familia-servicios-y-apoyos-para-ninos\/6-38-los-centros-regionales-pueden-proporcionar-servicios-de-intervencion-de-emergencia-o-crisis\/\">(6.38) \u00bfLos centros regionales pueden proporcionar servicios de intervenci\u00f3n de emergencia o crisis?<\/a><\/li>\n<li id=\"menu-item-3558\" class=\"menu-item menu-item-type-post_type menu-item-object-page menu-item-3558\"><a href=\"https:\/\/rula.disabilityrightsca.org\/es\/rula-book\/capitulo-6-mantener-unida-a-la-familia-servicios-y-apoyos-para-ninos\/6-39-los-centros-regionales-pueden-brindar-atencion-de-enfermeria\/\">(6.39) \u00bfLos centros regionales pueden brindar atenci\u00f3n de enfermer\u00eda?<\/a><\/li>\n<li id=\"menu-item-3559\" class=\"menu-item menu-item-type-post_type menu-item-object-page menu-item-3559\"><a href=\"https:\/\/rula.disabilityrightsca.org\/es\/rula-book\/capitulo-6-mantener-unida-a-la-familia-servicios-y-apoyos-para-ninos\/6-40-como-sirven-el-programa-de-asistencia-para-la-adopcion-aap-y-el-centro-regional-a-los-ninos-con-discapacidades-del-desarrollo\/\">(6.40) \u00bfC\u00f3mo sirven el Programa de asistencia para la adopci\u00f3n (AAP) y el centro regional, a los ni\u00f1os con discapacidades del desarrollo?<\/a><\/li>\n<li id=\"menu-item-3560\" class=\"menu-item menu-item-type-post_type menu-item-object-page menu-item-3560\"><a href=\"https:\/\/rula.disabilityrightsca.org\/es\/rula-book\/capitulo-6-mantener-unida-a-la-familia-servicios-y-apoyos-para-ninos\/6-41-los-padres-tienen-que-pagar-tarifas-por-algunos-servicios-del-centro-regional\/\">(6.41) \u00bfLos padres tienen que pagar tarifas por algunos servicios del centro regional?<\/a><\/li>\n<li id=\"menu-item-3561\" class=\"menu-item menu-item-type-post_type menu-item-object-page menu-item-3561\"><a href=\"https:\/\/rula.disabilityrightsca.org\/es\/rula-book\/capitulo-6-mantener-unida-a-la-familia-servicios-y-apoyos-para-ninos\/6-42-puede-mi-hijo-unirse-al-programa-de-autodeterminacion\/\">(6.42) \u00bfPuede mi hijo unirse al programa de autodeterminaci\u00f3n?<\/a><\/li>\n<\/ul><\/div>\n","protected":false},"excerpt":{"rendered":"<p>Imprimir todo el cap\u00edtulo Este cap\u00edtulo le brinda informaci\u00f3n sobre los servicios y apoyos para ni\u00f1os y adultos con discapacidades del desarrollo que viven en&hellip;<\/p>\n","protected":false},"author":1,"featured_media":0,"parent":33,"menu_order":6,"comment_status":"closed","ping_status":"closed","template":"","meta":{"footnotes":""},"class_list":["post-219","page","type-page","status-publish","hentry"],"_links":{"self":[{"href":"https:\/\/rula.disabilityrightsca.org\/es\/wp-json\/wp\/v2\/pages\/219","targetHints":{"allow":["GET"]}}],"collection":[{"href":"https:\/\/rula.disabilityrightsca.org\/es\/wp-json\/wp\/v2\/pages"}],"about":[{"href":"https:\/\/rula.disabilityrightsca.org\/es\/wp-json\/wp\/v2\/types\/page"}],"author":[{"embeddable":true,"href":"https:\/\/rula.disabilityrightsca.org\/es\/wp-json\/wp\/v2\/users\/1"}],"replies":[{"embeddable":true,"href":"https:\/\/rula.disabilityrightsca.org\/es\/wp-json\/wp\/v2\/comments?post=219"}],"version-history":[{"count":15,"href":"https:\/\/rula.disabilityrightsca.org\/es\/wp-json\/wp\/v2\/pages\/219\/revisions"}],"predecessor-version":[{"id":3210,"href":"https:\/\/rula.disabilityrightsca.org\/es\/wp-json\/wp\/v2\/pages\/219\/revisions\/3210"}],"up":[{"embeddable":true,"href":"https:\/\/rula.disabilityrightsca.org\/es\/wp-json\/wp\/v2\/pages\/33"}],"wp:attachment":[{"href":"https:\/\/rula.disabilityrightsca.org\/es\/wp-json\/wp\/v2\/media?parent=219"}],"curies":[{"name":"wp","href":"https:\/\/api.w.org\/{rel}","templated":true}]}}