{"id":2164,"date":"2021-09-28T23:29:09","date_gmt":"2021-09-28T23:29:09","guid":{"rendered":"http:\/\/www.rula.disabilityrightsca.org\/es\/?page_id=2164"},"modified":"2023-06-22T18:26:07","modified_gmt":"2023-06-22T18:26:07","slug":"10-42-que-sucede-despues-de-presentar-mi-reclamo-4731","status":"publish","type":"page","link":"https:\/\/rula.disabilityrightsca.org\/es\/rula-book\/capitulo-10-apelaciones-y-reclamos-desacuerdos-con-centros-regionales-centros-de-desarrollo-o-proveedores-de-servicios\/10-42-que-sucede-despues-de-presentar-mi-reclamo-4731\/","title":{"rendered":"(10.42) \u00bfQu\u00e9 pasa si no estoy de acuerdo con un proveedor de servicios?"},"content":{"rendered":"\n<p>Para los desacuerdos con los proveedores de servicios (vendedores), tiene opciones de reclamos. Los proveedores de servicios, como los programas diurnos y los hogares grupales, no pueden obtener dinero del estado a menos que tengan un procedimiento interno de reclamos por escrito. P\u00eddale al proveedor de servicios una copia de su procedimiento de reclamos para presentar un reclamo.<\/p>\n\n\n\n<p>Si tiene un problema con una instalaci\u00f3n o un proveedor de servicios con licencia, presente un reclamo ante la agencia de licencias. La agencia de licencias inspecciona y otorga licencias a las instalaciones de atenci\u00f3n m\u00e9dica para asegurarse de que cumplan con las leyes y regulaciones estatales y federales para proteger la salud, la seguridad y los derechos personales de las personas en las instalaciones autorizadas. El Departamento de Servicios de Atenci\u00f3n M\u00e9dica otorga licencias a la mayor\u00eda de los proveedores e instalaciones de servicios de atenci\u00f3n m\u00e9dica. El Departamento de Servicios Sociales otorga licencias a la mayor\u00eda de los proveedores de atenci\u00f3n residencial y comunitaria. Cada agencia tiene su propio procedimiento de reclamos. Solicite a la agencia que otorga la licencia a su proveedor de servicios una copia de su procedimiento de reclamos para el \u00e1rea donde usted vive. El proveedor de servicios puede decirle qui\u00e9n otorga la licencia a la instalaci\u00f3n. Puede pedir ayuda a un defensor para hacer un reclamo.<\/p>\n\n\n\n<p>Tambi\u00e9n puede presentar un reclamo 4731 contra un proveedor del centro regional. Usted debe presentar el reclamo al director ejecutivo del centro regional. D\u00edgale al director que est\u00e1 reclamando por un proveedor y por qu\u00e9.<\/p>\n","protected":false},"excerpt":{"rendered":"<p>Para los desacuerdos con los proveedores de servicios (vendedores), tiene opciones de reclamos. Los proveedores de servicios, como los programas diurnos y los hogares grupales,&hellip;<\/p>\n","protected":false},"author":1,"featured_media":0,"parent":2072,"menu_order":42,"comment_status":"closed","ping_status":"closed","template":"","meta":{"footnotes":""},"class_list":["post-2164","page","type-page","status-publish","hentry"],"_links":{"self":[{"href":"https:\/\/rula.disabilityrightsca.org\/es\/wp-json\/wp\/v2\/pages\/2164","targetHints":{"allow":["GET"]}}],"collection":[{"href":"https:\/\/rula.disabilityrightsca.org\/es\/wp-json\/wp\/v2\/pages"}],"about":[{"href":"https:\/\/rula.disabilityrightsca.org\/es\/wp-json\/wp\/v2\/types\/page"}],"author":[{"embeddable":true,"href":"https:\/\/rula.disabilityrightsca.org\/es\/wp-json\/wp\/v2\/users\/1"}],"replies":[{"embeddable":true,"href":"https:\/\/rula.disabilityrightsca.org\/es\/wp-json\/wp\/v2\/comments?post=2164"}],"version-history":[{"count":5,"href":"https:\/\/rula.disabilityrightsca.org\/es\/wp-json\/wp\/v2\/pages\/2164\/revisions"}],"predecessor-version":[{"id":3354,"href":"https:\/\/rula.disabilityrightsca.org\/es\/wp-json\/wp\/v2\/pages\/2164\/revisions\/3354"}],"up":[{"embeddable":true,"href":"https:\/\/rula.disabilityrightsca.org\/es\/wp-json\/wp\/v2\/pages\/2072"}],"wp:attachment":[{"href":"https:\/\/rula.disabilityrightsca.org\/es\/wp-json\/wp\/v2\/media?parent=2164"}],"curies":[{"name":"wp","href":"https:\/\/api.w.org\/{rel}","templated":true}]}}