{"id":2162,"date":"2021-09-28T23:27:15","date_gmt":"2021-09-28T23:27:15","guid":{"rendered":"http:\/\/www.rula.disabilityrightsca.org\/es\/?page_id=2162"},"modified":"2023-12-05T23:03:30","modified_gmt":"2023-12-05T23:03:30","slug":"10-41-que-es-un-reclamo-conforme-a-la-seccion-4731","status":"publish","type":"page","link":"https:\/\/rula.disabilityrightsca.org\/es\/rula-book\/capitulo-10-apelaciones-y-reclamos-desacuerdos-con-centros-regionales-centros-de-desarrollo-o-proveedores-de-servicios\/10-41-que-es-un-reclamo-conforme-a-la-seccion-4731\/","title":{"rendered":"(10.41) \u00bfPuedo obtener informaci\u00f3n sobre los reclamos o apelaciones de otras personas?"},"content":{"rendered":"\n<p>El DDS publica el tema y la decisi\u00f3n de todos los reclamos de la secci\u00f3n 4731 presentados cada a\u00f1o. Si solicita esta informaci\u00f3n, el DDS debe proporcion\u00e1rsela<span class=\"footnote_referrer\"><a role=\"button\" tabindex=\"0\" onclick=\"footnote_moveToReference_2162_1('footnote_plugin_reference_2162_1_1');\" onkeypress=\"footnote_moveToReference_2162_1('footnote_plugin_reference_2162_1_1');\" ><sup id=\"footnote_plugin_tooltip_2162_1_1\" class=\"footnote_plugin_tooltip_text\">[1]<\/sup><\/a><span id=\"footnote_plugin_tooltip_text_2162_1_1\" class=\"footnote_tooltip\">Secci\u00f3n 4731(a)<\/span><\/span><script type=\"text\/javascript\"> jQuery('#footnote_plugin_tooltip_2162_1_1').tooltip({ tip: '#footnote_plugin_tooltip_text_2162_1_1', tipClass: 'footnote_tooltip', effect: 'fade', predelay: 0, fadeInSpeed: 200, delay: 400, fadeOutSpeed: 200, position: 'top center', relative: true, offset: [-7, 0], });<\/script><\/p>\n\n\n\n<p>Por cada apelaci\u00f3n presentada por la secci\u00f3n 4700, el DDS puede informarle:<span class=\"footnote_referrer\"><a role=\"button\" tabindex=\"0\" onclick=\"footnote_moveToReference_2162_1('footnote_plugin_reference_2162_1_2');\" onkeypress=\"footnote_moveToReference_2162_1('footnote_plugin_reference_2162_1_2');\" ><sup id=\"footnote_plugin_tooltip_2162_1_2\" class=\"footnote_plugin_tooltip_text\">[2]<\/sup><\/a><span id=\"footnote_plugin_tooltip_text_2162_1_2\" class=\"footnote_tooltip\">Secci\u00f3n 4731(d)<\/span><\/span><script type=\"text\/javascript\"> jQuery('#footnote_plugin_tooltip_2162_1_2').tooltip({ tip: '#footnote_plugin_tooltip_text_2162_1_2', tipClass: 'footnote_tooltip', effect: 'fade', predelay: 0, fadeInSpeed: 200, delay: 400, fadeOutSpeed: 200, position: 'top center', relative: true, offset: [-7, 0], });<\/script><\/p>\n\n\n\n<ul class=\"wp-block-list\">\n<li>si el caso se resolvi\u00f3 mediante una reuni\u00f3n informal o mediaci\u00f3n.<\/li>\n\n\n\n<li>si el consumidor o el centro regional se negaron a tener una reuni\u00f3n informal.<\/li>\n\n\n\n<li>el(los) problema(s) incluidos en el caso.<\/li>\n\n\n\n<li>el resultado del caso, si hubo una audiencia imparcial.<\/li>\n<\/ul>\n\n\n\n<p>Tambi\u00e9n puede leer las decisiones de la audiencia completa en el sitio web de la Oficina de Audiencias Administrativas en: <a href=\"https:\/\/www.dgs.ca.gov\/OAH\/Case-Types\/General-Jurisdiction\/Resources\/DDS-Decisions\">https:\/\/www.dgs.ca.gov\/OAH\/Case-Types\/General-Jurisdiction\/Resources\/DDS-Decisions<\/a><\/p>\n<div class=\"speaker-mute footnotes_reference_container\"> <div class=\"footnote_container_prepare\"><p><span role=\"button\" tabindex=\"0\" class=\"footnote_reference_container_label pointer\" onclick=\"footnote_expand_collapse_reference_container_2162_1();\">&#x202F;<\/span><span role=\"button\" tabindex=\"0\" class=\"footnote_reference_container_collapse_button\" style=\"display: none;\" onclick=\"footnote_expand_collapse_reference_container_2162_1();\">[<a id=\"footnote_reference_container_collapse_button_2162_1\">+<\/a>]<\/span><\/p><\/div> <div id=\"footnote_references_container_2162_1\" style=\"\"><table class=\"footnotes_table footnote-reference-container\"><caption class=\"accessibility\">References<\/caption> <tbody> \r\n\r\n<tr class=\"footnotes_plugin_reference_row\"> <th scope=\"row\" class=\"footnote_plugin_index_combi pointer\"  onclick=\"footnote_moveToAnchor_2162_1('footnote_plugin_tooltip_2162_1_1');\"><a id=\"footnote_plugin_reference_2162_1_1\" class=\"footnote_backlink\"><span class=\"footnote_index_arrow\">&#8593;<\/span>1<\/a><\/th> <td class=\"footnote_plugin_text\">Secci\u00f3n 4731(a)<\/td><\/tr>\r\n\r\n<tr class=\"footnotes_plugin_reference_row\"> <th scope=\"row\" class=\"footnote_plugin_index_combi pointer\"  onclick=\"footnote_moveToAnchor_2162_1('footnote_plugin_tooltip_2162_1_2');\"><a id=\"footnote_plugin_reference_2162_1_2\" class=\"footnote_backlink\"><span class=\"footnote_index_arrow\">&#8593;<\/span>2<\/a><\/th> <td class=\"footnote_plugin_text\">Secci\u00f3n 4731(d)<\/td><\/tr>\r\n\r\n <\/tbody> <\/table> <\/div><\/div><script type=\"text\/javascript\"> function footnote_expand_reference_container_2162_1() { jQuery('#footnote_references_container_2162_1').show(); jQuery('#footnote_reference_container_collapse_button_2162_1').text('\u2212'); } function footnote_collapse_reference_container_2162_1() { jQuery('#footnote_references_container_2162_1').hide(); jQuery('#footnote_reference_container_collapse_button_2162_1').text('+'); } function footnote_expand_collapse_reference_container_2162_1() { if (jQuery('#footnote_references_container_2162_1').is(':hidden')) { footnote_expand_reference_container_2162_1(); } else { footnote_collapse_reference_container_2162_1(); } } function footnote_moveToReference_2162_1(p_str_TargetID) { footnote_expand_reference_container_2162_1(); var l_obj_Target = jQuery('#' + p_str_TargetID); if (l_obj_Target.length) { jQuery( 'html, body' ).delay( 0 ); jQuery('html, body').animate({ scrollTop: l_obj_Target.offset().top - window.innerHeight * 0.2 }, 380); } } function footnote_moveToAnchor_2162_1(p_str_TargetID) { footnote_expand_reference_container_2162_1(); var l_obj_Target = jQuery('#' + p_str_TargetID); if (l_obj_Target.length) { jQuery( 'html, body' ).delay( 0 ); jQuery('html, body').animate({ scrollTop: l_obj_Target.offset().top - window.innerHeight * 0.2 }, 380); } }<\/script>","protected":false},"excerpt":{"rendered":"<p>El DDS publica el tema y la decisi\u00f3n de todos los reclamos de la secci\u00f3n 4731 presentados cada a\u00f1o. Si solicita esta informaci\u00f3n, el DDS&hellip;<\/p>\n","protected":false},"author":1,"featured_media":0,"parent":2072,"menu_order":41,"comment_status":"closed","ping_status":"closed","template":"","meta":{"footnotes":""},"class_list":["post-2162","page","type-page","status-publish","hentry"],"_links":{"self":[{"href":"https:\/\/rula.disabilityrightsca.org\/es\/wp-json\/wp\/v2\/pages\/2162","targetHints":{"allow":["GET"]}}],"collection":[{"href":"https:\/\/rula.disabilityrightsca.org\/es\/wp-json\/wp\/v2\/pages"}],"about":[{"href":"https:\/\/rula.disabilityrightsca.org\/es\/wp-json\/wp\/v2\/types\/page"}],"author":[{"embeddable":true,"href":"https:\/\/rula.disabilityrightsca.org\/es\/wp-json\/wp\/v2\/users\/1"}],"replies":[{"embeddable":true,"href":"https:\/\/rula.disabilityrightsca.org\/es\/wp-json\/wp\/v2\/comments?post=2162"}],"version-history":[{"count":6,"href":"https:\/\/rula.disabilityrightsca.org\/es\/wp-json\/wp\/v2\/pages\/2162\/revisions"}],"predecessor-version":[{"id":3921,"href":"https:\/\/rula.disabilityrightsca.org\/es\/wp-json\/wp\/v2\/pages\/2162\/revisions\/3921"}],"up":[{"embeddable":true,"href":"https:\/\/rula.disabilityrightsca.org\/es\/wp-json\/wp\/v2\/pages\/2072"}],"wp:attachment":[{"href":"https:\/\/rula.disabilityrightsca.org\/es\/wp-json\/wp\/v2\/media?parent=2162"}],"curies":[{"name":"wp","href":"https:\/\/api.w.org\/{rel}","templated":true}]}}