{"id":2156,"date":"2021-09-28T23:23:38","date_gmt":"2021-09-28T23:23:38","guid":{"rendered":"http:\/\/www.rula.disabilityrightsca.org\/es\/?page_id=2156"},"modified":"2023-12-05T22:47:53","modified_gmt":"2023-12-05T22:47:53","slug":"10-38-que-sucede-con-mis-servicios-durante-una-apelacion-ante-un-tribunal-superior","status":"publish","type":"page","link":"https:\/\/rula.disabilityrightsca.org\/es\/rula-book\/capitulo-10-apelaciones-y-reclamos-desacuerdos-con-centros-regionales-centros-de-desarrollo-o-proveedores-de-servicios\/10-38-que-sucede-con-mis-servicios-durante-una-apelacion-ante-un-tribunal-superior\/","title":{"rendered":"(10.38) \u00bfQu\u00e9 es una Queja o Reclamo de la Secci\u00f3n 4731?"},"content":{"rendered":"\n<p>Una &#8220;Queja 4731&#8221; es una forma legal de presentar una queja si sus derechos han sido violados o denegados. Usted o alguien que lo represente, puede presentar una queja de la secci\u00f3n 4731 si el centro regional no cumple con la decisi\u00f3n del oficial de audiencias o no se asegura de que reciba los servicios en su IPP. Puede presentar un reclamo 4731 contra un centro regional, centro de desarrollo o proveedor de servicios si han violado alguno de sus derechos.<\/p>\n\n\n\n<p>Una queja de la secci\u00f3n 4731 no es lo mismo que una apelaci\u00f3n de audiencia imparcial. No puede presentar un reclamo para resolver un desacuerdo sobre la cantidad de servicios que recibe o los tipos de apoyo en su IPP. Un reclamo de la secci\u00f3n 4731 solo se utiliza si el centro regional, el centro de desarrollo o el proveedor de servicios infringe la ley o una reglamentaci\u00f3n. Por ejemplo, el centro regional incumple la ley si:<\/p>\n\n\n\n<ul class=\"wp-block-list\">\n<li>no le brindan los servicios en su IPP<\/li>\n\n\n\n<li>no cumplen con la decisi\u00f3n del ALJ, o<\/li>\n\n\n\n<li>violan alguno de sus derechos<\/li>\n<\/ul>\n\n\n\n<p>Puede presentar un reclamo de la secci\u00f3n 4731 contra un centro regional, centro para el desarrollo o proveedor de servicios (como hogares grupales, programas diurnos o servicios de transporte contratados por el centro regional).<span class=\"footnote_referrer\"><a role=\"button\" tabindex=\"0\" onclick=\"footnote_moveToReference_2156_1('footnote_plugin_reference_2156_1_1');\" onkeypress=\"footnote_moveToReference_2156_1('footnote_plugin_reference_2156_1_1');\" ><sup id=\"footnote_plugin_tooltip_2156_1_1\" class=\"footnote_plugin_tooltip_text\">[1]<\/sup><\/a><span id=\"footnote_plugin_tooltip_text_2156_1_1\" class=\"footnote_tooltip\">Secci\u00f3n 4731(b)<\/span><\/span><script type=\"text\/javascript\"> jQuery('#footnote_plugin_tooltip_2156_1_1').tooltip({ tip: '#footnote_plugin_tooltip_text_2156_1_1', tipClass: 'footnote_tooltip', effect: 'fade', predelay: 0, fadeInSpeed: 200, delay: 400, fadeOutSpeed: 200, position: 'top center', relative: true, offset: [-7, 0], });<\/script><\/p>\n\n\n\n<p>Para presentar su queja, escr\u00edbale al director de su centro regional. D\u00edgale al centro regional si su reclamo es sobre el centro regional, un proveedor de servicios o ambos. Puede encontrar el nombre y la direcci\u00f3n de cada director de centro regional en: &nbsp;<a href=\"https:\/\/www.dds.ca.gov\/rc\/listings\/\">https:\/\/www.dds.ca.gov\/rc\/listings\/<\/a><\/p>\n\n\n\n<p>Para presentar un reclamo contra el centro para el desarrollo Porterville o Canyon Springs, escriba al director.<\/p>\n\n\n\n<p>Aqu\u00ed est\u00e1 la informaci\u00f3n de Porterville: <a href=\"https:\/\/www.dds.ca.gov\/services\/state-facilities\/porterville-dc\/\">https:\/\/www.dds.ca.gov\/services\/state-facilities\/porterville-dc\/<\/a><\/p>\n\n\n\n<p>Aqu\u00ed est\u00e1 la informaci\u00f3n de Canyon Springs: <a href=\"https:\/\/www.dds.ca.gov\/services\/state-facilities\/canyon-springs\/\">https:\/\/www.dds.ca.gov\/services\/state-facilities\/canyon-springs\/<\/a> Su reclamo puede ser una simple nota dirigida al director. Puede usar el <a href=\"https:\/\/rula.disabilityrightsca.org\/es\/suplementos\/suplemento-o-como-presentar-un-reclamo-de-la-seccion-4731\/\">Suplemento O<\/a>\u00a0como gu\u00eda. O puede pedirle a un defensor o abogado que les env\u00ede una carta.<\/p>\n<div class=\"speaker-mute footnotes_reference_container\"> <div class=\"footnote_container_prepare\"><p><span role=\"button\" tabindex=\"0\" class=\"footnote_reference_container_label pointer\" onclick=\"footnote_expand_collapse_reference_container_2156_1();\">&#x202F;<\/span><span role=\"button\" tabindex=\"0\" class=\"footnote_reference_container_collapse_button\" style=\"display: none;\" onclick=\"footnote_expand_collapse_reference_container_2156_1();\">[<a id=\"footnote_reference_container_collapse_button_2156_1\">+<\/a>]<\/span><\/p><\/div> <div id=\"footnote_references_container_2156_1\" style=\"\"><table class=\"footnotes_table footnote-reference-container\"><caption class=\"accessibility\">References<\/caption> <tbody> \r\n\r\n<tr class=\"footnotes_plugin_reference_row\"> <th scope=\"row\" class=\"footnote_plugin_index_combi pointer\"  onclick=\"footnote_moveToAnchor_2156_1('footnote_plugin_tooltip_2156_1_1');\"><a id=\"footnote_plugin_reference_2156_1_1\" class=\"footnote_backlink\"><span class=\"footnote_index_arrow\">&#8593;<\/span>1<\/a><\/th> <td class=\"footnote_plugin_text\">Secci\u00f3n 4731(b)<\/td><\/tr>\r\n\r\n <\/tbody> <\/table> <\/div><\/div><script type=\"text\/javascript\"> function footnote_expand_reference_container_2156_1() { jQuery('#footnote_references_container_2156_1').show(); jQuery('#footnote_reference_container_collapse_button_2156_1').text('\u2212'); } function footnote_collapse_reference_container_2156_1() { jQuery('#footnote_references_container_2156_1').hide(); jQuery('#footnote_reference_container_collapse_button_2156_1').text('+'); } function footnote_expand_collapse_reference_container_2156_1() { if (jQuery('#footnote_references_container_2156_1').is(':hidden')) { footnote_expand_reference_container_2156_1(); } else { footnote_collapse_reference_container_2156_1(); } } function footnote_moveToReference_2156_1(p_str_TargetID) { footnote_expand_reference_container_2156_1(); var l_obj_Target = jQuery('#' + p_str_TargetID); if (l_obj_Target.length) { jQuery( 'html, body' ).delay( 0 ); jQuery('html, body').animate({ scrollTop: l_obj_Target.offset().top - window.innerHeight * 0.2 }, 380); } } function footnote_moveToAnchor_2156_1(p_str_TargetID) { footnote_expand_reference_container_2156_1(); var l_obj_Target = jQuery('#' + p_str_TargetID); if (l_obj_Target.length) { jQuery( 'html, body' ).delay( 0 ); jQuery('html, body').animate({ scrollTop: l_obj_Target.offset().top - window.innerHeight * 0.2 }, 380); } }<\/script>","protected":false},"excerpt":{"rendered":"<p>Una &#8220;Queja 4731&#8221; es una forma legal de presentar una queja si sus derechos han sido violados o denegados. Usted o alguien que lo represente,&hellip;<\/p>\n","protected":false},"author":1,"featured_media":0,"parent":2072,"menu_order":38,"comment_status":"closed","ping_status":"closed","template":"","meta":{"footnotes":""},"class_list":["post-2156","page","type-page","status-publish","hentry"],"_links":{"self":[{"href":"https:\/\/rula.disabilityrightsca.org\/es\/wp-json\/wp\/v2\/pages\/2156","targetHints":{"allow":["GET"]}}],"collection":[{"href":"https:\/\/rula.disabilityrightsca.org\/es\/wp-json\/wp\/v2\/pages"}],"about":[{"href":"https:\/\/rula.disabilityrightsca.org\/es\/wp-json\/wp\/v2\/types\/page"}],"author":[{"embeddable":true,"href":"https:\/\/rula.disabilityrightsca.org\/es\/wp-json\/wp\/v2\/users\/1"}],"replies":[{"embeddable":true,"href":"https:\/\/rula.disabilityrightsca.org\/es\/wp-json\/wp\/v2\/comments?post=2156"}],"version-history":[{"count":6,"href":"https:\/\/rula.disabilityrightsca.org\/es\/wp-json\/wp\/v2\/pages\/2156\/revisions"}],"predecessor-version":[{"id":3917,"href":"https:\/\/rula.disabilityrightsca.org\/es\/wp-json\/wp\/v2\/pages\/2156\/revisions\/3917"}],"up":[{"embeddable":true,"href":"https:\/\/rula.disabilityrightsca.org\/es\/wp-json\/wp\/v2\/pages\/2072"}],"wp:attachment":[{"href":"https:\/\/rula.disabilityrightsca.org\/es\/wp-json\/wp\/v2\/media?parent=2156"}],"curies":[{"name":"wp","href":"https:\/\/api.w.org\/{rel}","templated":true}]}}