{"id":2154,"date":"2021-09-28T23:21:44","date_gmt":"2021-09-28T23:21:44","guid":{"rendered":"http:\/\/www.rula.disabilityrightsca.org\/es\/?page_id=2154"},"modified":"2023-11-29T19:15:45","modified_gmt":"2023-11-29T19:15:45","slug":"10-37-que-sucede-si-no-estoy-de-acuerdo-con-la-decision-del-alj-de-la-audiencia","status":"publish","type":"page","link":"https:\/\/rula.disabilityrightsca.org\/es\/rula-book\/capitulo-10-apelaciones-y-reclamos-desacuerdos-con-centros-regionales-centros-de-desarrollo-o-proveedores-de-servicios\/10-37-que-sucede-si-no-estoy-de-acuerdo-con-la-decision-del-alj-de-la-audiencia\/","title":{"rendered":"(10.37) \u00bfEl centro regional debe cumplir la decisi\u00f3n de la audiencia?"},"content":{"rendered":"\n<p>Si gan\u00f3 su apelaci\u00f3n y el centro regional no hace lo que orden\u00f3 el oficial de audiencias, estar\u00e1 violando sus derechos. El centro regional debe hacer lo que orden\u00f3 el oficial de audiencias tan pronto como sea posible y no m\u00e1s de 30 d\u00edas despu\u00e9s de la fecha de la decisi\u00f3n final. Si el centro regional no puede cumplir con ese plazo, debe comunic\u00e1rselo a usted y al DDS. Tambi\u00e9n debe explicar todas las razones por las que la decisi\u00f3n no se puede implementar.<\/p>\n\n\n\n<p>Si el centro regional no cumple la decisi\u00f3n de la audiencia, tiene tres opciones:<\/p>\n\n\n\n<ol class=\"wp-block-list\">\n<li>Presentar una queja de la Secci\u00f3n 4731 con el director del centro regional. Para obtener m\u00e1s informaci\u00f3n, consulte la secci\u00f3n de quejas 4731.<\/li>\n\n\n\n<li>P\u00f3ngase en contacto con el DDS directamente. El DDS ha establecido una direcci\u00f3n de correo electr\u00f3nico para que las personas se comuniquen con ellos cuando necesiten ayuda para que un centro regional cumpla con una decisi\u00f3n de la audiencia. Esa direcci\u00f3n de correo electr\u00f3nico es: <a href=\"mailto:HearingImplementation@dds.ca.gov\">HearingImplementation@dds.ca.gov<\/a>. Tambi\u00e9n puede usar este formulario en l\u00ednea para pedir ayuda al DDS: <a href=\"https:\/\/www.surveymonkey.com\/r\/HearingImpDelay-Consumers\">https:\/\/www.surveymonkey.com\/r\/HearingImpDelay-Consumers<\/a><\/li>\n\n\n\n<li>Puede presentar una petici\u00f3n de mandato judicial ante el tribunal superior de su condado. (Consulte el C\u00f3digo de Procedimiento Civil de California Secci\u00f3n 1085). Ese procedimiento le permite pedirle a la corte que ordene al director del centro regional y al director del Departamento de Servicios del Desarrollo que cumplan la decisi\u00f3n del oficial de audiencias o se presenten personalmente en la corte para explicar por qu\u00e9 no.<\/li>\n<\/ol>\n\n\n\n<p>Si usted presenta una queja de la secci\u00f3n 4731 o se pone en contacto con el DDS directamente la decisi\u00f3n no se implementa, comun\u00edquese con Disability Rights California u OCRA.<\/p>\n","protected":false},"excerpt":{"rendered":"<p>Si gan\u00f3 su apelaci\u00f3n y el centro regional no hace lo que orden\u00f3 el oficial de audiencias, estar\u00e1 violando sus derechos. El centro regional debe&hellip;<\/p>\n","protected":false},"author":1,"featured_media":0,"parent":2072,"menu_order":37,"comment_status":"closed","ping_status":"closed","template":"","meta":{"footnotes":""},"class_list":["post-2154","page","type-page","status-publish","hentry"],"_links":{"self":[{"href":"https:\/\/rula.disabilityrightsca.org\/es\/wp-json\/wp\/v2\/pages\/2154","targetHints":{"allow":["GET"]}}],"collection":[{"href":"https:\/\/rula.disabilityrightsca.org\/es\/wp-json\/wp\/v2\/pages"}],"about":[{"href":"https:\/\/rula.disabilityrightsca.org\/es\/wp-json\/wp\/v2\/types\/page"}],"author":[{"embeddable":true,"href":"https:\/\/rula.disabilityrightsca.org\/es\/wp-json\/wp\/v2\/users\/1"}],"replies":[{"embeddable":true,"href":"https:\/\/rula.disabilityrightsca.org\/es\/wp-json\/wp\/v2\/comments?post=2154"}],"version-history":[{"count":4,"href":"https:\/\/rula.disabilityrightsca.org\/es\/wp-json\/wp\/v2\/pages\/2154\/revisions"}],"predecessor-version":[{"id":3614,"href":"https:\/\/rula.disabilityrightsca.org\/es\/wp-json\/wp\/v2\/pages\/2154\/revisions\/3614"}],"up":[{"embeddable":true,"href":"https:\/\/rula.disabilityrightsca.org\/es\/wp-json\/wp\/v2\/pages\/2072"}],"wp:attachment":[{"href":"https:\/\/rula.disabilityrightsca.org\/es\/wp-json\/wp\/v2\/media?parent=2154"}],"curies":[{"name":"wp","href":"https:\/\/api.w.org\/{rel}","templated":true}]}}