{"id":2152,"date":"2021-09-28T23:19:34","date_gmt":"2021-09-28T23:19:34","guid":{"rendered":"http:\/\/www.rula.disabilityrightsca.org\/es\/?page_id=2152"},"modified":"2023-12-05T22:44:58","modified_gmt":"2023-12-05T22:44:58","slug":"10-36-que-pasa-si-mi-apelacion-fue-por-un-servicio-bajo-el-programa-de-exencion-basado-en-el-hogar-y-la-comunidad-de-medi-cal-exencion-por-dd","status":"publish","type":"page","link":"https:\/\/rula.disabilityrightsca.org\/es\/rula-book\/capitulo-10-apelaciones-y-reclamos-desacuerdos-con-centros-regionales-centros-de-desarrollo-o-proveedores-de-servicios\/10-36-que-pasa-si-mi-apelacion-fue-por-un-servicio-bajo-el-programa-de-exencion-basado-en-el-hogar-y-la-comunidad-de-medi-cal-exencion-por-dd\/","title":{"rendered":"(10.36) \u00bfQu\u00e9 sucede con mis servicios durante una apelaci\u00f3n ante un tribunal superior?"},"content":{"rendered":"\n<p>Si el oficial de audiencias decidi\u00f3 que el centro regional puede cancelar los servicios que estaba recibiendo durante su apelaci\u00f3n, continuar\u00e1 recibiendo los servicios durante <strong>10 d\u00edas<\/strong> despu\u00e9s de recibir la decisi\u00f3n del oficial de audiencias.<span class=\"footnote_referrer\"><a role=\"button\" tabindex=\"0\" onclick=\"footnote_moveToReference_2152_1('footnote_plugin_reference_2152_1_1');\" onkeypress=\"footnote_moveToReference_2152_1('footnote_plugin_reference_2152_1_1');\" ><sup id=\"footnote_plugin_tooltip_2152_1_1\" class=\"footnote_plugin_tooltip_text\">[1]<\/sup><\/a><span id=\"footnote_plugin_tooltip_text_2152_1_1\" class=\"footnote_tooltip\">Secci\u00f3n 4715(a)(3)<\/span><\/span><script type=\"text\/javascript\"> jQuery('#footnote_plugin_tooltip_2152_1_1').tooltip({ tip: '#footnote_plugin_tooltip_text_2152_1_1', tipClass: 'footnote_tooltip', effect: 'fade', predelay: 0, fadeInSpeed: 200, delay: 400, fadeOutSpeed: 200, position: 'top center', relative: true, offset: [-7, 0], });<\/script><\/p>\n\n\n\n<p>Si no desea que sus servicios terminen despu\u00e9s de 10 d\u00edas, debe presentar su apelaci\u00f3n y pedirle al tribunal una &#8220;suspensi\u00f3n&#8221; dentro de los 10 d\u00edas.<span class=\"footnote_referrer\"><a role=\"button\" tabindex=\"0\" onclick=\"footnote_moveToReference_2152_1('footnote_plugin_reference_2152_1_2');\" onkeypress=\"footnote_moveToReference_2152_1('footnote_plugin_reference_2152_1_2');\" ><sup id=\"footnote_plugin_tooltip_2152_1_2\" class=\"footnote_plugin_tooltip_text\">[2]<\/sup><\/a><span id=\"footnote_plugin_tooltip_text_2152_1_2\" class=\"footnote_tooltip\">C\u00f3digo de Procedimiento Civil de California Secci\u00f3n 1094.5(g)<\/span><\/span><script type=\"text\/javascript\"> jQuery('#footnote_plugin_tooltip_2152_1_2').tooltip({ tip: '#footnote_plugin_tooltip_text_2152_1_2', tipClass: 'footnote_tooltip', effect: 'fade', predelay: 0, fadeInSpeed: 200, delay: 400, fadeOutSpeed: 200, position: 'top center', relative: true, offset: [-7, 0], });<\/script>, <span class=\"footnote_referrer\"><a role=\"button\" tabindex=\"0\" onclick=\"footnote_moveToReference_2152_1('footnote_plugin_reference_2152_1_3');\" onkeypress=\"footnote_moveToReference_2152_1('footnote_plugin_reference_2152_1_3');\" ><sup id=\"footnote_plugin_tooltip_2152_1_3\" class=\"footnote_plugin_tooltip_text\">[3]<\/sup><\/a><span id=\"footnote_plugin_tooltip_text_2152_1_3\" class=\"footnote_tooltip\">Secciones 4715(a)(3); 4715(c)<\/span><\/span><script type=\"text\/javascript\"> jQuery('#footnote_plugin_tooltip_2152_1_3').tooltip({ tip: '#footnote_plugin_tooltip_text_2152_1_3', tipClass: 'footnote_tooltip', effect: 'fade', predelay: 0, fadeInSpeed: 200, delay: 400, fadeOutSpeed: 200, position: 'top center', relative: true, offset: [-7, 0], });<\/script> El tribunal no le otorgar\u00e1 una suspensi\u00f3n si cree que es &#8220;contra el inter\u00e9s p\u00fablico&#8221;.<span class=\"footnote_referrer\"><a role=\"button\" tabindex=\"0\" onclick=\"footnote_moveToReference_2152_1('footnote_plugin_reference_2152_1_4');\" onkeypress=\"footnote_moveToReference_2152_1('footnote_plugin_reference_2152_1_4');\" ><sup id=\"footnote_plugin_tooltip_2152_1_4\" class=\"footnote_plugin_tooltip_text\">[4]<\/sup><\/a><span id=\"footnote_plugin_tooltip_text_2152_1_4\" class=\"footnote_tooltip\">&#8220;Sin embargo, no se impondr\u00e1 ni continuar\u00e1 ninguna suspensi\u00f3n si el tribunal est\u00e1 convencido de que va en contra del inter\u00e9s p\u00fablico&#8221;. C\u00f3digo de Procedimiento Civil de California&nbsp;&#x2026; <span class=\"footnote_tooltip_continue\"  onclick=\"footnote_moveToReference_2152_1('footnote_plugin_reference_2152_1_4');\">Continue reading<\/span><\/span><\/span><script type=\"text\/javascript\"> jQuery('#footnote_plugin_tooltip_2152_1_4').tooltip({ tip: '#footnote_plugin_tooltip_text_2152_1_4', tipClass: 'footnote_tooltip', effect: 'fade', predelay: 0, fadeInSpeed: 200, delay: 400, fadeOutSpeed: 200, position: 'top center', relative: true, offset: [-7, 0], });<\/script><\/p>\n<div class=\"speaker-mute footnotes_reference_container\"> <div class=\"footnote_container_prepare\"><p><span role=\"button\" tabindex=\"0\" class=\"footnote_reference_container_label pointer\" onclick=\"footnote_expand_collapse_reference_container_2152_1();\">&#x202F;<\/span><span role=\"button\" tabindex=\"0\" class=\"footnote_reference_container_collapse_button\" style=\"display: none;\" onclick=\"footnote_expand_collapse_reference_container_2152_1();\">[<a id=\"footnote_reference_container_collapse_button_2152_1\">+<\/a>]<\/span><\/p><\/div> <div id=\"footnote_references_container_2152_1\" style=\"\"><table class=\"footnotes_table footnote-reference-container\"><caption class=\"accessibility\">References<\/caption> <tbody> \r\n\r\n<tr class=\"footnotes_plugin_reference_row\"> <th scope=\"row\" class=\"footnote_plugin_index_combi pointer\"  onclick=\"footnote_moveToAnchor_2152_1('footnote_plugin_tooltip_2152_1_1');\"><a id=\"footnote_plugin_reference_2152_1_1\" class=\"footnote_backlink\"><span class=\"footnote_index_arrow\">&#8593;<\/span>1<\/a><\/th> <td class=\"footnote_plugin_text\">Secci\u00f3n 4715(a)(3)<\/td><\/tr>\r\n\r\n<tr class=\"footnotes_plugin_reference_row\"> <th scope=\"row\" class=\"footnote_plugin_index_combi pointer\"  onclick=\"footnote_moveToAnchor_2152_1('footnote_plugin_tooltip_2152_1_2');\"><a id=\"footnote_plugin_reference_2152_1_2\" class=\"footnote_backlink\"><span class=\"footnote_index_arrow\">&#8593;<\/span>2<\/a><\/th> <td class=\"footnote_plugin_text\">C\u00f3digo de Procedimiento Civil de California Secci\u00f3n 1094.5(g)<\/td><\/tr>\r\n\r\n<tr class=\"footnotes_plugin_reference_row\"> <th scope=\"row\" class=\"footnote_plugin_index_combi pointer\"  onclick=\"footnote_moveToAnchor_2152_1('footnote_plugin_tooltip_2152_1_3');\"><a id=\"footnote_plugin_reference_2152_1_3\" class=\"footnote_backlink\"><span class=\"footnote_index_arrow\">&#8593;<\/span>3<\/a><\/th> <td class=\"footnote_plugin_text\">Secciones 4715(a)(3); 4715(c)<\/td><\/tr>\r\n\r\n<tr class=\"footnotes_plugin_reference_row\"> <th scope=\"row\" class=\"footnote_plugin_index_combi pointer\"  onclick=\"footnote_moveToAnchor_2152_1('footnote_plugin_tooltip_2152_1_4');\"><a id=\"footnote_plugin_reference_2152_1_4\" class=\"footnote_backlink\"><span class=\"footnote_index_arrow\">&#8593;<\/span>4<\/a><\/th> <td class=\"footnote_plugin_text\">&#8220;Sin embargo, no se impondr\u00e1 ni continuar\u00e1 ninguna suspensi\u00f3n si el tribunal est\u00e1 convencido de que va en contra del inter\u00e9s p\u00fablico&#8221;. C\u00f3digo de Procedimiento Civil de California Secci\u00f3n 1094.5(g)<\/td><\/tr>\r\n\r\n <\/tbody> <\/table> <\/div><\/div><script type=\"text\/javascript\"> function footnote_expand_reference_container_2152_1() { jQuery('#footnote_references_container_2152_1').show(); jQuery('#footnote_reference_container_collapse_button_2152_1').text('\u2212'); } function footnote_collapse_reference_container_2152_1() { jQuery('#footnote_references_container_2152_1').hide(); jQuery('#footnote_reference_container_collapse_button_2152_1').text('+'); } function footnote_expand_collapse_reference_container_2152_1() { if (jQuery('#footnote_references_container_2152_1').is(':hidden')) { footnote_expand_reference_container_2152_1(); } else { footnote_collapse_reference_container_2152_1(); } } function footnote_moveToReference_2152_1(p_str_TargetID) { footnote_expand_reference_container_2152_1(); var l_obj_Target = jQuery('#' + p_str_TargetID); if (l_obj_Target.length) { jQuery( 'html, body' ).delay( 0 ); jQuery('html, body').animate({ scrollTop: l_obj_Target.offset().top - window.innerHeight * 0.2 }, 380); } } function footnote_moveToAnchor_2152_1(p_str_TargetID) { footnote_expand_reference_container_2152_1(); var l_obj_Target = jQuery('#' + p_str_TargetID); if (l_obj_Target.length) { jQuery( 'html, body' ).delay( 0 ); jQuery('html, body').animate({ scrollTop: l_obj_Target.offset().top - window.innerHeight * 0.2 }, 380); } }<\/script>","protected":false},"excerpt":{"rendered":"<p>Si el oficial de audiencias decidi\u00f3 que el centro regional puede cancelar los servicios que estaba recibiendo durante su apelaci\u00f3n, continuar\u00e1 recibiendo los servicios durante&hellip;<\/p>\n","protected":false},"author":1,"featured_media":0,"parent":2072,"menu_order":36,"comment_status":"closed","ping_status":"closed","template":"","meta":{"footnotes":""},"class_list":["post-2152","page","type-page","status-publish","hentry"],"_links":{"self":[{"href":"https:\/\/rula.disabilityrightsca.org\/es\/wp-json\/wp\/v2\/pages\/2152","targetHints":{"allow":["GET"]}}],"collection":[{"href":"https:\/\/rula.disabilityrightsca.org\/es\/wp-json\/wp\/v2\/pages"}],"about":[{"href":"https:\/\/rula.disabilityrightsca.org\/es\/wp-json\/wp\/v2\/types\/page"}],"author":[{"embeddable":true,"href":"https:\/\/rula.disabilityrightsca.org\/es\/wp-json\/wp\/v2\/users\/1"}],"replies":[{"embeddable":true,"href":"https:\/\/rula.disabilityrightsca.org\/es\/wp-json\/wp\/v2\/comments?post=2152"}],"version-history":[{"count":6,"href":"https:\/\/rula.disabilityrightsca.org\/es\/wp-json\/wp\/v2\/pages\/2152\/revisions"}],"predecessor-version":[{"id":3916,"href":"https:\/\/rula.disabilityrightsca.org\/es\/wp-json\/wp\/v2\/pages\/2152\/revisions\/3916"}],"up":[{"embeddable":true,"href":"https:\/\/rula.disabilityrightsca.org\/es\/wp-json\/wp\/v2\/pages\/2072"}],"wp:attachment":[{"href":"https:\/\/rula.disabilityrightsca.org\/es\/wp-json\/wp\/v2\/media?parent=2152"}],"curies":[{"name":"wp","href":"https:\/\/api.w.org\/{rel}","templated":true}]}}