{"id":2150,"date":"2021-09-28T23:09:01","date_gmt":"2021-09-28T23:09:01","guid":{"rendered":"http:\/\/www.rula.disabilityrightsca.org\/es\/?page_id=2150"},"modified":"2025-03-18T17:18:47","modified_gmt":"2025-03-18T17:18:47","slug":"10-35-que-sucede-despues-de-la-audiencia-imparcial","status":"publish","type":"page","link":"https:\/\/rula.disabilityrightsca.org\/es\/rula-book\/capitulo-10-apelaciones-y-reclamos-desacuerdos-con-centros-regionales-centros-de-desarrollo-o-proveedores-de-servicios\/10-35-que-sucede-despues-de-la-audiencia-imparcial\/","title":{"rendered":"(10.35) \u00bfQu\u00e9 sucede si no estoy de acuerdo con la decisi\u00f3n del oficial de audiencias de la audiencia?"},"content":{"rendered":"\n<p>Si no est\u00e1 de acuerdo con la decisi\u00f3n final del funcionario de audiencias, el siguiente paso es la reconsideraci\u00f3n o el tribunal superior.<\/p>\n\n\n\n<p><strong>Reconsideraci\u00f3n<\/strong><\/p>\n\n\n\n<p>Despu\u00e9s de recibir la decisi\u00f3n de la audiencia, usted o el centro regional pueden solicitar una \u201creconsideraci\u00f3n\u201d. La reconsideraci\u00f3n es una forma de corregir un error administrativo o un error de hecho o de derecho en la decisi\u00f3n de una audiencia, o una solicitud para descalificar a un funcionario de audiencias que decidi\u00f3 incorrectamente. Esas son las \u00fanicas cuestiones que una reconsideraci\u00f3n puede abordar. Debe solicitar una reconsideraci\u00f3n dentro de los 15\u00a0d\u00edas posteriores a la recepci\u00f3n de la decisi\u00f3n de la audiencia. La decisi\u00f3n de otorgar o denegar su solicitud de reconsideraci\u00f3n se tomar\u00e1 dentro de los 15\u00a0d\u00edas.<span class=\"footnote_referrer\"><a role=\"button\" tabindex=\"0\" onclick=\"footnote_moveToReference_2150_1('footnote_plugin_reference_2150_1_1');\" onkeypress=\"footnote_moveToReference_2150_1('footnote_plugin_reference_2150_1_1');\" ><sup id=\"footnote_plugin_tooltip_2150_1_1\" class=\"footnote_plugin_tooltip_text\">[1]<\/sup><\/a><span id=\"footnote_plugin_tooltip_text_2150_1_1\" class=\"footnote_tooltip\">\u00a7\u00a04713(a)-(d)<\/span><\/span><script type=\"text\/javascript\"> jQuery('#footnote_plugin_tooltip_2150_1_1').tooltip({ tip: '#footnote_plugin_tooltip_text_2150_1_1', tipClass: 'footnote_tooltip', effect: 'fade', predelay: 0, fadeInSpeed: 200, delay: 400, fadeOutSpeed: 200, position: 'top center', relative: true, offset: [-7, 0], });<\/script><\/p>\n\n\n\n<p>Si su solicitud de reconsideraci\u00f3n no tiene \u00e9xito, a\u00fan puede presentar una apelaci\u00f3n ante el tribunal superior. No tiene que solicitar una reconsideraci\u00f3n antes de presentar una apelaci\u00f3n ante el tribunal superior.<span class=\"footnote_referrer\"><a role=\"button\" tabindex=\"0\" onclick=\"footnote_moveToReference_2150_1('footnote_plugin_reference_2150_1_2');\" onkeypress=\"footnote_moveToReference_2150_1('footnote_plugin_reference_2150_1_2');\" ><sup id=\"footnote_plugin_tooltip_2150_1_2\" class=\"footnote_plugin_tooltip_text\">[2]<\/sup><\/a><span id=\"footnote_plugin_tooltip_text_2150_1_2\" class=\"footnote_tooltip\">\u00a7\u00a04712.5(a)(1)<\/span><\/span><script type=\"text\/javascript\"> jQuery('#footnote_plugin_tooltip_2150_1_2').tooltip({ tip: '#footnote_plugin_tooltip_text_2150_1_2', tipClass: 'footnote_tooltip', effect: 'fade', predelay: 0, fadeInSpeed: 200, delay: 400, fadeOutSpeed: 200, position: 'top center', relative: true, offset: [-7, 0], });<\/script><\/p>\n\n\n\n<p><strong>Tribunal superior<\/strong><\/p>\n\n\n\n<p>Despu\u00e9s de recibir la decisi\u00f3n de la audiencia, puede presentar una apelaci\u00f3n en el tribunal superior. Su apelaci\u00f3n se denomina \u201cmandamiento\/mandato judicial administrativo\u201d.<span class=\"footnote_referrer\"><a role=\"button\" tabindex=\"0\" onclick=\"footnote_moveToReference_2150_1('footnote_plugin_reference_2150_1_3');\" onkeypress=\"footnote_moveToReference_2150_1('footnote_plugin_reference_2150_1_3');\" ><sup id=\"footnote_plugin_tooltip_2150_1_3\" class=\"footnote_plugin_tooltip_text\">[3]<\/sup><\/a><span id=\"footnote_plugin_tooltip_text_2150_1_3\" class=\"footnote_tooltip\">California Code of Civil Procedure \u00a7\u00a01094.5<\/span><\/span><script type=\"text\/javascript\"> jQuery('#footnote_plugin_tooltip_2150_1_3').tooltip({ tip: '#footnote_plugin_tooltip_text_2150_1_3', tipClass: 'footnote_tooltip', effect: 'fade', predelay: 0, fadeInSpeed: 200, delay: 400, fadeOutSpeed: 200, position: 'top center', relative: true, offset: [-7, 0], });<\/script> El centro regional tambi\u00e9n puede apelar una decisi\u00f3n, a menos que involucre derechos conforme a la exenci\u00f3n de Medi-Cal.<\/p>\n\n\n\n<p>Tendr\u00e1 hasta 180&nbsp;d\u00edas despu\u00e9s de recibir la decisi\u00f3n de la audiencia para presentar una apelaci\u00f3n ante el tribunal superior de su condado. Para hacer esto, debe \u201cpresentar\u201d los documentos de apelaci\u00f3n ante el tribunal superior de su condado. Ir al tribunal es complicado. Hay muchos pasos y t\u00e9rminos legales dif\u00edciles. Probablemente necesitar\u00e1 un abogado.<\/p>\n\n\n\n<p>En su apelaci\u00f3n, puede pedirle al tribunal superior que ordene a una agencia estatal, como el DDS, que anule su decisi\u00f3n o tome otras medidas. P\u00f3ngase en contacto con un abogado para obtener ayuda. Disability Rights California puede ayudarlo o hacerle sugerencias.<\/p>\n\n\n\n<p>Cuando apela una decisi\u00f3n desfavorable de un funcionario de audiencias ante el tribunal superior, el tribunal solo examinar\u00e1 el expediente de su audiencia.<span class=\"footnote_referrer\"><a role=\"button\" tabindex=\"0\" onclick=\"footnote_moveToReference_2150_1('footnote_plugin_reference_2150_1_4');\" onkeypress=\"footnote_moveToReference_2150_1('footnote_plugin_reference_2150_1_4');\" ><sup id=\"footnote_plugin_tooltip_2150_1_4\" class=\"footnote_plugin_tooltip_text\">[4]<\/sup><\/a><span id=\"footnote_plugin_tooltip_text_2150_1_4\" class=\"footnote_tooltip\">Para pedirle al tribunal superior que revise su audiencia, debe presentar una petici\u00f3n de mandamiento judicial administrativo, Calif. Code Civ. Proc. \u00a7\u00a01094.5<\/span><\/span><script type=\"text\/javascript\"> jQuery('#footnote_plugin_tooltip_2150_1_4').tooltip({ tip: '#footnote_plugin_tooltip_text_2150_1_4', tipClass: 'footnote_tooltip', effect: 'fade', predelay: 0, fadeInSpeed: 200, delay: 400, fadeOutSpeed: 200, position: 'top center', relative: true, offset: [-7, 0], });<\/script>\u00a0Por eso es importante incluir toda su informaci\u00f3n en el registro de la audiencia. Por lo general, no puede brindarle al tribunal nueva informaci\u00f3n.<span class=\"footnote_referrer\"><a role=\"button\" tabindex=\"0\" onclick=\"footnote_moveToReference_2150_1('footnote_plugin_reference_2150_1_5');\" onkeypress=\"footnote_moveToReference_2150_1('footnote_plugin_reference_2150_1_5');\" ><sup id=\"footnote_plugin_tooltip_2150_1_5\" class=\"footnote_plugin_tooltip_text\">[5]<\/sup><\/a><span id=\"footnote_plugin_tooltip_text_2150_1_5\" class=\"footnote_tooltip\">\u201cCuando el tribunal determina que hay pruebas relevantes que, en el ejercicio de una diligencia razonable, no se pudieron presentar o que se excluyeron indebidamente en la audiencia\u201d, el tribunal&nbsp;&#x2026; <span class=\"footnote_tooltip_continue\"  onclick=\"footnote_moveToReference_2150_1('footnote_plugin_reference_2150_1_5');\">Continue reading<\/span><\/span><\/span><script type=\"text\/javascript\"> jQuery('#footnote_plugin_tooltip_2150_1_5').tooltip({ tip: '#footnote_plugin_tooltip_text_2150_1_5', tipClass: 'footnote_tooltip', effect: 'fade', predelay: 0, fadeInSpeed: 200, delay: 400, fadeOutSpeed: 200, position: 'top center', relative: true, offset: [-7, 0], });<\/script>\u00a0El tribunal considerar\u00e1 solo dos cuestiones:<\/p>\n\n\n\n<ol start=\"1\" class=\"wp-block-list\">\n<li>si el juicio o la audiencia fue imparcial;<\/li>\n\n\n\n<li>si hubo un \u201cabuso perjudicial de la discreci\u00f3n\u201d.<span class=\"footnote_referrer\"><a role=\"button\" tabindex=\"0\" onclick=\"footnote_moveToReference_2150_1('footnote_plugin_reference_2150_1_6');\" onkeypress=\"footnote_moveToReference_2150_1('footnote_plugin_reference_2150_1_6');\" ><sup id=\"footnote_plugin_tooltip_2150_1_6\" class=\"footnote_plugin_tooltip_text\">[6]<\/sup><\/a><span id=\"footnote_plugin_tooltip_text_2150_1_6\" class=\"footnote_tooltip\">Calif. Code Civ. Proc. \u00a7\u00a01094.5(b)<\/span><\/span><script type=\"text\/javascript\"> jQuery('#footnote_plugin_tooltip_2150_1_6').tooltip({ tip: '#footnote_plugin_tooltip_text_2150_1_6', tipClass: 'footnote_tooltip', effect: 'fade', predelay: 0, fadeInSpeed: 200, delay: 400, fadeOutSpeed: 200, position: 'top center', relative: true, offset: [-7, 0], });<\/script>\u00a0Esto podr\u00eda significar que el funcionario de audiencias utiliz\u00f3 los est\u00e1ndares legales incorrectos para tomar la decisi\u00f3n. Tambi\u00e9n podr\u00eda significar que el funcionario de audiencias tom\u00f3 una decisi\u00f3n que no se bas\u00f3 en las conclusiones o que sus conclusiones no est\u00e1n respaldadas por las pruebas.<\/li>\n<\/ol>\n\n\n\n<p>Si la decisi\u00f3n del funcionario de audiencias no fue a su favor porque no ten\u00eda suficientes pruebas, no puede presentar nuevas pruebas en el tribunal.<\/p>\n\n\n\n<p>Si la decisi\u00f3n del funcionario de audiencias no fue a su favor porque no ten\u00eda suficientes pruebas, no puede presentar nuevas pruebas en el tribunal.<\/p>\n<div class=\"speaker-mute footnotes_reference_container\"> <div class=\"footnote_container_prepare\"><p><span role=\"button\" tabindex=\"0\" class=\"footnote_reference_container_label pointer\" onclick=\"footnote_expand_collapse_reference_container_2150_1();\">&#x202F;<\/span><span role=\"button\" tabindex=\"0\" class=\"footnote_reference_container_collapse_button\" style=\"display: none;\" onclick=\"footnote_expand_collapse_reference_container_2150_1();\">[<a id=\"footnote_reference_container_collapse_button_2150_1\">+<\/a>]<\/span><\/p><\/div> <div id=\"footnote_references_container_2150_1\" style=\"\"><table class=\"footnotes_table footnote-reference-container\"><caption class=\"accessibility\">References<\/caption> <tbody> \r\n\r\n<tr class=\"footnotes_plugin_reference_row\"> <th scope=\"row\" class=\"footnote_plugin_index_combi pointer\"  onclick=\"footnote_moveToAnchor_2150_1('footnote_plugin_tooltip_2150_1_1');\"><a id=\"footnote_plugin_reference_2150_1_1\" class=\"footnote_backlink\"><span class=\"footnote_index_arrow\">&#8593;<\/span>1<\/a><\/th> <td class=\"footnote_plugin_text\">\u00a7\u00a04713(a)-(d)<\/td><\/tr>\r\n\r\n<tr class=\"footnotes_plugin_reference_row\"> <th scope=\"row\" class=\"footnote_plugin_index_combi pointer\"  onclick=\"footnote_moveToAnchor_2150_1('footnote_plugin_tooltip_2150_1_2');\"><a id=\"footnote_plugin_reference_2150_1_2\" class=\"footnote_backlink\"><span class=\"footnote_index_arrow\">&#8593;<\/span>2<\/a><\/th> <td class=\"footnote_plugin_text\">\u00a7\u00a04712.5(a)(1)<\/td><\/tr>\r\n\r\n<tr class=\"footnotes_plugin_reference_row\"> <th scope=\"row\" class=\"footnote_plugin_index_combi pointer\"  onclick=\"footnote_moveToAnchor_2150_1('footnote_plugin_tooltip_2150_1_3');\"><a id=\"footnote_plugin_reference_2150_1_3\" class=\"footnote_backlink\"><span class=\"footnote_index_arrow\">&#8593;<\/span>3<\/a><\/th> <td class=\"footnote_plugin_text\">California Code of Civil Procedure \u00a7\u00a01094.5<\/td><\/tr>\r\n\r\n<tr class=\"footnotes_plugin_reference_row\"> <th scope=\"row\" class=\"footnote_plugin_index_combi pointer\"  onclick=\"footnote_moveToAnchor_2150_1('footnote_plugin_tooltip_2150_1_4');\"><a id=\"footnote_plugin_reference_2150_1_4\" class=\"footnote_backlink\"><span class=\"footnote_index_arrow\">&#8593;<\/span>4<\/a><\/th> <td class=\"footnote_plugin_text\">Para pedirle al tribunal superior que revise su audiencia, debe presentar una petici\u00f3n de mandamiento judicial administrativo, Calif. Code Civ. Proc. \u00a7\u00a01094.5<\/td><\/tr>\r\n\r\n<tr class=\"footnotes_plugin_reference_row\"> <th scope=\"row\" class=\"footnote_plugin_index_combi pointer\"  onclick=\"footnote_moveToAnchor_2150_1('footnote_plugin_tooltip_2150_1_5');\"><a id=\"footnote_plugin_reference_2150_1_5\" class=\"footnote_backlink\"><span class=\"footnote_index_arrow\">&#8593;<\/span>5<\/a><\/th> <td class=\"footnote_plugin_text\">\u201cCuando el tribunal determina que hay pruebas relevantes que, en el ejercicio de una diligencia razonable, no se pudieron presentar o que se excluyeron indebidamente en la audiencia\u201d, el tribunal puede permitir que se presente la prueba. Calif. Code Civ. Proc. \u00a7\u00a01094.5(f)<\/td><\/tr>\r\n\r\n<tr class=\"footnotes_plugin_reference_row\"> <th scope=\"row\" class=\"footnote_plugin_index_combi pointer\"  onclick=\"footnote_moveToAnchor_2150_1('footnote_plugin_tooltip_2150_1_6');\"><a id=\"footnote_plugin_reference_2150_1_6\" class=\"footnote_backlink\"><span class=\"footnote_index_arrow\">&#8593;<\/span>6<\/a><\/th> <td class=\"footnote_plugin_text\">Calif. Code Civ. Proc. \u00a7\u00a01094.5(b)<\/td><\/tr>\r\n\r\n <\/tbody> <\/table> <\/div><\/div><script type=\"text\/javascript\"> function footnote_expand_reference_container_2150_1() { jQuery('#footnote_references_container_2150_1').show(); jQuery('#footnote_reference_container_collapse_button_2150_1').text('\u2212'); } function footnote_collapse_reference_container_2150_1() { jQuery('#footnote_references_container_2150_1').hide(); jQuery('#footnote_reference_container_collapse_button_2150_1').text('+'); } function footnote_expand_collapse_reference_container_2150_1() { if (jQuery('#footnote_references_container_2150_1').is(':hidden')) { footnote_expand_reference_container_2150_1(); } else { footnote_collapse_reference_container_2150_1(); } } function footnote_moveToReference_2150_1(p_str_TargetID) { footnote_expand_reference_container_2150_1(); var l_obj_Target = jQuery('#' + p_str_TargetID); if (l_obj_Target.length) { jQuery( 'html, body' ).delay( 0 ); jQuery('html, body').animate({ scrollTop: l_obj_Target.offset().top - window.innerHeight * 0.2 }, 380); } } function footnote_moveToAnchor_2150_1(p_str_TargetID) { footnote_expand_reference_container_2150_1(); var l_obj_Target = jQuery('#' + p_str_TargetID); if (l_obj_Target.length) { jQuery( 'html, body' ).delay( 0 ); jQuery('html, body').animate({ scrollTop: l_obj_Target.offset().top - window.innerHeight * 0.2 }, 380); } }<\/script>","protected":false},"excerpt":{"rendered":"<p>Si no est\u00e1 de acuerdo con la decisi\u00f3n final del funcionario de audiencias, el siguiente paso es la reconsideraci\u00f3n o el tribunal superior. Reconsideraci\u00f3n Despu\u00e9s&hellip;<\/p>\n","protected":false},"author":1,"featured_media":0,"parent":2072,"menu_order":35,"comment_status":"closed","ping_status":"closed","template":"","meta":{"footnotes":""},"class_list":["post-2150","page","type-page","status-publish","hentry"],"_links":{"self":[{"href":"https:\/\/rula.disabilityrightsca.org\/es\/wp-json\/wp\/v2\/pages\/2150","targetHints":{"allow":["GET"]}}],"collection":[{"href":"https:\/\/rula.disabilityrightsca.org\/es\/wp-json\/wp\/v2\/pages"}],"about":[{"href":"https:\/\/rula.disabilityrightsca.org\/es\/wp-json\/wp\/v2\/types\/page"}],"author":[{"embeddable":true,"href":"https:\/\/rula.disabilityrightsca.org\/es\/wp-json\/wp\/v2\/users\/1"}],"replies":[{"embeddable":true,"href":"https:\/\/rula.disabilityrightsca.org\/es\/wp-json\/wp\/v2\/comments?post=2150"}],"version-history":[{"count":7,"href":"https:\/\/rula.disabilityrightsca.org\/es\/wp-json\/wp\/v2\/pages\/2150\/revisions"}],"predecessor-version":[{"id":4096,"href":"https:\/\/rula.disabilityrightsca.org\/es\/wp-json\/wp\/v2\/pages\/2150\/revisions\/4096"}],"up":[{"embeddable":true,"href":"https:\/\/rula.disabilityrightsca.org\/es\/wp-json\/wp\/v2\/pages\/2072"}],"wp:attachment":[{"href":"https:\/\/rula.disabilityrightsca.org\/es\/wp-json\/wp\/v2\/media?parent=2150"}],"curies":[{"name":"wp","href":"https:\/\/api.w.org\/{rel}","templated":true}]}}