{"id":2145,"date":"2021-09-28T23:05:16","date_gmt":"2021-09-28T23:05:16","guid":{"rendered":"http:\/\/www.rula.disabilityrightsca.org\/es\/?page_id=2145"},"modified":"2025-03-18T17:16:09","modified_gmt":"2025-03-18T17:16:09","slug":"10-33-como-es-una-audiencia-imparcial","status":"publish","type":"page","link":"https:\/\/rula.disabilityrightsca.org\/es\/rula-book\/capitulo-10-apelaciones-y-reclamos-desacuerdos-con-centros-regionales-centros-de-desarrollo-o-proveedores-de-servicios\/10-33-como-es-una-audiencia-imparcial\/","title":{"rendered":"(10.33) \u00bfQu\u00e9 sucede despu\u00e9s de la audiencia?"},"content":{"rendered":"\n<p>Despu\u00e9s de la audiencia, el juez, a menudo denominado funcionario de audiencias, tiene 10\u00a0d\u00edas h\u00e1biles para redactar una decisi\u00f3n. Usted debe recibir la decisi\u00f3n no m\u00e1s de 80\u00a0d\u00edas despu\u00e9s de su apelaci\u00f3n.<span class=\"footnote_referrer\"><a role=\"button\" tabindex=\"0\" onclick=\"footnote_moveToReference_2145_1('footnote_plugin_reference_2145_1_1');\" onkeypress=\"footnote_moveToReference_2145_1('footnote_plugin_reference_2145_1_1');\" ><sup id=\"footnote_plugin_tooltip_2145_1_1\" class=\"footnote_plugin_tooltip_text\">[1]<\/sup><\/a><span id=\"footnote_plugin_tooltip_text_2145_1_1\" class=\"footnote_tooltip\">\u00a7\u00a04712.5(a)<\/span><\/span><script type=\"text\/javascript\"> jQuery('#footnote_plugin_tooltip_2145_1_1').tooltip({ tip: '#footnote_plugin_tooltip_text_2145_1_1', tipClass: 'footnote_tooltip', effect: 'fade', predelay: 0, fadeInSpeed: 200, delay: 400, fadeOutSpeed: 200, position: 'top center', relative: true, offset: [-7, 0], });<\/script> A menos que los plazos se hubieran extendido si solicit\u00f3 m\u00e1s tiempo durante el proceso de apelaci\u00f3n, esto se denomina \u201caplazamiento\u201d.\u00a0<\/p>\n\n\n\n<p>La decisi\u00f3n del funcionario de audiencias debe:<\/p>\n\n\n\n<ul class=\"wp-block-list\">\n<li>Estar escrita de manera sencilla, en un tipo de lenguaje de uso diario.<\/li>\n\n\n\n<li>Incluir un resumen de los hechos.<\/li>\n\n\n\n<li>Nombrar las pruebas que utiliz\u00f3 el funcionario de audiencias para tomar la decisi\u00f3n.<span class=\"footnote_referrer\"><a role=\"button\" tabindex=\"0\" onclick=\"footnote_moveToReference_2145_1('footnote_plugin_reference_2145_1_2');\" onkeypress=\"footnote_moveToReference_2145_1('footnote_plugin_reference_2145_1_2');\" ><sup id=\"footnote_plugin_tooltip_2145_1_2\" class=\"footnote_plugin_tooltip_text\">[2]<\/sup><\/a><span id=\"footnote_plugin_tooltip_text_2145_1_2\" class=\"footnote_tooltip\">\u00a7\u00a04712.5(b)<\/span><\/span><script type=\"text\/javascript\"> jQuery('#footnote_plugin_tooltip_2145_1_2').tooltip({ tip: '#footnote_plugin_tooltip_text_2145_1_2', tipClass: 'footnote_tooltip', effect: 'fade', predelay: 0, fadeInSpeed: 200, delay: 400, fadeOutSpeed: 200, position: 'top center', relative: true, offset: [-7, 0], });<\/script><\/li>\n\n\n\n<li>Incluir una decisi\u00f3n sobre todos los asuntos o cuestiones mencionados en la solicitud de audiencia y presentados durante la audiencia.<\/li>\n\n\n\n<li>Indicar las leyes, regulaciones y pol\u00edticas que respaldan la decisi\u00f3n del funcionario de audiencias.<\/li>\n<\/ul>\n\n\n\n<p>El director del DDS puede revisar algunas decisiones de la audiencia y determinar hacer cambios en la decisi\u00f3n antes de que sea final. La decisi\u00f3n del director se toma dentro de los 90&nbsp;d\u00edas a partir de la fecha en que se recibi\u00f3 su apelaci\u00f3n.<\/p>\n\n\n\n<p>La decisi\u00f3n de la audiencia ser\u00e1 traducida a su idioma preferido. Tambi\u00e9n recibir\u00e1 una copia en ingl\u00e9s.<\/p>\n<div class=\"speaker-mute footnotes_reference_container\"> <div class=\"footnote_container_prepare\"><p><span role=\"button\" tabindex=\"0\" class=\"footnote_reference_container_label pointer\" onclick=\"footnote_expand_collapse_reference_container_2145_1();\">&#x202F;<\/span><span role=\"button\" tabindex=\"0\" class=\"footnote_reference_container_collapse_button\" style=\"display: none;\" onclick=\"footnote_expand_collapse_reference_container_2145_1();\">[<a id=\"footnote_reference_container_collapse_button_2145_1\">+<\/a>]<\/span><\/p><\/div> <div id=\"footnote_references_container_2145_1\" style=\"\"><table class=\"footnotes_table footnote-reference-container\"><caption class=\"accessibility\">References<\/caption> <tbody> \r\n\r\n<tr class=\"footnotes_plugin_reference_row\"> <th scope=\"row\" class=\"footnote_plugin_index_combi pointer\"  onclick=\"footnote_moveToAnchor_2145_1('footnote_plugin_tooltip_2145_1_1');\"><a id=\"footnote_plugin_reference_2145_1_1\" class=\"footnote_backlink\"><span class=\"footnote_index_arrow\">&#8593;<\/span>1<\/a><\/th> <td class=\"footnote_plugin_text\">\u00a7\u00a04712.5(a)<\/td><\/tr>\r\n\r\n<tr class=\"footnotes_plugin_reference_row\"> <th scope=\"row\" class=\"footnote_plugin_index_combi pointer\"  onclick=\"footnote_moveToAnchor_2145_1('footnote_plugin_tooltip_2145_1_2');\"><a id=\"footnote_plugin_reference_2145_1_2\" class=\"footnote_backlink\"><span class=\"footnote_index_arrow\">&#8593;<\/span>2<\/a><\/th> <td class=\"footnote_plugin_text\">\u00a7\u00a04712.5(b)<\/td><\/tr>\r\n\r\n <\/tbody> <\/table> <\/div><\/div><script type=\"text\/javascript\"> function footnote_expand_reference_container_2145_1() { jQuery('#footnote_references_container_2145_1').show(); jQuery('#footnote_reference_container_collapse_button_2145_1').text('\u2212'); } function footnote_collapse_reference_container_2145_1() { jQuery('#footnote_references_container_2145_1').hide(); jQuery('#footnote_reference_container_collapse_button_2145_1').text('+'); } function footnote_expand_collapse_reference_container_2145_1() { if (jQuery('#footnote_references_container_2145_1').is(':hidden')) { footnote_expand_reference_container_2145_1(); } else { footnote_collapse_reference_container_2145_1(); } } function footnote_moveToReference_2145_1(p_str_TargetID) { footnote_expand_reference_container_2145_1(); var l_obj_Target = jQuery('#' + p_str_TargetID); if (l_obj_Target.length) { jQuery( 'html, body' ).delay( 0 ); jQuery('html, body').animate({ scrollTop: l_obj_Target.offset().top - window.innerHeight * 0.2 }, 380); } } function footnote_moveToAnchor_2145_1(p_str_TargetID) { footnote_expand_reference_container_2145_1(); var l_obj_Target = jQuery('#' + p_str_TargetID); if (l_obj_Target.length) { jQuery( 'html, body' ).delay( 0 ); jQuery('html, body').animate({ scrollTop: l_obj_Target.offset().top - window.innerHeight * 0.2 }, 380); } }<\/script>","protected":false},"excerpt":{"rendered":"<p>Despu\u00e9s de la audiencia, el juez, a menudo denominado funcionario de audiencias, tiene 10\u00a0d\u00edas h\u00e1biles para redactar una decisi\u00f3n. Usted debe recibir la decisi\u00f3n no&hellip;<\/p>\n","protected":false},"author":1,"featured_media":0,"parent":2072,"menu_order":33,"comment_status":"closed","ping_status":"closed","template":"","meta":{"footnotes":""},"class_list":["post-2145","page","type-page","status-publish","hentry"],"_links":{"self":[{"href":"https:\/\/rula.disabilityrightsca.org\/es\/wp-json\/wp\/v2\/pages\/2145","targetHints":{"allow":["GET"]}}],"collection":[{"href":"https:\/\/rula.disabilityrightsca.org\/es\/wp-json\/wp\/v2\/pages"}],"about":[{"href":"https:\/\/rula.disabilityrightsca.org\/es\/wp-json\/wp\/v2\/types\/page"}],"author":[{"embeddable":true,"href":"https:\/\/rula.disabilityrightsca.org\/es\/wp-json\/wp\/v2\/users\/1"}],"replies":[{"embeddable":true,"href":"https:\/\/rula.disabilityrightsca.org\/es\/wp-json\/wp\/v2\/comments?post=2145"}],"version-history":[{"count":9,"href":"https:\/\/rula.disabilityrightsca.org\/es\/wp-json\/wp\/v2\/pages\/2145\/revisions"}],"predecessor-version":[{"id":4094,"href":"https:\/\/rula.disabilityrightsca.org\/es\/wp-json\/wp\/v2\/pages\/2145\/revisions\/4094"}],"up":[{"embeddable":true,"href":"https:\/\/rula.disabilityrightsca.org\/es\/wp-json\/wp\/v2\/pages\/2072"}],"wp:attachment":[{"href":"https:\/\/rula.disabilityrightsca.org\/es\/wp-json\/wp\/v2\/media?parent=2145"}],"curies":[{"name":"wp","href":"https:\/\/api.w.org\/{rel}","templated":true}]}}