{"id":2137,"date":"2021-09-28T22:58:31","date_gmt":"2021-09-28T22:58:31","guid":{"rendered":"http:\/\/www.rula.disabilityrightsca.org\/es\/?page_id=2137"},"modified":"2023-12-05T22:38:25","modified_gmt":"2023-12-05T22:38:25","slug":"10-29-donde-se-realiza-la-audiencia","status":"publish","type":"page","link":"https:\/\/rula.disabilityrightsca.org\/es\/rula-book\/capitulo-10-apelaciones-y-reclamos-desacuerdos-con-centros-regionales-centros-de-desarrollo-o-proveedores-de-servicios\/10-29-donde-se-realiza-la-audiencia\/","title":{"rendered":"(10.29) \u00bfC\u00f3mo elijo los documentos y testigos para mi audiencia?"},"content":{"rendered":"\n<p>Primero, revise su archivo del centro regional y otros documentos que tenga. Obtenga copias de los documentos:<\/p>\n\n\n\n<ul class=\"wp-block-list\">\n<li>que respalden su caso.<\/li>\n\n\n\n<li>que mencionen sus necesidades y sus antecedentes.<\/li>\n\n\n\n<li>que respalden la posici\u00f3n del centro regional. Esos documentos le ayudar\u00e1n a determinar c\u00f3mo responder.<\/li>\n\n\n\n<li>lugares que no sean el archivo del centro regional que ayudar\u00e1n con su caso (por ejemplo, registros m\u00e9dicos, escolares o del Seguro Social).<span class=\"footnote_referrer\"><a role=\"button\" tabindex=\"0\" onclick=\"footnote_moveToReference_2137_1('footnote_plugin_reference_2137_1_1');\" onkeypress=\"footnote_moveToReference_2137_1('footnote_plugin_reference_2137_1_1');\" ><sup id=\"footnote_plugin_tooltip_2137_1_1\" class=\"footnote_plugin_tooltip_text\">[1]<\/sup><\/a><span id=\"footnote_plugin_tooltip_text_2137_1_1\" class=\"footnote_tooltip\">Por ejemplo: evidencia de m\u00e9dicos, fisioterapeutas y terapeutas ocupacionales, neuropsic\u00f3logos, registros m\u00e9dicos, registros de la Administraci\u00f3n del Seguro Social, registros de educaci\u00f3n&nbsp;&#x2026; <span class=\"footnote_tooltip_continue\"  onclick=\"footnote_moveToReference_2137_1('footnote_plugin_reference_2137_1_1');\">Continue reading<\/span><\/span><\/span><script type=\"text\/javascript\"> jQuery('#footnote_plugin_tooltip_2137_1_1').tooltip({ tip: '#footnote_plugin_tooltip_text_2137_1_1', tipClass: 'footnote_tooltip', effect: 'fade', predelay: 0, fadeInSpeed: 200, delay: 400, fadeOutSpeed: 200, position: 'top center', relative: true, offset: [-7, 0], });<\/script><\/li>\n<\/ul>\n\n\n\n<p>Piense en los argumentos del centro regional. \u00bfC\u00f3mo va a responder? Consulte las decisiones de otras audiencias con problemas similares. Puede encontrarlos en l\u00ednea en <a href=\"https:\/\/www.dgs.ca.gov\/OAH\/Case-Types\/General-Jurisdiction\/Resources\/DDS-Decisions\">https:\/\/www.dgs.ca.gov\/OAH\/Case-Types\/General-Jurisdiction\/Resources\/DDS-Decisions<\/a><\/p>\n<div class=\"speaker-mute footnotes_reference_container\"> <div class=\"footnote_container_prepare\"><p><span role=\"button\" tabindex=\"0\" class=\"footnote_reference_container_label pointer\" onclick=\"footnote_expand_collapse_reference_container_2137_1();\">&#x202F;<\/span><span role=\"button\" tabindex=\"0\" class=\"footnote_reference_container_collapse_button\" style=\"display: none;\" onclick=\"footnote_expand_collapse_reference_container_2137_1();\">[<a id=\"footnote_reference_container_collapse_button_2137_1\">+<\/a>]<\/span><\/p><\/div> <div id=\"footnote_references_container_2137_1\" style=\"\"><table class=\"footnotes_table footnote-reference-container\"><caption class=\"accessibility\">References<\/caption> <tbody> \r\n\r\n<tr class=\"footnotes_plugin_reference_row\"> <th scope=\"row\" class=\"footnote_plugin_index_combi pointer\"  onclick=\"footnote_moveToAnchor_2137_1('footnote_plugin_tooltip_2137_1_1');\"><a id=\"footnote_plugin_reference_2137_1_1\" class=\"footnote_backlink\"><span class=\"footnote_index_arrow\">&#8593;<\/span>1<\/a><\/th> <td class=\"footnote_plugin_text\">Por ejemplo: evidencia de m\u00e9dicos, fisioterapeutas y terapeutas ocupacionales, neuropsic\u00f3logos, registros m\u00e9dicos, registros de la Administraci\u00f3n del Seguro Social, registros de educaci\u00f3n especial de las escuelas, etc.<\/td><\/tr>\r\n\r\n <\/tbody> <\/table> <\/div><\/div><script type=\"text\/javascript\"> function footnote_expand_reference_container_2137_1() { jQuery('#footnote_references_container_2137_1').show(); jQuery('#footnote_reference_container_collapse_button_2137_1').text('\u2212'); } function footnote_collapse_reference_container_2137_1() { jQuery('#footnote_references_container_2137_1').hide(); jQuery('#footnote_reference_container_collapse_button_2137_1').text('+'); } function footnote_expand_collapse_reference_container_2137_1() { if (jQuery('#footnote_references_container_2137_1').is(':hidden')) { footnote_expand_reference_container_2137_1(); } else { footnote_collapse_reference_container_2137_1(); } } function footnote_moveToReference_2137_1(p_str_TargetID) { footnote_expand_reference_container_2137_1(); var l_obj_Target = jQuery('#' + p_str_TargetID); if (l_obj_Target.length) { jQuery( 'html, body' ).delay( 0 ); jQuery('html, body').animate({ scrollTop: l_obj_Target.offset().top - window.innerHeight * 0.2 }, 380); } } function footnote_moveToAnchor_2137_1(p_str_TargetID) { footnote_expand_reference_container_2137_1(); var l_obj_Target = jQuery('#' + p_str_TargetID); if (l_obj_Target.length) { jQuery( 'html, body' ).delay( 0 ); jQuery('html, body').animate({ scrollTop: l_obj_Target.offset().top - window.innerHeight * 0.2 }, 380); } }<\/script>","protected":false},"excerpt":{"rendered":"<p>Primero, revise su archivo del centro regional y otros documentos que tenga. Obtenga copias de los documentos: Piense en los argumentos del centro regional. \u00bfC\u00f3mo&hellip;<\/p>\n","protected":false},"author":1,"featured_media":0,"parent":2072,"menu_order":29,"comment_status":"closed","ping_status":"closed","template":"","meta":{"footnotes":""},"class_list":["post-2137","page","type-page","status-publish","hentry"],"_links":{"self":[{"href":"https:\/\/rula.disabilityrightsca.org\/es\/wp-json\/wp\/v2\/pages\/2137","targetHints":{"allow":["GET"]}}],"collection":[{"href":"https:\/\/rula.disabilityrightsca.org\/es\/wp-json\/wp\/v2\/pages"}],"about":[{"href":"https:\/\/rula.disabilityrightsca.org\/es\/wp-json\/wp\/v2\/types\/page"}],"author":[{"embeddable":true,"href":"https:\/\/rula.disabilityrightsca.org\/es\/wp-json\/wp\/v2\/users\/1"}],"replies":[{"embeddable":true,"href":"https:\/\/rula.disabilityrightsca.org\/es\/wp-json\/wp\/v2\/comments?post=2137"}],"version-history":[{"count":5,"href":"https:\/\/rula.disabilityrightsca.org\/es\/wp-json\/wp\/v2\/pages\/2137\/revisions"}],"predecessor-version":[{"id":3908,"href":"https:\/\/rula.disabilityrightsca.org\/es\/wp-json\/wp\/v2\/pages\/2137\/revisions\/3908"}],"up":[{"embeddable":true,"href":"https:\/\/rula.disabilityrightsca.org\/es\/wp-json\/wp\/v2\/pages\/2072"}],"wp:attachment":[{"href":"https:\/\/rula.disabilityrightsca.org\/es\/wp-json\/wp\/v2\/media?parent=2137"}],"curies":[{"name":"wp","href":"https:\/\/api.w.org\/{rel}","templated":true}]}}