{"id":2135,"date":"2021-09-28T22:55:28","date_gmt":"2021-09-28T22:55:28","guid":{"rendered":"http:\/\/www.rula.disabilityrightsca.org\/es\/?page_id=2135"},"modified":"2025-03-18T17:01:19","modified_gmt":"2025-03-18T17:01:19","slug":"10-28-que-pasa-si-decido-tener-la-audiencia","status":"publish","type":"page","link":"https:\/\/rula.disabilityrightsca.org\/es\/rula-book\/capitulo-10-apelaciones-y-reclamos-desacuerdos-con-centros-regionales-centros-de-desarrollo-o-proveedores-de-servicios\/10-28-que-pasa-si-decido-tener-la-audiencia\/","title":{"rendered":"(10.28) \u00bfC\u00f3mo intercambio la lista de testigos y los documentos (pruebas) con el centro regional?"},"content":{"rendered":"\n<p>Las pruebas incluyen testimonios de los testigos y documentos que respaldan su caso. Los testigos son personas (incluido usted) y los documentos son papeles.\u00a0Al menos dos d\u00edas h\u00e1biles antes de la audiencia, usted y el centro regional deben intercambiar las listas de testigos y copias de los documentos que desean usar en la audiencia.<span class=\"footnote_referrer\"><a role=\"button\" tabindex=\"0\" onclick=\"footnote_moveToReference_2135_1('footnote_plugin_reference_2135_1_1');\" onkeypress=\"footnote_moveToReference_2135_1('footnote_plugin_reference_2135_1_1');\" ><sup id=\"footnote_plugin_tooltip_2135_1_1\" class=\"footnote_plugin_tooltip_text\">[1]<\/sup><\/a><span id=\"footnote_plugin_tooltip_text_2135_1_1\" class=\"footnote_tooltip\">\u00a7\u00a04712(d)<\/span><\/span><script type=\"text\/javascript\"> jQuery('#footnote_plugin_tooltip_2135_1_1').tooltip({ tip: '#footnote_plugin_tooltip_text_2135_1_1', tipClass: 'footnote_tooltip', effect: 'fade', predelay: 0, fadeInSpeed: 200, delay: 400, fadeOutSpeed: 200, position: 'top center', relative: true, offset: [-7, 0], });<\/script> Eso significa que tanto usted como el centro regional deben tener los documentos y la lista de testigos de cada uno dos d\u00edas h\u00e1biles antes de la audiencia.<\/p>\n\n\n\n<p>La lista de testigos del centro regional debe describir sobre qu\u00e9 testificar\u00e1 cada testigo. La lista de testigos del centro regional formar\u00e1 parte de la declaraci\u00f3n de posici\u00f3n que se describe m\u00e1s adelante.&nbsp;Su lista de testigos debe proporcionar una breve descripci\u00f3n de la relaci\u00f3n de cada uno de ellos con usted. Para que a la audiencia asista un testigo que no accede a testificar, debe citarlo judicialmente. Una citaci\u00f3n judicial es una orden judicial que obliga a los testigos a asistir a la audiencia imparcial a fin de testificar. Env\u00ede una citaci\u00f3n judicial a los testigos y p\u00eddales que testifiquen tan pronto como se fije la fecha de la audiencia para que dichas personas est\u00e9n disponibles. Los formularios de audiencia, incluido el formulario de citaci\u00f3n judicial, se encuentran disponibles aqu\u00ed:&nbsp;<a href=\"https:\/\/www.dgs.ca.gov\/OAH\/Case-Types\/General-Jurisdiction\/Forms\/Page-Content\/DDS-Forms\">https:\/\/www.dgs.ca.gov\/OAH\/Case-Types\/General-Jurisdiction\/Forms\/Page-Content\/DDS-Forms<\/a>.<\/p>\n\n\n\n<p>El centro regional debe entregarles a usted y a la OAH una declaraci\u00f3n de posici\u00f3n por escrito dos d\u00edas h\u00e1biles antes de la audiencia.&nbsp;Se enviar\u00e1 por correo electr\u00f3nico a menos que le diga al centro regional que desea recibirla de otra manera.<\/p>\n\n\n\n<ul class=\"wp-block-list\">\n<li>La declaraci\u00f3n de posici\u00f3n debe estar en su idioma preferido y el de su representante autorizado.<\/li>\n\n\n\n<li>La declaraci\u00f3n de posici\u00f3n debe brindar informaci\u00f3n sobre la decisi\u00f3n del centro regional y las razones de la decisi\u00f3n.\u00a0<\/li>\n\n\n\n<li>Debe decir qui\u00e9nes ser\u00e1n los testigos del centro regional.\u00a0<\/li>\n\n\n\n<li>Debe tener todos los documentos que el centro regional usar\u00e1 en la audiencia.<\/li>\n<\/ul>\n\n\n\n<p>Usted no tiene que proporcionar una declaraci\u00f3n de posici\u00f3n a menos que un abogado lo represente. Sin embargo, debe proporcionar cierta informaci\u00f3n al centro regional y a la OAH dos d\u00edas h\u00e1biles antes de la audiencia. Esta es la informaci\u00f3n que debe compartir:&nbsp;<\/p>\n\n\n\n<ul class=\"wp-block-list\">\n<li>Una lista de las personas que desea que testifiquen en la audiencia.\u00a0Debe decir cu\u00e1l es su relaci\u00f3n con estas personas. Por ejemplo, si la persona es un miembro de la familia, un terapeuta o un m\u00e9dico.<\/li>\n\n\n\n<li>Copias de toda evaluaci\u00f3n o informe profesional que utilizar\u00e1 en la audiencia. Por ejemplo, un informe de un m\u00e9dico o terapeuta.<\/li>\n\n\n\n<li>Si planea usar otros documentos en la audiencia, puede proporcionar copias de esos documentos antes de la audiencia o en ella.<\/li>\n<\/ul>\n<div class=\"speaker-mute footnotes_reference_container\"> <div class=\"footnote_container_prepare\"><p><span role=\"button\" tabindex=\"0\" class=\"footnote_reference_container_label pointer\" onclick=\"footnote_expand_collapse_reference_container_2135_1();\">&#x202F;<\/span><span role=\"button\" tabindex=\"0\" class=\"footnote_reference_container_collapse_button\" style=\"display: none;\" onclick=\"footnote_expand_collapse_reference_container_2135_1();\">[<a id=\"footnote_reference_container_collapse_button_2135_1\">+<\/a>]<\/span><\/p><\/div> <div id=\"footnote_references_container_2135_1\" style=\"\"><table class=\"footnotes_table footnote-reference-container\"><caption class=\"accessibility\">References<\/caption> <tbody> \r\n\r\n<tr class=\"footnotes_plugin_reference_row\"> <th scope=\"row\" class=\"footnote_plugin_index_combi pointer\"  onclick=\"footnote_moveToAnchor_2135_1('footnote_plugin_tooltip_2135_1_1');\"><a id=\"footnote_plugin_reference_2135_1_1\" class=\"footnote_backlink\"><span class=\"footnote_index_arrow\">&#8593;<\/span>1<\/a><\/th> <td class=\"footnote_plugin_text\">\u00a7\u00a04712(d)<\/td><\/tr>\r\n\r\n <\/tbody> <\/table> <\/div><\/div><script type=\"text\/javascript\"> function footnote_expand_reference_container_2135_1() { jQuery('#footnote_references_container_2135_1').show(); jQuery('#footnote_reference_container_collapse_button_2135_1').text('\u2212'); } function footnote_collapse_reference_container_2135_1() { jQuery('#footnote_references_container_2135_1').hide(); jQuery('#footnote_reference_container_collapse_button_2135_1').text('+'); } function footnote_expand_collapse_reference_container_2135_1() { if (jQuery('#footnote_references_container_2135_1').is(':hidden')) { footnote_expand_reference_container_2135_1(); } else { footnote_collapse_reference_container_2135_1(); } } function footnote_moveToReference_2135_1(p_str_TargetID) { footnote_expand_reference_container_2135_1(); var l_obj_Target = jQuery('#' + p_str_TargetID); if (l_obj_Target.length) { jQuery( 'html, body' ).delay( 0 ); jQuery('html, body').animate({ scrollTop: l_obj_Target.offset().top - window.innerHeight * 0.2 }, 380); } } function footnote_moveToAnchor_2135_1(p_str_TargetID) { footnote_expand_reference_container_2135_1(); var l_obj_Target = jQuery('#' + p_str_TargetID); if (l_obj_Target.length) { jQuery( 'html, body' ).delay( 0 ); jQuery('html, body').animate({ scrollTop: l_obj_Target.offset().top - window.innerHeight * 0.2 }, 380); } }<\/script>","protected":false},"excerpt":{"rendered":"<p>Las pruebas incluyen testimonios de los testigos y documentos que respaldan su caso. Los testigos son personas (incluido usted) y los documentos son papeles.\u00a0Al menos&hellip;<\/p>\n","protected":false},"author":1,"featured_media":0,"parent":2072,"menu_order":28,"comment_status":"closed","ping_status":"closed","template":"","meta":{"footnotes":""},"class_list":["post-2135","page","type-page","status-publish","hentry"],"_links":{"self":[{"href":"https:\/\/rula.disabilityrightsca.org\/es\/wp-json\/wp\/v2\/pages\/2135","targetHints":{"allow":["GET"]}}],"collection":[{"href":"https:\/\/rula.disabilityrightsca.org\/es\/wp-json\/wp\/v2\/pages"}],"about":[{"href":"https:\/\/rula.disabilityrightsca.org\/es\/wp-json\/wp\/v2\/types\/page"}],"author":[{"embeddable":true,"href":"https:\/\/rula.disabilityrightsca.org\/es\/wp-json\/wp\/v2\/users\/1"}],"replies":[{"embeddable":true,"href":"https:\/\/rula.disabilityrightsca.org\/es\/wp-json\/wp\/v2\/comments?post=2135"}],"version-history":[{"count":6,"href":"https:\/\/rula.disabilityrightsca.org\/es\/wp-json\/wp\/v2\/pages\/2135\/revisions"}],"predecessor-version":[{"id":4089,"href":"https:\/\/rula.disabilityrightsca.org\/es\/wp-json\/wp\/v2\/pages\/2135\/revisions\/4089"}],"up":[{"embeddable":true,"href":"https:\/\/rula.disabilityrightsca.org\/es\/wp-json\/wp\/v2\/pages\/2072"}],"wp:attachment":[{"href":"https:\/\/rula.disabilityrightsca.org\/es\/wp-json\/wp\/v2\/media?parent=2135"}],"curies":[{"name":"wp","href":"https:\/\/api.w.org\/{rel}","templated":true}]}}