{"id":2133,"date":"2021-09-28T22:53:06","date_gmt":"2021-09-28T22:53:06","guid":{"rendered":"http:\/\/www.rula.disabilityrightsca.org\/es\/?page_id=2133"},"modified":"2023-12-05T22:36:39","modified_gmt":"2023-12-05T22:36:39","slug":"10-27-como-puedo-cancelar-la-audiencia","status":"publish","type":"page","link":"https:\/\/rula.disabilityrightsca.org\/es\/rula-book\/capitulo-10-apelaciones-y-reclamos-desacuerdos-con-centros-regionales-centros-de-desarrollo-o-proveedores-de-servicios\/10-27-como-puedo-cancelar-la-audiencia\/","title":{"rendered":"(10.27) \u00bfD\u00f3nde se realiza la audiencia?"},"content":{"rendered":"\n<p>Su audiencia debe ser en un momento y lugar que sea conveniente para usted. Usted y el centro regional deben acordar la ubicaci\u00f3n de su audiencia imparcial.<span class=\"footnote_referrer\"><a role=\"button\" tabindex=\"0\" onclick=\"footnote_moveToReference_2133_1('footnote_plugin_reference_2133_1_1');\" onkeypress=\"footnote_moveToReference_2133_1('footnote_plugin_reference_2133_1_1');\" ><sup id=\"footnote_plugin_tooltip_2133_1_1\" class=\"footnote_plugin_tooltip_text\">[1]<\/sup><\/a><span id=\"footnote_plugin_tooltip_text_2133_1_1\" class=\"footnote_tooltip\">Secci\u00f3n 4712(e)<\/span><\/span><script type=\"text\/javascript\"> jQuery('#footnote_plugin_tooltip_2133_1_1').tooltip({ tip: '#footnote_plugin_tooltip_text_2133_1_1', tipClass: 'footnote_tooltip', effect: 'fade', predelay: 0, fadeInSpeed: 200, delay: 400, fadeOutSpeed: 200, position: 'top center', relative: true, offset: [-7, 0], });<\/script> La mayor\u00eda de las audiencias se realizan en el centro regional. Puede solicitar tener la audiencia en la Oficina de Audiencias Administrativas<span class=\"footnote_referrer\"><a role=\"button\" tabindex=\"0\" onclick=\"footnote_moveToReference_2133_1('footnote_plugin_reference_2133_1_2');\" onkeypress=\"footnote_moveToReference_2133_1('footnote_plugin_reference_2133_1_2');\" ><sup id=\"footnote_plugin_tooltip_2133_1_2\" class=\"footnote_plugin_tooltip_text\">[2]<\/sup><\/a><span id=\"footnote_plugin_tooltip_text_2133_1_2\" class=\"footnote_tooltip\">La OAH tiene oficinas en Sacramento, Oakland, el centro de Los \u00c1ngeles y San Diego. La OAH tambi\u00e9n tiene oficinas de educaci\u00f3n especial en Van Nuys e Irvine. Algunas personas que conocen el&nbsp;&#x2026; <span class=\"footnote_tooltip_continue\"  onclick=\"footnote_moveToReference_2133_1('footnote_plugin_reference_2133_1_2');\">Continue reading<\/span><\/span><\/span><script type=\"text\/javascript\"> jQuery('#footnote_plugin_tooltip_2133_1_2').tooltip({ tip: '#footnote_plugin_tooltip_text_2133_1_2', tipClass: 'footnote_tooltip', effect: 'fade', predelay: 0, fadeInSpeed: 200, delay: 400, fadeOutSpeed: 200, position: 'top center', relative: true, offset: [-7, 0], });<\/script> O en otro lugar.<span class=\"footnote_referrer\"><a role=\"button\" tabindex=\"0\" onclick=\"footnote_moveToReference_2133_1('footnote_plugin_reference_2133_1_3');\" onkeypress=\"footnote_moveToReference_2133_1('footnote_plugin_reference_2133_1_3');\" ><sup id=\"footnote_plugin_tooltip_2133_1_3\" class=\"footnote_plugin_tooltip_text\">[3]<\/sup><\/a><span id=\"footnote_plugin_tooltip_text_2133_1_3\" class=\"footnote_tooltip\">Si necesita que su m\u00e9dico testifique en la audiencia, pero no puede pagarle, o su m\u00e9dico no puede permitirse el lujo de estar lejos de sus pacientes, considere programar la audiencia donde est\u00e1 el&nbsp;&#x2026; <span class=\"footnote_tooltip_continue\"  onclick=\"footnote_moveToReference_2133_1('footnote_plugin_reference_2133_1_3');\">Continue reading<\/span><\/span><\/span><script type=\"text\/javascript\"> jQuery('#footnote_plugin_tooltip_2133_1_3').tooltip({ tip: '#footnote_plugin_tooltip_text_2133_1_3', tipClass: 'footnote_tooltip', effect: 'fade', predelay: 0, fadeInSpeed: 200, delay: 400, fadeOutSpeed: 200, position: 'top center', relative: true, offset: [-7, 0], });<\/script><\/p>\n<div class=\"speaker-mute footnotes_reference_container\"> <div class=\"footnote_container_prepare\"><p><span role=\"button\" tabindex=\"0\" class=\"footnote_reference_container_label pointer\" onclick=\"footnote_expand_collapse_reference_container_2133_1();\">&#x202F;<\/span><span role=\"button\" tabindex=\"0\" class=\"footnote_reference_container_collapse_button\" style=\"display: none;\" onclick=\"footnote_expand_collapse_reference_container_2133_1();\">[<a id=\"footnote_reference_container_collapse_button_2133_1\">+<\/a>]<\/span><\/p><\/div> <div id=\"footnote_references_container_2133_1\" style=\"\"><table class=\"footnotes_table footnote-reference-container\"><caption class=\"accessibility\">References<\/caption> <tbody> \r\n\r\n<tr class=\"footnotes_plugin_reference_row\"> <th scope=\"row\" class=\"footnote_plugin_index_combi pointer\"  onclick=\"footnote_moveToAnchor_2133_1('footnote_plugin_tooltip_2133_1_1');\"><a id=\"footnote_plugin_reference_2133_1_1\" class=\"footnote_backlink\"><span class=\"footnote_index_arrow\">&#8593;<\/span>1<\/a><\/th> <td class=\"footnote_plugin_text\">Secci\u00f3n 4712(e)<\/td><\/tr>\r\n\r\n<tr class=\"footnotes_plugin_reference_row\"> <th scope=\"row\" class=\"footnote_plugin_index_combi pointer\"  onclick=\"footnote_moveToAnchor_2133_1('footnote_plugin_tooltip_2133_1_2');\"><a id=\"footnote_plugin_reference_2133_1_2\" class=\"footnote_backlink\"><span class=\"footnote_index_arrow\">&#8593;<\/span>2<\/a><\/th> <td class=\"footnote_plugin_text\">La OAH tiene oficinas en Sacramento, Oakland, el centro de Los \u00c1ngeles y San Diego. La OAH tambi\u00e9n tiene oficinas de educaci\u00f3n especial en Van Nuys e Irvine. Algunas personas que conocen el proceso de apelaci\u00f3n dicen que las oficinas de la OAH se sienten m\u00e1s &#8220;neutrales&#8221; que las oficinas del centro regional<\/td><\/tr>\r\n\r\n<tr class=\"footnotes_plugin_reference_row\"> <th scope=\"row\" class=\"footnote_plugin_index_combi pointer\"  onclick=\"footnote_moveToAnchor_2133_1('footnote_plugin_tooltip_2133_1_3');\"><a id=\"footnote_plugin_reference_2133_1_3\" class=\"footnote_backlink\"><span class=\"footnote_index_arrow\">&#8593;<\/span>3<\/a><\/th> <td class=\"footnote_plugin_text\">Si necesita que su m\u00e9dico testifique en la audiencia, pero no puede pagarle, o su m\u00e9dico no puede permitirse el lujo de estar lejos de sus pacientes, considere programar la audiencia donde est\u00e1 el m\u00e9dico, con previo permiso del m\u00e9dico por supuesto, para que su m\u00e9dico pueda acudir a testificar entre las consultas de pacientes<\/td><\/tr>\r\n\r\n <\/tbody> <\/table> <\/div><\/div><script type=\"text\/javascript\"> function footnote_expand_reference_container_2133_1() { jQuery('#footnote_references_container_2133_1').show(); jQuery('#footnote_reference_container_collapse_button_2133_1').text('\u2212'); } function footnote_collapse_reference_container_2133_1() { jQuery('#footnote_references_container_2133_1').hide(); jQuery('#footnote_reference_container_collapse_button_2133_1').text('+'); } function footnote_expand_collapse_reference_container_2133_1() { if (jQuery('#footnote_references_container_2133_1').is(':hidden')) { footnote_expand_reference_container_2133_1(); } else { footnote_collapse_reference_container_2133_1(); } } function footnote_moveToReference_2133_1(p_str_TargetID) { footnote_expand_reference_container_2133_1(); var l_obj_Target = jQuery('#' + p_str_TargetID); if (l_obj_Target.length) { jQuery( 'html, body' ).delay( 0 ); jQuery('html, body').animate({ scrollTop: l_obj_Target.offset().top - window.innerHeight * 0.2 }, 380); } } function footnote_moveToAnchor_2133_1(p_str_TargetID) { footnote_expand_reference_container_2133_1(); var l_obj_Target = jQuery('#' + p_str_TargetID); if (l_obj_Target.length) { jQuery( 'html, body' ).delay( 0 ); jQuery('html, body').animate({ scrollTop: l_obj_Target.offset().top - window.innerHeight * 0.2 }, 380); } }<\/script>","protected":false},"excerpt":{"rendered":"<p>Su audiencia debe ser en un momento y lugar que sea conveniente para usted. Usted y el centro regional deben acordar la ubicaci\u00f3n de su&hellip;<\/p>\n","protected":false},"author":1,"featured_media":0,"parent":2072,"menu_order":27,"comment_status":"closed","ping_status":"closed","template":"","meta":{"footnotes":""},"class_list":["post-2133","page","type-page","status-publish","hentry"],"_links":{"self":[{"href":"https:\/\/rula.disabilityrightsca.org\/es\/wp-json\/wp\/v2\/pages\/2133","targetHints":{"allow":["GET"]}}],"collection":[{"href":"https:\/\/rula.disabilityrightsca.org\/es\/wp-json\/wp\/v2\/pages"}],"about":[{"href":"https:\/\/rula.disabilityrightsca.org\/es\/wp-json\/wp\/v2\/types\/page"}],"author":[{"embeddable":true,"href":"https:\/\/rula.disabilityrightsca.org\/es\/wp-json\/wp\/v2\/users\/1"}],"replies":[{"embeddable":true,"href":"https:\/\/rula.disabilityrightsca.org\/es\/wp-json\/wp\/v2\/comments?post=2133"}],"version-history":[{"count":4,"href":"https:\/\/rula.disabilityrightsca.org\/es\/wp-json\/wp\/v2\/pages\/2133\/revisions"}],"predecessor-version":[{"id":3906,"href":"https:\/\/rula.disabilityrightsca.org\/es\/wp-json\/wp\/v2\/pages\/2133\/revisions\/3906"}],"up":[{"embeddable":true,"href":"https:\/\/rula.disabilityrightsca.org\/es\/wp-json\/wp\/v2\/pages\/2072"}],"wp:attachment":[{"href":"https:\/\/rula.disabilityrightsca.org\/es\/wp-json\/wp\/v2\/media?parent=2133"}],"curies":[{"name":"wp","href":"https:\/\/api.w.org\/{rel}","templated":true}]}}