{"id":2131,"date":"2021-09-28T22:52:10","date_gmt":"2021-09-28T22:52:10","guid":{"rendered":"http:\/\/www.rula.disabilityrightsca.org\/es\/?page_id=2131"},"modified":"2023-06-21T23:05:40","modified_gmt":"2023-06-21T23:05:40","slug":"10-26-que-sucede-si-necesito-posponer-mi-audiencia","status":"publish","type":"page","link":"https:\/\/rula.disabilityrightsca.org\/es\/rula-book\/capitulo-10-apelaciones-y-reclamos-desacuerdos-con-centros-regionales-centros-de-desarrollo-o-proveedores-de-servicios\/10-26-que-sucede-si-necesito-posponer-mi-audiencia\/","title":{"rendered":"(10.26) \u00bfQu\u00e9 pasa si decido tener la audiencia?"},"content":{"rendered":"\n<p>La audiencia imparcial es el \u00faltimo paso del proceso de apelaci\u00f3n. Tiene lugar <strong>dentro de los<\/strong> <strong>50 d\u00edas<\/strong> posteriores a su solicitud de audiencia imparcial, a menos que usted o el centro regional soliciten una pr\u00f3rroga (aplazamiento) por una buena causa. Si acepta la mediaci\u00f3n, su audiencia puede ser m\u00e1s tarde. Usted y el centro regional deben enviarse mutuamente sus pruebas y una lista de testigos 5 d\u00edas calendario antes de su audiencia imparcial. La audiencia imparcial se lleva a cabo ante un Juez de Derecho Administrativo (oficial de audiencias) de la Oficina de Audiencias Administrativas (OAH). En la audiencia imparcial, el centro regional debe presentar su caso primero. El oficial de audiencias emitir\u00e1 una decisi\u00f3n por escrito aproximadamente 10 d\u00edas despu\u00e9s de la audiencia imparcial.<\/p>\n","protected":false},"excerpt":{"rendered":"<p>La audiencia imparcial es el \u00faltimo paso del proceso de apelaci\u00f3n. Tiene lugar dentro de los 50 d\u00edas posteriores a su solicitud de audiencia imparcial,&hellip;<\/p>\n","protected":false},"author":1,"featured_media":0,"parent":2072,"menu_order":26,"comment_status":"closed","ping_status":"closed","template":"","meta":{"footnotes":""},"class_list":["post-2131","page","type-page","status-publish","hentry"],"_links":{"self":[{"href":"https:\/\/rula.disabilityrightsca.org\/es\/wp-json\/wp\/v2\/pages\/2131","targetHints":{"allow":["GET"]}}],"collection":[{"href":"https:\/\/rula.disabilityrightsca.org\/es\/wp-json\/wp\/v2\/pages"}],"about":[{"href":"https:\/\/rula.disabilityrightsca.org\/es\/wp-json\/wp\/v2\/types\/page"}],"author":[{"embeddable":true,"href":"https:\/\/rula.disabilityrightsca.org\/es\/wp-json\/wp\/v2\/users\/1"}],"replies":[{"embeddable":true,"href":"https:\/\/rula.disabilityrightsca.org\/es\/wp-json\/wp\/v2\/comments?post=2131"}],"version-history":[{"count":4,"href":"https:\/\/rula.disabilityrightsca.org\/es\/wp-json\/wp\/v2\/pages\/2131\/revisions"}],"predecessor-version":[{"id":3333,"href":"https:\/\/rula.disabilityrightsca.org\/es\/wp-json\/wp\/v2\/pages\/2131\/revisions\/3333"}],"up":[{"embeddable":true,"href":"https:\/\/rula.disabilityrightsca.org\/es\/wp-json\/wp\/v2\/pages\/2072"}],"wp:attachment":[{"href":"https:\/\/rula.disabilityrightsca.org\/es\/wp-json\/wp\/v2\/media?parent=2131"}],"curies":[{"name":"wp","href":"https:\/\/api.w.org\/{rel}","templated":true}]}}