{"id":2127,"date":"2021-09-28T22:47:07","date_gmt":"2021-09-28T22:47:07","guid":{"rendered":"http:\/\/www.rula.disabilityrightsca.org\/es\/?page_id=2127"},"modified":"2025-03-18T16:59:13","modified_gmt":"2025-03-18T16:59:13","slug":"10-24-que-es-la-mediacion","status":"publish","type":"page","link":"https:\/\/rula.disabilityrightsca.org\/es\/rula-book\/capitulo-10-apelaciones-y-reclamos-desacuerdos-con-centros-regionales-centros-de-desarrollo-o-proveedores-de-servicios\/10-24-que-es-la-mediacion\/","title":{"rendered":"(10.24) \u00bfQu\u00e9 sucede si necesito posponer (aplazar) mi audiencia?"},"content":{"rendered":"\n<p>Usted o el centro regional pueden solicitar a la Oficina de Audiencias Administrativas (Office of Administrative Hearings, OAH) que posponga la audiencia. Esto se denomina pedir un \u201caplazamiento\u201d.<span class=\"footnote_referrer\"><a role=\"button\" tabindex=\"0\" onclick=\"footnote_moveToReference_2127_1('footnote_plugin_reference_2127_1_1');\" onkeypress=\"footnote_moveToReference_2127_1('footnote_plugin_reference_2127_1_1');\" ><sup id=\"footnote_plugin_tooltip_2127_1_1\" class=\"footnote_plugin_tooltip_text\">[1]<\/sup><\/a><span id=\"footnote_plugin_tooltip_text_2127_1_1\" class=\"footnote_tooltip\">\u00a7\u00a04712(a)<\/span><\/span><script type=\"text\/javascript\"> jQuery('#footnote_plugin_tooltip_2127_1_1').tooltip({ tip: '#footnote_plugin_tooltip_text_2127_1_1', tipClass: 'footnote_tooltip', effect: 'fade', predelay: 0, fadeInSpeed: 200, delay: 400, fadeOutSpeed: 200, position: 'top center', relative: true, offset: [-7, 0], });<\/script> Su primera solicitud de aplazamiento se conceder\u00e1 autom\u00e1ticamente. Las solicitudes adicionales no se conceder\u00e1n autom\u00e1ticamente. Debe tener \u201ccausas v\u00e1lidas\u201d para que la OAH acepte su solicitud. \u201cCausas v\u00e1lidas\u201d significa tener buenos motivos.<\/p>\n\n\n\n<p>Puede solicitar posponer la audiencia si:<\/p>\n\n\n\n<ul class=\"wp-block-list\">\n<li>Muere un pariente cercano (como su c\u00f3nyuge, padre, hijo, etc.). O si su representante autorizado, tutor legal o curador fallece.<span class=\"footnote_referrer\"><a role=\"button\" tabindex=\"0\" onclick=\"footnote_moveToReference_2127_1('footnote_plugin_reference_2127_1_2');\" onkeypress=\"footnote_moveToReference_2127_1('footnote_plugin_reference_2127_1_2');\" ><sup id=\"footnote_plugin_tooltip_2127_1_2\" class=\"footnote_plugin_tooltip_text\">[2]<\/sup><\/a><span id=\"footnote_plugin_tooltip_text_2127_1_2\" class=\"footnote_tooltip\">\u00a7\u00a04712(a)(2)(A)<\/span><\/span><script type=\"text\/javascript\"> jQuery('#footnote_plugin_tooltip_2127_1_2').tooltip({ tip: '#footnote_plugin_tooltip_text_2127_1_2', tipClass: 'footnote_tooltip', effect: 'fade', predelay: 0, fadeInSpeed: 200, delay: 400, fadeOutSpeed: 200, position: 'top center', relative: true, offset: [-7, 0], });<\/script><\/li>\n\n\n\n<li>Est\u00e1 enfermo o lesionado, o su representante autorizado est\u00e1 enfermo o lesionado.<span class=\"footnote_referrer\"><a role=\"button\" tabindex=\"0\" onclick=\"footnote_moveToReference_2127_1('footnote_plugin_reference_2127_1_3');\" onkeypress=\"footnote_moveToReference_2127_1('footnote_plugin_reference_2127_1_3');\" ><sup id=\"footnote_plugin_tooltip_2127_1_3\" class=\"footnote_plugin_tooltip_text\">[3]<\/sup><\/a><span id=\"footnote_plugin_tooltip_text_2127_1_3\" class=\"footnote_tooltip\">\u00a7\u00a04712(a)(2)<\/span><\/span><script type=\"text\/javascript\"> jQuery('#footnote_plugin_tooltip_2127_1_3').tooltip({ tip: '#footnote_plugin_tooltip_text_2127_1_3', tipClass: 'footnote_tooltip', effect: 'fade', predelay: 0, fadeInSpeed: 200, delay: 400, fadeOutSpeed: 200, position: 'top center', relative: true, offset: [-7, 0], });<\/script><\/li>\n\n\n\n<li>Hay una emergencia. Por ejemplo, si su representante tiene que ir al tribunal o tiene un conflicto de agenda fuera de su control.<span class=\"footnote_referrer\"><a role=\"button\" tabindex=\"0\" onclick=\"footnote_moveToReference_2127_1('footnote_plugin_reference_2127_1_4');\" onkeypress=\"footnote_moveToReference_2127_1('footnote_plugin_reference_2127_1_4');\" ><sup id=\"footnote_plugin_tooltip_2127_1_4\" class=\"footnote_plugin_tooltip_text\">[4]<\/sup><\/a><span id=\"footnote_plugin_tooltip_text_2127_1_4\" class=\"footnote_tooltip\">\u00a7\u00a04712(a)(2)(C)<\/span><\/span><script type=\"text\/javascript\"> jQuery('#footnote_plugin_tooltip_2127_1_4').tooltip({ tip: '#footnote_plugin_tooltip_text_2127_1_4', tipClass: 'footnote_tooltip', effect: 'fade', predelay: 0, fadeInSpeed: 200, delay: 400, fadeOutSpeed: 200, position: 'top center', relative: true, offset: [-7, 0], });<\/script><\/li>\n\n\n\n<li>Sus pruebas o testigos no est\u00e1n disponibles, y no tener los testigos o las pruebas perjudicar\u00eda gravemente su caso.<span class=\"footnote_referrer\"><a role=\"button\" tabindex=\"0\" onclick=\"footnote_moveToReference_2127_1('footnote_plugin_reference_2127_1_5');\" onkeypress=\"footnote_moveToReference_2127_1('footnote_plugin_reference_2127_1_5');\" ><sup id=\"footnote_plugin_tooltip_2127_1_5\" class=\"footnote_plugin_tooltip_text\">[5]<\/sup><\/a><span id=\"footnote_plugin_tooltip_text_2127_1_5\" class=\"footnote_tooltip\">\u00a7\u00a04712(a)(2)(D)<\/span><\/span><script type=\"text\/javascript\"> jQuery('#footnote_plugin_tooltip_2127_1_5').tooltip({ tip: '#footnote_plugin_tooltip_text_2127_1_5', tipClass: 'footnote_tooltip', effect: 'fade', predelay: 0, fadeInSpeed: 200, delay: 400, fadeOutSpeed: 200, position: 'top center', relative: true, offset: [-7, 0], });<\/script><\/li>\n\n\n\n<li>Usted o su representante autorizado solicitan la mediaci\u00f3n.<\/li>\n<\/ul>\n\n\n\n<p>Para posponer la fecha de la audiencia imparcial, debe presentar una \u201cpetici\u00f3n de aplazamiento de la audiencia y exenci\u00f3n de los plazos\u201d. Este es el enlace al formulario de petici\u00f3n:&nbsp;<a href=\"https:\/\/www.dgs.ca.gov\/OAH\/Case-Types\/General-Jurisdiction\/Forms\/Page-Content\/DDS-Forms\">https:\/\/www.dgs.ca.gov\/OAH\/Case-Types\/General-Jurisdiction\/Forms\/Page-Content\/DDS-Forms<\/a>,&nbsp;<a href=\"https:\/\/www.dgs.ca.gov\/-\/media\/Divisions\/OAH\/Forms\/GJ-Forms\/OAH24.pdf\" target=\"_blank\" rel=\"noreferrer noopener\">Formulario de solicitud de aplazamiento y exenci\u00f3n de los plazos de la Ley Lanterman<\/a>&nbsp;(OAH&nbsp;24),&nbsp;<a href=\"https:\/\/www.dgs.ca.gov\/-\/media\/Divisions\/OAH\/Forms\/GJ-Forms\/OAH24-ES.pdf\" target=\"_blank\" rel=\"noreferrer noopener\">Formulario de solicitud de aplazamiento y exenci\u00f3n de los plazos de la Ley Lanterman (en espa\u00f1ol)<\/a>&nbsp;(OAH&nbsp;24&nbsp;ES).&nbsp;El formulario tiene un espacio donde debe explicar la raz\u00f3n por la que necesita posponer la audiencia imparcial. Puede adjuntar todo documento que respalde su necesidad de un aplazamiento.<\/p>\n\n\n\n<p>En el formulario se le indica que llame al representante del centro regional y pregunte si aceptar\u00e1n posponer la audiencia imparcial. En el espacio provisto en el formulario, debe escribir el nombre y el n\u00famero de tel\u00e9fono del representante del centro regional con el que habl\u00f3. Escriba en el formulario si la persona acept\u00f3 el aplazamiento o se opuso.<\/p>\n\n\n\n<p>Usted o su representante deben firmar la secci\u00f3n titulada \u201cExenci\u00f3n de los plazos establecidos por ley para las decisiones y audiencias imparciales conforme a la Ley Lanterman\u201d. Para que se le conceda un aplazamiento, debe aceptar \u201crenunciar\u201d a los plazos de la audiencia. Esto significa que acepta que la audiencia imparcial se llevar\u00e1 a cabo m\u00e1s de 50&nbsp;d\u00edas despu\u00e9s de que el centro regional haya recibido su solicitud.<\/p>\n\n\n\n<p>Debe enviar el formulario de aplazamiento completo a la OAH. La OAH no acepta documentos enviados por fax. Puede enviar documentos por correo postal o llamar a la OAH para preguntar c\u00f3mo enviar documentos electr\u00f3nicamente. Tambi\u00e9n puede consultar c\u00f3mo enviar documentos electr\u00f3nicamente en el sitio web de la OAH:&nbsp;<a href=\"https:\/\/www.dgs.ca.gov\/OAH\/Services\/Page-Content\/Office-of-Administrative-Hearings-Services-List-Folder\/File-or-Upload-OAH-Case-Documents\">https:\/\/www.dgs.ca.gov\/OAH\/Services\/Page-Content\/Office-of-Administrative-Hearings-Services-List-Folder\/File-or-Upload-OAH-Case-Documents<\/a>.<\/p>\n\n\n\n<p>Si no tiene suficiente tiempo para enviar una petici\u00f3n de aplazamiento por escrito,&nbsp;<a href=\"https:\/\/www.dgs.ca.gov\/OAH\/Case-Types\/General-Jurisdiction\/Contact\">comun\u00edquese con la oficina local de la OAH<\/a>&nbsp;y solicite un aplazamiento por tel\u00e9fono. Despu\u00e9s de solicitar la postergaci\u00f3n de la audiencia imparcial, consulte el sitio web de la OAH para ver si se ha concedido la petici\u00f3n. Deber\u00e1 ingresar su n\u00famero de caso de la OAH para hacer la b\u00fasqueda en este sitio web:&nbsp;<a href=\"https:\/\/www.dgs.ca.gov\/OAH\/Case-Types\/General-Jurisdiction\/Resources\/Page-Content\/General-Jurisdiction-Resources-List-Folder\/Continuance-Ruling-Search\">https:\/\/www.dgs.ca.gov\/OAH\/Case-Types\/General-Jurisdiction\/Resources\/Page-Content\/General-Jurisdiction-Resources-List-Folder\/Continuance-Ruling-Search<\/a>.<\/p>\n\n\n\n<ul class=\"wp-block-list\">\n<li>Su primera solicitud de aplazamiento se conceder\u00e1 autom\u00e1ticamente. Usted no est\u00e1 obligado a tener una buena raz\u00f3n. Si alguien le pide una raz\u00f3n, simplemente explique que es su primera solicitud.<\/li>\n\n\n\n<li>Las solicitudes adicionales no se conceder\u00e1n autom\u00e1ticamente. Deber\u00e1 tener una buena raz\u00f3n para cada solicitud posterior a la primera.<\/li>\n<\/ul>\n<div class=\"speaker-mute footnotes_reference_container\"> <div class=\"footnote_container_prepare\"><p><span role=\"button\" tabindex=\"0\" class=\"footnote_reference_container_label pointer\" onclick=\"footnote_expand_collapse_reference_container_2127_1();\">&#x202F;<\/span><span role=\"button\" tabindex=\"0\" class=\"footnote_reference_container_collapse_button\" style=\"display: none;\" onclick=\"footnote_expand_collapse_reference_container_2127_1();\">[<a id=\"footnote_reference_container_collapse_button_2127_1\">+<\/a>]<\/span><\/p><\/div> <div id=\"footnote_references_container_2127_1\" style=\"\"><table class=\"footnotes_table footnote-reference-container\"><caption class=\"accessibility\">References<\/caption> <tbody> \r\n\r\n<tr class=\"footnotes_plugin_reference_row\"> <th scope=\"row\" class=\"footnote_plugin_index_combi pointer\"  onclick=\"footnote_moveToAnchor_2127_1('footnote_plugin_tooltip_2127_1_1');\"><a id=\"footnote_plugin_reference_2127_1_1\" class=\"footnote_backlink\"><span class=\"footnote_index_arrow\">&#8593;<\/span>1<\/a><\/th> <td class=\"footnote_plugin_text\">\u00a7\u00a04712(a)<\/td><\/tr>\r\n\r\n<tr class=\"footnotes_plugin_reference_row\"> <th scope=\"row\" class=\"footnote_plugin_index_combi pointer\"  onclick=\"footnote_moveToAnchor_2127_1('footnote_plugin_tooltip_2127_1_2');\"><a id=\"footnote_plugin_reference_2127_1_2\" class=\"footnote_backlink\"><span class=\"footnote_index_arrow\">&#8593;<\/span>2<\/a><\/th> <td class=\"footnote_plugin_text\">\u00a7\u00a04712(a)(2)(A)<\/td><\/tr>\r\n\r\n<tr class=\"footnotes_plugin_reference_row\"> <th scope=\"row\" class=\"footnote_plugin_index_combi pointer\"  onclick=\"footnote_moveToAnchor_2127_1('footnote_plugin_tooltip_2127_1_3');\"><a id=\"footnote_plugin_reference_2127_1_3\" class=\"footnote_backlink\"><span class=\"footnote_index_arrow\">&#8593;<\/span>3<\/a><\/th> <td class=\"footnote_plugin_text\">\u00a7\u00a04712(a)(2)<\/td><\/tr>\r\n\r\n<tr class=\"footnotes_plugin_reference_row\"> <th scope=\"row\" class=\"footnote_plugin_index_combi pointer\"  onclick=\"footnote_moveToAnchor_2127_1('footnote_plugin_tooltip_2127_1_4');\"><a id=\"footnote_plugin_reference_2127_1_4\" class=\"footnote_backlink\"><span class=\"footnote_index_arrow\">&#8593;<\/span>4<\/a><\/th> <td class=\"footnote_plugin_text\">\u00a7\u00a04712(a)(2)(C)<\/td><\/tr>\r\n\r\n<tr class=\"footnotes_plugin_reference_row\"> <th scope=\"row\" class=\"footnote_plugin_index_combi pointer\"  onclick=\"footnote_moveToAnchor_2127_1('footnote_plugin_tooltip_2127_1_5');\"><a id=\"footnote_plugin_reference_2127_1_5\" class=\"footnote_backlink\"><span class=\"footnote_index_arrow\">&#8593;<\/span>5<\/a><\/th> <td class=\"footnote_plugin_text\">\u00a7\u00a04712(a)(2)(D)<\/td><\/tr>\r\n\r\n <\/tbody> <\/table> <\/div><\/div><script type=\"text\/javascript\"> function footnote_expand_reference_container_2127_1() { jQuery('#footnote_references_container_2127_1').show(); jQuery('#footnote_reference_container_collapse_button_2127_1').text('\u2212'); } function footnote_collapse_reference_container_2127_1() { jQuery('#footnote_references_container_2127_1').hide(); jQuery('#footnote_reference_container_collapse_button_2127_1').text('+'); } function footnote_expand_collapse_reference_container_2127_1() { if (jQuery('#footnote_references_container_2127_1').is(':hidden')) { footnote_expand_reference_container_2127_1(); } else { footnote_collapse_reference_container_2127_1(); } } function footnote_moveToReference_2127_1(p_str_TargetID) { footnote_expand_reference_container_2127_1(); var l_obj_Target = jQuery('#' + p_str_TargetID); if (l_obj_Target.length) { jQuery( 'html, body' ).delay( 0 ); jQuery('html, body').animate({ scrollTop: l_obj_Target.offset().top - window.innerHeight * 0.2 }, 380); } } function footnote_moveToAnchor_2127_1(p_str_TargetID) { footnote_expand_reference_container_2127_1(); var l_obj_Target = jQuery('#' + p_str_TargetID); if (l_obj_Target.length) { jQuery( 'html, body' ).delay( 0 ); jQuery('html, body').animate({ scrollTop: l_obj_Target.offset().top - window.innerHeight * 0.2 }, 380); } }<\/script>","protected":false},"excerpt":{"rendered":"<p>Usted o el centro regional pueden solicitar a la Oficina de Audiencias Administrativas (Office of Administrative Hearings, OAH) que posponga la audiencia. Esto se denomina&hellip;<\/p>\n","protected":false},"author":1,"featured_media":0,"parent":2072,"menu_order":24,"comment_status":"closed","ping_status":"closed","template":"","meta":{"footnotes":""},"class_list":["post-2127","page","type-page","status-publish","hentry"],"_links":{"self":[{"href":"https:\/\/rula.disabilityrightsca.org\/es\/wp-json\/wp\/v2\/pages\/2127","targetHints":{"allow":["GET"]}}],"collection":[{"href":"https:\/\/rula.disabilityrightsca.org\/es\/wp-json\/wp\/v2\/pages"}],"about":[{"href":"https:\/\/rula.disabilityrightsca.org\/es\/wp-json\/wp\/v2\/types\/page"}],"author":[{"embeddable":true,"href":"https:\/\/rula.disabilityrightsca.org\/es\/wp-json\/wp\/v2\/users\/1"}],"replies":[{"embeddable":true,"href":"https:\/\/rula.disabilityrightsca.org\/es\/wp-json\/wp\/v2\/comments?post=2127"}],"version-history":[{"count":8,"href":"https:\/\/rula.disabilityrightsca.org\/es\/wp-json\/wp\/v2\/pages\/2127\/revisions"}],"predecessor-version":[{"id":4088,"href":"https:\/\/rula.disabilityrightsca.org\/es\/wp-json\/wp\/v2\/pages\/2127\/revisions\/4088"}],"up":[{"embeddable":true,"href":"https:\/\/rula.disabilityrightsca.org\/es\/wp-json\/wp\/v2\/pages\/2072"}],"wp:attachment":[{"href":"https:\/\/rula.disabilityrightsca.org\/es\/wp-json\/wp\/v2\/media?parent=2127"}],"curies":[{"name":"wp","href":"https:\/\/api.w.org\/{rel}","templated":true}]}}