{"id":2125,"date":"2021-09-28T22:43:07","date_gmt":"2021-09-28T22:43:07","guid":{"rendered":"http:\/\/www.rula.disabilityrightsca.org\/es\/?page_id=2125"},"modified":"2023-06-21T23:01:03","modified_gmt":"2023-06-21T23:01:03","slug":"10-23-tengo-derecho-a-un-interprete-en-la-reunion-informal","status":"publish","type":"page","link":"https:\/\/rula.disabilityrightsca.org\/es\/rula-book\/capitulo-10-apelaciones-y-reclamos-desacuerdos-con-centros-regionales-centros-de-desarrollo-o-proveedores-de-servicios\/10-23-tengo-derecho-a-un-interprete-en-la-reunion-informal\/","title":{"rendered":"(10.23) \u00bfQu\u00e9 son las mociones?"},"content":{"rendered":"\n<p>Una moci\u00f3n es una solicitud para que un juez decida algo antes de la audiencia imparcial. Un ejemplo de una moci\u00f3n es una moci\u00f3n de ayuda pagada pendiente porque el centro regional no continu\u00f3 brindando servicios. Otros ejemplos son una moci\u00f3n para posponer la fecha de la audiencia y mociones sobre citaciones. Usted puede presentar mociones. El centro regional tambi\u00e9n puede presentar mociones.<\/p>\n\n\n\n<p>Algunos centros regionales han presentado mociones para desestimar un caso. Una moci\u00f3n para desestimar le pide al juez que no haga lugar a la audiencia porque usted no tiene derecho a una audiencia justa. Esta moci\u00f3n es rara. Tampoco se ajusta a la ley, que dice que normalmente usted tiene derecho a una audiencia imparcial. La excepci\u00f3n es cuando no existe una &#8220;cuesti\u00f3n f\u00e1ctica&#8221;. Esto podr\u00eda ocurrir si la ley dijera que ya nadie califica para un determinado servicio, sin importar sus necesidades.<\/p>\n","protected":false},"excerpt":{"rendered":"<p>Una moci\u00f3n es una solicitud para que un juez decida algo antes de la audiencia imparcial. Un ejemplo de una moci\u00f3n es una moci\u00f3n de&hellip;<\/p>\n","protected":false},"author":1,"featured_media":0,"parent":2072,"menu_order":23,"comment_status":"closed","ping_status":"closed","template":"","meta":{"footnotes":""},"class_list":["post-2125","page","type-page","status-publish","hentry"],"_links":{"self":[{"href":"https:\/\/rula.disabilityrightsca.org\/es\/wp-json\/wp\/v2\/pages\/2125","targetHints":{"allow":["GET"]}}],"collection":[{"href":"https:\/\/rula.disabilityrightsca.org\/es\/wp-json\/wp\/v2\/pages"}],"about":[{"href":"https:\/\/rula.disabilityrightsca.org\/es\/wp-json\/wp\/v2\/types\/page"}],"author":[{"embeddable":true,"href":"https:\/\/rula.disabilityrightsca.org\/es\/wp-json\/wp\/v2\/users\/1"}],"replies":[{"embeddable":true,"href":"https:\/\/rula.disabilityrightsca.org\/es\/wp-json\/wp\/v2\/comments?post=2125"}],"version-history":[{"count":3,"href":"https:\/\/rula.disabilityrightsca.org\/es\/wp-json\/wp\/v2\/pages\/2125\/revisions"}],"predecessor-version":[{"id":3329,"href":"https:\/\/rula.disabilityrightsca.org\/es\/wp-json\/wp\/v2\/pages\/2125\/revisions\/3329"}],"up":[{"embeddable":true,"href":"https:\/\/rula.disabilityrightsca.org\/es\/wp-json\/wp\/v2\/pages\/2072"}],"wp:attachment":[{"href":"https:\/\/rula.disabilityrightsca.org\/es\/wp-json\/wp\/v2\/media?parent=2125"}],"curies":[{"name":"wp","href":"https:\/\/api.w.org\/{rel}","templated":true}]}}