{"id":2121,"date":"2021-09-28T22:34:02","date_gmt":"2021-09-28T22:34:02","guid":{"rendered":"http:\/\/www.rula.disabilityrightsca.org\/es\/?page_id=2121"},"modified":"2023-12-05T22:27:15","modified_gmt":"2023-12-05T22:27:15","slug":"10-21-cuales-son-los-pasos-del-proceso-de-apelacion","status":"publish","type":"page","link":"https:\/\/rula.disabilityrightsca.org\/es\/rula-book\/capitulo-10-apelaciones-y-reclamos-desacuerdos-con-centros-regionales-centros-de-desarrollo-o-proveedores-de-servicios\/10-21-cuales-son-los-pasos-del-proceso-de-apelacion\/","title":{"rendered":"(10.21) \u00bfTengo derecho a un int\u00e9rprete en la reuni\u00f3n informal?"},"content":{"rendered":"\n<p>La reuni\u00f3n informal es en ingl\u00e9s. Si no habla ingl\u00e9s, el centro regional debe proporcionar y pagar un int\u00e9rprete.<span class=\"footnote_referrer\"><a role=\"button\" tabindex=\"0\" onclick=\"footnote_moveToReference_2121_1('footnote_plugin_reference_2121_1_1');\" onkeypress=\"footnote_moveToReference_2121_1('footnote_plugin_reference_2121_1_1');\" ><sup id=\"footnote_plugin_tooltip_2121_1_1\" class=\"footnote_plugin_tooltip_text\">[1]<\/sup><\/a><span id=\"footnote_plugin_tooltip_text_2121_1_1\" class=\"footnote_tooltip\">Secci\u00f3n 4710.8(c)<\/span><\/span><script type=\"text\/javascript\"> jQuery('#footnote_plugin_tooltip_2121_1_1').tooltip({ tip: '#footnote_plugin_tooltip_text_2121_1_1', tipClass: 'footnote_tooltip', effect: 'fade', predelay: 0, fadeInSpeed: 200, delay: 400, fadeOutSpeed: 200, position: 'top center', relative: true, offset: [-7, 0], });<\/script><\/p>\n\n\n\n<p>Tambi\u00e9n deben proporcionar un int\u00e9rprete si alguien que va a la reuni\u00f3n con usted (como un padre o tutor) no habla ingl\u00e9s. El int\u00e9rprete debe poder traducir bien y ser aceptado por la persona que necesita el int\u00e9rprete y el director del centro regional.<\/p>\n<div class=\"speaker-mute footnotes_reference_container\"> <div class=\"footnote_container_prepare\"><p><span role=\"button\" tabindex=\"0\" class=\"footnote_reference_container_label pointer\" onclick=\"footnote_expand_collapse_reference_container_2121_1();\">&#x202F;<\/span><span role=\"button\" tabindex=\"0\" class=\"footnote_reference_container_collapse_button\" style=\"display: none;\" onclick=\"footnote_expand_collapse_reference_container_2121_1();\">[<a id=\"footnote_reference_container_collapse_button_2121_1\">+<\/a>]<\/span><\/p><\/div> <div id=\"footnote_references_container_2121_1\" style=\"\"><table class=\"footnotes_table footnote-reference-container\"><caption class=\"accessibility\">References<\/caption> <tbody> \r\n\r\n<tr class=\"footnotes_plugin_reference_row\"> <th scope=\"row\" class=\"footnote_plugin_index_combi pointer\"  onclick=\"footnote_moveToAnchor_2121_1('footnote_plugin_tooltip_2121_1_1');\"><a id=\"footnote_plugin_reference_2121_1_1\" class=\"footnote_backlink\"><span class=\"footnote_index_arrow\">&#8593;<\/span>1<\/a><\/th> <td class=\"footnote_plugin_text\">Secci\u00f3n 4710.8(c)<\/td><\/tr>\r\n\r\n <\/tbody> <\/table> <\/div><\/div><script type=\"text\/javascript\"> function footnote_expand_reference_container_2121_1() { jQuery('#footnote_references_container_2121_1').show(); jQuery('#footnote_reference_container_collapse_button_2121_1').text('\u2212'); } function footnote_collapse_reference_container_2121_1() { jQuery('#footnote_references_container_2121_1').hide(); jQuery('#footnote_reference_container_collapse_button_2121_1').text('+'); } function footnote_expand_collapse_reference_container_2121_1() { if (jQuery('#footnote_references_container_2121_1').is(':hidden')) { footnote_expand_reference_container_2121_1(); } else { footnote_collapse_reference_container_2121_1(); } } function footnote_moveToReference_2121_1(p_str_TargetID) { footnote_expand_reference_container_2121_1(); var l_obj_Target = jQuery('#' + p_str_TargetID); if (l_obj_Target.length) { jQuery( 'html, body' ).delay( 0 ); jQuery('html, body').animate({ scrollTop: l_obj_Target.offset().top - window.innerHeight * 0.2 }, 380); } } function footnote_moveToAnchor_2121_1(p_str_TargetID) { footnote_expand_reference_container_2121_1(); var l_obj_Target = jQuery('#' + p_str_TargetID); if (l_obj_Target.length) { jQuery( 'html, body' ).delay( 0 ); jQuery('html, body').animate({ scrollTop: l_obj_Target.offset().top - window.innerHeight * 0.2 }, 380); } }<\/script>","protected":false},"excerpt":{"rendered":"<p>La reuni\u00f3n informal es en ingl\u00e9s. Si no habla ingl\u00e9s, el centro regional debe proporcionar y pagar un int\u00e9rprete.[1]Secci\u00f3n 4710.8(c) Tambi\u00e9n deben proporcionar un int\u00e9rprete&hellip;<\/p>\n","protected":false},"author":1,"featured_media":0,"parent":2072,"menu_order":21,"comment_status":"closed","ping_status":"closed","template":"","meta":{"footnotes":""},"class_list":["post-2121","page","type-page","status-publish","hentry"],"_links":{"self":[{"href":"https:\/\/rula.disabilityrightsca.org\/es\/wp-json\/wp\/v2\/pages\/2121","targetHints":{"allow":["GET"]}}],"collection":[{"href":"https:\/\/rula.disabilityrightsca.org\/es\/wp-json\/wp\/v2\/pages"}],"about":[{"href":"https:\/\/rula.disabilityrightsca.org\/es\/wp-json\/wp\/v2\/types\/page"}],"author":[{"embeddable":true,"href":"https:\/\/rula.disabilityrightsca.org\/es\/wp-json\/wp\/v2\/users\/1"}],"replies":[{"embeddable":true,"href":"https:\/\/rula.disabilityrightsca.org\/es\/wp-json\/wp\/v2\/comments?post=2121"}],"version-history":[{"count":7,"href":"https:\/\/rula.disabilityrightsca.org\/es\/wp-json\/wp\/v2\/pages\/2121\/revisions"}],"predecessor-version":[{"id":3902,"href":"https:\/\/rula.disabilityrightsca.org\/es\/wp-json\/wp\/v2\/pages\/2121\/revisions\/3902"}],"up":[{"embeddable":true,"href":"https:\/\/rula.disabilityrightsca.org\/es\/wp-json\/wp\/v2\/pages\/2072"}],"wp:attachment":[{"href":"https:\/\/rula.disabilityrightsca.org\/es\/wp-json\/wp\/v2\/media?parent=2121"}],"curies":[{"name":"wp","href":"https:\/\/api.w.org\/{rel}","templated":true}]}}