{"id":2119,"date":"2021-09-28T22:30:20","date_gmt":"2021-09-28T22:30:20","guid":{"rendered":"http:\/\/www.rula.disabilityrightsca.org\/es\/?page_id=2119"},"modified":"2024-06-24T18:28:53","modified_gmt":"2024-06-24T18:28:53","slug":"10-20-que-derechos-tengo-para-ver-los-registros-de-mi-centro-regional","status":"publish","type":"page","link":"https:\/\/rula.disabilityrightsca.org\/es\/rula-book\/capitulo-10-apelaciones-y-reclamos-desacuerdos-con-centros-regionales-centros-de-desarrollo-o-proveedores-de-servicios\/10-20-que-derechos-tengo-para-ver-los-registros-de-mi-centro-regional\/","title":{"rendered":"(10.20) \u00bfQu\u00e9 es una reuni\u00f3n informal?"},"content":{"rendered":"\n<p>Una reuni\u00f3n informal es una reuni\u00f3n entre usted y un administrador del centro regional. Cuando presenta el Formulario de solicitud de audiencia imparcial, puede solicitar una reuni\u00f3n informal y una mediaci\u00f3n antes de la audiencia. Si solicita una reuni\u00f3n informal, el centro regional debe proporcionar una dentro de los 10 d\u00edas posteriores a la recepci\u00f3n de su solicitud de audiencia imparcial, a menos que usted acepte otra fecha. La reuni\u00f3n informal es el primer paso en el proceso de audiencia. No es necesario que tenga una reuni\u00f3n informal si no lo desea. Su representante, si tiene uno, puede estar presente.<span class=\"footnote_referrer\"><a role=\"button\" tabindex=\"0\" onclick=\"footnote_moveToReference_2119_1('footnote_plugin_reference_2119_1_1');\" onkeypress=\"footnote_moveToReference_2119_1('footnote_plugin_reference_2119_1_1');\" ><sup id=\"footnote_plugin_tooltip_2119_1_1\" class=\"footnote_plugin_tooltip_text\">[1]<\/sup><\/a><span id=\"footnote_plugin_tooltip_text_2119_1_1\" class=\"footnote_tooltip\">Secci\u00f3n 4710.7<\/span><\/span><script type=\"text\/javascript\"> jQuery('#footnote_plugin_tooltip_2119_1_1').tooltip({ tip: '#footnote_plugin_tooltip_text_2119_1_1', tipClass: 'footnote_tooltip', effect: 'fade', predelay: 0, fadeInSpeed: 200, delay: 400, fadeOutSpeed: 200, position: 'top center', relative: true, offset: [-7, 0], });<\/script><\/p>\n\n\n\n<p>Esta es su oportunidad de reunirse con el centro regional y convencerlos de que le brinden los servicios que necesita. Incluso si no puede ponerse de acuerdo, a\u00fan puede comprender el lado del centro regional y tratar de ponerse de acuerdo en algunos puntos.<\/p>\n\n\n\n<p>Despu\u00e9s de la reuni\u00f3n, el centro regional tiene 5 d\u00edas para enviarle una decisi\u00f3n por escrito.<span class=\"footnote_referrer\"><a role=\"button\" tabindex=\"0\" onclick=\"footnote_moveToReference_2119_1('footnote_plugin_reference_2119_1_2');\" onkeypress=\"footnote_moveToReference_2119_1('footnote_plugin_reference_2119_1_2');\" ><sup id=\"footnote_plugin_tooltip_2119_1_2\" class=\"footnote_plugin_tooltip_text\">[2]<\/sup><\/a><span id=\"footnote_plugin_tooltip_text_2119_1_2\" class=\"footnote_tooltip\">Secci\u00f3n 4710.7(b)<\/span><\/span><script type=\"text\/javascript\"> jQuery('#footnote_plugin_tooltip_2119_1_2').tooltip({ tip: '#footnote_plugin_tooltip_text_2119_1_2', tipClass: 'footnote_tooltip', effect: 'fade', predelay: 0, fadeInSpeed: 200, delay: 400, fadeOutSpeed: 200, position: 'top center', relative: true, offset: [-7, 0], });<\/script> La decisi\u00f3n debe enumerar todos los temas de la apelaci\u00f3n y decidir sobre cada uno. Tambi\u00e9n debe indicar los hechos, leyes, reglamentos y pol\u00edticas que utiliz\u00f3 el centro regional para tomar su decisi\u00f3n.<\/p>\n\n\n\n<p>Si est\u00e1 de acuerdo con la decisi\u00f3n informal, puede cancelar su solicitud de audiencia. Para hacerlo, complete el formulario de &#8220;Notificaci\u00f3n de resoluci\u00f3n&#8221; que proporciona el centro regional, que tambi\u00e9n se encuentra en: <a href=\"https:\/\/www.dds.ca.gov\/wp-content\/uploads\/2019\/05\/DS1804.pdf\">https:\/\/www.dds.ca.gov\/wp-content\/uploads\/2019\/05\/DS1804.pdf<\/a><\/p>\n\n\n\n<p>La decisi\u00f3n entrar\u00e1 en vigencia 10 d\u00edas despu\u00e9s de que el centro regional reciba su formulario de &#8220;Notificaci\u00f3n de resoluci\u00f3n&#8221;.<span class=\"footnote_referrer\"><a role=\"button\" tabindex=\"0\" onclick=\"footnote_moveToReference_2119_1('footnote_plugin_reference_2119_1_3');\" onkeypress=\"footnote_moveToReference_2119_1('footnote_plugin_reference_2119_1_3');\" ><sup id=\"footnote_plugin_tooltip_2119_1_3\" class=\"footnote_plugin_tooltip_text\">[3]<\/sup><\/a><span id=\"footnote_plugin_tooltip_text_2119_1_3\" class=\"footnote_tooltip\">Secci\u00f3n 4710.(9)<\/span><\/span><script type=\"text\/javascript\"> jQuery('#footnote_plugin_tooltip_2119_1_3').tooltip({ tip: '#footnote_plugin_tooltip_text_2119_1_3', tipClass: 'footnote_tooltip', effect: 'fade', predelay: 0, fadeInSpeed: 200, delay: 400, fadeOutSpeed: 200, position: 'top center', relative: true, offset: [-7, 0], });<\/script><\/p>\n\n\n\n<p>Si no est\u00e1 de acuerdo con la decisi\u00f3n informal, a\u00fan puede acudir a la mediaci\u00f3n si usted y el centro regional estuvieron de acuerdo. Tambi\u00e9n puede ir a la audiencia imparcial.<span class=\"footnote_referrer\"><a role=\"button\" tabindex=\"0\" onclick=\"footnote_moveToReference_2119_1('footnote_plugin_reference_2119_1_4');\" onkeypress=\"footnote_moveToReference_2119_1('footnote_plugin_reference_2119_1_4');\" ><sup id=\"footnote_plugin_tooltip_2119_1_4\" class=\"footnote_plugin_tooltip_text\">[4]<\/sup><\/a><span id=\"footnote_plugin_tooltip_text_2119_1_4\" class=\"footnote_tooltip\">Secci\u00f3n 4710.9(b)<\/span><\/span><script type=\"text\/javascript\"> jQuery('#footnote_plugin_tooltip_2119_1_4').tooltip({ tip: '#footnote_plugin_tooltip_text_2119_1_4', tipClass: 'footnote_tooltip', effect: 'fade', predelay: 0, fadeInSpeed: 200, delay: 400, fadeOutSpeed: 200, position: 'top center', relative: true, offset: [-7, 0], });<\/script><\/p>\n<div class=\"speaker-mute footnotes_reference_container\"> <div class=\"footnote_container_prepare\"><p><span role=\"button\" tabindex=\"0\" class=\"footnote_reference_container_label pointer\" onclick=\"footnote_expand_collapse_reference_container_2119_1();\">&#x202F;<\/span><span role=\"button\" tabindex=\"0\" class=\"footnote_reference_container_collapse_button\" style=\"display: none;\" onclick=\"footnote_expand_collapse_reference_container_2119_1();\">[<a id=\"footnote_reference_container_collapse_button_2119_1\">+<\/a>]<\/span><\/p><\/div> <div id=\"footnote_references_container_2119_1\" style=\"\"><table class=\"footnotes_table footnote-reference-container\"><caption class=\"accessibility\">References<\/caption> <tbody> \r\n\r\n<tr class=\"footnotes_plugin_reference_row\"> <th scope=\"row\" class=\"footnote_plugin_index_combi pointer\"  onclick=\"footnote_moveToAnchor_2119_1('footnote_plugin_tooltip_2119_1_1');\"><a id=\"footnote_plugin_reference_2119_1_1\" class=\"footnote_backlink\"><span class=\"footnote_index_arrow\">&#8593;<\/span>1<\/a><\/th> <td class=\"footnote_plugin_text\">Secci\u00f3n 4710.7<\/td><\/tr>\r\n\r\n<tr class=\"footnotes_plugin_reference_row\"> <th scope=\"row\" class=\"footnote_plugin_index_combi pointer\"  onclick=\"footnote_moveToAnchor_2119_1('footnote_plugin_tooltip_2119_1_2');\"><a id=\"footnote_plugin_reference_2119_1_2\" class=\"footnote_backlink\"><span class=\"footnote_index_arrow\">&#8593;<\/span>2<\/a><\/th> <td class=\"footnote_plugin_text\">Secci\u00f3n 4710.7(b)<\/td><\/tr>\r\n\r\n<tr class=\"footnotes_plugin_reference_row\"> <th scope=\"row\" class=\"footnote_plugin_index_combi pointer\"  onclick=\"footnote_moveToAnchor_2119_1('footnote_plugin_tooltip_2119_1_3');\"><a id=\"footnote_plugin_reference_2119_1_3\" class=\"footnote_backlink\"><span class=\"footnote_index_arrow\">&#8593;<\/span>3<\/a><\/th> <td class=\"footnote_plugin_text\">Secci\u00f3n 4710.(9)<\/td><\/tr>\r\n\r\n<tr class=\"footnotes_plugin_reference_row\"> <th scope=\"row\" class=\"footnote_plugin_index_combi pointer\"  onclick=\"footnote_moveToAnchor_2119_1('footnote_plugin_tooltip_2119_1_4');\"><a id=\"footnote_plugin_reference_2119_1_4\" class=\"footnote_backlink\"><span class=\"footnote_index_arrow\">&#8593;<\/span>4<\/a><\/th> <td class=\"footnote_plugin_text\">Secci\u00f3n 4710.9(b)<\/td><\/tr>\r\n\r\n <\/tbody> <\/table> <\/div><\/div><script type=\"text\/javascript\"> function footnote_expand_reference_container_2119_1() { jQuery('#footnote_references_container_2119_1').show(); jQuery('#footnote_reference_container_collapse_button_2119_1').text('\u2212'); } function footnote_collapse_reference_container_2119_1() { jQuery('#footnote_references_container_2119_1').hide(); jQuery('#footnote_reference_container_collapse_button_2119_1').text('+'); } function footnote_expand_collapse_reference_container_2119_1() { if (jQuery('#footnote_references_container_2119_1').is(':hidden')) { footnote_expand_reference_container_2119_1(); } else { footnote_collapse_reference_container_2119_1(); } } function footnote_moveToReference_2119_1(p_str_TargetID) { footnote_expand_reference_container_2119_1(); var l_obj_Target = jQuery('#' + p_str_TargetID); if (l_obj_Target.length) { jQuery( 'html, body' ).delay( 0 ); jQuery('html, body').animate({ scrollTop: l_obj_Target.offset().top - window.innerHeight * 0.2 }, 380); } } function footnote_moveToAnchor_2119_1(p_str_TargetID) { footnote_expand_reference_container_2119_1(); var l_obj_Target = jQuery('#' + p_str_TargetID); if (l_obj_Target.length) { jQuery( 'html, body' ).delay( 0 ); jQuery('html, body').animate({ scrollTop: l_obj_Target.offset().top - window.innerHeight * 0.2 }, 380); } }<\/script>","protected":false},"excerpt":{"rendered":"<p>Una reuni\u00f3n informal es una reuni\u00f3n entre usted y un administrador del centro regional. Cuando presenta el Formulario de solicitud de audiencia imparcial, puede solicitar&hellip;<\/p>\n","protected":false},"author":1,"featured_media":0,"parent":2072,"menu_order":20,"comment_status":"closed","ping_status":"closed","template":"","meta":{"footnotes":""},"class_list":["post-2119","page","type-page","status-publish","hentry"],"_links":{"self":[{"href":"https:\/\/rula.disabilityrightsca.org\/es\/wp-json\/wp\/v2\/pages\/2119","targetHints":{"allow":["GET"]}}],"collection":[{"href":"https:\/\/rula.disabilityrightsca.org\/es\/wp-json\/wp\/v2\/pages"}],"about":[{"href":"https:\/\/rula.disabilityrightsca.org\/es\/wp-json\/wp\/v2\/types\/page"}],"author":[{"embeddable":true,"href":"https:\/\/rula.disabilityrightsca.org\/es\/wp-json\/wp\/v2\/users\/1"}],"replies":[{"embeddable":true,"href":"https:\/\/rula.disabilityrightsca.org\/es\/wp-json\/wp\/v2\/comments?post=2119"}],"version-history":[{"count":5,"href":"https:\/\/rula.disabilityrightsca.org\/es\/wp-json\/wp\/v2\/pages\/2119\/revisions"}],"predecessor-version":[{"id":3996,"href":"https:\/\/rula.disabilityrightsca.org\/es\/wp-json\/wp\/v2\/pages\/2119\/revisions\/3996"}],"up":[{"embeddable":true,"href":"https:\/\/rula.disabilityrightsca.org\/es\/wp-json\/wp\/v2\/pages\/2072"}],"wp:attachment":[{"href":"https:\/\/rula.disabilityrightsca.org\/es\/wp-json\/wp\/v2\/media?parent=2119"}],"curies":[{"name":"wp","href":"https:\/\/api.w.org\/{rel}","templated":true}]}}