{"id":2117,"date":"2021-09-28T22:27:59","date_gmt":"2021-09-28T22:27:59","guid":{"rendered":"http:\/\/www.rula.disabilityrightsca.org\/es\/?page_id=2117"},"modified":"2025-03-18T17:25:03","modified_gmt":"2025-03-18T17:25:03","slug":"10-19-que-derechos-tengo-durante-el-proceso-de-apelacion","status":"publish","type":"page","link":"https:\/\/rula.disabilityrightsca.org\/es\/rula-book\/capitulo-10-apelaciones-y-reclamos-desacuerdos-con-centros-regionales-centros-de-desarrollo-o-proveedores-de-servicios\/10-19-que-derechos-tengo-durante-el-proceso-de-apelacion\/","title":{"rendered":"(10.19) \u00bfCu\u00e1les son los pasos del proceso de apelaci\u00f3n?"},"content":{"rendered":"\n<ol start=\"1\" class=\"wp-block-list\">\n<li><strong>Solicitud de una audiencia:<\/strong>&nbsp;Puede solicitar una audiencia en l\u00ednea en el sitio web del Departamento de Servicios de Desarrollo (Department of Developmental Services, DDS), por correo postal, correo electr\u00f3nico o fax, para lo cual debe completar el formulario de solicitud de apelaci\u00f3n seg\u00fan la Ley Lanterman.<\/li>\n\n\n\n<li><strong>Respuesta del centro regional:<\/strong>&nbsp;El centro regional debe enviarle una notificaci\u00f3n por escrito en su idioma preferido donde se reconozca su solicitud de una audiencia.<span class=\"footnote_referrer\"><a role=\"button\" tabindex=\"0\" onclick=\"footnote_moveToReference_2117_1('footnote_plugin_reference_2117_1_1');\" onkeypress=\"footnote_moveToReference_2117_1('footnote_plugin_reference_2117_1_1');\" ><sup id=\"footnote_plugin_tooltip_2117_1_1\" class=\"footnote_plugin_tooltip_text\">[1]<\/sup><\/a><span id=\"footnote_plugin_tooltip_text_2117_1_1\" class=\"footnote_tooltip\">\u00a7&nbsp;4710.5(a)-(c); \u00a7&nbsp;4701(a)(7)<\/span><\/span><script type=\"text\/javascript\"> jQuery('#footnote_plugin_tooltip_2117_1_1').tooltip({ tip: '#footnote_plugin_tooltip_text_2117_1_1', tipClass: 'footnote_tooltip', effect: 'fade', predelay: 0, fadeInSpeed: 200, delay: 400, fadeOutSpeed: 200, position: 'top center', relative: true, offset: [-7, 0], });<\/script> Si no recibi\u00f3 la notificaci\u00f3n del centro regional, deben envi\u00e1rsela con toda la informaci\u00f3n requerida para una \u201cnotificaci\u00f3n adecuada\u201d.<span class=\"footnote_referrer\"><a role=\"button\" tabindex=\"0\" onclick=\"footnote_moveToReference_2117_1('footnote_plugin_reference_2117_1_2');\" onkeypress=\"footnote_moveToReference_2117_1('footnote_plugin_reference_2117_1_2');\" ><sup id=\"footnote_plugin_tooltip_2117_1_2\" class=\"footnote_plugin_tooltip_text\">[2]<\/sup><\/a><span id=\"footnote_plugin_tooltip_text_2117_1_2\" class=\"footnote_tooltip\">\u00a7&nbsp;4710.6(a)-(c); \u00a7&nbsp;4710(a)-(f) [plazos y cu\u00e1ndo se requiere una notificaci\u00f3n; \u00a7&nbsp;4701(a) [definici\u00f3n de una notificaci\u00f3n adecuada y contenido<\/span><\/span><script type=\"text\/javascript\"> jQuery('#footnote_plugin_tooltip_2117_1_2').tooltip({ tip: '#footnote_plugin_tooltip_text_2117_1_2', tipClass: 'footnote_tooltip', effect: 'fade', predelay: 0, fadeInSpeed: 200, delay: 400, fadeOutSpeed: 200, position: 'top center', relative: true, offset: [-7, 0], });<\/script><\/li>\n\n\n\n<li><strong>Formulario de solicitud de apelaci\u00f3n:<\/strong>&nbsp;Cuando le dice al centro regional que desea una audiencia imparcial, este debe entregarle un formulario de solicitud de apelaci\u00f3n. Si necesita ayuda para completar el formulario, el centro regional debe brind\u00e1rsela.<span class=\"footnote_referrer\"><a role=\"button\" tabindex=\"0\" onclick=\"footnote_moveToReference_2117_1('footnote_plugin_reference_2117_1_3');\" onkeypress=\"footnote_moveToReference_2117_1('footnote_plugin_reference_2117_1_3');\" ><sup id=\"footnote_plugin_tooltip_2117_1_3\" class=\"footnote_plugin_tooltip_text\">[3]<\/sup><\/a><span id=\"footnote_plugin_tooltip_text_2117_1_3\" class=\"footnote_tooltip\">\u00a7&nbsp;4710.5(b) y (c)<\/span><\/span><script type=\"text\/javascript\"> jQuery('#footnote_plugin_tooltip_2117_1_3').tooltip({ tip: '#footnote_plugin_tooltip_text_2117_1_3', tipClass: 'footnote_tooltip', effect: 'fade', predelay: 0, fadeInSpeed: 200, delay: 400, fadeOutSpeed: 200, position: 'top center', relative: true, offset: [-7, 0], });<\/script><\/li>\n\n\n\n<li><strong>Reuni\u00f3n informal:<\/strong>&nbsp;Si desea tener una reuni\u00f3n informal, el centro regional debe llevarla a cabo dentro de los 10&nbsp;d\u00edas despu\u00e9s de la fecha en que el DDS reciba su solicitud de apelaci\u00f3n, a menos que solicite m\u00e1s tiempo.&nbsp;Usted y el centro regional deben acordar un horario para la reuni\u00f3n.<span class=\"footnote_referrer\"><a role=\"button\" tabindex=\"0\" onclick=\"footnote_moveToReference_2117_1('footnote_plugin_reference_2117_1_4');\" onkeypress=\"footnote_moveToReference_2117_1('footnote_plugin_reference_2117_1_4');\" ><sup id=\"footnote_plugin_tooltip_2117_1_4\" class=\"footnote_plugin_tooltip_text\">[4]<\/sup><\/a><span id=\"footnote_plugin_tooltip_text_2117_1_4\" class=\"footnote_tooltip\">\u00a7&nbsp;4710.6(a)<\/span><\/span><script type=\"text\/javascript\"> jQuery('#footnote_plugin_tooltip_2117_1_4').tooltip({ tip: '#footnote_plugin_tooltip_text_2117_1_4', tipClass: 'footnote_tooltip', effect: 'fade', predelay: 0, fadeInSpeed: 200, delay: 400, fadeOutSpeed: 200, position: 'top center', relative: true, offset: [-7, 0], });<\/script>. El centro regional debe enviarle una notificaci\u00f3n por escrito en su idioma preferido para confirmar la fecha, la hora y el lugar de la reuni\u00f3n informal.<span class=\"footnote_referrer\"><a role=\"button\" tabindex=\"0\" onclick=\"footnote_moveToReference_2117_1('footnote_plugin_reference_2117_1_5');\" onkeypress=\"footnote_moveToReference_2117_1('footnote_plugin_reference_2117_1_5');\" ><sup id=\"footnote_plugin_tooltip_2117_1_5\" class=\"footnote_plugin_tooltip_text\">[5]<\/sup><\/a><span id=\"footnote_plugin_tooltip_text_2117_1_5\" class=\"footnote_tooltip\">\u00a7&nbsp;4710.6(b)<\/span><\/span><script type=\"text\/javascript\"> jQuery('#footnote_plugin_tooltip_2117_1_5').tooltip({ tip: '#footnote_plugin_tooltip_text_2117_1_5', tipClass: 'footnote_tooltip', effect: 'fade', predelay: 0, fadeInSpeed: 200, delay: 400, fadeOutSpeed: 200, position: 'top center', relative: true, offset: [-7, 0], });<\/script><\/li>\n\n\n\n<li><strong>Mediaci\u00f3n:<\/strong>&nbsp;La mediaci\u00f3n ocurre cuando una persona independiente y capacitada (\u201cmediador\u201d) le brinda ayuda para llegar a un acuerdo que es justo para usted y el centro regional. Recomendamos la mediaci\u00f3n. Puede decidir no aceptar la mediaci\u00f3n.&nbsp;&nbsp;Si solicita la mediaci\u00f3n, esta debe realizarse dentro de los 30&nbsp;d\u00edas despu\u00e9s de la fecha en que el DDS reciba su solicitud de apelaci\u00f3n, a menos que solicite m\u00e1s tiempo.<span class=\"footnote_referrer\"><a role=\"button\" tabindex=\"0\" onclick=\"footnote_moveToReference_2117_1('footnote_plugin_reference_2117_1_6');\" onkeypress=\"footnote_moveToReference_2117_1('footnote_plugin_reference_2117_1_6');\" ><sup id=\"footnote_plugin_tooltip_2117_1_6\" class=\"footnote_plugin_tooltip_text\">[6]<\/sup><\/a><span id=\"footnote_plugin_tooltip_text_2117_1_6\" class=\"footnote_tooltip\">\u00a7&nbsp;4711.5(a)-(c)].<\/span><\/span><script type=\"text\/javascript\"> jQuery('#footnote_plugin_tooltip_2117_1_6').tooltip({ tip: '#footnote_plugin_tooltip_text_2117_1_6', tipClass: 'footnote_tooltip', effect: 'fade', predelay: 0, fadeInSpeed: 200, delay: 400, fadeOutSpeed: 200, position: 'top center', relative: true, offset: [-7, 0], });<\/script> Incluso si usted elige no ir a mediaci\u00f3n, igualmente tiene derecho a una audiencia imparcial. Es su elecci\u00f3n.<span class=\"footnote_referrer\"><a role=\"button\" tabindex=\"0\" onclick=\"footnote_moveToReference_2117_1('footnote_plugin_reference_2117_1_7');\" onkeypress=\"footnote_moveToReference_2117_1('footnote_plugin_reference_2117_1_7');\" ><sup id=\"footnote_plugin_tooltip_2117_1_7\" class=\"footnote_plugin_tooltip_text\">[7]<\/sup><\/a><span id=\"footnote_plugin_tooltip_text_2117_1_7\" class=\"footnote_tooltip\">\u00a7&nbsp;4710.9(b)<\/span><\/span><script type=\"text\/javascript\"> jQuery('#footnote_plugin_tooltip_2117_1_7').tooltip({ tip: '#footnote_plugin_tooltip_text_2117_1_7', tipClass: 'footnote_tooltip', effect: 'fade', predelay: 0, fadeInSpeed: 200, delay: 400, fadeOutSpeed: 200, position: 'top center', relative: true, offset: [-7, 0], });<\/script><\/li>\n\n\n\n<li><strong>Audiencia imparcial:<\/strong>\u00a0Tiene derecho a una audiencia ante un juez no m\u00e1s de 50\u00a0d\u00edas despu\u00e9s de que el DDS reciba su solicitud de apelaci\u00f3n.<span class=\"footnote_referrer\"><a role=\"button\" tabindex=\"0\" onclick=\"footnote_moveToReference_2117_1('footnote_plugin_reference_2117_1_8');\" onkeypress=\"footnote_moveToReference_2117_1('footnote_plugin_reference_2117_1_8');\" ><sup id=\"footnote_plugin_tooltip_2117_1_8\" class=\"footnote_plugin_tooltip_text\">[8]<\/sup><\/a><span id=\"footnote_plugin_tooltip_text_2117_1_8\" class=\"footnote_tooltip\">\u00a7\u00a04712(a)<\/span><\/span><script type=\"text\/javascript\"> jQuery('#footnote_plugin_tooltip_2117_1_8').tooltip({ tip: '#footnote_plugin_tooltip_text_2117_1_8', tipClass: 'footnote_tooltip', effect: 'fade', predelay: 0, fadeInSpeed: 200, delay: 400, fadeOutSpeed: 200, position: 'top center', relative: true, offset: [-7, 0], });<\/script> El juez se denomina \u201cjuez de derecho administrativo\u201d o funcionario de audiencias. Si usted o el centro regional lo solicitan y tienen una buena raz\u00f3n, el funcionario de audiencias puede permitir que la audiencia sea posteriormente. (<a href=\"https:\/\/rula.disabilityrightsca.org\/rula-book\/chapter-10-appeals-and-complaints-disagreements-with-regional-centers-developmental-centers-or-service-providers\/10-28-what-if-i-decide-to-have-the-hearing\/\">Consulte<\/a><a href=\"https:\/\/rula.disabilityrightsca.org\/es\/rula-book\/capitulo-10-apelaciones-y-reclamos-desacuerdos-con-centros-regionales-centros-de-desarrollo-o-proveedores-de-servicios\/10-26-que-sucede-si-necesito-posponer-mi-audiencia\/\"> <\/a><a href=\"https:\/\/rula.disabilityrightsca.org\/rula-book\/chapter-10-appeals-and-complaints-disagreements-with-regional-centers-developmental-centers-or-service-providers\/10-28-what-if-i-decide-to-have-the-hearing\/\">la pregunta\u00a026<\/a>).<\/li>\n\n\n\n<li><strong>Decisi\u00f3n de la audiencia imparcial:<\/strong>&nbsp;El juez debe emitir una decisi\u00f3n final por escrito no m\u00e1s de 10&nbsp;d\u00edas h\u00e1biles despu\u00e9s de que termine la audiencia. Esto no puede ser m\u00e1s de 80&nbsp;d\u00edas despu\u00e9s de que el DDS reciba su solicitud de apelaci\u00f3n, a menos que solicite tiempo adicional para la apelaci\u00f3n. La decisi\u00f3n debe estar escrita en su idioma preferido.<span class=\"footnote_referrer\"><a role=\"button\" tabindex=\"0\" onclick=\"footnote_moveToReference_2117_1('footnote_plugin_reference_2117_1_9');\" onkeypress=\"footnote_moveToReference_2117_1('footnote_plugin_reference_2117_1_9');\" ><sup id=\"footnote_plugin_tooltip_2117_1_9\" class=\"footnote_plugin_tooltip_text\">[9]<\/sup><\/a><span id=\"footnote_plugin_tooltip_text_2117_1_9\" class=\"footnote_tooltip\">\u00a7&nbsp;4712.5(a) y (c)<\/span><\/span><script type=\"text\/javascript\"> jQuery('#footnote_plugin_tooltip_2117_1_9').tooltip({ tip: '#footnote_plugin_tooltip_text_2117_1_9', tipClass: 'footnote_tooltip', effect: 'fade', predelay: 0, fadeInSpeed: 200, delay: 400, fadeOutSpeed: 200, position: 'top center', relative: true, offset: [-7, 0], });<\/script><\/li>\n\n\n\n<li><strong>Apelaci\u00f3n de la decisi\u00f3n de una audiencia imparcial:<\/strong>&nbsp;Si usted no est\u00e1 de acuerdo con la decisi\u00f3n de la audiencia, tiene 15&nbsp;d\u00edas calendario a partir de la fecha en que reciba la decisi\u00f3n final para solicitar una reconsideraci\u00f3n, y 180&nbsp;d\u00edas para presentar un mandamiento judicial administrativo ante el tribunal superior.<span class=\"footnote_referrer\"><a role=\"button\" tabindex=\"0\" onclick=\"footnote_moveToReference_2117_1('footnote_plugin_reference_2117_1_10');\" onkeypress=\"footnote_moveToReference_2117_1('footnote_plugin_reference_2117_1_10');\" ><sup id=\"footnote_plugin_tooltip_2117_1_10\" class=\"footnote_plugin_tooltip_text\">[10]<\/sup><\/a><span id=\"footnote_plugin_tooltip_text_2117_1_10\" class=\"footnote_tooltip\">\u00a7&nbsp;4712.5(a)<\/span><\/span><script type=\"text\/javascript\"> jQuery('#footnote_plugin_tooltip_2117_1_10').tooltip({ tip: '#footnote_plugin_tooltip_text_2117_1_10', tipClass: 'footnote_tooltip', effect: 'fade', predelay: 0, fadeInSpeed: 200, delay: 400, fadeOutSpeed: 200, position: 'top center', relative: true, offset: [-7, 0], });<\/script>. ]]<\/li>\n<\/ol>\n<div class=\"speaker-mute footnotes_reference_container\"> <div class=\"footnote_container_prepare\"><p><span role=\"button\" tabindex=\"0\" class=\"footnote_reference_container_label pointer\" onclick=\"footnote_expand_collapse_reference_container_2117_1();\">&#x202F;<\/span><span role=\"button\" tabindex=\"0\" class=\"footnote_reference_container_collapse_button\" style=\"display: none;\" onclick=\"footnote_expand_collapse_reference_container_2117_1();\">[<a id=\"footnote_reference_container_collapse_button_2117_1\">+<\/a>]<\/span><\/p><\/div> <div id=\"footnote_references_container_2117_1\" style=\"\"><table class=\"footnotes_table footnote-reference-container\"><caption class=\"accessibility\">References<\/caption> <tbody> \r\n\r\n<tr class=\"footnotes_plugin_reference_row\"> <th scope=\"row\" class=\"footnote_plugin_index_combi pointer\"  onclick=\"footnote_moveToAnchor_2117_1('footnote_plugin_tooltip_2117_1_1');\"><a id=\"footnote_plugin_reference_2117_1_1\" class=\"footnote_backlink\"><span class=\"footnote_index_arrow\">&#8593;<\/span>1<\/a><\/th> <td class=\"footnote_plugin_text\">\u00a7&nbsp;4710.5(a)-(c); \u00a7&nbsp;4701(a)(7)<\/td><\/tr>\r\n\r\n<tr class=\"footnotes_plugin_reference_row\"> <th scope=\"row\" class=\"footnote_plugin_index_combi pointer\"  onclick=\"footnote_moveToAnchor_2117_1('footnote_plugin_tooltip_2117_1_2');\"><a id=\"footnote_plugin_reference_2117_1_2\" class=\"footnote_backlink\"><span class=\"footnote_index_arrow\">&#8593;<\/span>2<\/a><\/th> <td class=\"footnote_plugin_text\">\u00a7&nbsp;4710.6(a)-(c); \u00a7&nbsp;4710(a)-(f) [plazos y cu\u00e1ndo se requiere una notificaci\u00f3n; \u00a7&nbsp;4701(a) [definici\u00f3n de una notificaci\u00f3n adecuada y contenido<\/td><\/tr>\r\n\r\n<tr class=\"footnotes_plugin_reference_row\"> <th scope=\"row\" class=\"footnote_plugin_index_combi pointer\"  onclick=\"footnote_moveToAnchor_2117_1('footnote_plugin_tooltip_2117_1_3');\"><a id=\"footnote_plugin_reference_2117_1_3\" class=\"footnote_backlink\"><span class=\"footnote_index_arrow\">&#8593;<\/span>3<\/a><\/th> <td class=\"footnote_plugin_text\">\u00a7&nbsp;4710.5(b) y (c)<\/td><\/tr>\r\n\r\n<tr class=\"footnotes_plugin_reference_row\"> <th scope=\"row\" class=\"footnote_plugin_index_combi pointer\"  onclick=\"footnote_moveToAnchor_2117_1('footnote_plugin_tooltip_2117_1_4');\"><a id=\"footnote_plugin_reference_2117_1_4\" class=\"footnote_backlink\"><span class=\"footnote_index_arrow\">&#8593;<\/span>4<\/a><\/th> <td class=\"footnote_plugin_text\">\u00a7&nbsp;4710.6(a)<\/td><\/tr>\r\n\r\n<tr class=\"footnotes_plugin_reference_row\"> <th scope=\"row\" class=\"footnote_plugin_index_combi pointer\"  onclick=\"footnote_moveToAnchor_2117_1('footnote_plugin_tooltip_2117_1_5');\"><a id=\"footnote_plugin_reference_2117_1_5\" class=\"footnote_backlink\"><span class=\"footnote_index_arrow\">&#8593;<\/span>5<\/a><\/th> <td class=\"footnote_plugin_text\">\u00a7&nbsp;4710.6(b)<\/td><\/tr>\r\n\r\n<tr class=\"footnotes_plugin_reference_row\"> <th scope=\"row\" class=\"footnote_plugin_index_combi pointer\"  onclick=\"footnote_moveToAnchor_2117_1('footnote_plugin_tooltip_2117_1_6');\"><a id=\"footnote_plugin_reference_2117_1_6\" class=\"footnote_backlink\"><span class=\"footnote_index_arrow\">&#8593;<\/span>6<\/a><\/th> <td class=\"footnote_plugin_text\">\u00a7&nbsp;4711.5(a)-(c)].<\/td><\/tr>\r\n\r\n<tr class=\"footnotes_plugin_reference_row\"> <th scope=\"row\" class=\"footnote_plugin_index_combi pointer\"  onclick=\"footnote_moveToAnchor_2117_1('footnote_plugin_tooltip_2117_1_7');\"><a id=\"footnote_plugin_reference_2117_1_7\" class=\"footnote_backlink\"><span class=\"footnote_index_arrow\">&#8593;<\/span>7<\/a><\/th> <td class=\"footnote_plugin_text\">\u00a7&nbsp;4710.9(b)<\/td><\/tr>\r\n\r\n<tr class=\"footnotes_plugin_reference_row\"> <th scope=\"row\" class=\"footnote_plugin_index_combi pointer\"  onclick=\"footnote_moveToAnchor_2117_1('footnote_plugin_tooltip_2117_1_8');\"><a id=\"footnote_plugin_reference_2117_1_8\" class=\"footnote_backlink\"><span class=\"footnote_index_arrow\">&#8593;<\/span>8<\/a><\/th> <td class=\"footnote_plugin_text\">\u00a7\u00a04712(a)<\/td><\/tr>\r\n\r\n<tr class=\"footnotes_plugin_reference_row\"> <th scope=\"row\" class=\"footnote_plugin_index_combi pointer\"  onclick=\"footnote_moveToAnchor_2117_1('footnote_plugin_tooltip_2117_1_9');\"><a id=\"footnote_plugin_reference_2117_1_9\" class=\"footnote_backlink\"><span class=\"footnote_index_arrow\">&#8593;<\/span>9<\/a><\/th> <td class=\"footnote_plugin_text\">\u00a7&nbsp;4712.5(a) y (c)<\/td><\/tr>\r\n\r\n<tr class=\"footnotes_plugin_reference_row\"> <th scope=\"row\" class=\"footnote_plugin_index_combi pointer\"  onclick=\"footnote_moveToAnchor_2117_1('footnote_plugin_tooltip_2117_1_10');\"><a id=\"footnote_plugin_reference_2117_1_10\" class=\"footnote_backlink\"><span class=\"footnote_index_arrow\">&#8593;<\/span>10<\/a><\/th> <td class=\"footnote_plugin_text\">\u00a7&nbsp;4712.5(a)<\/td><\/tr>\r\n\r\n <\/tbody> <\/table> <\/div><\/div><script type=\"text\/javascript\"> function footnote_expand_reference_container_2117_1() { jQuery('#footnote_references_container_2117_1').show(); jQuery('#footnote_reference_container_collapse_button_2117_1').text('\u2212'); } function footnote_collapse_reference_container_2117_1() { jQuery('#footnote_references_container_2117_1').hide(); jQuery('#footnote_reference_container_collapse_button_2117_1').text('+'); } function footnote_expand_collapse_reference_container_2117_1() { if (jQuery('#footnote_references_container_2117_1').is(':hidden')) { footnote_expand_reference_container_2117_1(); } else { footnote_collapse_reference_container_2117_1(); } } function footnote_moveToReference_2117_1(p_str_TargetID) { footnote_expand_reference_container_2117_1(); var l_obj_Target = jQuery('#' + p_str_TargetID); if (l_obj_Target.length) { jQuery( 'html, body' ).delay( 0 ); jQuery('html, body').animate({ scrollTop: l_obj_Target.offset().top - window.innerHeight * 0.2 }, 380); } } function footnote_moveToAnchor_2117_1(p_str_TargetID) { footnote_expand_reference_container_2117_1(); var l_obj_Target = jQuery('#' + p_str_TargetID); if (l_obj_Target.length) { jQuery( 'html, body' ).delay( 0 ); jQuery('html, body').animate({ scrollTop: l_obj_Target.offset().top - window.innerHeight * 0.2 }, 380); } }<\/script>","protected":false},"excerpt":{"rendered":"","protected":false},"author":1,"featured_media":0,"parent":2072,"menu_order":19,"comment_status":"closed","ping_status":"closed","template":"","meta":{"footnotes":""},"class_list":["post-2117","page","type-page","status-publish","hentry"],"_links":{"self":[{"href":"https:\/\/rula.disabilityrightsca.org\/es\/wp-json\/wp\/v2\/pages\/2117","targetHints":{"allow":["GET"]}}],"collection":[{"href":"https:\/\/rula.disabilityrightsca.org\/es\/wp-json\/wp\/v2\/pages"}],"about":[{"href":"https:\/\/rula.disabilityrightsca.org\/es\/wp-json\/wp\/v2\/types\/page"}],"author":[{"embeddable":true,"href":"https:\/\/rula.disabilityrightsca.org\/es\/wp-json\/wp\/v2\/users\/1"}],"replies":[{"embeddable":true,"href":"https:\/\/rula.disabilityrightsca.org\/es\/wp-json\/wp\/v2\/comments?post=2117"}],"version-history":[{"count":11,"href":"https:\/\/rula.disabilityrightsca.org\/es\/wp-json\/wp\/v2\/pages\/2117\/revisions"}],"predecessor-version":[{"id":4098,"href":"https:\/\/rula.disabilityrightsca.org\/es\/wp-json\/wp\/v2\/pages\/2117\/revisions\/4098"}],"up":[{"embeddable":true,"href":"https:\/\/rula.disabilityrightsca.org\/es\/wp-json\/wp\/v2\/pages\/2072"}],"wp:attachment":[{"href":"https:\/\/rula.disabilityrightsca.org\/es\/wp-json\/wp\/v2\/media?parent=2117"}],"curies":[{"name":"wp","href":"https:\/\/api.w.org\/{rel}","templated":true}]}}