{"id":2115,"date":"2021-09-28T22:26:25","date_gmt":"2021-09-28T22:26:25","guid":{"rendered":"http:\/\/www.rula.disabilityrightsca.org\/es\/?page_id=2115"},"modified":"2023-12-05T22:22:04","modified_gmt":"2023-12-05T22:22:04","slug":"10-18-si-estoy-en-el-programa-de-autodeterminacion-sdp-tengo-los-mismos-derechos-de-apelacion","status":"publish","type":"page","link":"https:\/\/rula.disabilityrightsca.org\/es\/rula-book\/capitulo-10-apelaciones-y-reclamos-desacuerdos-con-centros-regionales-centros-de-desarrollo-o-proveedores-de-servicios\/10-18-si-estoy-en-el-programa-de-autodeterminacion-sdp-tengo-los-mismos-derechos-de-apelacion\/","title":{"rendered":"(10.18) \u00bfQu\u00e9 derechos tengo para ver los registros de mi centro regional?"},"content":{"rendered":"\n<p>Si solicita ver su expediente, el centro regional tiene <strong>3 d\u00edas h\u00e1biles<\/strong> para mostr\u00e1rselo.<span class=\"footnote_referrer\"><a role=\"button\" tabindex=\"0\" onclick=\"footnote_moveToReference_2115_1('footnote_plugin_reference_2115_1_1');\" onkeypress=\"footnote_moveToReference_2115_1('footnote_plugin_reference_2115_1_1');\" ><sup id=\"footnote_plugin_tooltip_2115_1_1\" class=\"footnote_plugin_tooltip_text\">[1]<\/sup><\/a><span id=\"footnote_plugin_tooltip_text_2115_1_1\" class=\"footnote_tooltip\">Secciones 4726, 4728. La ley dice que tiene derecho a acceder a su expediente antes de la reuni\u00f3n informal voluntaria. Consulte la Secci\u00f3n 4710.7(d)<\/span><\/span><script type=\"text\/javascript\"> jQuery('#footnote_plugin_tooltip_2115_1_1').tooltip({ tip: '#footnote_plugin_tooltip_text_2115_1_1', tipClass: 'footnote_tooltip', effect: 'fade', predelay: 0, fadeInSpeed: 200, delay: 400, fadeOutSpeed: 200, position: 'top center', relative: true, offset: [-7, 0], });<\/script> Tiene derecho a ver todos los registros en el archivo de su centro regional, incluso los registros de agencias o personas externas.<span class=\"footnote_referrer\"><a role=\"button\" tabindex=\"0\" onclick=\"footnote_moveToReference_2115_1('footnote_plugin_reference_2115_1_2');\" onkeypress=\"footnote_moveToReference_2115_1('footnote_plugin_reference_2115_1_2');\" ><sup id=\"footnote_plugin_tooltip_2115_1_2\" class=\"footnote_plugin_tooltip_text\">[2]<\/sup><\/a><span id=\"footnote_plugin_tooltip_text_2115_1_2\" class=\"footnote_tooltip\">&#8220;Registro&#8221; significa cualquier pieza de informaci\u00f3n que una agencia de servicios tenga y que est\u00e9 directamente relacionada con una persona que tiene o se cree que tiene una discapacidad&nbsp;&#x2026; <span class=\"footnote_tooltip_continue\"  onclick=\"footnote_moveToReference_2115_1('footnote_plugin_reference_2115_1_2');\">Continue reading<\/span><\/span><\/span><script type=\"text\/javascript\"> jQuery('#footnote_plugin_tooltip_2115_1_2').tooltip({ tip: '#footnote_plugin_tooltip_text_2115_1_2', tipClass: 'footnote_tooltip', effect: 'fade', predelay: 0, fadeInSpeed: 200, delay: 400, fadeOutSpeed: 200, position: 'top center', relative: true, offset: [-7, 0], });<\/script><\/p>\n\n\n\n<p>Es importante que revise su expediente y solicite copias de los registros que necesita antes de su audiencia.<\/p>\n<div class=\"speaker-mute footnotes_reference_container\"> <div class=\"footnote_container_prepare\"><p><span role=\"button\" tabindex=\"0\" class=\"footnote_reference_container_label pointer\" onclick=\"footnote_expand_collapse_reference_container_2115_1();\">&#x202F;<\/span><span role=\"button\" tabindex=\"0\" class=\"footnote_reference_container_collapse_button\" style=\"display: none;\" onclick=\"footnote_expand_collapse_reference_container_2115_1();\">[<a id=\"footnote_reference_container_collapse_button_2115_1\">+<\/a>]<\/span><\/p><\/div> <div id=\"footnote_references_container_2115_1\" style=\"\"><table class=\"footnotes_table footnote-reference-container\"><caption class=\"accessibility\">References<\/caption> <tbody> \r\n\r\n<tr class=\"footnotes_plugin_reference_row\"> <th scope=\"row\" class=\"footnote_plugin_index_combi pointer\"  onclick=\"footnote_moveToAnchor_2115_1('footnote_plugin_tooltip_2115_1_1');\"><a id=\"footnote_plugin_reference_2115_1_1\" class=\"footnote_backlink\"><span class=\"footnote_index_arrow\">&#8593;<\/span>1<\/a><\/th> <td class=\"footnote_plugin_text\">Secciones 4726, 4728. La ley dice que tiene derecho a acceder a su expediente antes de la reuni\u00f3n informal voluntaria. Consulte la Secci\u00f3n 4710.7(d)<\/td><\/tr>\r\n\r\n<tr class=\"footnotes_plugin_reference_row\"> <th scope=\"row\" class=\"footnote_plugin_index_combi pointer\"  onclick=\"footnote_moveToAnchor_2115_1('footnote_plugin_tooltip_2115_1_2');\"><a id=\"footnote_plugin_reference_2115_1_2\" class=\"footnote_backlink\"><span class=\"footnote_index_arrow\">&#8593;<\/span>2<\/a><\/th> <td class=\"footnote_plugin_text\">&#8220;Registro&#8221; significa cualquier pieza de informaci\u00f3n que una agencia de servicios tenga y que est\u00e9 directamente relacionada con una persona que tiene o se cree que tiene una discapacidad del desarrollo. Incluye informaci\u00f3n escrita a mano, materiales impresos, cintas, pel\u00edculas, microfilmes u otra informaci\u00f3n. Secci\u00f3n 4725(b)<\/td><\/tr>\r\n\r\n <\/tbody> <\/table> <\/div><\/div><script type=\"text\/javascript\"> function footnote_expand_reference_container_2115_1() { jQuery('#footnote_references_container_2115_1').show(); jQuery('#footnote_reference_container_collapse_button_2115_1').text('\u2212'); } function footnote_collapse_reference_container_2115_1() { jQuery('#footnote_references_container_2115_1').hide(); jQuery('#footnote_reference_container_collapse_button_2115_1').text('+'); } function footnote_expand_collapse_reference_container_2115_1() { if (jQuery('#footnote_references_container_2115_1').is(':hidden')) { footnote_expand_reference_container_2115_1(); } else { footnote_collapse_reference_container_2115_1(); } } function footnote_moveToReference_2115_1(p_str_TargetID) { footnote_expand_reference_container_2115_1(); var l_obj_Target = jQuery('#' + p_str_TargetID); if (l_obj_Target.length) { jQuery( 'html, body' ).delay( 0 ); jQuery('html, body').animate({ scrollTop: l_obj_Target.offset().top - window.innerHeight * 0.2 }, 380); } } function footnote_moveToAnchor_2115_1(p_str_TargetID) { footnote_expand_reference_container_2115_1(); var l_obj_Target = jQuery('#' + p_str_TargetID); if (l_obj_Target.length) { jQuery( 'html, body' ).delay( 0 ); jQuery('html, body').animate({ scrollTop: l_obj_Target.offset().top - window.innerHeight * 0.2 }, 380); } }<\/script>","protected":false},"excerpt":{"rendered":"<p>Si solicita ver su expediente, el centro regional tiene 3 d\u00edas h\u00e1biles para mostr\u00e1rselo.[1]Secciones 4726, 4728. La ley dice que tiene derecho a acceder a&hellip;<\/p>\n","protected":false},"author":1,"featured_media":0,"parent":2072,"menu_order":18,"comment_status":"closed","ping_status":"closed","template":"","meta":{"footnotes":""},"class_list":["post-2115","page","type-page","status-publish","hentry"],"_links":{"self":[{"href":"https:\/\/rula.disabilityrightsca.org\/es\/wp-json\/wp\/v2\/pages\/2115","targetHints":{"allow":["GET"]}}],"collection":[{"href":"https:\/\/rula.disabilityrightsca.org\/es\/wp-json\/wp\/v2\/pages"}],"about":[{"href":"https:\/\/rula.disabilityrightsca.org\/es\/wp-json\/wp\/v2\/types\/page"}],"author":[{"embeddable":true,"href":"https:\/\/rula.disabilityrightsca.org\/es\/wp-json\/wp\/v2\/users\/1"}],"replies":[{"embeddable":true,"href":"https:\/\/rula.disabilityrightsca.org\/es\/wp-json\/wp\/v2\/comments?post=2115"}],"version-history":[{"count":6,"href":"https:\/\/rula.disabilityrightsca.org\/es\/wp-json\/wp\/v2\/pages\/2115\/revisions"}],"predecessor-version":[{"id":3898,"href":"https:\/\/rula.disabilityrightsca.org\/es\/wp-json\/wp\/v2\/pages\/2115\/revisions\/3898"}],"up":[{"embeddable":true,"href":"https:\/\/rula.disabilityrightsca.org\/es\/wp-json\/wp\/v2\/pages\/2072"}],"wp:attachment":[{"href":"https:\/\/rula.disabilityrightsca.org\/es\/wp-json\/wp\/v2\/media?parent=2115"}],"curies":[{"name":"wp","href":"https:\/\/api.w.org\/{rel}","templated":true}]}}