{"id":2107,"date":"2021-09-28T22:20:49","date_gmt":"2021-09-28T22:20:49","guid":{"rendered":"http:\/\/www.rula.disabilityrightsca.org\/es\/?page_id=2107"},"modified":"2025-03-18T16:35:37","modified_gmt":"2025-03-18T16:35:37","slug":"10-14-como-solicito-una-audiencia-apelacion","status":"publish","type":"page","link":"https:\/\/rula.disabilityrightsca.org\/es\/rula-book\/capitulo-10-apelaciones-y-reclamos-desacuerdos-con-centros-regionales-centros-de-desarrollo-o-proveedores-de-servicios\/10-14-como-solicito-una-audiencia-apelacion\/","title":{"rendered":"(10.14) \u00bfC\u00f3mo solicito una audiencia (apelaci\u00f3n)?"},"content":{"rendered":"\n<p>Cuando el centro regional le env\u00eda la notificaci\u00f3n de acci\u00f3n, tambi\u00e9n debe entregarle los formularios de apelaci\u00f3n.<span class=\"footnote_referrer\"><a role=\"button\" tabindex=\"0\" onclick=\"footnote_moveToReference_2107_1('footnote_plugin_reference_2107_1_1');\" onkeypress=\"footnote_moveToReference_2107_1('footnote_plugin_reference_2107_1_1');\" ><sup id=\"footnote_plugin_tooltip_2107_1_1\" class=\"footnote_plugin_tooltip_text\">[1]<\/sup><\/a><span id=\"footnote_plugin_tooltip_text_2107_1_1\" class=\"footnote_tooltip\">\u00a7\u00a04710.5(b)<\/span><\/span><script type=\"text\/javascript\"> jQuery('#footnote_plugin_tooltip_2107_1_1').tooltip({ tip: '#footnote_plugin_tooltip_text_2107_1_1', tipClass: 'footnote_tooltip', effect: 'fade', predelay: 0, fadeInSpeed: 200, delay: 400, fadeOutSpeed: 200, position: 'top center', relative: true, offset: [-7, 0], });<\/script> Si solicita apelar en persona, la persona a la que se lo solicita debe entregarle los formularios de apelaci\u00f3n. Esa persona debe preguntarle si desea ayuda para completar el formulario. Si necesita ayuda, deben brind\u00e1rsela.<span class=\"footnote_referrer\"><a role=\"button\" tabindex=\"0\" onclick=\"footnote_moveToReference_2107_1('footnote_plugin_reference_2107_1_2');\" onkeypress=\"footnote_moveToReference_2107_1('footnote_plugin_reference_2107_1_2');\" ><sup id=\"footnote_plugin_tooltip_2107_1_2\" class=\"footnote_plugin_tooltip_text\">[2]<\/sup><\/a><span id=\"footnote_plugin_tooltip_text_2107_1_2\" class=\"footnote_tooltip\">\u00a7\u00a04710.5(c)<\/span><\/span><script type=\"text\/javascript\"> jQuery('#footnote_plugin_tooltip_2107_1_2').tooltip({ tip: '#footnote_plugin_tooltip_text_2107_1_2', tipClass: 'footnote_tooltip', effect: 'fade', predelay: 0, fadeInSpeed: 200, delay: 400, fadeOutSpeed: 200, position: 'top center', relative: true, offset: [-7, 0], });<\/script><\/p>\n\n\n\n<p>Es un delito que un empleado del centro regional se niegue a darle los formularios de apelaci\u00f3n o se niegue a ayudarlo a completarlos.<span class=\"footnote_referrer\"><a role=\"button\" tabindex=\"0\" onclick=\"footnote_moveToReference_2107_1('footnote_plugin_reference_2107_1_3');\" onkeypress=\"footnote_moveToReference_2107_1('footnote_plugin_reference_2107_1_3');\" ><sup id=\"footnote_plugin_tooltip_2107_1_3\" class=\"footnote_plugin_tooltip_text\">[3]<\/sup><\/a><span id=\"footnote_plugin_tooltip_text_2107_1_3\" class=\"footnote_tooltip\">\u00a7\u00a04710.5(c)<\/span><\/span><script type=\"text\/javascript\"> jQuery('#footnote_plugin_tooltip_2107_1_3').tooltip({ tip: '#footnote_plugin_tooltip_text_2107_1_3', tipClass: 'footnote_tooltip', effect: 'fade', predelay: 0, fadeInSpeed: 200, delay: 400, fadeOutSpeed: 200, position: 'top center', relative: true, offset: [-7, 0], });<\/script> Si el centro regional no le env\u00eda una notificaci\u00f3n por escrito, a\u00fan puede apelar utilizando el formulario de \u201csolicitud de audiencia imparcial\u201d. En el formulario de solicitud de audiencia imparcial, puede poner por escrito que el centro regional se neg\u00f3 a darle el formulario o a ayudarlo.<\/p>\n\n\n\n<p>Para obtener el \u201cformulario de solicitud de apelaci\u00f3n seg\u00fan la Ley Lanterman\u201d, haga clic en&nbsp;<a href=\"https:\/\/www.dds.ca.gov\/wp-content\/uploads\/2024\/05\/DS_1821_2024.pdf\">https:\/\/www.dds.ca.gov\/wp-content\/uploads\/2024\/05\/DS_1821_2024.pdf<\/a>.<\/p>\n\n\n\n<p>Tambi\u00e9n se encuentra disponible en espa\u00f1ol y en otros idiomas.<\/p>\n<div class=\"speaker-mute footnotes_reference_container\"> <div class=\"footnote_container_prepare\"><p><span role=\"button\" tabindex=\"0\" class=\"footnote_reference_container_label pointer\" onclick=\"footnote_expand_collapse_reference_container_2107_1();\">&#x202F;<\/span><span role=\"button\" tabindex=\"0\" class=\"footnote_reference_container_collapse_button\" style=\"display: none;\" onclick=\"footnote_expand_collapse_reference_container_2107_1();\">[<a id=\"footnote_reference_container_collapse_button_2107_1\">+<\/a>]<\/span><\/p><\/div> <div id=\"footnote_references_container_2107_1\" style=\"\"><table class=\"footnotes_table footnote-reference-container\"><caption class=\"accessibility\">References<\/caption> <tbody> \r\n\r\n<tr class=\"footnotes_plugin_reference_row\"> <th scope=\"row\" class=\"footnote_plugin_index_combi pointer\"  onclick=\"footnote_moveToAnchor_2107_1('footnote_plugin_tooltip_2107_1_1');\"><a id=\"footnote_plugin_reference_2107_1_1\" class=\"footnote_backlink\"><span class=\"footnote_index_arrow\">&#8593;<\/span>1<\/a><\/th> <td class=\"footnote_plugin_text\">\u00a7\u00a04710.5(b)<\/td><\/tr>\r\n\r\n<tr class=\"footnotes_plugin_reference_row\"> <th scope=\"row\" class=\"footnote_plugin_index_combi\" ><a id=\"footnote_plugin_reference_2107_1_2\" class=\"footnote_backlink\" onclick=\"footnote_moveToAnchor_2107_1('footnote_plugin_tooltip_2107_1_2');\"><span class=\"footnote_index_arrow\">&#8593;<\/span>2,<\/a> <a id=\"footnote_plugin_reference_2107_1_3\" class=\"footnote_backlink\" onclick=\"footnote_moveToAnchor_2107_1('footnote_plugin_tooltip_2107_1_3');\"><span class=\"footnote_index_arrow\">&#8593;<\/span>3<\/a><\/th> <td class=\"footnote_plugin_text\">\u00a7\u00a04710.5(c)<\/td><\/tr>\r\n\r\n <\/tbody> <\/table> <\/div><\/div><script type=\"text\/javascript\"> function footnote_expand_reference_container_2107_1() { jQuery('#footnote_references_container_2107_1').show(); jQuery('#footnote_reference_container_collapse_button_2107_1').text('\u2212'); } function footnote_collapse_reference_container_2107_1() { jQuery('#footnote_references_container_2107_1').hide(); jQuery('#footnote_reference_container_collapse_button_2107_1').text('+'); } function footnote_expand_collapse_reference_container_2107_1() { if (jQuery('#footnote_references_container_2107_1').is(':hidden')) { footnote_expand_reference_container_2107_1(); } else { footnote_collapse_reference_container_2107_1(); } } function footnote_moveToReference_2107_1(p_str_TargetID) { footnote_expand_reference_container_2107_1(); var l_obj_Target = jQuery('#' + p_str_TargetID); if (l_obj_Target.length) { jQuery( 'html, body' ).delay( 0 ); jQuery('html, body').animate({ scrollTop: l_obj_Target.offset().top - window.innerHeight * 0.2 }, 380); } } function footnote_moveToAnchor_2107_1(p_str_TargetID) { footnote_expand_reference_container_2107_1(); var l_obj_Target = jQuery('#' + p_str_TargetID); if (l_obj_Target.length) { jQuery( 'html, body' ).delay( 0 ); jQuery('html, body').animate({ scrollTop: l_obj_Target.offset().top - window.innerHeight * 0.2 }, 380); } }<\/script>","protected":false},"excerpt":{"rendered":"<p>Cuando el centro regional le env\u00eda la notificaci\u00f3n de acci\u00f3n, tambi\u00e9n debe entregarle los formularios de apelaci\u00f3n.[1]\u00a7\u00a04710.5(b) Si solicita apelar en persona, la persona a&hellip;<\/p>\n","protected":false},"author":1,"featured_media":0,"parent":2072,"menu_order":14,"comment_status":"closed","ping_status":"closed","template":"","meta":{"footnotes":""},"class_list":["post-2107","page","type-page","status-publish","hentry"],"_links":{"self":[{"href":"https:\/\/rula.disabilityrightsca.org\/es\/wp-json\/wp\/v2\/pages\/2107","targetHints":{"allow":["GET"]}}],"collection":[{"href":"https:\/\/rula.disabilityrightsca.org\/es\/wp-json\/wp\/v2\/pages"}],"about":[{"href":"https:\/\/rula.disabilityrightsca.org\/es\/wp-json\/wp\/v2\/types\/page"}],"author":[{"embeddable":true,"href":"https:\/\/rula.disabilityrightsca.org\/es\/wp-json\/wp\/v2\/users\/1"}],"replies":[{"embeddable":true,"href":"https:\/\/rula.disabilityrightsca.org\/es\/wp-json\/wp\/v2\/comments?post=2107"}],"version-history":[{"count":9,"href":"https:\/\/rula.disabilityrightsca.org\/es\/wp-json\/wp\/v2\/pages\/2107\/revisions"}],"predecessor-version":[{"id":4080,"href":"https:\/\/rula.disabilityrightsca.org\/es\/wp-json\/wp\/v2\/pages\/2107\/revisions\/4080"}],"up":[{"embeddable":true,"href":"https:\/\/rula.disabilityrightsca.org\/es\/wp-json\/wp\/v2\/pages\/2072"}],"wp:attachment":[{"href":"https:\/\/rula.disabilityrightsca.org\/es\/wp-json\/wp\/v2\/media?parent=2107"}],"curies":[{"name":"wp","href":"https:\/\/api.w.org\/{rel}","templated":true}]}}