{"id":2105,"date":"2021-09-28T22:18:58","date_gmt":"2021-09-28T22:18:58","guid":{"rendered":"http:\/\/www.rula.disabilityrightsca.org\/es\/?page_id=2105"},"modified":"2025-03-18T17:28:44","modified_gmt":"2025-03-18T17:28:44","slug":"10-13-cual-es-mi-derecho-para-obtener-ayuda-pagada-pendiente","status":"publish","type":"page","link":"https:\/\/rula.disabilityrightsca.org\/es\/rula-book\/capitulo-10-apelaciones-y-reclamos-desacuerdos-con-centros-regionales-centros-de-desarrollo-o-proveedores-de-servicios\/10-13-cual-es-mi-derecho-para-obtener-ayuda-pagada-pendiente\/","title":{"rendered":"(10.13) \u00bfCu\u00e1l es mi derecho para obtener ayuda pagada pendiente?"},"content":{"rendered":"\n<p>Tiene derecho a continuar con los servicios que el centro regional desea cambiar mientras espera su apelaci\u00f3n. Este derecho tan importante se denomina \u201cayuda pagada pendiente\u201d. Sin embargo, debe solicitar la apelaci\u00f3n dentro de los 30&nbsp;d\u00edas despu\u00e9s de recibir la notificaci\u00f3n. <span class=\"footnote_referrer\"><a role=\"button\" tabindex=\"0\" onclick=\"footnote_moveToReference_2105_1('footnote_plugin_reference_2105_1_1');\" onkeypress=\"footnote_moveToReference_2105_1('footnote_plugin_reference_2105_1_1');\" ><sup id=\"footnote_plugin_tooltip_2105_1_1\" class=\"footnote_plugin_tooltip_text\">[1]<\/sup><\/a><span id=\"footnote_plugin_tooltip_text_2105_1_1\" class=\"footnote_tooltip\">\u00a7&nbsp;4715<\/span><\/span><script type=\"text\/javascript\"> jQuery('#footnote_plugin_tooltip_2105_1_1').tooltip({ tip: '#footnote_plugin_tooltip_text_2105_1_1', tipClass: 'footnote_tooltip', effect: 'fade', predelay: 0, fadeInSpeed: 200, delay: 400, fadeOutSpeed: 200, position: 'top center', relative: true, offset: [-7, 0], });<\/script>. Si espera m\u00e1s de 30&nbsp;d\u00edas, no recibir\u00e1 sus servicios actuales durante la apelaci\u00f3n.<\/p>\n\n\n\n<p>Consulte un cuadro con los plazos para las apelaciones en el\u00a0<a href=\"https:\/\/rula.disabilityrightsca.org\/es\/suplementos\/suplemento-n-organigrama-de-la-audiencia-imparcial\/\">Suplemento N<\/a>.<\/p>\n\n\n\n<p>Se trata de nuevos plazos, que sol\u00edan ser m\u00e1s cortos. Gracias a la defensa comunitaria, los plazos se han ampliado, pero a\u00fan deben cumplirse.<\/p>\n<div class=\"speaker-mute footnotes_reference_container\"> <div class=\"footnote_container_prepare\"><p><span role=\"button\" tabindex=\"0\" class=\"footnote_reference_container_label pointer\" onclick=\"footnote_expand_collapse_reference_container_2105_1();\">&#x202F;<\/span><span role=\"button\" tabindex=\"0\" class=\"footnote_reference_container_collapse_button\" style=\"display: none;\" onclick=\"footnote_expand_collapse_reference_container_2105_1();\">[<a id=\"footnote_reference_container_collapse_button_2105_1\">+<\/a>]<\/span><\/p><\/div> <div id=\"footnote_references_container_2105_1\" style=\"\"><table class=\"footnotes_table footnote-reference-container\"><caption class=\"accessibility\">References<\/caption> <tbody> \r\n\r\n<tr class=\"footnotes_plugin_reference_row\"> <th scope=\"row\" class=\"footnote_plugin_index_combi pointer\"  onclick=\"footnote_moveToAnchor_2105_1('footnote_plugin_tooltip_2105_1_1');\"><a id=\"footnote_plugin_reference_2105_1_1\" class=\"footnote_backlink\"><span class=\"footnote_index_arrow\">&#8593;<\/span>1<\/a><\/th> <td class=\"footnote_plugin_text\">\u00a7&nbsp;4715<\/td><\/tr>\r\n\r\n <\/tbody> <\/table> <\/div><\/div><script type=\"text\/javascript\"> function footnote_expand_reference_container_2105_1() { jQuery('#footnote_references_container_2105_1').show(); jQuery('#footnote_reference_container_collapse_button_2105_1').text('\u2212'); } function footnote_collapse_reference_container_2105_1() { jQuery('#footnote_references_container_2105_1').hide(); jQuery('#footnote_reference_container_collapse_button_2105_1').text('+'); } function footnote_expand_collapse_reference_container_2105_1() { if (jQuery('#footnote_references_container_2105_1').is(':hidden')) { footnote_expand_reference_container_2105_1(); } else { footnote_collapse_reference_container_2105_1(); } } function footnote_moveToReference_2105_1(p_str_TargetID) { footnote_expand_reference_container_2105_1(); var l_obj_Target = jQuery('#' + p_str_TargetID); if (l_obj_Target.length) { jQuery( 'html, body' ).delay( 0 ); jQuery('html, body').animate({ scrollTop: l_obj_Target.offset().top - window.innerHeight * 0.2 }, 380); } } function footnote_moveToAnchor_2105_1(p_str_TargetID) { footnote_expand_reference_container_2105_1(); var l_obj_Target = jQuery('#' + p_str_TargetID); if (l_obj_Target.length) { jQuery( 'html, body' ).delay( 0 ); jQuery('html, body').animate({ scrollTop: l_obj_Target.offset().top - window.innerHeight * 0.2 }, 380); } }<\/script>","protected":false},"excerpt":{"rendered":"<p>Tiene derecho a continuar con los servicios que el centro regional desea cambiar mientras espera su apelaci\u00f3n. Este derecho tan importante se denomina \u201cayuda pagada&hellip;<\/p>\n","protected":false},"author":1,"featured_media":0,"parent":2072,"menu_order":13,"comment_status":"closed","ping_status":"closed","template":"","meta":{"footnotes":""},"class_list":["post-2105","page","type-page","status-publish","hentry"],"_links":{"self":[{"href":"https:\/\/rula.disabilityrightsca.org\/es\/wp-json\/wp\/v2\/pages\/2105","targetHints":{"allow":["GET"]}}],"collection":[{"href":"https:\/\/rula.disabilityrightsca.org\/es\/wp-json\/wp\/v2\/pages"}],"about":[{"href":"https:\/\/rula.disabilityrightsca.org\/es\/wp-json\/wp\/v2\/types\/page"}],"author":[{"embeddable":true,"href":"https:\/\/rula.disabilityrightsca.org\/es\/wp-json\/wp\/v2\/users\/1"}],"replies":[{"embeddable":true,"href":"https:\/\/rula.disabilityrightsca.org\/es\/wp-json\/wp\/v2\/comments?post=2105"}],"version-history":[{"count":9,"href":"https:\/\/rula.disabilityrightsca.org\/es\/wp-json\/wp\/v2\/pages\/2105\/revisions"}],"predecessor-version":[{"id":4099,"href":"https:\/\/rula.disabilityrightsca.org\/es\/wp-json\/wp\/v2\/pages\/2105\/revisions\/4099"}],"up":[{"embeddable":true,"href":"https:\/\/rula.disabilityrightsca.org\/es\/wp-json\/wp\/v2\/pages\/2072"}],"wp:attachment":[{"href":"https:\/\/rula.disabilityrightsca.org\/es\/wp-json\/wp\/v2\/media?parent=2105"}],"curies":[{"name":"wp","href":"https:\/\/api.w.org\/{rel}","templated":true}]}}