{"id":2103,"date":"2021-09-28T22:17:16","date_gmt":"2021-09-28T22:17:16","guid":{"rendered":"http:\/\/www.rula.disabilityrightsca.org\/es\/?page_id=2103"},"modified":"2025-03-18T17:29:36","modified_gmt":"2025-03-18T17:29:36","slug":"10-12-que-plazo-tengo-para-presentar-una-apelacion-de-audiencia-imparcial","status":"publish","type":"page","link":"https:\/\/rula.disabilityrightsca.org\/es\/rula-book\/capitulo-10-apelaciones-y-reclamos-desacuerdos-con-centros-regionales-centros-de-desarrollo-o-proveedores-de-servicios\/10-12-que-plazo-tengo-para-presentar-una-apelacion-de-audiencia-imparcial\/","title":{"rendered":"(10.12) \u00bfQu\u00e9 plazo tengo para presentar una apelaci\u00f3n para una audiencia imparcial?"},"content":{"rendered":"\n<p>Una vez que reciba la notificaci\u00f3n de acci\u00f3n (notice of action, NOA), debe decidir si presentar\u00e1 una apelaci\u00f3n. Tiene 60\u00a0d\u00edas para solicitar una reuni\u00f3n informal, mediaci\u00f3n o audiencia imparcial. Los 60\u00a0d\u00edas comienzan a partir de la fecha en que recibe por escrito la NOA con la que no est\u00e1 de acuerdo. Si se trata de un servicio que ya est\u00e1 recibiendo y desea que contin\u00faen sus servicios, solo tiene 30\u00a0d\u00edas.<span class=\"footnote_referrer\"><a role=\"button\" tabindex=\"0\" onclick=\"footnote_moveToReference_2103_1('footnote_plugin_reference_2103_1_1');\" onkeypress=\"footnote_moveToReference_2103_1('footnote_plugin_reference_2103_1_1');\" ><sup id=\"footnote_plugin_tooltip_2103_1_1\" class=\"footnote_plugin_tooltip_text\">[1]<\/sup><\/a><span id=\"footnote_plugin_tooltip_text_2103_1_1\" class=\"footnote_tooltip\">\u00a7\u00a04715<\/span><\/span><script type=\"text\/javascript\"> jQuery('#footnote_plugin_tooltip_2103_1_1').tooltip({ tip: '#footnote_plugin_tooltip_text_2103_1_1', tipClass: 'footnote_tooltip', effect: 'fade', predelay: 0, fadeInSpeed: 200, delay: 400, fadeOutSpeed: 200, position: 'top center', relative: true, offset: [-7, 0], });<\/script> Debe solicitar (por escrito) una apelaci\u00f3n dentro de los 30\u00a0d\u00edas para que sus servicios contin\u00faen sin cambios. Esto se denomina \u201casistencia pagada pendiente\u201d.<\/p>\n\n\n\n<p>Si no cumple con el plazo de 60\u00a0d\u00edas porque no recibi\u00f3 una notificaci\u00f3n adecuada, o no recibi\u00f3 ninguna notificaci\u00f3n, debe solicitar una audiencia imparcial de inmediato. Esto protege su derecho a apelar y su derecho a continuar con los servicios durante la apelaci\u00f3n. Su apelaci\u00f3n debe decir que no recibi\u00f3 una \u201cnotificaci\u00f3n adecuada\u201d. Si el centro regional deniega, reduce o cancela los servicios sin avisarle, a\u00fan puede apelar. No necesita una notificaci\u00f3n para apelar. Tambi\u00e9n puede presentar un reclamo seg\u00fan el art\u00edculo\u00a04731 si cree que se ha vulnerado su derecho a recibir una notificaci\u00f3n adecuada.<\/p>\n\n\n\n<p>Estos plazos entraron en vigor el 1&nbsp;de marzo de&nbsp;2023.&nbsp;Sol\u00edan ser m\u00e1s cortos, pero, gracias a la defensa comunitaria, la gente ahora tiene m\u00e1s tiempo para presentar una apelaci\u00f3n.<\/p>\n<div class=\"speaker-mute footnotes_reference_container\"> <div class=\"footnote_container_prepare\"><p><span role=\"button\" tabindex=\"0\" class=\"footnote_reference_container_label pointer\" onclick=\"footnote_expand_collapse_reference_container_2103_1();\">&#x202F;<\/span><span role=\"button\" tabindex=\"0\" class=\"footnote_reference_container_collapse_button\" style=\"display: none;\" onclick=\"footnote_expand_collapse_reference_container_2103_1();\">[<a id=\"footnote_reference_container_collapse_button_2103_1\">+<\/a>]<\/span><\/p><\/div> <div id=\"footnote_references_container_2103_1\" style=\"\"><table class=\"footnotes_table footnote-reference-container\"><caption class=\"accessibility\">References<\/caption> <tbody> \r\n\r\n<tr class=\"footnotes_plugin_reference_row\"> <th scope=\"row\" class=\"footnote_plugin_index_combi pointer\"  onclick=\"footnote_moveToAnchor_2103_1('footnote_plugin_tooltip_2103_1_1');\"><a id=\"footnote_plugin_reference_2103_1_1\" class=\"footnote_backlink\"><span class=\"footnote_index_arrow\">&#8593;<\/span>1<\/a><\/th> <td class=\"footnote_plugin_text\">\u00a7\u00a04715<\/td><\/tr>\r\n\r\n <\/tbody> <\/table> <\/div><\/div><script type=\"text\/javascript\"> function footnote_expand_reference_container_2103_1() { jQuery('#footnote_references_container_2103_1').show(); jQuery('#footnote_reference_container_collapse_button_2103_1').text('\u2212'); } function footnote_collapse_reference_container_2103_1() { jQuery('#footnote_references_container_2103_1').hide(); jQuery('#footnote_reference_container_collapse_button_2103_1').text('+'); } function footnote_expand_collapse_reference_container_2103_1() { if (jQuery('#footnote_references_container_2103_1').is(':hidden')) { footnote_expand_reference_container_2103_1(); } else { footnote_collapse_reference_container_2103_1(); } } function footnote_moveToReference_2103_1(p_str_TargetID) { footnote_expand_reference_container_2103_1(); var l_obj_Target = jQuery('#' + p_str_TargetID); if (l_obj_Target.length) { jQuery( 'html, body' ).delay( 0 ); jQuery('html, body').animate({ scrollTop: l_obj_Target.offset().top - window.innerHeight * 0.2 }, 380); } } function footnote_moveToAnchor_2103_1(p_str_TargetID) { footnote_expand_reference_container_2103_1(); var l_obj_Target = jQuery('#' + p_str_TargetID); if (l_obj_Target.length) { jQuery( 'html, body' ).delay( 0 ); jQuery('html, body').animate({ scrollTop: l_obj_Target.offset().top - window.innerHeight * 0.2 }, 380); } }<\/script>","protected":false},"excerpt":{"rendered":"<p>Una vez que reciba la notificaci\u00f3n de acci\u00f3n (notice of action, NOA), debe decidir si presentar\u00e1 una apelaci\u00f3n. Tiene 60\u00a0d\u00edas para solicitar una reuni\u00f3n informal,&hellip;<\/p>\n","protected":false},"author":1,"featured_media":0,"parent":2072,"menu_order":12,"comment_status":"closed","ping_status":"closed","template":"","meta":{"footnotes":""},"class_list":["post-2103","page","type-page","status-publish","hentry"],"_links":{"self":[{"href":"https:\/\/rula.disabilityrightsca.org\/es\/wp-json\/wp\/v2\/pages\/2103","targetHints":{"allow":["GET"]}}],"collection":[{"href":"https:\/\/rula.disabilityrightsca.org\/es\/wp-json\/wp\/v2\/pages"}],"about":[{"href":"https:\/\/rula.disabilityrightsca.org\/es\/wp-json\/wp\/v2\/types\/page"}],"author":[{"embeddable":true,"href":"https:\/\/rula.disabilityrightsca.org\/es\/wp-json\/wp\/v2\/users\/1"}],"replies":[{"embeddable":true,"href":"https:\/\/rula.disabilityrightsca.org\/es\/wp-json\/wp\/v2\/comments?post=2103"}],"version-history":[{"count":8,"href":"https:\/\/rula.disabilityrightsca.org\/es\/wp-json\/wp\/v2\/pages\/2103\/revisions"}],"predecessor-version":[{"id":4100,"href":"https:\/\/rula.disabilityrightsca.org\/es\/wp-json\/wp\/v2\/pages\/2103\/revisions\/4100"}],"up":[{"embeddable":true,"href":"https:\/\/rula.disabilityrightsca.org\/es\/wp-json\/wp\/v2\/pages\/2072"}],"wp:attachment":[{"href":"https:\/\/rula.disabilityrightsca.org\/es\/wp-json\/wp\/v2\/media?parent=2103"}],"curies":[{"name":"wp","href":"https:\/\/api.w.org\/{rel}","templated":true}]}}