{"id":2101,"date":"2021-09-28T22:15:53","date_gmt":"2021-09-28T22:15:53","guid":{"rendered":"http:\/\/www.rula.disabilityrightsca.org\/es\/?page_id=2101"},"modified":"2023-12-05T20:44:54","modified_gmt":"2023-12-05T20:44:54","slug":"10-11-hay-ocasiones-en-las-que-el-centro-regional-no-tiene-que-dar-aviso","status":"publish","type":"page","link":"https:\/\/rula.disabilityrightsca.org\/es\/rula-book\/capitulo-10-apelaciones-y-reclamos-desacuerdos-con-centros-regionales-centros-de-desarrollo-o-proveedores-de-servicios\/10-11-hay-ocasiones-en-las-que-el-centro-regional-no-tiene-que-dar-aviso\/","title":{"rendered":"(10.11) \u00bfHay ocasiones en las que el centro regional no tiene que dar aviso?"},"content":{"rendered":"\n<p>S\u00ed, existe una excepci\u00f3n a los requisitos de notificaci\u00f3n por motivos de salud y seguridad. Si el centro regional necesita cambiar sus servicios para proteger su salud y seguridad, no es necesario que se lo comuniquen con anticipaci\u00f3n. El centro regional tiene 10 d\u00edas para notificarle despu\u00e9s de realizar el cambio.<span class=\"footnote_referrer\"><a role=\"button\" tabindex=\"0\" onclick=\"footnote_moveToReference_2101_1('footnote_plugin_reference_2101_1_1');\" onkeypress=\"footnote_moveToReference_2101_1('footnote_plugin_reference_2101_1_1');\" ><sup id=\"footnote_plugin_tooltip_2101_1_1\" class=\"footnote_plugin_tooltip_text\">[1]<\/sup><\/a><span id=\"footnote_plugin_tooltip_text_2101_1_1\" class=\"footnote_tooltip\">Secci\u00f3n 4710(f)<\/span><\/span><script type=\"text\/javascript\"> jQuery('#footnote_plugin_tooltip_2101_1_1').tooltip({ tip: '#footnote_plugin_tooltip_text_2101_1_1', tipClass: 'footnote_tooltip', effect: 'fade', predelay: 0, fadeInSpeed: 200, delay: 400, fadeOutSpeed: 200, position: 'top center', relative: true, offset: [-7, 0], });<\/script> La fecha l\u00edmite para apelar comienza cuando recibe el aviso, no cuando cambian sus servicios. <\/p>\n\n\n\n<p>En todas las dem\u00e1s situaciones, el centro regional debe notificarle 30 d\u00edas antes de que cambie o suspenda sus servicios.<\/p>\n<div class=\"speaker-mute footnotes_reference_container\"> <div class=\"footnote_container_prepare\"><p><span role=\"button\" tabindex=\"0\" class=\"footnote_reference_container_label pointer\" onclick=\"footnote_expand_collapse_reference_container_2101_1();\">&#x202F;<\/span><span role=\"button\" tabindex=\"0\" class=\"footnote_reference_container_collapse_button\" style=\"display: none;\" onclick=\"footnote_expand_collapse_reference_container_2101_1();\">[<a id=\"footnote_reference_container_collapse_button_2101_1\">+<\/a>]<\/span><\/p><\/div> <div id=\"footnote_references_container_2101_1\" style=\"\"><table class=\"footnotes_table footnote-reference-container\"><caption class=\"accessibility\">References<\/caption> <tbody> \r\n\r\n<tr class=\"footnotes_plugin_reference_row\"> <th scope=\"row\" class=\"footnote_plugin_index_combi pointer\"  onclick=\"footnote_moveToAnchor_2101_1('footnote_plugin_tooltip_2101_1_1');\"><a id=\"footnote_plugin_reference_2101_1_1\" class=\"footnote_backlink\"><span class=\"footnote_index_arrow\">&#8593;<\/span>1<\/a><\/th> <td class=\"footnote_plugin_text\">Secci\u00f3n 4710(f)<\/td><\/tr>\r\n\r\n <\/tbody> <\/table> <\/div><\/div><script type=\"text\/javascript\"> function footnote_expand_reference_container_2101_1() { jQuery('#footnote_references_container_2101_1').show(); jQuery('#footnote_reference_container_collapse_button_2101_1').text('\u2212'); } function footnote_collapse_reference_container_2101_1() { jQuery('#footnote_references_container_2101_1').hide(); jQuery('#footnote_reference_container_collapse_button_2101_1').text('+'); } function footnote_expand_collapse_reference_container_2101_1() { if (jQuery('#footnote_references_container_2101_1').is(':hidden')) { footnote_expand_reference_container_2101_1(); } else { footnote_collapse_reference_container_2101_1(); } } function footnote_moveToReference_2101_1(p_str_TargetID) { footnote_expand_reference_container_2101_1(); var l_obj_Target = jQuery('#' + p_str_TargetID); if (l_obj_Target.length) { jQuery( 'html, body' ).delay( 0 ); jQuery('html, body').animate({ scrollTop: l_obj_Target.offset().top - window.innerHeight * 0.2 }, 380); } } function footnote_moveToAnchor_2101_1(p_str_TargetID) { footnote_expand_reference_container_2101_1(); var l_obj_Target = jQuery('#' + p_str_TargetID); if (l_obj_Target.length) { jQuery( 'html, body' ).delay( 0 ); jQuery('html, body').animate({ scrollTop: l_obj_Target.offset().top - window.innerHeight * 0.2 }, 380); } }<\/script>","protected":false},"excerpt":{"rendered":"<p>S\u00ed, existe una excepci\u00f3n a los requisitos de notificaci\u00f3n por motivos de salud y seguridad. Si el centro regional necesita cambiar sus servicios para proteger&hellip;<\/p>\n","protected":false},"author":1,"featured_media":0,"parent":2072,"menu_order":11,"comment_status":"closed","ping_status":"closed","template":"","meta":{"footnotes":""},"class_list":["post-2101","page","type-page","status-publish","hentry"],"_links":{"self":[{"href":"https:\/\/rula.disabilityrightsca.org\/es\/wp-json\/wp\/v2\/pages\/2101","targetHints":{"allow":["GET"]}}],"collection":[{"href":"https:\/\/rula.disabilityrightsca.org\/es\/wp-json\/wp\/v2\/pages"}],"about":[{"href":"https:\/\/rula.disabilityrightsca.org\/es\/wp-json\/wp\/v2\/types\/page"}],"author":[{"embeddable":true,"href":"https:\/\/rula.disabilityrightsca.org\/es\/wp-json\/wp\/v2\/users\/1"}],"replies":[{"embeddable":true,"href":"https:\/\/rula.disabilityrightsca.org\/es\/wp-json\/wp\/v2\/comments?post=2101"}],"version-history":[{"count":4,"href":"https:\/\/rula.disabilityrightsca.org\/es\/wp-json\/wp\/v2\/pages\/2101\/revisions"}],"predecessor-version":[{"id":3892,"href":"https:\/\/rula.disabilityrightsca.org\/es\/wp-json\/wp\/v2\/pages\/2101\/revisions\/3892"}],"up":[{"embeddable":true,"href":"https:\/\/rula.disabilityrightsca.org\/es\/wp-json\/wp\/v2\/pages\/2072"}],"wp:attachment":[{"href":"https:\/\/rula.disabilityrightsca.org\/es\/wp-json\/wp\/v2\/media?parent=2101"}],"curies":[{"name":"wp","href":"https:\/\/api.w.org\/{rel}","templated":true}]}}