{"id":2097,"date":"2021-09-28T22:12:30","date_gmt":"2021-09-28T22:12:30","guid":{"rendered":"http:\/\/www.rula.disabilityrightsca.org\/es\/?page_id=2097"},"modified":"2025-03-18T16:31:42","modified_gmt":"2025-03-18T16:31:42","slug":"10-9-el-departamento-de-servicios-del-desarrollo-dds-tiene-formularios-en-otros-idiomas","status":"publish","type":"page","link":"https:\/\/rula.disabilityrightsca.org\/es\/rula-book\/capitulo-10-apelaciones-y-reclamos-desacuerdos-con-centros-regionales-centros-de-desarrollo-o-proveedores-de-servicios\/10-9-el-departamento-de-servicios-del-desarrollo-dds-tiene-formularios-en-otros-idiomas\/","title":{"rendered":"(10.9) \u00bfEl Departamento de Servicios de Desarrollo (Department of Developmental Services, DDS) tiene los formularios en otros idiomas?"},"content":{"rendered":"\n<p>El DDS tiene estos formularios en espa\u00f1ol, armenio occidental, dari, farsi, hindi, hmong, japon\u00e9s, camboyano, coreano, laosiano, portugu\u00e9s, ruso, chino, tagalo, urdu, vietnamita y mien.&nbsp;Todos ellos est\u00e1n disponibles en la p\u00e1gina del DDS sobre apelaciones de servicios y elegibilidad seg\u00fan la Ley Lanterman:&nbsp;<a href=\"https:\/\/www.dds.ca.gov\/general\/appeals-complaints-comments\/fair-hearings-complaint-process\/\">https:\/\/www.dds.ca.gov\/general\/appeals-complaints-comments\/fair-hearings-complaint-process\/<\/a><\/p>\n\n\n\n<p>DS 1819: Formulario de autorizaci\u00f3n de representante. Utilice este formulario si tiene la intenci\u00f3n de que alguien lo represente en la audiencia. Este formulario le da permiso al DDS para compartir informaci\u00f3n sobre su caso con un abogado.&nbsp;<\/p>\n\n\n\n<p>DS 1820: Notificaci\u00f3n de acci\u00f3n. Este es el formulario que el centro regional debe proporcionarle cuando tiene la intenci\u00f3n de reducir o interrumpir un servicio. A partir del 1 de enero de 2025, tambi\u00e9n se utilizar\u00e1 para informar a las personas sobre las determinaciones de admisi\u00f3n y elegibilidad.&nbsp;Tambi\u00e9n incluye informaci\u00f3n de contacto de la Oficina de Defensa de los Derechos de los Clientes (Office of Clients\u2019 Rights Advocacy, OCRA), el Consejo Estatal de Discapacidades del Desarrollo (State Council on Developmental Disabilities, SCDD) y Disability Rights California.<\/p>\n\n\n\n<p>DS 1822: Notificaci\u00f3n de resoluci\u00f3n. Si ha presentado una apelaci\u00f3n y el asunto se resuelve antes de que el juez tome una decisi\u00f3n, o si desea retirar su apelaci\u00f3n, entonces este formulario se utiliza para explicar c\u00f3mo se resolvi\u00f3 el caso.\u00a0<\/p>\n\n\n\n<p>DS 1823: Cambio en la solicitud de apelaci\u00f3n. Este es el formulario que se utiliza si desea a\u00f1adir un paso al proceso de apelaci\u00f3n. Por ejemplo, si en un principio solo solicit\u00f3 una reuni\u00f3n informal cuando present\u00f3 su solicitud, este formulario puede usarse para agregar m\u00e1s adelante la mediaci\u00f3n o audiencia.&nbsp;<\/p>\n\n\n\n<p>DS 1824: Solicitud final de reconsideraci\u00f3n. Despu\u00e9s de la audiencia, usted o el centro regional pueden solicitar una \u201creconsideraci\u00f3n\u201d, que es una forma de corregir un error administrativo o un error de hecho o de derecho en la decisi\u00f3n de la audiencia.&nbsp;Este formulario debe presentarse dentro de los 15&nbsp;d\u00edas a partir de la fecha en que recibi\u00f3 la decisi\u00f3n de la audiencia.<\/p>\n\n\n\n<p>Ejemplo de carta de buena fe: El centro regional usa una carta de buena fe cuando no hay otro documento escrito (por ejemplo, un IPP) que explique los servicios que usted ha aceptado. El centro regional debe enviarle la carta de buena fe dentro de los 5\u00a0d\u00edas h\u00e1biles posteriores al d\u00eda en que este cree que usted estuvo de acuerdo.\u00a0\u00a0Tambi\u00e9n hay paquetes informativos, organigramas y otra informaci\u00f3n \u00fatil disponible para brindarle ayuda en el proceso de apelaci\u00f3n.\u00a0<span class=\"footnote_referrer\"><a role=\"button\" tabindex=\"0\" onclick=\"footnote_moveToReference_2097_1('footnote_plugin_reference_2097_1_1');\" onkeypress=\"footnote_moveToReference_2097_1('footnote_plugin_reference_2097_1_1');\" ><sup id=\"footnote_plugin_tooltip_2097_1_1\" class=\"footnote_plugin_tooltip_text\">[1]<\/sup><\/a><span id=\"footnote_plugin_tooltip_text_2097_1_1\" class=\"footnote_tooltip\">Consulte el cap\u00edtulo\u00a010 de RULA para obtener m\u00e1s informaci\u00f3n sobre el proceso de apelaci\u00f3n<\/span><\/span><script type=\"text\/javascript\"> jQuery('#footnote_plugin_tooltip_2097_1_1').tooltip({ tip: '#footnote_plugin_tooltip_text_2097_1_1', tipClass: 'footnote_tooltip', effect: 'fade', predelay: 0, fadeInSpeed: 200, delay: 400, fadeOutSpeed: 200, position: 'top center', relative: true, offset: [-7, 0], });<\/script><\/p>\n<div class=\"speaker-mute footnotes_reference_container\"> <div class=\"footnote_container_prepare\"><p><span role=\"button\" tabindex=\"0\" class=\"footnote_reference_container_label pointer\" onclick=\"footnote_expand_collapse_reference_container_2097_1();\">&#x202F;<\/span><span role=\"button\" tabindex=\"0\" class=\"footnote_reference_container_collapse_button\" style=\"display: none;\" onclick=\"footnote_expand_collapse_reference_container_2097_1();\">[<a id=\"footnote_reference_container_collapse_button_2097_1\">+<\/a>]<\/span><\/p><\/div> <div id=\"footnote_references_container_2097_1\" style=\"\"><table class=\"footnotes_table footnote-reference-container\"><caption class=\"accessibility\">References<\/caption> <tbody> \r\n\r\n<tr class=\"footnotes_plugin_reference_row\"> <th scope=\"row\" class=\"footnote_plugin_index_combi pointer\"  onclick=\"footnote_moveToAnchor_2097_1('footnote_plugin_tooltip_2097_1_1');\"><a id=\"footnote_plugin_reference_2097_1_1\" class=\"footnote_backlink\"><span class=\"footnote_index_arrow\">&#8593;<\/span>1<\/a><\/th> <td class=\"footnote_plugin_text\">Consulte el cap\u00edtulo\u00a010 de RULA para obtener m\u00e1s informaci\u00f3n sobre el proceso de apelaci\u00f3n<\/td><\/tr>\r\n\r\n <\/tbody> <\/table> <\/div><\/div><script type=\"text\/javascript\"> function footnote_expand_reference_container_2097_1() { jQuery('#footnote_references_container_2097_1').show(); jQuery('#footnote_reference_container_collapse_button_2097_1').text('\u2212'); } function footnote_collapse_reference_container_2097_1() { jQuery('#footnote_references_container_2097_1').hide(); jQuery('#footnote_reference_container_collapse_button_2097_1').text('+'); } function footnote_expand_collapse_reference_container_2097_1() { if (jQuery('#footnote_references_container_2097_1').is(':hidden')) { footnote_expand_reference_container_2097_1(); } else { footnote_collapse_reference_container_2097_1(); } } function footnote_moveToReference_2097_1(p_str_TargetID) { footnote_expand_reference_container_2097_1(); var l_obj_Target = jQuery('#' + p_str_TargetID); if (l_obj_Target.length) { jQuery( 'html, body' ).delay( 0 ); jQuery('html, body').animate({ scrollTop: l_obj_Target.offset().top - window.innerHeight * 0.2 }, 380); } } function footnote_moveToAnchor_2097_1(p_str_TargetID) { footnote_expand_reference_container_2097_1(); var l_obj_Target = jQuery('#' + p_str_TargetID); if (l_obj_Target.length) { jQuery( 'html, body' ).delay( 0 ); jQuery('html, body').animate({ scrollTop: l_obj_Target.offset().top - window.innerHeight * 0.2 }, 380); } }<\/script>","protected":false},"excerpt":{"rendered":"<p>El DDS tiene estos formularios en espa\u00f1ol, armenio occidental, dari, farsi, hindi, hmong, japon\u00e9s, camboyano, coreano, laosiano, portugu\u00e9s, ruso, chino, tagalo, urdu, vietnamita y mien.&nbsp;Todos&hellip;<\/p>\n","protected":false},"author":1,"featured_media":0,"parent":2072,"menu_order":9,"comment_status":"closed","ping_status":"closed","template":"","meta":{"footnotes":""},"class_list":["post-2097","page","type-page","status-publish","hentry"],"_links":{"self":[{"href":"https:\/\/rula.disabilityrightsca.org\/es\/wp-json\/wp\/v2\/pages\/2097","targetHints":{"allow":["GET"]}}],"collection":[{"href":"https:\/\/rula.disabilityrightsca.org\/es\/wp-json\/wp\/v2\/pages"}],"about":[{"href":"https:\/\/rula.disabilityrightsca.org\/es\/wp-json\/wp\/v2\/types\/page"}],"author":[{"embeddable":true,"href":"https:\/\/rula.disabilityrightsca.org\/es\/wp-json\/wp\/v2\/users\/1"}],"replies":[{"embeddable":true,"href":"https:\/\/rula.disabilityrightsca.org\/es\/wp-json\/wp\/v2\/comments?post=2097"}],"version-history":[{"count":5,"href":"https:\/\/rula.disabilityrightsca.org\/es\/wp-json\/wp\/v2\/pages\/2097\/revisions"}],"predecessor-version":[{"id":4076,"href":"https:\/\/rula.disabilityrightsca.org\/es\/wp-json\/wp\/v2\/pages\/2097\/revisions\/4076"}],"up":[{"embeddable":true,"href":"https:\/\/rula.disabilityrightsca.org\/es\/wp-json\/wp\/v2\/pages\/2072"}],"wp:attachment":[{"href":"https:\/\/rula.disabilityrightsca.org\/es\/wp-json\/wp\/v2\/media?parent=2097"}],"curies":[{"name":"wp","href":"https:\/\/api.w.org\/{rel}","templated":true}]}}