{"id":2093,"date":"2021-09-28T22:10:13","date_gmt":"2021-09-28T22:10:13","guid":{"rendered":"http:\/\/www.rula.disabilityrightsca.org\/es\/?page_id=2093"},"modified":"2023-11-29T17:52:07","modified_gmt":"2023-11-29T17:52:07","slug":"10-7-puedo-apelar-sin-aviso-o-apelar-tarde","status":"publish","type":"page","link":"https:\/\/rula.disabilityrightsca.org\/es\/rula-book\/capitulo-10-apelaciones-y-reclamos-desacuerdos-con-centros-regionales-centros-de-desarrollo-o-proveedores-de-servicios\/10-7-puedo-apelar-sin-aviso-o-apelar-tarde\/","title":{"rendered":"(10.7) \u00bfPuedo apelar sin aviso o apelar tarde?"},"content":{"rendered":"\n<p>S\u00ed. Si el centro regional se niega a proporcionar un servicio o cambia un servicio sin avisarle, puede apelar. No necesita un aviso para apelar. Si el centro regional no le da un aviso, su apelaci\u00f3n no puede considerarse tard\u00eda.<\/p>\n\n\n\n<p>Solicite una apelaci\u00f3n lo antes posible. Esto protege su derecho a apelar y es posible que tenga derecho a continuar con los servicios durante la apelaci\u00f3n. Su carta debe decir que no recibi\u00f3 un &#8220;aviso adecuado&#8221;. Consulte el\u00a0<a href=\"https:\/\/rula.disabilityrightsca.org\/es\/suplementos\/suplemento-n-organigrama-de-la-audiencia-imparcial\/\">Suplemento N<\/a>\u00a0para conocer los plazos de las apelaciones.<\/p>\n\n\n\n<p>Solicite su apelaci\u00f3n de inmediato para que sus servicios puedan continuar (si es un servicio que ya est\u00e1 recibiendo). Posteriormente, puede presentar un reclamo (denominado reclamo de la secci\u00f3n 4731) sobre los problemas con el aviso. Consulte los\u00a0<a href=\"https:\/\/rula.disabilityrightsca.org\/es\/rula-book\/capitulo-10-apelaciones-y-reclamos-desacuerdos-con-centros-regionales-centros-de-desarrollo-o-proveedores-de-servicios\/10-38-que-sucede-con-mis-servicios-durante-una-apelacion-ante-un-tribunal-superior\/\">Reclamos de la Secci\u00f3n 4731<\/a>.<\/p>\n","protected":false},"excerpt":{"rendered":"<p>S\u00ed. Si el centro regional se niega a proporcionar un servicio o cambia un servicio sin avisarle, puede apelar. No necesita un aviso para apelar.&hellip;<\/p>\n","protected":false},"author":1,"featured_media":0,"parent":2072,"menu_order":7,"comment_status":"closed","ping_status":"closed","template":"","meta":{"footnotes":""},"class_list":["post-2093","page","type-page","status-publish","hentry"],"_links":{"self":[{"href":"https:\/\/rula.disabilityrightsca.org\/es\/wp-json\/wp\/v2\/pages\/2093","targetHints":{"allow":["GET"]}}],"collection":[{"href":"https:\/\/rula.disabilityrightsca.org\/es\/wp-json\/wp\/v2\/pages"}],"about":[{"href":"https:\/\/rula.disabilityrightsca.org\/es\/wp-json\/wp\/v2\/types\/page"}],"author":[{"embeddable":true,"href":"https:\/\/rula.disabilityrightsca.org\/es\/wp-json\/wp\/v2\/users\/1"}],"replies":[{"embeddable":true,"href":"https:\/\/rula.disabilityrightsca.org\/es\/wp-json\/wp\/v2\/comments?post=2093"}],"version-history":[{"count":7,"href":"https:\/\/rula.disabilityrightsca.org\/es\/wp-json\/wp\/v2\/pages\/2093\/revisions"}],"predecessor-version":[{"id":3587,"href":"https:\/\/rula.disabilityrightsca.org\/es\/wp-json\/wp\/v2\/pages\/2093\/revisions\/3587"}],"up":[{"embeddable":true,"href":"https:\/\/rula.disabilityrightsca.org\/es\/wp-json\/wp\/v2\/pages\/2072"}],"wp:attachment":[{"href":"https:\/\/rula.disabilityrightsca.org\/es\/wp-json\/wp\/v2\/media?parent=2093"}],"curies":[{"name":"wp","href":"https:\/\/api.w.org\/{rel}","templated":true}]}}