{"id":2091,"date":"2021-09-28T22:09:10","date_gmt":"2021-09-28T22:09:10","guid":{"rendered":"http:\/\/www.rula.disabilityrightsca.org\/es\/?page_id=2091"},"modified":"2023-12-05T20:43:02","modified_gmt":"2023-12-05T20:43:02","slug":"10-6-que-sucede-si-hay-algun-problema-con-el-aviso","status":"publish","type":"page","link":"https:\/\/rula.disabilityrightsca.org\/es\/rula-book\/capitulo-10-apelaciones-y-reclamos-desacuerdos-con-centros-regionales-centros-de-desarrollo-o-proveedores-de-servicios\/10-6-que-sucede-si-hay-algun-problema-con-el-aviso\/","title":{"rendered":"(10.6) \u00bfQu\u00e9 sucede si hay alg\u00fan problema con el aviso?"},"content":{"rendered":"\n<p>Los problemas de aviso son comunes. A veces, el centro regional le informa que decidi\u00f3 cambiar un servicio, pero no le env\u00eda una notificaci\u00f3n por escrito. Otras veces, el aviso escrito que env\u00edan est\u00e1 incompleto.<\/p>\n\n\n\n<p>A continuaci\u00f3n, se muestra un ejemplo de aviso incompleto:<\/p>\n\n\n\n<p>&#8220;Se ha determinado que usted no califica para los servicios del centro regional porque no tiene una discapacidad del desarrollo como se define en la secci\u00f3n 4512(a) del C\u00f3digo de Bienestar e Instituciones&#8221;.<\/p>\n\n\n\n<p>Esto no le brinda la informaci\u00f3n que necesita. No le dice lo que dice la ley. La mayor\u00eda de la gente no sabe lo que dice la secci\u00f3n 4512(a) del C\u00f3digo de Bienestar Social e Instituciones. No dice por qu\u00e9 no tiene una discapacidad del desarrollo. No dice qu\u00e9 utiliz\u00f3 el centro regional para tomar su decisi\u00f3n.<\/p>\n\n\n\n<p>Incluso si su aviso est\u00e1 incompleto, solicite una apelaci\u00f3n lo antes posible. Esto protege su derecho a apelar y puede permitirle continuar con sus servicios durante su apelaci\u00f3n. Cuando apele, puede decir que no recibi\u00f3 un &#8220;notificaci\u00f3n o aviso adecuado&#8221;. Tambi\u00e9n puede presentar un Reclamo de la Secci\u00f3n 4731. Solicite su apelaci\u00f3n de inmediato para que sus servicios puedan continuar. Luego puede presentar un reclamo. <\/p>\n\n\n\n<p>Consulte la secci\u00f3n sobre\u00a0<a href=\"https:\/\/rula.disabilityrightsca.org\/es\/rula-book\/capitulo-10-apelaciones-y-reclamos-desacuerdos-con-centros-regionales-centros-de-desarrollo-o-proveedores-de-servicios\/10-38-que-sucede-con-mis-servicios-durante-una-apelacion-ante-un-tribunal-superior\/\">Reclamos 4731<\/a>\u00a0y el\u00a0<a href=\"https:\/\/rula.disabilityrightsca.org\/es\/suplementos\/suplemento-o-como-presentar-un-reclamo-de-la-seccion-4731\/\">Suplemento O<\/a>\u00a0para los Reclamos 4731.<\/p>\n","protected":false},"excerpt":{"rendered":"<p>Los problemas de aviso son comunes. A veces, el centro regional le informa que decidi\u00f3 cambiar un servicio, pero no le env\u00eda una notificaci\u00f3n por&hellip;<\/p>\n","protected":false},"author":1,"featured_media":0,"parent":2072,"menu_order":6,"comment_status":"closed","ping_status":"closed","template":"","meta":{"footnotes":""},"class_list":["post-2091","page","type-page","status-publish","hentry"],"_links":{"self":[{"href":"https:\/\/rula.disabilityrightsca.org\/es\/wp-json\/wp\/v2\/pages\/2091","targetHints":{"allow":["GET"]}}],"collection":[{"href":"https:\/\/rula.disabilityrightsca.org\/es\/wp-json\/wp\/v2\/pages"}],"about":[{"href":"https:\/\/rula.disabilityrightsca.org\/es\/wp-json\/wp\/v2\/types\/page"}],"author":[{"embeddable":true,"href":"https:\/\/rula.disabilityrightsca.org\/es\/wp-json\/wp\/v2\/users\/1"}],"replies":[{"embeddable":true,"href":"https:\/\/rula.disabilityrightsca.org\/es\/wp-json\/wp\/v2\/comments?post=2091"}],"version-history":[{"count":7,"href":"https:\/\/rula.disabilityrightsca.org\/es\/wp-json\/wp\/v2\/pages\/2091\/revisions"}],"predecessor-version":[{"id":3890,"href":"https:\/\/rula.disabilityrightsca.org\/es\/wp-json\/wp\/v2\/pages\/2091\/revisions\/3890"}],"up":[{"embeddable":true,"href":"https:\/\/rula.disabilityrightsca.org\/es\/wp-json\/wp\/v2\/pages\/2072"}],"wp:attachment":[{"href":"https:\/\/rula.disabilityrightsca.org\/es\/wp-json\/wp\/v2\/media?parent=2091"}],"curies":[{"name":"wp","href":"https:\/\/api.w.org\/{rel}","templated":true}]}}