{"id":2089,"date":"2021-09-28T22:07:51","date_gmt":"2021-09-28T22:07:51","guid":{"rendered":"http:\/\/www.rula.disabilityrightsca.org\/es\/?page_id=2089"},"modified":"2023-06-21T22:15:52","modified_gmt":"2023-06-21T22:15:52","slug":"10-5-que-es-un-aviso-adecuado","status":"publish","type":"page","link":"https:\/\/rula.disabilityrightsca.org\/es\/rula-book\/capitulo-10-apelaciones-y-reclamos-desacuerdos-con-centros-regionales-centros-de-desarrollo-o-proveedores-de-servicios\/10-5-que-es-un-aviso-adecuado\/","title":{"rendered":"(10.5) \u00bfQu\u00e9 es un &#8220;aviso adecuado&#8221;?"},"content":{"rendered":"\n<p>Para que el Aviso de acci\u00f3n (NOA) sea adecuado, debe informarle qu\u00e9 planea hacer el centro regional y qu\u00e9 leyes le permiten hacerlo. Esto le ayuda a decidir si debe apelar y le ayuda a prepararse para su audiencia. El aviso del centro regional debe ser claro y estar redactado en un idioma que usted comprenda.<\/p>\n\n\n\n<p>La notificaci\u00f3n debe decir:<\/p>\n\n\n\n<ul class=\"wp-block-list\"><li>Qu\u00e9 har\u00e1 el centro regional;<\/li><li>Por qu\u00e9 lo est\u00e1n haciendo;<\/li><li>Cuando lo har\u00e1;<\/li><li>La ley, regla o pol\u00edtica que les permite hacerlo<\/li><li>C\u00f3mo y d\u00f3nde presentar una apelaci\u00f3n;<\/li><li>Plazos para presentar una apelaci\u00f3n;<\/li><li>Informaci\u00f3n sobre lo que ocurre durante el proceso de apelaci\u00f3n;<\/li><li>C\u00f3mo revisar los registros de su centro regional para ayudarle a preparar su caso, y<\/li><li>D\u00f3nde obtener asesoramiento para la defensa de sus derechos.<\/li><\/ul>\n","protected":false},"excerpt":{"rendered":"<p>Para que el Aviso de acci\u00f3n (NOA) sea adecuado, debe informarle qu\u00e9 planea hacer el centro regional y qu\u00e9 leyes le permiten hacerlo. Esto le&hellip;<\/p>\n","protected":false},"author":1,"featured_media":0,"parent":2072,"menu_order":5,"comment_status":"closed","ping_status":"closed","template":"","meta":{"footnotes":""},"class_list":["post-2089","page","type-page","status-publish","hentry"],"_links":{"self":[{"href":"https:\/\/rula.disabilityrightsca.org\/es\/wp-json\/wp\/v2\/pages\/2089","targetHints":{"allow":["GET"]}}],"collection":[{"href":"https:\/\/rula.disabilityrightsca.org\/es\/wp-json\/wp\/v2\/pages"}],"about":[{"href":"https:\/\/rula.disabilityrightsca.org\/es\/wp-json\/wp\/v2\/types\/page"}],"author":[{"embeddable":true,"href":"https:\/\/rula.disabilityrightsca.org\/es\/wp-json\/wp\/v2\/users\/1"}],"replies":[{"embeddable":true,"href":"https:\/\/rula.disabilityrightsca.org\/es\/wp-json\/wp\/v2\/comments?post=2089"}],"version-history":[{"count":3,"href":"https:\/\/rula.disabilityrightsca.org\/es\/wp-json\/wp\/v2\/pages\/2089\/revisions"}],"predecessor-version":[{"id":3306,"href":"https:\/\/rula.disabilityrightsca.org\/es\/wp-json\/wp\/v2\/pages\/2089\/revisions\/3306"}],"up":[{"embeddable":true,"href":"https:\/\/rula.disabilityrightsca.org\/es\/wp-json\/wp\/v2\/pages\/2072"}],"wp:attachment":[{"href":"https:\/\/rula.disabilityrightsca.org\/es\/wp-json\/wp\/v2\/media?parent=2089"}],"curies":[{"name":"wp","href":"https:\/\/api.w.org\/{rel}","templated":true}]}}