{"id":2086,"date":"2021-09-28T22:06:12","date_gmt":"2021-09-28T22:06:12","guid":{"rendered":"http:\/\/www.rula.disabilityrightsca.org\/es\/?page_id=2086"},"modified":"2023-12-05T20:41:39","modified_gmt":"2023-12-05T20:41:39","slug":"10-4-tengo-un-limite-de-tiempo-en-mi-servicio-de-ipp-puedo-apelar-cuando-termine-de-todas-formas","status":"publish","type":"page","link":"https:\/\/rula.disabilityrightsca.org\/es\/rula-book\/capitulo-10-apelaciones-y-reclamos-desacuerdos-con-centros-regionales-centros-de-desarrollo-o-proveedores-de-servicios\/10-4-tengo-un-limite-de-tiempo-en-mi-servicio-de-ipp-puedo-apelar-cuando-termine-de-todas-formas\/","title":{"rendered":"(10.4) Tengo un l\u00edmite de tiempo en mi servicio de IPP. \u00bfPuedo apelar cuando termine de todas formas?"},"content":{"rendered":"\n<p>S\u00ed. Todos los servicios en su IPP deben revisarse peri\u00f3dicamente<span class=\"footnote_referrer\"><a role=\"button\" tabindex=\"0\" onclick=\"footnote_moveToReference_2086_1('footnote_plugin_reference_2086_1_1');\" onkeypress=\"footnote_moveToReference_2086_1('footnote_plugin_reference_2086_1_1');\" ><sup id=\"footnote_plugin_tooltip_2086_1_1\" class=\"footnote_plugin_tooltip_text\">[1]<\/sup><\/a><span id=\"footnote_plugin_tooltip_text_2086_1_1\" class=\"footnote_tooltip\">Secci\u00f3n 4646.5(a)(6)<\/span><\/span><script type=\"text\/javascript\"> jQuery('#footnote_plugin_tooltip_2086_1_1').tooltip({ tip: '#footnote_plugin_tooltip_text_2086_1_1', tipClass: 'footnote_tooltip', effect: 'fade', predelay: 0, fadeInSpeed: 200, delay: 400, fadeOutSpeed: 200, position: 'top center', relative: true, offset: [-7, 0], });<\/script> Usted y su centro regional deben revisar sus necesidades de servicio en los momentos programados. Esto no significa que sus servicios &#8220;caducan&#8221;. Algunos centros regionales establecen l\u00edmites de tiempo en su IPP y suspenden los servicios ese d\u00eda sin previo aviso. Esto viola su derecho a recibir la notificaci\u00f3n y apelar.<\/p>\n\n\n\n<p>Algunos centros regionales imponen l\u00edmites de tiempo a los servicios en formularios llamados &#8220;autorizaci\u00f3n de compra de servicio&#8221;. Este es un documento interno. No tiene control sobre los servicios a los que usted tiene derecho.<\/p>\n\n\n\n<p>No acepte tener l\u00edmites de tiempo en su IPP. Si hay una fecha de vencimiento en su IPP, eso no es un aviso. El centro regional no puede detener o cambiar un servicio sin darle un aviso de acci\u00f3n que le informe sobre su derecho a apelar.<span class=\"footnote_referrer\"><a role=\"button\" tabindex=\"0\" onclick=\"footnote_moveToReference_2086_1('footnote_plugin_reference_2086_1_2');\" onkeypress=\"footnote_moveToReference_2086_1('footnote_plugin_reference_2086_1_2');\" ><sup id=\"footnote_plugin_tooltip_2086_1_2\" class=\"footnote_plugin_tooltip_text\">[2]<\/sup><\/a><span id=\"footnote_plugin_tooltip_text_2086_1_2\" class=\"footnote_tooltip\">Un juez de derecho administrativo dice que el &#8220;centro regional no puede evitar el requisito de que &#8220;los servicios que se brindan de conformidad con el plan de programa individual del&nbsp;&#x2026; <span class=\"footnote_tooltip_continue\"  onclick=\"footnote_moveToReference_2086_1('footnote_plugin_reference_2086_1_2');\">Continue reading<\/span><\/span><\/span><script type=\"text\/javascript\"> jQuery('#footnote_plugin_tooltip_2086_1_2').tooltip({ tip: '#footnote_plugin_tooltip_text_2086_1_2', tipClass: 'footnote_tooltip', effect: 'fade', predelay: 0, fadeInSpeed: 200, delay: 400, fadeOutSpeed: 200, position: 'top center', relative: true, offset: [-7, 0], });<\/script><\/p>\n\n\n\n<p>Debe tener una reuni\u00f3n de IPP antes de que expire su IPP actual para analizar sus servicios. La reuni\u00f3n de IPP debe tener lugar con suficiente anticipaci\u00f3n para que el centro regional pueda enviarle una notificaci\u00f3n al menos 30 d\u00edas antes de que desee cambiar un servicio.<span class=\"footnote_referrer\"><a role=\"button\" tabindex=\"0\" onclick=\"footnote_moveToReference_2086_1('footnote_plugin_reference_2086_1_3');\" onkeypress=\"footnote_moveToReference_2086_1('footnote_plugin_reference_2086_1_3');\" ><sup id=\"footnote_plugin_tooltip_2086_1_3\" class=\"footnote_plugin_tooltip_text\">[3]<\/sup><\/a><span id=\"footnote_plugin_tooltip_text_2086_1_3\" class=\"footnote_tooltip\">Secci\u00f3n 4710<\/span><\/span><script type=\"text\/javascript\"> jQuery('#footnote_plugin_tooltip_2086_1_3').tooltip({ tip: '#footnote_plugin_tooltip_text_2086_1_3', tipClass: 'footnote_tooltip', effect: 'fade', predelay: 0, fadeInSpeed: 200, delay: 400, fadeOutSpeed: 200, position: 'top center', relative: true, offset: [-7, 0], });<\/script><\/p>\n\n\n\n<p>Mantenga un registro de su IPP y sus servicios. Solicite una reuni\u00f3n al centro regional para hablar sobre los servicios que a\u00fan necesita en su IPP. Si no puede lograr un acuerdo en su reuni\u00f3n de IPP, el centro regional debe notific\u00e1rselo por escrito. Despu\u00e9s de recibir el aviso, usted tiene 10 d\u00edas para solicitar una apelaci\u00f3n si desea que sus servicios contin\u00faen hasta que finalice la apelaci\u00f3n.<span class=\"footnote_referrer\"><a role=\"button\" tabindex=\"0\" onclick=\"footnote_moveToReference_2086_1('footnote_plugin_reference_2086_1_4');\" onkeypress=\"footnote_moveToReference_2086_1('footnote_plugin_reference_2086_1_4');\" ><sup id=\"footnote_plugin_tooltip_2086_1_4\" class=\"footnote_plugin_tooltip_text\">[4]<\/sup><\/a><span id=\"footnote_plugin_tooltip_text_2086_1_4\" class=\"footnote_tooltip\">Secci\u00f3n 4715<\/span><\/span><script type=\"text\/javascript\"> jQuery('#footnote_plugin_tooltip_2086_1_4').tooltip({ tip: '#footnote_plugin_tooltip_text_2086_1_4', tipClass: 'footnote_tooltip', effect: 'fade', predelay: 0, fadeInSpeed: 200, delay: 400, fadeOutSpeed: 200, position: 'top center', relative: true, offset: [-7, 0], });<\/script><\/p>\n\n\n\n<p>Si acepta finalizar un servicio, el centro regional no tiene que notificarle por escrito.<\/p>\n<div class=\"speaker-mute footnotes_reference_container\"> <div class=\"footnote_container_prepare\"><p><span role=\"button\" tabindex=\"0\" class=\"footnote_reference_container_label pointer\" onclick=\"footnote_expand_collapse_reference_container_2086_1();\">&#x202F;<\/span><span role=\"button\" tabindex=\"0\" class=\"footnote_reference_container_collapse_button\" style=\"display: none;\" onclick=\"footnote_expand_collapse_reference_container_2086_1();\">[<a id=\"footnote_reference_container_collapse_button_2086_1\">+<\/a>]<\/span><\/p><\/div> <div id=\"footnote_references_container_2086_1\" style=\"\"><table class=\"footnotes_table footnote-reference-container\"><caption class=\"accessibility\">References<\/caption> <tbody> \r\n\r\n<tr class=\"footnotes_plugin_reference_row\"> <th scope=\"row\" class=\"footnote_plugin_index_combi pointer\"  onclick=\"footnote_moveToAnchor_2086_1('footnote_plugin_tooltip_2086_1_1');\"><a id=\"footnote_plugin_reference_2086_1_1\" class=\"footnote_backlink\"><span class=\"footnote_index_arrow\">&#8593;<\/span>1<\/a><\/th> <td class=\"footnote_plugin_text\">Secci\u00f3n 4646.5(a)(6)<\/td><\/tr>\r\n\r\n<tr class=\"footnotes_plugin_reference_row\"> <th scope=\"row\" class=\"footnote_plugin_index_combi pointer\"  onclick=\"footnote_moveToAnchor_2086_1('footnote_plugin_tooltip_2086_1_2');\"><a id=\"footnote_plugin_reference_2086_1_2\" class=\"footnote_backlink\"><span class=\"footnote_index_arrow\">&#8593;<\/span>2<\/a><\/th> <td class=\"footnote_plugin_text\">Un juez de derecho administrativo dice que el &#8220;centro regional no puede evitar el requisito de que &#8220;los servicios que se brindan de conformidad con el plan de programa individual del destinatario contin\u00faen durante el procedimiento de apelaci\u00f3n&#8221;. El hecho de que el IPP limitara expresamente el per\u00edodo durante el cual el centro regional acord\u00f3 brindar el servicio no cambia el hecho de que el servicio se estaba &#8220;brindando de conformidad con&#8230;el plan de programa individual del beneficiario&#8221;. Un l\u00edmite expreso puede desencadenar una revisi\u00f3n peri\u00f3dica o anticipada para determinar si un consumidor tiene derecho a que un servicio contin\u00fae, pero no puede anular el requisito de ayuda pagada pendiente. Cuando un consumidor apela una reducci\u00f3n o cambio en el servicio, el requisito de ayuda pagada pendiente le da derecho al consumidor a que el servicio contin\u00fae hasta que se resuelva la disputa&#8221;. Consulte el Caso OAH N.\u00ba N-2005090555, p\u00e1g. 8. Las decisiones de la audiencia administrativa pueden ser persuasivas, aunque otros jueces no decidan de la misma manera<\/td><\/tr>\r\n\r\n<tr class=\"footnotes_plugin_reference_row\"> <th scope=\"row\" class=\"footnote_plugin_index_combi pointer\"  onclick=\"footnote_moveToAnchor_2086_1('footnote_plugin_tooltip_2086_1_3');\"><a id=\"footnote_plugin_reference_2086_1_3\" class=\"footnote_backlink\"><span class=\"footnote_index_arrow\">&#8593;<\/span>3<\/a><\/th> <td class=\"footnote_plugin_text\">Secci\u00f3n 4710<\/td><\/tr>\r\n\r\n<tr class=\"footnotes_plugin_reference_row\"> <th scope=\"row\" class=\"footnote_plugin_index_combi pointer\"  onclick=\"footnote_moveToAnchor_2086_1('footnote_plugin_tooltip_2086_1_4');\"><a id=\"footnote_plugin_reference_2086_1_4\" class=\"footnote_backlink\"><span class=\"footnote_index_arrow\">&#8593;<\/span>4<\/a><\/th> <td class=\"footnote_plugin_text\">Secci\u00f3n 4715<\/td><\/tr>\r\n\r\n <\/tbody> <\/table> <\/div><\/div><script type=\"text\/javascript\"> function footnote_expand_reference_container_2086_1() { jQuery('#footnote_references_container_2086_1').show(); jQuery('#footnote_reference_container_collapse_button_2086_1').text('\u2212'); } function footnote_collapse_reference_container_2086_1() { jQuery('#footnote_references_container_2086_1').hide(); jQuery('#footnote_reference_container_collapse_button_2086_1').text('+'); } function footnote_expand_collapse_reference_container_2086_1() { if (jQuery('#footnote_references_container_2086_1').is(':hidden')) { footnote_expand_reference_container_2086_1(); } else { footnote_collapse_reference_container_2086_1(); } } function footnote_moveToReference_2086_1(p_str_TargetID) { footnote_expand_reference_container_2086_1(); var l_obj_Target = jQuery('#' + p_str_TargetID); if (l_obj_Target.length) { jQuery( 'html, body' ).delay( 0 ); jQuery('html, body').animate({ scrollTop: l_obj_Target.offset().top - window.innerHeight * 0.2 }, 380); } } function footnote_moveToAnchor_2086_1(p_str_TargetID) { footnote_expand_reference_container_2086_1(); var l_obj_Target = jQuery('#' + p_str_TargetID); if (l_obj_Target.length) { jQuery( 'html, body' ).delay( 0 ); jQuery('html, body').animate({ scrollTop: l_obj_Target.offset().top - window.innerHeight * 0.2 }, 380); } }<\/script>","protected":false},"excerpt":{"rendered":"<p>S\u00ed. Todos los servicios en su IPP deben revisarse peri\u00f3dicamente[1]Secci\u00f3n 4646.5(a)(6) Usted y su centro regional deben revisar sus necesidades de servicio en los momentos&hellip;<\/p>\n","protected":false},"author":1,"featured_media":0,"parent":2072,"menu_order":4,"comment_status":"closed","ping_status":"closed","template":"","meta":{"footnotes":""},"class_list":["post-2086","page","type-page","status-publish","hentry"],"_links":{"self":[{"href":"https:\/\/rula.disabilityrightsca.org\/es\/wp-json\/wp\/v2\/pages\/2086","targetHints":{"allow":["GET"]}}],"collection":[{"href":"https:\/\/rula.disabilityrightsca.org\/es\/wp-json\/wp\/v2\/pages"}],"about":[{"href":"https:\/\/rula.disabilityrightsca.org\/es\/wp-json\/wp\/v2\/types\/page"}],"author":[{"embeddable":true,"href":"https:\/\/rula.disabilityrightsca.org\/es\/wp-json\/wp\/v2\/users\/1"}],"replies":[{"embeddable":true,"href":"https:\/\/rula.disabilityrightsca.org\/es\/wp-json\/wp\/v2\/comments?post=2086"}],"version-history":[{"count":4,"href":"https:\/\/rula.disabilityrightsca.org\/es\/wp-json\/wp\/v2\/pages\/2086\/revisions"}],"predecessor-version":[{"id":3889,"href":"https:\/\/rula.disabilityrightsca.org\/es\/wp-json\/wp\/v2\/pages\/2086\/revisions\/3889"}],"up":[{"embeddable":true,"href":"https:\/\/rula.disabilityrightsca.org\/es\/wp-json\/wp\/v2\/pages\/2072"}],"wp:attachment":[{"href":"https:\/\/rula.disabilityrightsca.org\/es\/wp-json\/wp\/v2\/media?parent=2086"}],"curies":[{"name":"wp","href":"https:\/\/api.w.org\/{rel}","templated":true}]}}