{"id":2083,"date":"2021-09-28T22:02:41","date_gmt":"2021-09-28T22:02:41","guid":{"rendered":"http:\/\/www.rula.disabilityrightsca.org\/es\/?page_id=2083"},"modified":"2023-12-05T20:39:27","modified_gmt":"2023-12-05T20:39:27","slug":"10-3-cuando-debe-notificarme-el-centro-regional","status":"publish","type":"page","link":"https:\/\/rula.disabilityrightsca.org\/es\/rula-book\/capitulo-10-apelaciones-y-reclamos-desacuerdos-con-centros-regionales-centros-de-desarrollo-o-proveedores-de-servicios\/10-3-cuando-debe-notificarme-el-centro-regional\/","title":{"rendered":"(10.3) \u00bfCu\u00e1ndo debe notificarme el centro regional?"},"content":{"rendered":"\n<p>Si usted y el centro regional est\u00e1n de acuerdo, el centro regional no tiene que notificarle por escrito. Un acuerdo significa que usted firma un IPP o un documento escrito que dice que est\u00e1 de acuerdo con la decisi\u00f3n de un centro regional de cambiar, denegar o cancelar un servicio.<span class=\"footnote_referrer\"><a role=\"button\" tabindex=\"0\" onclick=\"footnote_moveToReference_2083_1('footnote_plugin_reference_2083_1_1');\" onkeypress=\"footnote_moveToReference_2083_1('footnote_plugin_reference_2083_1_1');\" ><sup id=\"footnote_plugin_tooltip_2083_1_1\" class=\"footnote_plugin_tooltip_text\">[1]<\/sup><\/a><span id=\"footnote_plugin_tooltip_text_2083_1_1\" class=\"footnote_tooltip\">Secci\u00f3n 4701(k)<\/span><\/span><script type=\"text\/javascript\"> jQuery('#footnote_plugin_tooltip_2083_1_1').tooltip({ tip: '#footnote_plugin_tooltip_text_2083_1_1', tipClass: 'footnote_tooltip', effect: 'fade', predelay: 0, fadeInSpeed: 200, delay: 400, fadeOutSpeed: 200, position: 'top center', relative: true, offset: [-7, 0], });<\/script> Si no hay un IPP firmado o un documento escrito, pero el centro regional cree que usted est\u00e1 de acuerdo con su decisi\u00f3n, debe enviarle una carta explicando su decisi\u00f3n, por qu\u00e9 cree que usted est\u00e1 de acuerdo con la decisi\u00f3n y brindarle informaci\u00f3n sobre su derecho a apelar la decisi\u00f3n.<span class=\"footnote_referrer\"><a role=\"button\" tabindex=\"0\" onclick=\"footnote_moveToReference_2083_1('footnote_plugin_reference_2083_1_2');\" onkeypress=\"footnote_moveToReference_2083_1('footnote_plugin_reference_2083_1_2');\" ><sup id=\"footnote_plugin_tooltip_2083_1_2\" class=\"footnote_plugin_tooltip_text\">[2]<\/sup><\/a><span id=\"footnote_plugin_tooltip_text_2083_1_2\" class=\"footnote_tooltip\">Secci\u00f3n 4701(k).<\/span><\/span><script type=\"text\/javascript\"> jQuery('#footnote_plugin_tooltip_2083_1_2').tooltip({ tip: '#footnote_plugin_tooltip_text_2083_1_2', tipClass: 'footnote_tooltip', effect: 'fade', predelay: 0, fadeInSpeed: 200, delay: 400, fadeOutSpeed: 200, position: 'top center', relative: true, offset: [-7, 0], });<\/script><\/p>\n\n\n\n<p>El centro regional debe notificarle por escrito si usted no est\u00e1 de acuerdo con una decisi\u00f3n que toma el centro regional, incluso cuando:<\/p>\n\n\n\n<ul class=\"wp-block-list\">\n<li>Solicita los servicios del centro regional y le dicen que no tiene una discapacidad del desarrollo y que no califica para los servicios.<span class=\"footnote_referrer\"><a role=\"button\" tabindex=\"0\" onclick=\"footnote_moveToReference_2083_1('footnote_plugin_reference_2083_1_3');\" onkeypress=\"footnote_moveToReference_2083_1('footnote_plugin_reference_2083_1_3');\" ><sup id=\"footnote_plugin_tooltip_2083_1_3\" class=\"footnote_plugin_tooltip_text\">[3]<\/sup><\/a><span id=\"footnote_plugin_tooltip_text_2083_1_3\" class=\"footnote_tooltip\">Secci\u00f3n 4710I<\/span><\/span><script type=\"text\/javascript\"> jQuery('#footnote_plugin_tooltip_2083_1_3').tooltip({ tip: '#footnote_plugin_tooltip_text_2083_1_3', tipClass: 'footnote_tooltip', effect: 'fade', predelay: 0, fadeInSpeed: 200, delay: 400, fadeOutSpeed: 200, position: 'top center', relative: true, offset: [-7, 0], });<\/script><\/li>\n\n\n\n<li>Est\u00e1 recibiendo servicios del centro regional y ellos deciden que ya no califica para los servicios.<span class=\"footnote_referrer\"><a role=\"button\" tabindex=\"0\" onclick=\"footnote_moveToReference_2083_1('footnote_plugin_reference_2083_1_4');\" onkeypress=\"footnote_moveToReference_2083_1('footnote_plugin_reference_2083_1_4');\" ><sup id=\"footnote_plugin_tooltip_2083_1_4\" class=\"footnote_plugin_tooltip_text\">[4]<\/sup><\/a><span id=\"footnote_plugin_tooltip_text_2083_1_4\" class=\"footnote_tooltip\">Secci\u00f3n 4710(a)(2)<\/span><\/span><script type=\"text\/javascript\"> jQuery('#footnote_plugin_tooltip_2083_1_4').tooltip({ tip: '#footnote_plugin_tooltip_text_2083_1_4', tipClass: 'footnote_tooltip', effect: 'fade', predelay: 0, fadeInSpeed: 200, delay: 400, fadeOutSpeed: 200, position: 'top center', relative: true, offset: [-7, 0], });<\/script><\/li>\n\n\n\n<li>El centro regional dice que no brindar\u00e1 un servicio que usted ha solicitado.<span class=\"footnote_referrer\"><a role=\"button\" tabindex=\"0\" onclick=\"footnote_moveToReference_2083_1('footnote_plugin_reference_2083_1_5');\" onkeypress=\"footnote_moveToReference_2083_1('footnote_plugin_reference_2083_1_5');\" ><sup id=\"footnote_plugin_tooltip_2083_1_5\" class=\"footnote_plugin_tooltip_text\">[5]<\/sup><\/a><span id=\"footnote_plugin_tooltip_text_2083_1_5\" class=\"footnote_tooltip\">Secci\u00f3n 4710(b)<\/span><\/span><script type=\"text\/javascript\"> jQuery('#footnote_plugin_tooltip_2083_1_5').tooltip({ tip: '#footnote_plugin_tooltip_text_2083_1_5', tipClass: 'footnote_tooltip', effect: 'fade', predelay: 0, fadeInSpeed: 200, delay: 400, fadeOutSpeed: 200, position: 'top center', relative: true, offset: [-7, 0], });<\/script> (Tiene 5 d\u00edas h\u00e1biles para enviarle una notificaci\u00f3n por correo certificado).<span class=\"footnote_referrer\"><a role=\"button\" tabindex=\"0\" onclick=\"footnote_moveToReference_2083_1('footnote_plugin_reference_2083_1_6');\" onkeypress=\"footnote_moveToReference_2083_1('footnote_plugin_reference_2083_1_6');\" ><sup id=\"footnote_plugin_tooltip_2083_1_6\" class=\"footnote_plugin_tooltip_text\">[6]<\/sup><\/a><span id=\"footnote_plugin_tooltip_text_2083_1_6\" class=\"footnote_tooltip\">Secci\u00f3n 4710(b) <\/span><\/span><script type=\"text\/javascript\"> jQuery('#footnote_plugin_tooltip_2083_1_6').tooltip({ tip: '#footnote_plugin_tooltip_text_2083_1_6', tipClass: 'footnote_tooltip', effect: 'fade', predelay: 0, fadeInSpeed: 200, delay: 400, fadeOutSpeed: 200, position: 'top center', relative: true, offset: [-7, 0], });<\/script><\/li>\n\n\n\n<li>El centro regional desea suspender o cambiar un servicio en su IPP y usted no est\u00e1 de acuerdo.<span class=\"footnote_referrer\"><a role=\"button\" tabindex=\"0\" onclick=\"footnote_moveToReference_2083_1('footnote_plugin_reference_2083_1_7');\" onkeypress=\"footnote_moveToReference_2083_1('footnote_plugin_reference_2083_1_7');\" ><sup id=\"footnote_plugin_tooltip_2083_1_7\" class=\"footnote_plugin_tooltip_text\">[7]<\/sup><\/a><span id=\"footnote_plugin_tooltip_text_2083_1_7\" class=\"footnote_tooltip\">Secci\u00f3n 4710(a)(1)<\/span><\/span><script type=\"text\/javascript\"> jQuery('#footnote_plugin_tooltip_2083_1_7').tooltip({ tip: '#footnote_plugin_tooltip_text_2083_1_7', tipClass: 'footnote_tooltip', effect: 'fade', predelay: 0, fadeInSpeed: 200, delay: 400, fadeOutSpeed: 200, position: 'top center', relative: true, offset: [-7, 0], });<\/script> El centro regional debe notificarle al menos 30 d\u00edas antes de cambiar el servicio en su IPP.<span class=\"footnote_referrer\"><a role=\"button\" tabindex=\"0\" onclick=\"footnote_moveToReference_2083_1('footnote_plugin_reference_2083_1_8');\" onkeypress=\"footnote_moveToReference_2083_1('footnote_plugin_reference_2083_1_8');\" ><sup id=\"footnote_plugin_tooltip_2083_1_8\" class=\"footnote_plugin_tooltip_text\">[8]<\/sup><\/a><span id=\"footnote_plugin_tooltip_text_2083_1_8\" class=\"footnote_tooltip\">Secci\u00f3n 4710(a)(1) Consulte la Excepci\u00f3n a los requisitos de notificaci\u00f3n a continuaci\u00f3n, para conocer las excepciones a esta regla<\/span><\/span><script type=\"text\/javascript\"> jQuery('#footnote_plugin_tooltip_2083_1_8').tooltip({ tip: '#footnote_plugin_tooltip_text_2083_1_8', tipClass: 'footnote_tooltip', effect: 'fade', predelay: 0, fadeInSpeed: 200, delay: 400, fadeOutSpeed: 200, position: 'top center', relative: true, offset: [-7, 0], });<\/script><\/li>\n\n\n\n<li>El centro regional dice que no tiene el dinero para brindarle servicios.<span class=\"footnote_referrer\"><a role=\"button\" tabindex=\"0\" onclick=\"footnote_moveToReference_2083_1('footnote_plugin_reference_2083_1_9');\" onkeypress=\"footnote_moveToReference_2083_1('footnote_plugin_reference_2083_1_9');\" ><sup id=\"footnote_plugin_tooltip_2083_1_9\" class=\"footnote_plugin_tooltip_text\">[9]<\/sup><\/a><span id=\"footnote_plugin_tooltip_text_2083_1_9\" class=\"footnote_tooltip\">Secci\u00f3n 4710(c)<\/span><\/span><script type=\"text\/javascript\"> jQuery('#footnote_plugin_tooltip_2083_1_9').tooltip({ tip: '#footnote_plugin_tooltip_text_2083_1_9', tipClass: 'footnote_tooltip', effect: 'fade', predelay: 0, fadeInSpeed: 200, delay: 400, fadeOutSpeed: 200, position: 'top center', relative: true, offset: [-7, 0], });<\/script><\/li>\n\n\n\n<li>Usted no est\u00e1 de acuerdo con la totalidad o parte de su IPP.<span class=\"footnote_referrer\"><a role=\"button\" tabindex=\"0\" onclick=\"footnote_moveToReference_2083_1('footnote_plugin_reference_2083_1_10');\" onkeypress=\"footnote_moveToReference_2083_1('footnote_plugin_reference_2083_1_10');\" ><sup id=\"footnote_plugin_tooltip_2083_1_10\" class=\"footnote_plugin_tooltip_text\">[10]<\/sup><\/a><span id=\"footnote_plugin_tooltip_text_2083_1_10\" class=\"footnote_tooltip\">Secci\u00f3n 4646(i)<\/span><\/span><script type=\"text\/javascript\"> jQuery('#footnote_plugin_tooltip_2083_1_10').tooltip({ tip: '#footnote_plugin_tooltip_text_2083_1_10', tipClass: 'footnote_tooltip', effect: 'fade', predelay: 0, fadeInSpeed: 200, delay: 400, fadeOutSpeed: 200, position: 'top center', relative: true, offset: [-7, 0], });<\/script><\/li>\n<\/ul>\n\n\n\n<p>Es ilegal que el centro regional deniegue o cambie un servicio sin notificarlo por escrito. P\u00eddale al centro regional que le env\u00ede una notificaci\u00f3n por escrito. Puede apelar incluso si el centro regional se niega a enviarle una notificaci\u00f3n. Consulte las preguntas sobre apelaciones sin aviso o apelaciones tard\u00edas. Tambi\u00e9n puede presentar un reclamo (denominado Reclamo o Queja de la Secci\u00f3n 4731) ante el director del centro regional.<span class=\"footnote_referrer\"><a role=\"button\" tabindex=\"0\" onclick=\"footnote_moveToReference_2083_1('footnote_plugin_reference_2083_1_11');\" onkeypress=\"footnote_moveToReference_2083_1('footnote_plugin_reference_2083_1_11');\" ><sup id=\"footnote_plugin_tooltip_2083_1_11\" class=\"footnote_plugin_tooltip_text\">[11]<\/sup><\/a><span id=\"footnote_plugin_tooltip_text_2083_1_11\" class=\"footnote_tooltip\">Presentar una apelaci\u00f3n a tiempo es m\u00e1s importante. Presente un Reclamo de la Secci\u00f3n 4731 con su apelaci\u00f3n de audiencia imparcial si tiene suficiente tiempo<\/span><\/span><script type=\"text\/javascript\"> jQuery('#footnote_plugin_tooltip_2083_1_11').tooltip({ tip: '#footnote_plugin_tooltip_text_2083_1_11', tipClass: 'footnote_tooltip', effect: 'fade', predelay: 0, fadeInSpeed: 200, delay: 400, fadeOutSpeed: 200, position: 'top center', relative: true, offset: [-7, 0], });<\/script> Consulte la secci\u00f3n sobre Reclamos 4731. Si vive en un centro de desarrollo, notifique al director.<span class=\"footnote_referrer\"><a role=\"button\" tabindex=\"0\" onclick=\"footnote_moveToReference_2083_1('footnote_plugin_reference_2083_1_12');\" onkeypress=\"footnote_moveToReference_2083_1('footnote_plugin_reference_2083_1_12');\" ><sup id=\"footnote_plugin_tooltip_2083_1_12\" class=\"footnote_plugin_tooltip_text\">[12]<\/sup><\/a><span id=\"footnote_plugin_tooltip_text_2083_1_12\" class=\"footnote_tooltip\">Secci\u00f3n 4731(b)<\/span><\/span><script type=\"text\/javascript\"> jQuery('#footnote_plugin_tooltip_2083_1_12').tooltip({ tip: '#footnote_plugin_tooltip_text_2083_1_12', tipClass: 'footnote_tooltip', effect: 'fade', predelay: 0, fadeInSpeed: 200, delay: 400, fadeOutSpeed: 200, position: 'top center', relative: true, offset: [-7, 0], });<\/script><\/p>\n\n\n\n<p>Consulte el&nbsp;<a href=\"https:\/\/rula.disabilityrightsca.org\/es\/suplementos\/suplemento-o-como-presentar-un-reclamo-de-la-seccion-4731\/\">Suplemento O<\/a>&nbsp;para ver un ejemplo de Reclamo 4731.<\/p>\n\n\n\n<p>Haga clic&nbsp;<a href=\"https:\/\/www.dds.ca.gov\/wp-content\/uploads\/2019\/05\/DS1803.pdf\">AQU\u00cd<\/a> para obtener un formulario de &#8220;Aviso de acci\u00f3n propuesta&#8221;. <span class=\"footnote_referrer\"><a role=\"button\" tabindex=\"0\" onclick=\"footnote_moveToReference_2083_1('footnote_plugin_reference_2083_1_13');\" onkeypress=\"footnote_moveToReference_2083_1('footnote_plugin_reference_2083_1_13');\" ><sup id=\"footnote_plugin_tooltip_2083_1_13\" class=\"footnote_plugin_tooltip_text\">[13]<\/sup><\/a><span id=\"footnote_plugin_tooltip_text_2083_1_13\" class=\"footnote_tooltip\">Puede ver e imprimir los formularios del DDS en l\u00ednea en: https:\/\/<a href=\"http:\/\/www.dds.ca.gov\/transparency\/dds-forms\/\">www.dds.ca.gov\/transparency\/dds-forms\/<\/a><\/span><\/span><script type=\"text\/javascript\"> jQuery('#footnote_plugin_tooltip_2083_1_13').tooltip({ tip: '#footnote_plugin_tooltip_text_2083_1_13', tipClass: 'footnote_tooltip', effect: 'fade', predelay: 0, fadeInSpeed: 200, delay: 400, fadeOutSpeed: 200, position: 'top center', relative: true, offset: [-7, 0], });<\/script><\/p>\n<div class=\"speaker-mute footnotes_reference_container\"> <div class=\"footnote_container_prepare\"><p><span role=\"button\" tabindex=\"0\" class=\"footnote_reference_container_label pointer\" onclick=\"footnote_expand_collapse_reference_container_2083_1();\">&#x202F;<\/span><span role=\"button\" tabindex=\"0\" class=\"footnote_reference_container_collapse_button\" style=\"display: none;\" onclick=\"footnote_expand_collapse_reference_container_2083_1();\">[<a id=\"footnote_reference_container_collapse_button_2083_1\">+<\/a>]<\/span><\/p><\/div> <div id=\"footnote_references_container_2083_1\" style=\"\"><table class=\"footnotes_table footnote-reference-container\"><caption class=\"accessibility\">References<\/caption> <tbody> \r\n\r\n<tr class=\"footnotes_plugin_reference_row\"> <th scope=\"row\" class=\"footnote_plugin_index_combi pointer\"  onclick=\"footnote_moveToAnchor_2083_1('footnote_plugin_tooltip_2083_1_1');\"><a id=\"footnote_plugin_reference_2083_1_1\" class=\"footnote_backlink\"><span class=\"footnote_index_arrow\">&#8593;<\/span>1<\/a><\/th> <td class=\"footnote_plugin_text\">Secci\u00f3n 4701(k)<\/td><\/tr>\r\n\r\n<tr class=\"footnotes_plugin_reference_row\"> <th scope=\"row\" class=\"footnote_plugin_index_combi pointer\"  onclick=\"footnote_moveToAnchor_2083_1('footnote_plugin_tooltip_2083_1_2');\"><a id=\"footnote_plugin_reference_2083_1_2\" class=\"footnote_backlink\"><span class=\"footnote_index_arrow\">&#8593;<\/span>2<\/a><\/th> <td class=\"footnote_plugin_text\">Secci\u00f3n 4701(k).<\/td><\/tr>\r\n\r\n<tr class=\"footnotes_plugin_reference_row\"> <th scope=\"row\" class=\"footnote_plugin_index_combi pointer\"  onclick=\"footnote_moveToAnchor_2083_1('footnote_plugin_tooltip_2083_1_3');\"><a id=\"footnote_plugin_reference_2083_1_3\" class=\"footnote_backlink\"><span class=\"footnote_index_arrow\">&#8593;<\/span>3<\/a><\/th> <td class=\"footnote_plugin_text\">Secci\u00f3n 4710I<\/td><\/tr>\r\n\r\n<tr class=\"footnotes_plugin_reference_row\"> <th scope=\"row\" class=\"footnote_plugin_index_combi pointer\"  onclick=\"footnote_moveToAnchor_2083_1('footnote_plugin_tooltip_2083_1_4');\"><a id=\"footnote_plugin_reference_2083_1_4\" class=\"footnote_backlink\"><span class=\"footnote_index_arrow\">&#8593;<\/span>4<\/a><\/th> <td class=\"footnote_plugin_text\">Secci\u00f3n 4710(a)(2)<\/td><\/tr>\r\n\r\n<tr class=\"footnotes_plugin_reference_row\"> <th scope=\"row\" class=\"footnote_plugin_index_combi pointer\"  onclick=\"footnote_moveToAnchor_2083_1('footnote_plugin_tooltip_2083_1_5');\"><a id=\"footnote_plugin_reference_2083_1_5\" class=\"footnote_backlink\"><span class=\"footnote_index_arrow\">&#8593;<\/span>5<\/a><\/th> <td class=\"footnote_plugin_text\">Secci\u00f3n 4710(b)<\/td><\/tr>\r\n\r\n<tr class=\"footnotes_plugin_reference_row\"> <th scope=\"row\" class=\"footnote_plugin_index_combi pointer\"  onclick=\"footnote_moveToAnchor_2083_1('footnote_plugin_tooltip_2083_1_6');\"><a id=\"footnote_plugin_reference_2083_1_6\" class=\"footnote_backlink\"><span class=\"footnote_index_arrow\">&#8593;<\/span>6<\/a><\/th> <td class=\"footnote_plugin_text\">Secci\u00f3n 4710(b) <\/td><\/tr>\r\n\r\n<tr class=\"footnotes_plugin_reference_row\"> <th scope=\"row\" class=\"footnote_plugin_index_combi pointer\"  onclick=\"footnote_moveToAnchor_2083_1('footnote_plugin_tooltip_2083_1_7');\"><a id=\"footnote_plugin_reference_2083_1_7\" class=\"footnote_backlink\"><span class=\"footnote_index_arrow\">&#8593;<\/span>7<\/a><\/th> <td class=\"footnote_plugin_text\">Secci\u00f3n 4710(a)(1)<\/td><\/tr>\r\n\r\n<tr class=\"footnotes_plugin_reference_row\"> <th scope=\"row\" class=\"footnote_plugin_index_combi pointer\"  onclick=\"footnote_moveToAnchor_2083_1('footnote_plugin_tooltip_2083_1_8');\"><a id=\"footnote_plugin_reference_2083_1_8\" class=\"footnote_backlink\"><span class=\"footnote_index_arrow\">&#8593;<\/span>8<\/a><\/th> <td class=\"footnote_plugin_text\">Secci\u00f3n 4710(a)(1) Consulte la Excepci\u00f3n a los requisitos de notificaci\u00f3n a continuaci\u00f3n, para conocer las excepciones a esta regla<\/td><\/tr>\r\n\r\n<tr class=\"footnotes_plugin_reference_row\"> <th scope=\"row\" class=\"footnote_plugin_index_combi pointer\"  onclick=\"footnote_moveToAnchor_2083_1('footnote_plugin_tooltip_2083_1_9');\"><a id=\"footnote_plugin_reference_2083_1_9\" class=\"footnote_backlink\"><span class=\"footnote_index_arrow\">&#8593;<\/span>9<\/a><\/th> <td class=\"footnote_plugin_text\">Secci\u00f3n 4710(c)<\/td><\/tr>\r\n\r\n<tr class=\"footnotes_plugin_reference_row\"> <th scope=\"row\" class=\"footnote_plugin_index_combi pointer\"  onclick=\"footnote_moveToAnchor_2083_1('footnote_plugin_tooltip_2083_1_10');\"><a id=\"footnote_plugin_reference_2083_1_10\" class=\"footnote_backlink\"><span class=\"footnote_index_arrow\">&#8593;<\/span>10<\/a><\/th> <td class=\"footnote_plugin_text\">Secci\u00f3n 4646(i)<\/td><\/tr>\r\n\r\n<tr class=\"footnotes_plugin_reference_row\"> <th scope=\"row\" class=\"footnote_plugin_index_combi pointer\"  onclick=\"footnote_moveToAnchor_2083_1('footnote_plugin_tooltip_2083_1_11');\"><a id=\"footnote_plugin_reference_2083_1_11\" class=\"footnote_backlink\"><span class=\"footnote_index_arrow\">&#8593;<\/span>11<\/a><\/th> <td class=\"footnote_plugin_text\">Presentar una apelaci\u00f3n a tiempo es m\u00e1s importante. Presente un Reclamo de la Secci\u00f3n 4731 con su apelaci\u00f3n de audiencia imparcial si tiene suficiente tiempo<\/td><\/tr>\r\n\r\n<tr class=\"footnotes_plugin_reference_row\"> <th scope=\"row\" class=\"footnote_plugin_index_combi pointer\"  onclick=\"footnote_moveToAnchor_2083_1('footnote_plugin_tooltip_2083_1_12');\"><a id=\"footnote_plugin_reference_2083_1_12\" class=\"footnote_backlink\"><span class=\"footnote_index_arrow\">&#8593;<\/span>12<\/a><\/th> <td class=\"footnote_plugin_text\">Secci\u00f3n 4731(b)<\/td><\/tr>\r\n\r\n<tr class=\"footnotes_plugin_reference_row\"> <th scope=\"row\" class=\"footnote_plugin_index_combi pointer\"  onclick=\"footnote_moveToAnchor_2083_1('footnote_plugin_tooltip_2083_1_13');\"><a id=\"footnote_plugin_reference_2083_1_13\" class=\"footnote_backlink\"><span class=\"footnote_index_arrow\">&#8593;<\/span>13<\/a><\/th> <td class=\"footnote_plugin_text\">Puede ver e imprimir los formularios del DDS en l\u00ednea en: https:\/\/<a href=\"http:\/\/www.dds.ca.gov\/transparency\/dds-forms\/\">www.dds.ca.gov\/transparency\/dds-forms\/<\/a><\/td><\/tr>\r\n\r\n <\/tbody> <\/table> <\/div><\/div><script type=\"text\/javascript\"> function footnote_expand_reference_container_2083_1() { jQuery('#footnote_references_container_2083_1').show(); jQuery('#footnote_reference_container_collapse_button_2083_1').text('\u2212'); } function footnote_collapse_reference_container_2083_1() { jQuery('#footnote_references_container_2083_1').hide(); jQuery('#footnote_reference_container_collapse_button_2083_1').text('+'); } function footnote_expand_collapse_reference_container_2083_1() { if (jQuery('#footnote_references_container_2083_1').is(':hidden')) { footnote_expand_reference_container_2083_1(); } else { footnote_collapse_reference_container_2083_1(); } } function footnote_moveToReference_2083_1(p_str_TargetID) { footnote_expand_reference_container_2083_1(); var l_obj_Target = jQuery('#' + p_str_TargetID); if (l_obj_Target.length) { jQuery( 'html, body' ).delay( 0 ); jQuery('html, body').animate({ scrollTop: l_obj_Target.offset().top - window.innerHeight * 0.2 }, 380); } } function footnote_moveToAnchor_2083_1(p_str_TargetID) { footnote_expand_reference_container_2083_1(); var l_obj_Target = jQuery('#' + p_str_TargetID); if (l_obj_Target.length) { jQuery( 'html, body' ).delay( 0 ); jQuery('html, body').animate({ scrollTop: l_obj_Target.offset().top - window.innerHeight * 0.2 }, 380); } }<\/script>","protected":false},"excerpt":{"rendered":"<p>Si usted y el centro regional est\u00e1n de acuerdo, el centro regional no tiene que notificarle por escrito. Un acuerdo significa que usted firma un&hellip;<\/p>\n","protected":false},"author":1,"featured_media":0,"parent":2072,"menu_order":3,"comment_status":"closed","ping_status":"closed","template":"","meta":{"footnotes":""},"class_list":["post-2083","page","type-page","status-publish","hentry"],"_links":{"self":[{"href":"https:\/\/rula.disabilityrightsca.org\/es\/wp-json\/wp\/v2\/pages\/2083","targetHints":{"allow":["GET"]}}],"collection":[{"href":"https:\/\/rula.disabilityrightsca.org\/es\/wp-json\/wp\/v2\/pages"}],"about":[{"href":"https:\/\/rula.disabilityrightsca.org\/es\/wp-json\/wp\/v2\/types\/page"}],"author":[{"embeddable":true,"href":"https:\/\/rula.disabilityrightsca.org\/es\/wp-json\/wp\/v2\/users\/1"}],"replies":[{"embeddable":true,"href":"https:\/\/rula.disabilityrightsca.org\/es\/wp-json\/wp\/v2\/comments?post=2083"}],"version-history":[{"count":9,"href":"https:\/\/rula.disabilityrightsca.org\/es\/wp-json\/wp\/v2\/pages\/2083\/revisions"}],"predecessor-version":[{"id":3888,"href":"https:\/\/rula.disabilityrightsca.org\/es\/wp-json\/wp\/v2\/pages\/2083\/revisions\/3888"}],"up":[{"embeddable":true,"href":"https:\/\/rula.disabilityrightsca.org\/es\/wp-json\/wp\/v2\/pages\/2072"}],"wp:attachment":[{"href":"https:\/\/rula.disabilityrightsca.org\/es\/wp-json\/wp\/v2\/media?parent=2083"}],"curies":[{"name":"wp","href":"https:\/\/api.w.org\/{rel}","templated":true}]}}