{"id":2080,"date":"2021-09-28T21:43:00","date_gmt":"2021-09-28T21:43:00","guid":{"rendered":"http:\/\/www.rula.disabilityrightsca.org\/es\/?page_id=2080"},"modified":"2023-06-21T22:09:22","modified_gmt":"2023-06-21T22:09:22","slug":"10-2-que-debe-hacer-el-centro-regional-para-cambiar-mis-servicios","status":"publish","type":"page","link":"https:\/\/rula.disabilityrightsca.org\/es\/rula-book\/capitulo-10-apelaciones-y-reclamos-desacuerdos-con-centros-regionales-centros-de-desarrollo-o-proveedores-de-servicios\/10-2-que-debe-hacer-el-centro-regional-para-cambiar-mis-servicios\/","title":{"rendered":"(10.2) \u00bfQu\u00e9 debe hacer el centro regional para cambiar mis servicios?"},"content":{"rendered":"\n<p>Si su centro regional desea cambiar sus servicios, debe:<\/p>\n\n\n\n<ul class=\"wp-block-list\"><li>realizar una reuni\u00f3n de IPP y llegar a un acuerdo con usted sobre el cambio, o<\/li><li>darle una notificaci\u00f3n por escrito.<\/li><\/ul>\n\n\n\n<p>Algunos centros regionales le hacen una llamada telef\u00f3nica y la consideran como reuni\u00f3n de IPP para cambiar sus servicios de IPP. Usted no tiene que aceptar nada por tel\u00e9fono. Puede insistir en obtener el cambio por escrito o en tener una reuni\u00f3n formal de IPP cara a cara. En la reuni\u00f3n de IPP, pregunte al centro regional por qu\u00e9 quiere cambiar su servicio. Si no est\u00e1 de acuerdo, el centro regional debe enviarle informaci\u00f3n sobre c\u00f3mo puede apelar.<\/p>\n","protected":false},"excerpt":{"rendered":"<p>Si su centro regional desea cambiar sus servicios, debe: realizar una reuni\u00f3n de IPP y llegar a un acuerdo con usted sobre el cambio, o&hellip;<\/p>\n","protected":false},"author":1,"featured_media":0,"parent":2072,"menu_order":2,"comment_status":"closed","ping_status":"closed","template":"","meta":{"footnotes":""},"class_list":["post-2080","page","type-page","status-publish","hentry"],"_links":{"self":[{"href":"https:\/\/rula.disabilityrightsca.org\/es\/wp-json\/wp\/v2\/pages\/2080","targetHints":{"allow":["GET"]}}],"collection":[{"href":"https:\/\/rula.disabilityrightsca.org\/es\/wp-json\/wp\/v2\/pages"}],"about":[{"href":"https:\/\/rula.disabilityrightsca.org\/es\/wp-json\/wp\/v2\/types\/page"}],"author":[{"embeddable":true,"href":"https:\/\/rula.disabilityrightsca.org\/es\/wp-json\/wp\/v2\/users\/1"}],"replies":[{"embeddable":true,"href":"https:\/\/rula.disabilityrightsca.org\/es\/wp-json\/wp\/v2\/comments?post=2080"}],"version-history":[{"count":3,"href":"https:\/\/rula.disabilityrightsca.org\/es\/wp-json\/wp\/v2\/pages\/2080\/revisions"}],"predecessor-version":[{"id":3302,"href":"https:\/\/rula.disabilityrightsca.org\/es\/wp-json\/wp\/v2\/pages\/2080\/revisions\/3302"}],"up":[{"embeddable":true,"href":"https:\/\/rula.disabilityrightsca.org\/es\/wp-json\/wp\/v2\/pages\/2072"}],"wp:attachment":[{"href":"https:\/\/rula.disabilityrightsca.org\/es\/wp-json\/wp\/v2\/media?parent=2080"}],"curies":[{"name":"wp","href":"https:\/\/api.w.org\/{rel}","templated":true}]}}