{"id":2072,"date":"2021-09-28T21:22:40","date_gmt":"2021-09-28T21:22:40","guid":{"rendered":"http:\/\/www.rula.disabilityrightsca.org\/es\/?page_id=2072"},"modified":"2023-11-29T17:33:03","modified_gmt":"2023-11-29T17:33:03","slug":"capitulo-10-apelaciones-y-reclamos-desacuerdos-con-centros-regionales-centros-de-desarrollo-o-proveedores-de-servicios","status":"publish","type":"page","link":"https:\/\/rula.disabilityrightsca.org\/es\/rula-book\/capitulo-10-apelaciones-y-reclamos-desacuerdos-con-centros-regionales-centros-de-desarrollo-o-proveedores-de-servicios\/","title":{"rendered":"Capitulo 10: Apelaciones y reclamos: Desacuerdos con centros regionales, centros de desarrollo o proveedores de servicios"},"content":{"rendered":"\n<p><div class=\"print-fullchapter-wrap\"><div class=\"print-fullchapter\"><a href=\"https:\/\/rula.disabilityrightsca.org\/es\/chapter-10-print\/\">Imprimir todo el cap\u00edtulo<\/a><\/div><\/div><\/p>\n\n\n\n<p><strong>IMPORTANTE:<\/strong> Hay importantes cambios en el proceso de apelaciones que ocurrir\u00e1n el 1 de marzo de 2023. Lea atentamente esta informaci\u00f3n porque sus derechos cambiar\u00e1n.\u00a0<\/p>\n\n\n\n<p>Este cap\u00edtulo explica c\u00f3mo manejar los desacuerdos con los centros regionales, los centros de desarrollo y los proveedores de servicios, que incluyen:<\/p>\n\n\n\n<ul class=\"wp-block-list\">\n<li>C\u00f3mo apelar cuando no est\u00e1 de acuerdo<\/li>\n\n\n\n<li>Normas de notificaci\u00f3n para cambios en sus servicios o soportes<\/li>\n\n\n\n<li>C\u00f3mo hacer audiencias<\/li>\n\n\n\n<li>C\u00f3mo hacer reclamos<\/li>\n\n\n\n<li>Desacuerdos con proveedores de servicios y apoyos<\/li>\n<\/ul>\n\n\n\n<p>Esta informaci\u00f3n se toma principalmente de una ley estatal llamada Ley Lanterman, que comienza en la secci\u00f3n 4500 del C\u00f3digo de Instituciones y Bienestar Social de California. Le proporcionamos la secci\u00f3n de esta ley estatal donde puede encontrar la informaci\u00f3n que escribimos. Es posible que deba consultar la ley para obtener los servicios que necesita. Cuando vea la palabra &#8220;secci\u00f3n(es)&#8221;, seguida de un n\u00famero y ninguna otra informaci\u00f3n, significa secci\u00f3n(es) de la Ley Lanterman. Para leer la Ley Lanterman, <a href=\"https:\/\/www.dds.ca.gov\/transparency\/laws-regulations\/lanterman-act-and-related-laws\/\">haga clic aqu\u00ed<\/a>.<\/p>\n\n\n<div class=\"menu-chapter-10-container\"><ul id=\"menu-chapter-10\" class=\"menu\"><li id=\"menu-item-2078\" class=\"menu-item menu-item-type-post_type menu-item-object-page menu-item-2078\"><a href=\"https:\/\/rula.disabilityrightsca.org\/es\/rula-book\/capitulo-10-apelaciones-y-reclamos-desacuerdos-con-centros-regionales-centros-de-desarrollo-o-proveedores-de-servicios\/10-1-cual-es-el-proceso-de-apelacion-y-mis-plazos-para-apelar\/\">(10.1) \u00bfC\u00f3mo es el proceso de apelaci\u00f3n y cu\u00e1les son mis plazos para apelar?<\/a><\/li>\n<li id=\"menu-item-2082\" class=\"menu-item menu-item-type-post_type menu-item-object-page menu-item-2082\"><a href=\"https:\/\/rula.disabilityrightsca.org\/es\/rula-book\/capitulo-10-apelaciones-y-reclamos-desacuerdos-con-centros-regionales-centros-de-desarrollo-o-proveedores-de-servicios\/10-2-que-debe-hacer-el-centro-regional-para-cambiar-mis-servicios\/\">(10.2) \u00bfQu\u00e9 debe hacer el centro regional para cambiar mis servicios?<\/a><\/li>\n<li id=\"menu-item-2085\" class=\"menu-item menu-item-type-post_type menu-item-object-page menu-item-2085\"><a href=\"https:\/\/rula.disabilityrightsca.org\/es\/rula-book\/capitulo-10-apelaciones-y-reclamos-desacuerdos-con-centros-regionales-centros-de-desarrollo-o-proveedores-de-servicios\/10-3-cuando-debe-notificarme-el-centro-regional\/\">(10.3) \u00bfCu\u00e1ndo debe notificarme el centro regional?<\/a><\/li>\n<li id=\"menu-item-2088\" class=\"menu-item menu-item-type-post_type menu-item-object-page menu-item-2088\"><a href=\"https:\/\/rula.disabilityrightsca.org\/es\/rula-book\/capitulo-10-apelaciones-y-reclamos-desacuerdos-con-centros-regionales-centros-de-desarrollo-o-proveedores-de-servicios\/10-4-tengo-un-limite-de-tiempo-en-mi-servicio-de-ipp-puedo-apelar-cuando-termine-de-todas-formas\/\">(10.4) Tengo un l\u00edmite de tiempo en mi servicio de IPP. \u00bfPuedo apelar cuando termine de todas formas?<\/a><\/li>\n<li id=\"menu-item-2177\" class=\"menu-item menu-item-type-post_type menu-item-object-page menu-item-2177\"><a href=\"https:\/\/rula.disabilityrightsca.org\/es\/rula-book\/capitulo-10-apelaciones-y-reclamos-desacuerdos-con-centros-regionales-centros-de-desarrollo-o-proveedores-de-servicios\/10-5-que-es-un-aviso-adecuado\/\">(10.5) \u00bfQu\u00e9 es un &#8220;aviso adecuado&#8221;?<\/a><\/li>\n<li id=\"menu-item-2178\" class=\"menu-item menu-item-type-post_type menu-item-object-page menu-item-2178\"><a href=\"https:\/\/rula.disabilityrightsca.org\/es\/rula-book\/capitulo-10-apelaciones-y-reclamos-desacuerdos-con-centros-regionales-centros-de-desarrollo-o-proveedores-de-servicios\/10-6-que-sucede-si-hay-algun-problema-con-el-aviso\/\">(10.6) \u00bfQu\u00e9 sucede si hay alg\u00fan problema con el aviso?<\/a><\/li>\n<li id=\"menu-item-2179\" class=\"menu-item menu-item-type-post_type menu-item-object-page menu-item-2179\"><a href=\"https:\/\/rula.disabilityrightsca.org\/es\/rula-book\/capitulo-10-apelaciones-y-reclamos-desacuerdos-con-centros-regionales-centros-de-desarrollo-o-proveedores-de-servicios\/10-7-puedo-apelar-sin-aviso-o-apelar-tarde\/\">(10.7) \u00bfPuedo apelar sin aviso o apelar tarde?<\/a><\/li>\n<li id=\"menu-item-2180\" class=\"menu-item menu-item-type-post_type menu-item-object-page menu-item-2180\"><a href=\"https:\/\/rula.disabilityrightsca.org\/es\/rula-book\/capitulo-10-apelaciones-y-reclamos-desacuerdos-con-centros-regionales-centros-de-desarrollo-o-proveedores-de-servicios\/10-8-el-aviso-tiene-que-estar-en-un-idioma-que-entienda\/\">(10.8) \u00bfEl aviso tiene que estar en un idioma que entienda?<\/a><\/li>\n<li id=\"menu-item-2181\" class=\"menu-item menu-item-type-post_type menu-item-object-page menu-item-2181\"><a href=\"https:\/\/rula.disabilityrightsca.org\/es\/rula-book\/capitulo-10-apelaciones-y-reclamos-desacuerdos-con-centros-regionales-centros-de-desarrollo-o-proveedores-de-servicios\/10-9-el-departamento-de-servicios-del-desarrollo-dds-tiene-formularios-en-otros-idiomas\/\">(10.9) \u00bfEl Departamento de Servicios de Desarrollo (Department of Developmental Services, DDS) tiene los formularios en otros idiomas?<\/a><\/li>\n<li id=\"menu-item-2172\" class=\"menu-item menu-item-type-post_type menu-item-object-page menu-item-2172\"><a href=\"https:\/\/rula.disabilityrightsca.org\/es\/rula-book\/capitulo-10-apelaciones-y-reclamos-desacuerdos-con-centros-regionales-centros-de-desarrollo-o-proveedores-de-servicios\/10-10-que-sucede-si-recibo-un-aviso-de-accion-que-no-esta-en-mi-idioma\/\">(10.10) \u00bfQu\u00e9 sucede si recibo un Aviso de acci\u00f3n que no est\u00e1 en mi idioma?<\/a><\/li>\n<li id=\"menu-item-2174\" class=\"menu-item menu-item-type-post_type menu-item-object-page menu-item-2174\"><a href=\"https:\/\/rula.disabilityrightsca.org\/es\/rula-book\/capitulo-10-apelaciones-y-reclamos-desacuerdos-con-centros-regionales-centros-de-desarrollo-o-proveedores-de-servicios\/10-11-hay-ocasiones-en-las-que-el-centro-regional-no-tiene-que-dar-aviso\/\">(10.11) \u00bfHay ocasiones en las que el centro regional no tiene que dar aviso?<\/a><\/li>\n<li id=\"menu-item-2175\" class=\"menu-item menu-item-type-post_type menu-item-object-page menu-item-2175\"><a href=\"https:\/\/rula.disabilityrightsca.org\/es\/rula-book\/capitulo-10-apelaciones-y-reclamos-desacuerdos-con-centros-regionales-centros-de-desarrollo-o-proveedores-de-servicios\/10-12-que-plazo-tengo-para-presentar-una-apelacion-de-audiencia-imparcial\/\">(10.12) \u00bfQu\u00e9 plazo tengo para presentar una apelaci\u00f3n para una audiencia imparcial?<\/a><\/li>\n<li id=\"menu-item-2176\" class=\"menu-item menu-item-type-post_type menu-item-object-page menu-item-2176\"><a href=\"https:\/\/rula.disabilityrightsca.org\/es\/rula-book\/capitulo-10-apelaciones-y-reclamos-desacuerdos-con-centros-regionales-centros-de-desarrollo-o-proveedores-de-servicios\/10-13-cual-es-mi-derecho-para-obtener-ayuda-pagada-pendiente\/\">(10.13) \u00bfCu\u00e1l es mi derecho para obtener ayuda pagada pendiente?<\/a><\/li>\n<li id=\"menu-item-2182\" class=\"menu-item menu-item-type-post_type menu-item-object-page menu-item-2182\"><a href=\"https:\/\/rula.disabilityrightsca.org\/es\/rula-book\/capitulo-10-apelaciones-y-reclamos-desacuerdos-con-centros-regionales-centros-de-desarrollo-o-proveedores-de-servicios\/10-14-como-solicito-una-audiencia-apelacion\/\">(10.14) \u00bfC\u00f3mo solicito una audiencia (apelaci\u00f3n)?<\/a><\/li>\n<li id=\"menu-item-2183\" class=\"menu-item menu-item-type-post_type menu-item-object-page menu-item-2183\"><a href=\"https:\/\/rula.disabilityrightsca.org\/es\/rula-book\/capitulo-10-apelaciones-y-reclamos-desacuerdos-con-centros-regionales-centros-de-desarrollo-o-proveedores-de-servicios\/10-15-como-puedo-obtener-ayuda-para-apelar\/\">(10.15) \u00bfC\u00f3mo puedo obtener ayuda para apelar?<\/a><\/li>\n<li id=\"menu-item-2184\" class=\"menu-item menu-item-type-post_type menu-item-object-page menu-item-2184\"><a href=\"https:\/\/rula.disabilityrightsca.org\/es\/rula-book\/capitulo-10-apelaciones-y-reclamos-desacuerdos-con-centros-regionales-centros-de-desarrollo-o-proveedores-de-servicios\/10-16-como-puede-ayudarme-el-defensor-de-los-derechos-de-los-clientes-de-ocra\/\">(10.16) \u00bfC\u00f3mo puede ayudarme el Defensor de los Derechos de los Clientes de OCRA?<\/a><\/li>\n<li id=\"menu-item-2185\" class=\"menu-item menu-item-type-post_type menu-item-object-page menu-item-2185\"><a href=\"https:\/\/rula.disabilityrightsca.org\/es\/rula-book\/capitulo-10-apelaciones-y-reclamos-desacuerdos-con-centros-regionales-centros-de-desarrollo-o-proveedores-de-servicios\/10-17-puedo-obtener-ayuda-para-apelar-si-estoy-en-el-centro-para-el-desarrollo-porterville-o-en-las-instalaciones-comunitarias-de-canyon-springs\/\">(10.17) \u00bfQu\u00e9 derechos tengo durante el proceso de apelaci\u00f3n?<\/a><\/li>\n<li id=\"menu-item-2186\" class=\"menu-item menu-item-type-post_type menu-item-object-page menu-item-2186\"><a href=\"https:\/\/rula.disabilityrightsca.org\/es\/rula-book\/capitulo-10-apelaciones-y-reclamos-desacuerdos-con-centros-regionales-centros-de-desarrollo-o-proveedores-de-servicios\/10-18-si-estoy-en-el-programa-de-autodeterminacion-sdp-tengo-los-mismos-derechos-de-apelacion\/\">(10.18) \u00bfQu\u00e9 derechos tengo para ver los registros de mi centro regional?<\/a><\/li>\n<li id=\"menu-item-2187\" class=\"menu-item menu-item-type-post_type menu-item-object-page menu-item-2187\"><a href=\"https:\/\/rula.disabilityrightsca.org\/es\/rula-book\/capitulo-10-apelaciones-y-reclamos-desacuerdos-con-centros-regionales-centros-de-desarrollo-o-proveedores-de-servicios\/10-19-que-derechos-tengo-durante-el-proceso-de-apelacion\/\">(10.19) \u00bfCu\u00e1les son los pasos del proceso de apelaci\u00f3n?<\/a><\/li>\n<li id=\"menu-item-2188\" class=\"menu-item menu-item-type-post_type menu-item-object-page menu-item-2188\"><a href=\"https:\/\/rula.disabilityrightsca.org\/es\/rula-book\/capitulo-10-apelaciones-y-reclamos-desacuerdos-con-centros-regionales-centros-de-desarrollo-o-proveedores-de-servicios\/10-20-que-derechos-tengo-para-ver-los-registros-de-mi-centro-regional\/\">(10.20) \u00bfQu\u00e9 es una reuni\u00f3n informal?<\/a><\/li>\n<li id=\"menu-item-2189\" class=\"menu-item menu-item-type-post_type menu-item-object-page menu-item-2189\"><a href=\"https:\/\/rula.disabilityrightsca.org\/es\/rula-book\/capitulo-10-apelaciones-y-reclamos-desacuerdos-con-centros-regionales-centros-de-desarrollo-o-proveedores-de-servicios\/10-21-cuales-son-los-pasos-del-proceso-de-apelacion\/\">(10.21) \u00bfTengo derecho a un int\u00e9rprete en la reuni\u00f3n informal?<\/a><\/li>\n<li id=\"menu-item-2190\" class=\"menu-item menu-item-type-post_type menu-item-object-page menu-item-2190\"><a href=\"https:\/\/rula.disabilityrightsca.org\/es\/rula-book\/capitulo-10-apelaciones-y-reclamos-desacuerdos-con-centros-regionales-centros-de-desarrollo-o-proveedores-de-servicios\/10-22-que-es-una-reunion-informal\/\">(10.22) \u00bfQu\u00e9 es la mediaci\u00f3n?<\/a><\/li>\n<li id=\"menu-item-2191\" class=\"menu-item menu-item-type-post_type menu-item-object-page menu-item-2191\"><a href=\"https:\/\/rula.disabilityrightsca.org\/es\/rula-book\/capitulo-10-apelaciones-y-reclamos-desacuerdos-con-centros-regionales-centros-de-desarrollo-o-proveedores-de-servicios\/10-23-tengo-derecho-a-un-interprete-en-la-reunion-informal\/\">(10.23) \u00bfQu\u00e9 son las mociones?<\/a><\/li>\n<li id=\"menu-item-2192\" class=\"menu-item menu-item-type-post_type menu-item-object-page menu-item-2192\"><a href=\"https:\/\/rula.disabilityrightsca.org\/es\/rula-book\/capitulo-10-apelaciones-y-reclamos-desacuerdos-con-centros-regionales-centros-de-desarrollo-o-proveedores-de-servicios\/10-24-que-es-la-mediacion\/\">(10.24) \u00bfQu\u00e9 sucede si necesito posponer (aplazar) mi audiencia?<\/a><\/li>\n<li id=\"menu-item-2193\" class=\"menu-item menu-item-type-post_type menu-item-object-page menu-item-2193\"><a href=\"https:\/\/rula.disabilityrightsca.org\/es\/rula-book\/capitulo-10-apelaciones-y-reclamos-desacuerdos-con-centros-regionales-centros-de-desarrollo-o-proveedores-de-servicios\/10-25-que-son-las-mociones\/\">(10.25) \u00bfC\u00f3mo puedo cancelar la audiencia?<\/a><\/li>\n<li id=\"menu-item-2194\" class=\"menu-item menu-item-type-post_type menu-item-object-page menu-item-2194\"><a href=\"https:\/\/rula.disabilityrightsca.org\/es\/rula-book\/capitulo-10-apelaciones-y-reclamos-desacuerdos-con-centros-regionales-centros-de-desarrollo-o-proveedores-de-servicios\/10-26-que-sucede-si-necesito-posponer-mi-audiencia\/\">(10.26) \u00bfQu\u00e9 pasa si decido tener la audiencia?<\/a><\/li>\n<li id=\"menu-item-2195\" class=\"menu-item menu-item-type-post_type menu-item-object-page menu-item-2195\"><a href=\"https:\/\/rula.disabilityrightsca.org\/es\/rula-book\/capitulo-10-apelaciones-y-reclamos-desacuerdos-con-centros-regionales-centros-de-desarrollo-o-proveedores-de-servicios\/10-27-como-puedo-cancelar-la-audiencia\/\">(10.27) \u00bfD\u00f3nde se realiza la audiencia?<\/a><\/li>\n<li id=\"menu-item-2196\" class=\"menu-item menu-item-type-post_type menu-item-object-page menu-item-2196\"><a href=\"https:\/\/rula.disabilityrightsca.org\/es\/rula-book\/capitulo-10-apelaciones-y-reclamos-desacuerdos-con-centros-regionales-centros-de-desarrollo-o-proveedores-de-servicios\/10-28-que-pasa-si-decido-tener-la-audiencia\/\">(10.28) \u00bfC\u00f3mo intercambio la lista de testigos y los documentos (pruebas) con el centro regional?<\/a><\/li>\n<li id=\"menu-item-2197\" class=\"menu-item menu-item-type-post_type menu-item-object-page menu-item-2197\"><a href=\"https:\/\/rula.disabilityrightsca.org\/es\/rula-book\/capitulo-10-apelaciones-y-reclamos-desacuerdos-con-centros-regionales-centros-de-desarrollo-o-proveedores-de-servicios\/10-29-donde-se-realiza-la-audiencia\/\">(10.29) \u00bfC\u00f3mo elijo los documentos y testigos para mi audiencia?<\/a><\/li>\n<li id=\"menu-item-2198\" class=\"menu-item menu-item-type-post_type menu-item-object-page menu-item-2198\"><a href=\"https:\/\/rula.disabilityrightsca.org\/es\/rula-book\/capitulo-10-apelaciones-y-reclamos-desacuerdos-con-centros-regionales-centros-de-desarrollo-o-proveedores-de-servicios\/10-30-como-intercambio-la-lista-de-testigos-y-los-documentos-pruebas-con-el-centro-regional\/\">(10.30) \u00bfC\u00f3mo puedo citar testigos?<\/a><\/li>\n<li id=\"menu-item-2199\" class=\"menu-item menu-item-type-post_type menu-item-object-page menu-item-2199\"><a href=\"https:\/\/rula.disabilityrightsca.org\/es\/rula-book\/capitulo-10-apelaciones-y-reclamos-desacuerdos-con-centros-regionales-centros-de-desarrollo-o-proveedores-de-servicios\/10-31-como-elijo-los-documentos-y-testigos-para-mi-audiencia\/\">(10.31) \u00bfC\u00f3mo es una audiencia?<\/a><\/li>\n<li id=\"menu-item-2200\" class=\"menu-item menu-item-type-post_type menu-item-object-page menu-item-2200\"><a href=\"https:\/\/rula.disabilityrightsca.org\/es\/rula-book\/capitulo-10-apelaciones-y-reclamos-desacuerdos-con-centros-regionales-centros-de-desarrollo-o-proveedores-de-servicios\/10-32-como-puedo-citar-testigos\/\">(10.32) \u00bfCu\u00e1les son los pasos en una audiencia imparcial?<\/a><\/li>\n<li id=\"menu-item-2201\" class=\"menu-item menu-item-type-post_type menu-item-object-page menu-item-2201\"><a href=\"https:\/\/rula.disabilityrightsca.org\/es\/rula-book\/capitulo-10-apelaciones-y-reclamos-desacuerdos-con-centros-regionales-centros-de-desarrollo-o-proveedores-de-servicios\/10-33-como-es-una-audiencia-imparcial\/\">(10.33) \u00bfQu\u00e9 sucede despu\u00e9s de la audiencia?<\/a><\/li>\n<li id=\"menu-item-2202\" class=\"menu-item menu-item-type-post_type menu-item-object-page menu-item-2202\"><a href=\"https:\/\/rula.disabilityrightsca.org\/es\/rula-book\/capitulo-10-apelaciones-y-reclamos-desacuerdos-con-centros-regionales-centros-de-desarrollo-o-proveedores-de-servicios\/10-34-cuales-son-los-pasos-en-una-audiencia-imparcial\/\">(10.34) \u00bfQu\u00e9 pasa si mi apelaci\u00f3n fue por un servicio bajo el Programa de exenci\u00f3n basado en el hogar y la comunidad de Medi-Cal (&#8220;Exenci\u00f3n DD&#8221;)?<\/a><\/li>\n<li id=\"menu-item-2203\" class=\"menu-item menu-item-type-post_type menu-item-object-page menu-item-2203\"><a href=\"https:\/\/rula.disabilityrightsca.org\/es\/rula-book\/capitulo-10-apelaciones-y-reclamos-desacuerdos-con-centros-regionales-centros-de-desarrollo-o-proveedores-de-servicios\/10-35-que-sucede-despues-de-la-audiencia-imparcial\/\">(10.35) \u00bfQu\u00e9 sucede si no estoy de acuerdo con la decisi\u00f3n del oficial de audiencias de la audiencia?<\/a><\/li>\n<li id=\"menu-item-2204\" class=\"menu-item menu-item-type-post_type menu-item-object-page menu-item-2204\"><a href=\"https:\/\/rula.disabilityrightsca.org\/es\/rula-book\/capitulo-10-apelaciones-y-reclamos-desacuerdos-con-centros-regionales-centros-de-desarrollo-o-proveedores-de-servicios\/10-36-que-pasa-si-mi-apelacion-fue-por-un-servicio-bajo-el-programa-de-exencion-basado-en-el-hogar-y-la-comunidad-de-medi-cal-exencion-por-dd\/\">(10.36) \u00bfQu\u00e9 sucede con mis servicios durante una apelaci\u00f3n ante un tribunal superior?<\/a><\/li>\n<li id=\"menu-item-2205\" class=\"menu-item menu-item-type-post_type menu-item-object-page menu-item-2205\"><a href=\"https:\/\/rula.disabilityrightsca.org\/es\/rula-book\/capitulo-10-apelaciones-y-reclamos-desacuerdos-con-centros-regionales-centros-de-desarrollo-o-proveedores-de-servicios\/10-37-que-sucede-si-no-estoy-de-acuerdo-con-la-decision-del-alj-de-la-audiencia\/\">(10.37) \u00bfEl centro regional debe cumplir la decisi\u00f3n de la audiencia?<\/a><\/li>\n<li id=\"menu-item-2206\" class=\"menu-item menu-item-type-post_type menu-item-object-page menu-item-2206\"><a href=\"https:\/\/rula.disabilityrightsca.org\/es\/rula-book\/capitulo-10-apelaciones-y-reclamos-desacuerdos-con-centros-regionales-centros-de-desarrollo-o-proveedores-de-servicios\/10-38-que-sucede-con-mis-servicios-durante-una-apelacion-ante-un-tribunal-superior\/\">(10.38) \u00bfQu\u00e9 es una Queja o Reclamo de la Secci\u00f3n 4731?<\/a><\/li>\n<li id=\"menu-item-2207\" class=\"menu-item menu-item-type-post_type menu-item-object-page menu-item-2207\"><a href=\"https:\/\/rula.disabilityrightsca.org\/es\/rula-book\/capitulo-10-apelaciones-y-reclamos-desacuerdos-con-centros-regionales-centros-de-desarrollo-o-proveedores-de-servicios\/10-39-puedo-solicitar-honorarios-de-abogado-para-mi-caso-en-la-corte-superior\/\">(10.39) \u00bfQu\u00e9 sucede despu\u00e9s de presentar mi Reclamo 4731?<\/a><\/li>\n<li id=\"menu-item-2208\" class=\"menu-item menu-item-type-post_type menu-item-object-page menu-item-2208\"><a href=\"https:\/\/rula.disabilityrightsca.org\/es\/rula-book\/capitulo-10-apelaciones-y-reclamos-desacuerdos-con-centros-regionales-centros-de-desarrollo-o-proveedores-de-servicios\/10-40-el-centro-regional-debe-cumplir-la-decision-de-la-audiencia\/\">(10.40) \u00bfPuedo presentar una Queja 4731 para un grupo de personas?<\/a><\/li>\n<li id=\"menu-item-2209\" class=\"menu-item menu-item-type-post_type menu-item-object-page menu-item-2209\"><a href=\"https:\/\/rula.disabilityrightsca.org\/es\/rula-book\/capitulo-10-apelaciones-y-reclamos-desacuerdos-con-centros-regionales-centros-de-desarrollo-o-proveedores-de-servicios\/10-41-que-es-un-reclamo-conforme-a-la-seccion-4731\/\">(10.41) \u00bfPuedo obtener informaci\u00f3n sobre los reclamos o apelaciones de otras personas?<\/a><\/li>\n<li id=\"menu-item-2210\" class=\"menu-item menu-item-type-post_type menu-item-object-page menu-item-2210\"><a href=\"https:\/\/rula.disabilityrightsca.org\/es\/rula-book\/capitulo-10-apelaciones-y-reclamos-desacuerdos-con-centros-regionales-centros-de-desarrollo-o-proveedores-de-servicios\/10-42-que-sucede-despues-de-presentar-mi-reclamo-4731\/\">(10.42) \u00bfQu\u00e9 pasa si no estoy de acuerdo con un proveedor de servicios?<\/a><\/li>\n<\/ul><\/div>\n","protected":false},"excerpt":{"rendered":"<p>Imprimir todo el cap\u00edtulo IMPORTANTE: Hay importantes cambios en el proceso de apelaciones que ocurrir\u00e1n el 1 de marzo de 2023. Lea atentamente esta informaci\u00f3n&hellip;<\/p>\n","protected":false},"author":1,"featured_media":0,"parent":33,"menu_order":10,"comment_status":"closed","ping_status":"closed","template":"","meta":{"footnotes":""},"class_list":["post-2072","page","type-page","status-publish","hentry"],"_links":{"self":[{"href":"https:\/\/rula.disabilityrightsca.org\/es\/wp-json\/wp\/v2\/pages\/2072","targetHints":{"allow":["GET"]}}],"collection":[{"href":"https:\/\/rula.disabilityrightsca.org\/es\/wp-json\/wp\/v2\/pages"}],"about":[{"href":"https:\/\/rula.disabilityrightsca.org\/es\/wp-json\/wp\/v2\/types\/page"}],"author":[{"embeddable":true,"href":"https:\/\/rula.disabilityrightsca.org\/es\/wp-json\/wp\/v2\/users\/1"}],"replies":[{"embeddable":true,"href":"https:\/\/rula.disabilityrightsca.org\/es\/wp-json\/wp\/v2\/comments?post=2072"}],"version-history":[{"count":13,"href":"https:\/\/rula.disabilityrightsca.org\/es\/wp-json\/wp\/v2\/pages\/2072\/revisions"}],"predecessor-version":[{"id":3579,"href":"https:\/\/rula.disabilityrightsca.org\/es\/wp-json\/wp\/v2\/pages\/2072\/revisions\/3579"}],"up":[{"embeddable":true,"href":"https:\/\/rula.disabilityrightsca.org\/es\/wp-json\/wp\/v2\/pages\/33"}],"wp:attachment":[{"href":"https:\/\/rula.disabilityrightsca.org\/es\/wp-json\/wp\/v2\/media?parent=2072"}],"curies":[{"name":"wp","href":"https:\/\/api.w.org\/{rel}","templated":true}]}}