{"id":2063,"date":"2021-09-28T17:00:58","date_gmt":"2021-09-28T17:00:58","guid":{"rendered":"http:\/\/www.rula.disabilityrightsca.org\/es\/?page_id=2063"},"modified":"2022-04-22T20:29:41","modified_gmt":"2022-04-22T20:29:41","slug":"3-23-what-is-the-self-determination-program","status":"publish","type":"page","link":"https:\/\/rula.disabilityrightsca.org\/es\/rula-book\/capitulo-3-centros-regionales\/3-23-what-is-the-self-determination-program\/","title":{"rendered":"(3.23) \u00bfQu\u00e9 es el Programa de Autodeterminaci\u00f3n?"},"content":{"rendered":"\n<p>El Programa de Autodeterminaci\u00f3n (SDP) es una forma de obtener los servicios de su centro regional. <sup>[1]<\/sup> Es diferente de la forma tradicional, donde el centro regional compra sus servicios a sus proveedores.&nbsp; En el SDP, los consumidores y sus familias tienen m\u00e1s libertad, control y responsabilidad en la elecci\u00f3n de servicios y apoyos para ayudarlos a cumplir los objetivos de su Plan de Programa Individual (IPP).&nbsp; A partir de julio de 2021, el SDP est\u00e1 disponible para todos los consumidores elegibles del centro regional.&nbsp; Cada centro regional tiene un comit\u00e9 asesor local que se re\u00fane para ayudar a planificar el SDP en esa \u00e1rea.<\/p>\n\n\n\n<p>En el SDP, usted:<\/p>\n\n\n\n<ul class=\"wp-block-list\"><li>crear un <strong>Plan Centrado en la Persona<\/strong> para trabajar hacia su futuro preferido.&nbsp; Durante el proceso de creaci\u00f3n de un plan centrado en la persona, usted dirige la conversaci\u00f3n sobre sus fortalezas, capacidades, preferencias, estilo de vida y antecedentes culturales.&nbsp; Al final del proceso, tendr\u00e1 un plan escrito para sus metas de recreaci\u00f3n, transporte, amistades, terapias, hogar, empleo, relaciones familiares y cualquier otra cosa que desee.<\/li><li>tendr\u00e1 un <strong>Presupuesto Individual<\/strong>, que es su dinero para comprar sus servicios y apoyos.&nbsp; Su equipo de IPP determina su presupuesto en funci\u00f3n del dinero que utiliz\u00f3 para los servicios en los \u00faltimos 12 meses.&nbsp; Luego har\u00e1 un plan de gastos para decir c\u00f3mo gastar\u00e1 su presupuesto en servicios.<\/li><li>puede tener un <strong>facilitador independiente<\/strong> para ayudarlo a crear un plan centrado en la persona, tomar decisiones sobre su presupuesto y gastos, encontrar servicios y abogar por usted.<\/li><li>debe tener <strong>Servicios de Gesti\u00f3n Financiera<\/strong> (FMS).&nbsp; Usted elige un FMS suministrado por el centro regional.&nbsp; FMS lo ayudar\u00e1 a administrar su presupuesto pagando facturas y administrando el pago de los trabajadores de apoyo.<\/li><li>Encuentre proveedores para sus servicios y apoyos.&nbsp; No tienen que ser proveedores de centros regionales, como lo hacen en el sistema tradicional.&nbsp; Puede comprar servicios que est\u00e9n aprobados por el gobierno federal y enumerados en la exenci\u00f3n de SDP.&nbsp; Hay muchos servicios diferentes que puede comprar con su presupuesto.&nbsp; Hay algunos que no puede comprar, como alojamiento y comida (alquiler, comida, servicios p\u00fablicos).<\/li><\/ul>\n\n\n\n<p>Si no est\u00e1 de acuerdo con su IPP, presupuesto individual u otras partes de sus servicios bajo el SDP, puede apelar y solicitar una audiencia justa.&nbsp; Sus derechos de apelaci\u00f3n y audiencia son los mismos en SDP que en el sistema tradicional de centros regionales.&nbsp; Consulte el cap\u00edtulo 10 para apelaciones, quejas y plazos.<\/p>\n\n\n\n<p>Para obtener m\u00e1s informaci\u00f3n sobre el SDP, visite el sitio web del SDP del Departamento de Servicios de Desarrollo aqu\u00ed: <a href=\"https:\/\/www.dds.ca.gov\/initiatives\/sdp\/\">https:\/\/www.dds.ca.gov\/initiatives\/sdp\/<\/a>. &nbsp;Para inscribirse en SDP, hable con el coordinador de servicios de su centro regional.&nbsp; Debe asistir a una orientaci\u00f3n antes de poder comenzar el SDP. &nbsp;Las orientaciones est\u00e1n disponibles a trav\u00e9s del centro regional o el comit\u00e9 asesor local en diferentes idiomas. &nbsp;Tambi\u00e9n puede haber orientaciones en todo el estado a las que puede asistir.<\/p>\n","protected":false},"excerpt":{"rendered":"<p>El Programa de Autodeterminaci\u00f3n (SDP) es una forma de obtener los servicios de su centro regional. [1] Es diferente de la forma tradicional, donde el&hellip;<\/p>\n","protected":false},"author":1,"featured_media":0,"parent":312,"menu_order":23,"comment_status":"closed","ping_status":"closed","template":"","meta":{"footnotes":""},"class_list":["post-2063","page","type-page","status-publish","hentry"],"_links":{"self":[{"href":"https:\/\/rula.disabilityrightsca.org\/es\/wp-json\/wp\/v2\/pages\/2063","targetHints":{"allow":["GET"]}}],"collection":[{"href":"https:\/\/rula.disabilityrightsca.org\/es\/wp-json\/wp\/v2\/pages"}],"about":[{"href":"https:\/\/rula.disabilityrightsca.org\/es\/wp-json\/wp\/v2\/types\/page"}],"author":[{"embeddable":true,"href":"https:\/\/rula.disabilityrightsca.org\/es\/wp-json\/wp\/v2\/users\/1"}],"replies":[{"embeddable":true,"href":"https:\/\/rula.disabilityrightsca.org\/es\/wp-json\/wp\/v2\/comments?post=2063"}],"version-history":[{"count":4,"href":"https:\/\/rula.disabilityrightsca.org\/es\/wp-json\/wp\/v2\/pages\/2063\/revisions"}],"predecessor-version":[{"id":3231,"href":"https:\/\/rula.disabilityrightsca.org\/es\/wp-json\/wp\/v2\/pages\/2063\/revisions\/3231"}],"up":[{"embeddable":true,"href":"https:\/\/rula.disabilityrightsca.org\/es\/wp-json\/wp\/v2\/pages\/312"}],"wp:attachment":[{"href":"https:\/\/rula.disabilityrightsca.org\/es\/wp-json\/wp\/v2\/media?parent=2063"}],"curies":[{"name":"wp","href":"https:\/\/api.w.org\/{rel}","templated":true}]}}