{"id":2047,"date":"2021-09-24T23:16:47","date_gmt":"2021-09-24T23:16:47","guid":{"rendered":"http:\/\/www.rula.disabilityrightsca.org\/es\/?page_id=2047"},"modified":"2022-04-22T23:58:37","modified_gmt":"2022-04-22T23:58:37","slug":"8-24-can-i-join-the-self-determination-program-if-i-live-in-an-institution","status":"publish","type":"page","link":"https:\/\/rula.disabilityrightsca.org\/es\/rula-book\/capitulo-8-como-mantenerse-fuera-de-una-institucion\/8-24-can-i-join-the-self-determination-program-if-i-live-in-an-institution\/","title":{"rendered":"(8.24) \u00bfPuedo unirme al Programa de Autodeterminaci\u00f3n si vivo en una instituci\u00f3n?"},"content":{"rendered":"\n<p>S\u00ed, si est\u00e1 planeando, o quiere planear, mudarse a la comunidad. Si vive en un Centro de desarrollo o en un centro de salud a largo plazo, como un ICF, d\u00edgale al coordinador de servicios del centro regional que est\u00e1 interesado en el Programa de Autodeterminaci\u00f3n (SDP). Puede iniciar el proceso de planificaci\u00f3n centrado en la persona. Puede solicitar que el centro regional comience a hacer planes para su transici\u00f3n al SDP si se espera que se mude a la comunidad dentro de los 90 d\u00edas.<\/p>\n","protected":false},"excerpt":{"rendered":"<p>S\u00ed, si est\u00e1 planeando, o quiere planear, mudarse a la comunidad. Si vive en un Centro de desarrollo o en un centro de salud a&hellip;<\/p>\n","protected":false},"author":1,"featured_media":0,"parent":1650,"menu_order":24,"comment_status":"closed","ping_status":"closed","template":"","meta":{"footnotes":""},"class_list":["post-2047","page","type-page","status-publish","hentry"],"_links":{"self":[{"href":"https:\/\/rula.disabilityrightsca.org\/es\/wp-json\/wp\/v2\/pages\/2047","targetHints":{"allow":["GET"]}}],"collection":[{"href":"https:\/\/rula.disabilityrightsca.org\/es\/wp-json\/wp\/v2\/pages"}],"about":[{"href":"https:\/\/rula.disabilityrightsca.org\/es\/wp-json\/wp\/v2\/types\/page"}],"author":[{"embeddable":true,"href":"https:\/\/rula.disabilityrightsca.org\/es\/wp-json\/wp\/v2\/users\/1"}],"replies":[{"embeddable":true,"href":"https:\/\/rula.disabilityrightsca.org\/es\/wp-json\/wp\/v2\/comments?post=2047"}],"version-history":[{"count":4,"href":"https:\/\/rula.disabilityrightsca.org\/es\/wp-json\/wp\/v2\/pages\/2047\/revisions"}],"predecessor-version":[{"id":3272,"href":"https:\/\/rula.disabilityrightsca.org\/es\/wp-json\/wp\/v2\/pages\/2047\/revisions\/3272"}],"up":[{"embeddable":true,"href":"https:\/\/rula.disabilityrightsca.org\/es\/wp-json\/wp\/v2\/pages\/1650"}],"wp:attachment":[{"href":"https:\/\/rula.disabilityrightsca.org\/es\/wp-json\/wp\/v2\/media?parent=2047"}],"curies":[{"name":"wp","href":"https:\/\/api.w.org\/{rel}","templated":true}]}}