{"id":2020,"date":"2021-09-24T17:37:15","date_gmt":"2021-09-24T17:37:15","guid":{"rendered":"http:\/\/www.rula.disabilityrightsca.org\/es\/?page_id=2020"},"modified":"2023-12-05T00:08:12","modified_gmt":"2023-12-05T00:08:12","slug":"5-25-puedo-conseguir-un-facilitador-a-traves-del-centro-regional-para-que-me-ayude-a-defenderme-o-participar-en-juntas-o-reuniones","status":"publish","type":"page","link":"https:\/\/rula.disabilityrightsca.org\/es\/rula-book\/capitulo-5-defenderse-a-si-mismo\/5-25-puedo-conseguir-un-facilitador-a-traves-del-centro-regional-para-que-me-ayude-a-defenderme-o-participar-en-juntas-o-reuniones\/","title":{"rendered":"(5.25) \u00bfPuedo conseguir un facilitador a trav\u00e9s del centro regional para que me ayude a defenderme o participar en juntas o reuniones?"},"content":{"rendered":"\n<p>S\u00ed. El centro regional puede pagar la capacitaci\u00f3n en autodefensa, la facilitaci\u00f3n y los &#8220;defensores de pares&#8221; si est\u00e1n incluidos en su IPP. <span class=\"footnote_referrer\"><a role=\"button\" tabindex=\"0\" onclick=\"footnote_moveToReference_2020_1('footnote_plugin_reference_2020_1_1');\" onkeypress=\"footnote_moveToReference_2020_1('footnote_plugin_reference_2020_1_1');\" ><sup id=\"footnote_plugin_tooltip_2020_1_1\" class=\"footnote_plugin_tooltip_text\">[1]<\/sup><\/a><span id=\"footnote_plugin_tooltip_text_2020_1_1\" class=\"footnote_tooltip\">Secci\u00f3n 4512(b)<\/span><\/span><script type=\"text\/javascript\"> jQuery('#footnote_plugin_tooltip_2020_1_1').tooltip({ tip: '#footnote_plugin_tooltip_text_2020_1_1', tipClass: 'footnote_tooltip', effect: 'fade', predelay: 0, fadeInSpeed: 200, delay: 400, fadeOutSpeed: 200, position: 'top center', relative: true, offset: [-7, 0], });<\/script> Facilitaci\u00f3n significa brindarle materiales o equipo, o ayudarlo a tomar y expresar sus elecciones y decisiones.<span class=\"footnote_referrer\"><a role=\"button\" tabindex=\"0\" onclick=\"footnote_moveToReference_2020_1('footnote_plugin_reference_2020_1_2');\" onkeypress=\"footnote_moveToReference_2020_1('footnote_plugin_reference_2020_1_2');\" ><sup id=\"footnote_plugin_tooltip_2020_1_2\" class=\"footnote_plugin_tooltip_text\">[2]<\/sup><\/a><span id=\"footnote_plugin_tooltip_text_2020_1_2\" class=\"footnote_tooltip\">Secci\u00f3n 4512(g)<\/span><\/span><script type=\"text\/javascript\"> jQuery('#footnote_plugin_tooltip_2020_1_2').tooltip({ tip: '#footnote_plugin_tooltip_text_2020_1_2', tipClass: 'footnote_tooltip', effect: 'fade', predelay: 0, fadeInSpeed: 200, delay: 400, fadeOutSpeed: 200, position: 'top center', relative: true, offset: [-7, 0], });<\/script> Si un amigo o familiar no puede ayudarlo, el centro regional puede pagar un facilitador. <span class=\"footnote_referrer\"><a role=\"button\" tabindex=\"0\" onclick=\"footnote_moveToReference_2020_1('footnote_plugin_reference_2020_1_3');\" onkeypress=\"footnote_moveToReference_2020_1('footnote_plugin_reference_2020_1_3');\" ><sup id=\"footnote_plugin_tooltip_2020_1_3\" class=\"footnote_plugin_tooltip_text\">[3]<\/sup><\/a><span id=\"footnote_plugin_tooltip_text_2020_1_3\" class=\"footnote_tooltip\">Secci\u00f3n 4512(b) <\/span><\/span><script type=\"text\/javascript\"> jQuery('#footnote_plugin_tooltip_2020_1_3').tooltip({ tip: '#footnote_plugin_tooltip_text_2020_1_3', tipClass: 'footnote_tooltip', effect: 'fade', predelay: 0, fadeInSpeed: 200, delay: 400, fadeOutSpeed: 200, position: 'top center', relative: true, offset: [-7, 0], });<\/script> Si su IPP incluye el apoyo de un facilitador, puede elegir al facilitador. <span class=\"footnote_referrer\"><a role=\"button\" tabindex=\"0\" onclick=\"footnote_moveToReference_2020_1('footnote_plugin_reference_2020_1_4');\" onkeypress=\"footnote_moveToReference_2020_1('footnote_plugin_reference_2020_1_4');\" ><sup id=\"footnote_plugin_tooltip_2020_1_4\" class=\"footnote_plugin_tooltip_text\">[4]<\/sup><\/a><span id=\"footnote_plugin_tooltip_text_2020_1_4\" class=\"footnote_tooltip\">Secci\u00f3n 4648(a)(12)<\/span><\/span><script type=\"text\/javascript\"> jQuery('#footnote_plugin_tooltip_2020_1_4').tooltip({ tip: '#footnote_plugin_tooltip_text_2020_1_4', tipClass: 'footnote_tooltip', effect: 'fade', predelay: 0, fadeInSpeed: 200, delay: 400, fadeOutSpeed: 200, position: 'top center', relative: true, offset: [-7, 0], });<\/script><\/p>\n<div class=\"speaker-mute footnotes_reference_container\"> <div class=\"footnote_container_prepare\"><p><span role=\"button\" tabindex=\"0\" class=\"footnote_reference_container_label pointer\" onclick=\"footnote_expand_collapse_reference_container_2020_1();\">&#x202F;<\/span><span role=\"button\" tabindex=\"0\" class=\"footnote_reference_container_collapse_button\" style=\"display: none;\" onclick=\"footnote_expand_collapse_reference_container_2020_1();\">[<a id=\"footnote_reference_container_collapse_button_2020_1\">+<\/a>]<\/span><\/p><\/div> <div id=\"footnote_references_container_2020_1\" style=\"\"><table class=\"footnotes_table footnote-reference-container\"><caption class=\"accessibility\">References<\/caption> <tbody> \r\n\r\n<tr class=\"footnotes_plugin_reference_row\"> <th scope=\"row\" class=\"footnote_plugin_index_combi pointer\"  onclick=\"footnote_moveToAnchor_2020_1('footnote_plugin_tooltip_2020_1_1');\"><a id=\"footnote_plugin_reference_2020_1_1\" class=\"footnote_backlink\"><span class=\"footnote_index_arrow\">&#8593;<\/span>1<\/a><\/th> <td class=\"footnote_plugin_text\">Secci\u00f3n 4512(b)<\/td><\/tr>\r\n\r\n<tr class=\"footnotes_plugin_reference_row\"> <th scope=\"row\" class=\"footnote_plugin_index_combi pointer\"  onclick=\"footnote_moveToAnchor_2020_1('footnote_plugin_tooltip_2020_1_2');\"><a id=\"footnote_plugin_reference_2020_1_2\" class=\"footnote_backlink\"><span class=\"footnote_index_arrow\">&#8593;<\/span>2<\/a><\/th> <td class=\"footnote_plugin_text\">Secci\u00f3n 4512(g)<\/td><\/tr>\r\n\r\n<tr class=\"footnotes_plugin_reference_row\"> <th scope=\"row\" class=\"footnote_plugin_index_combi pointer\"  onclick=\"footnote_moveToAnchor_2020_1('footnote_plugin_tooltip_2020_1_3');\"><a id=\"footnote_plugin_reference_2020_1_3\" class=\"footnote_backlink\"><span class=\"footnote_index_arrow\">&#8593;<\/span>3<\/a><\/th> <td class=\"footnote_plugin_text\">Secci\u00f3n 4512(b) <\/td><\/tr>\r\n\r\n<tr class=\"footnotes_plugin_reference_row\"> <th scope=\"row\" class=\"footnote_plugin_index_combi pointer\"  onclick=\"footnote_moveToAnchor_2020_1('footnote_plugin_tooltip_2020_1_4');\"><a id=\"footnote_plugin_reference_2020_1_4\" class=\"footnote_backlink\"><span class=\"footnote_index_arrow\">&#8593;<\/span>4<\/a><\/th> <td class=\"footnote_plugin_text\">Secci\u00f3n 4648(a)(12)<\/td><\/tr>\r\n\r\n <\/tbody> <\/table> <\/div><\/div><script type=\"text\/javascript\"> function footnote_expand_reference_container_2020_1() { jQuery('#footnote_references_container_2020_1').show(); jQuery('#footnote_reference_container_collapse_button_2020_1').text('\u2212'); } function footnote_collapse_reference_container_2020_1() { jQuery('#footnote_references_container_2020_1').hide(); jQuery('#footnote_reference_container_collapse_button_2020_1').text('+'); } function footnote_expand_collapse_reference_container_2020_1() { if (jQuery('#footnote_references_container_2020_1').is(':hidden')) { footnote_expand_reference_container_2020_1(); } else { footnote_collapse_reference_container_2020_1(); } } function footnote_moveToReference_2020_1(p_str_TargetID) { footnote_expand_reference_container_2020_1(); var l_obj_Target = jQuery('#' + p_str_TargetID); if (l_obj_Target.length) { jQuery( 'html, body' ).delay( 0 ); jQuery('html, body').animate({ scrollTop: l_obj_Target.offset().top - window.innerHeight * 0.2 }, 380); } } function footnote_moveToAnchor_2020_1(p_str_TargetID) { footnote_expand_reference_container_2020_1(); var l_obj_Target = jQuery('#' + p_str_TargetID); if (l_obj_Target.length) { jQuery( 'html, body' ).delay( 0 ); jQuery('html, body').animate({ scrollTop: l_obj_Target.offset().top - window.innerHeight * 0.2 }, 380); } }<\/script>","protected":false},"excerpt":{"rendered":"<p>S\u00ed. El centro regional puede pagar la capacitaci\u00f3n en autodefensa, la facilitaci\u00f3n y los &#8220;defensores de pares&#8221; si est\u00e1n incluidos en su IPP. [1]Secci\u00f3n 4512(b)&hellip;<\/p>\n","protected":false},"author":1,"featured_media":0,"parent":1957,"menu_order":25,"comment_status":"closed","ping_status":"closed","template":"","meta":{"footnotes":""},"class_list":["post-2020","page","type-page","status-publish","hentry"],"_links":{"self":[{"href":"https:\/\/rula.disabilityrightsca.org\/es\/wp-json\/wp\/v2\/pages\/2020","targetHints":{"allow":["GET"]}}],"collection":[{"href":"https:\/\/rula.disabilityrightsca.org\/es\/wp-json\/wp\/v2\/pages"}],"about":[{"href":"https:\/\/rula.disabilityrightsca.org\/es\/wp-json\/wp\/v2\/types\/page"}],"author":[{"embeddable":true,"href":"https:\/\/rula.disabilityrightsca.org\/es\/wp-json\/wp\/v2\/users\/1"}],"replies":[{"embeddable":true,"href":"https:\/\/rula.disabilityrightsca.org\/es\/wp-json\/wp\/v2\/comments?post=2020"}],"version-history":[{"count":4,"href":"https:\/\/rula.disabilityrightsca.org\/es\/wp-json\/wp\/v2\/pages\/2020\/revisions"}],"predecessor-version":[{"id":3763,"href":"https:\/\/rula.disabilityrightsca.org\/es\/wp-json\/wp\/v2\/pages\/2020\/revisions\/3763"}],"up":[{"embeddable":true,"href":"https:\/\/rula.disabilityrightsca.org\/es\/wp-json\/wp\/v2\/pages\/1957"}],"wp:attachment":[{"href":"https:\/\/rula.disabilityrightsca.org\/es\/wp-json\/wp\/v2\/media?parent=2020"}],"curies":[{"name":"wp","href":"https:\/\/api.w.org\/{rel}","templated":true}]}}