{"id":2016,"date":"2021-09-24T17:33:36","date_gmt":"2021-09-24T17:33:36","guid":{"rendered":"http:\/\/www.rula.disabilityrightsca.org\/es\/?page_id=2016"},"modified":"2023-12-05T00:07:24","modified_gmt":"2023-12-05T00:07:24","slug":"5-23-puedo-defenderme-a-mi-y-a-los-demas-a-traves-de-una-de-las-oficinas-regionales-del-consejo-estatal-de-discapacidades-del-desarrollo","status":"publish","type":"page","link":"https:\/\/rula.disabilityrightsca.org\/es\/rula-book\/capitulo-5-defenderse-a-si-mismo\/5-23-puedo-defenderme-a-mi-y-a-los-demas-a-traves-de-una-de-las-oficinas-regionales-del-consejo-estatal-de-discapacidades-del-desarrollo\/","title":{"rendered":"(5.23) \u00bfPuedo defenderme a m\u00ed y a los dem\u00e1s a trav\u00e9s de una de las oficinas regionales del Consejo Estatal de Discapacidades del Desarrollo?"},"content":{"rendered":"\n<p>El Consejo Estatal de Discapacidades del Desarrollo (SCDD) tiene 12 oficinas regionales que cubren diferentes \u00e1reas del estado.&nbsp;Estas oficinas brindan servicios a personas con discapacidades del desarrollo y sus familias. Ellas proporcionan:<\/p>\n\n\n\n<ul class=\"wp-block-list\">\n<li>asistencia de defensa,<\/li>\n\n\n\n<li>capacitaci\u00f3n,<\/li>\n\n\n\n<li>seguimiento de los centros regionales y los sistemas de servicios para personas con discapacidad, e<\/li>\n\n\n\n<li>informaci\u00f3n p\u00fablica.<\/li>\n<\/ul>\n\n\n\n<p>Las oficinas regionales deben asegurarse de que las personas con discapacidades del desarrollo, sus familias y el p\u00fablico participen en cada una de las 12 \u00e1reas. Los comit\u00e9s consultivos regionales asesoran a las oficinas regionales al respecto. <span class=\"footnote_referrer\"><a role=\"button\" tabindex=\"0\" onclick=\"footnote_moveToReference_2016_1('footnote_plugin_reference_2016_1_1');\" onkeypress=\"footnote_moveToReference_2016_1('footnote_plugin_reference_2016_1_1');\" ><sup id=\"footnote_plugin_tooltip_2016_1_1\" class=\"footnote_plugin_tooltip_text\">[1]<\/sup><\/a><span id=\"footnote_plugin_tooltip_text_2016_1_1\" class=\"footnote_tooltip\">Secci\u00f3n 4544<\/span><\/span><script type=\"text\/javascript\"> jQuery('#footnote_plugin_tooltip_2016_1_1').tooltip({ tip: '#footnote_plugin_tooltip_text_2016_1_1', tipClass: 'footnote_tooltip', effect: 'fade', predelay: 0, fadeInSpeed: 200, delay: 400, fadeOutSpeed: 200, position: 'top center', relative: true, offset: [-7, 0], });<\/script> Si desea formar parte del comit\u00e9 asesor de su oficina regional, llame a esa oficina y d\u00edgaselo.\u00a0<\/p>\n<div class=\"speaker-mute footnotes_reference_container\"> <div class=\"footnote_container_prepare\"><p><span role=\"button\" tabindex=\"0\" class=\"footnote_reference_container_label pointer\" onclick=\"footnote_expand_collapse_reference_container_2016_1();\">&#x202F;<\/span><span role=\"button\" tabindex=\"0\" class=\"footnote_reference_container_collapse_button\" style=\"display: none;\" onclick=\"footnote_expand_collapse_reference_container_2016_1();\">[<a id=\"footnote_reference_container_collapse_button_2016_1\">+<\/a>]<\/span><\/p><\/div> <div id=\"footnote_references_container_2016_1\" style=\"\"><table class=\"footnotes_table footnote-reference-container\"><caption class=\"accessibility\">References<\/caption> <tbody> \r\n\r\n<tr class=\"footnotes_plugin_reference_row\"> <th scope=\"row\" class=\"footnote_plugin_index_combi pointer\"  onclick=\"footnote_moveToAnchor_2016_1('footnote_plugin_tooltip_2016_1_1');\"><a id=\"footnote_plugin_reference_2016_1_1\" class=\"footnote_backlink\"><span class=\"footnote_index_arrow\">&#8593;<\/span>1<\/a><\/th> <td class=\"footnote_plugin_text\">Secci\u00f3n 4544<\/td><\/tr>\r\n\r\n <\/tbody> <\/table> <\/div><\/div><script type=\"text\/javascript\"> function footnote_expand_reference_container_2016_1() { jQuery('#footnote_references_container_2016_1').show(); jQuery('#footnote_reference_container_collapse_button_2016_1').text('\u2212'); } function footnote_collapse_reference_container_2016_1() { jQuery('#footnote_references_container_2016_1').hide(); jQuery('#footnote_reference_container_collapse_button_2016_1').text('+'); } function footnote_expand_collapse_reference_container_2016_1() { if (jQuery('#footnote_references_container_2016_1').is(':hidden')) { footnote_expand_reference_container_2016_1(); } else { footnote_collapse_reference_container_2016_1(); } } function footnote_moveToReference_2016_1(p_str_TargetID) { footnote_expand_reference_container_2016_1(); var l_obj_Target = jQuery('#' + p_str_TargetID); if (l_obj_Target.length) { jQuery( 'html, body' ).delay( 0 ); jQuery('html, body').animate({ scrollTop: l_obj_Target.offset().top - window.innerHeight * 0.2 }, 380); } } function footnote_moveToAnchor_2016_1(p_str_TargetID) { footnote_expand_reference_container_2016_1(); var l_obj_Target = jQuery('#' + p_str_TargetID); if (l_obj_Target.length) { jQuery( 'html, body' ).delay( 0 ); jQuery('html, body').animate({ scrollTop: l_obj_Target.offset().top - window.innerHeight * 0.2 }, 380); } }<\/script>","protected":false},"excerpt":{"rendered":"<p>El Consejo Estatal de Discapacidades del Desarrollo (SCDD) tiene 12 oficinas regionales que cubren diferentes \u00e1reas del estado.&nbsp;Estas oficinas brindan servicios a personas con discapacidades&hellip;<\/p>\n","protected":false},"author":1,"featured_media":0,"parent":1957,"menu_order":23,"comment_status":"closed","ping_status":"closed","template":"","meta":{"footnotes":""},"class_list":["post-2016","page","type-page","status-publish","hentry"],"_links":{"self":[{"href":"https:\/\/rula.disabilityrightsca.org\/es\/wp-json\/wp\/v2\/pages\/2016","targetHints":{"allow":["GET"]}}],"collection":[{"href":"https:\/\/rula.disabilityrightsca.org\/es\/wp-json\/wp\/v2\/pages"}],"about":[{"href":"https:\/\/rula.disabilityrightsca.org\/es\/wp-json\/wp\/v2\/types\/page"}],"author":[{"embeddable":true,"href":"https:\/\/rula.disabilityrightsca.org\/es\/wp-json\/wp\/v2\/users\/1"}],"replies":[{"embeddable":true,"href":"https:\/\/rula.disabilityrightsca.org\/es\/wp-json\/wp\/v2\/comments?post=2016"}],"version-history":[{"count":5,"href":"https:\/\/rula.disabilityrightsca.org\/es\/wp-json\/wp\/v2\/pages\/2016\/revisions"}],"predecessor-version":[{"id":3761,"href":"https:\/\/rula.disabilityrightsca.org\/es\/wp-json\/wp\/v2\/pages\/2016\/revisions\/3761"}],"up":[{"embeddable":true,"href":"https:\/\/rula.disabilityrightsca.org\/es\/wp-json\/wp\/v2\/pages\/1957"}],"wp:attachment":[{"href":"https:\/\/rula.disabilityrightsca.org\/es\/wp-json\/wp\/v2\/media?parent=2016"}],"curies":[{"name":"wp","href":"https:\/\/api.w.org\/{rel}","templated":true}]}}