{"id":2012,"date":"2021-09-24T17:30:07","date_gmt":"2021-09-24T17:30:07","guid":{"rendered":"http:\/\/www.rula.disabilityrightsca.org\/es\/?page_id=2012"},"modified":"2023-12-05T00:06:32","modified_gmt":"2023-12-05T00:06:32","slug":"5-21-como-puedo-asegurarme-de-que-mi-centro-regional-tenga-los-servicios-y-apoyos-que-la-gente-quiere","status":"publish","type":"page","link":"https:\/\/rula.disabilityrightsca.org\/es\/rula-book\/capitulo-5-defenderse-a-si-mismo\/5-21-como-puedo-asegurarme-de-que-mi-centro-regional-tenga-los-servicios-y-apoyos-que-la-gente-quiere\/","title":{"rendered":"(5.21) \u00bfC\u00f3mo puedo asegurarme de que mi centro regional tenga los servicios y apoyos que la gente quiere?"},"content":{"rendered":"\n<p>Mant\u00e9ngase actualizado sobre los cambios y tendencias en las necesidades de servicio y el sistema para personas con discapacidades del desarrollo. Por ejemplo:<\/p>\n\n\n\n<ul class=\"wp-block-list\">\n<li>La tasa de autismo en California est\u00e1 aumentando. El autismo requiere servicios y apoyos especiales, como entornos m\u00e1s peque\u00f1os o entornos con pocos est\u00edmulos. Es posible que el estado deba dedicar m\u00e1s recursos a los servicios para abordar estas mayores necesidades. Es posible que deba abogar para alentar a la Legislatura a responder.<\/li>\n\n\n\n<li>Las personas con algunas discapacidades o combinaciones de discapacidades tienen dificultades para obtener servicios. Por ejemplo, personas con discapacidades psiqui\u00e1tricas y del desarrollo o personas con problemas m\u00e9dicos cr\u00f3nicos que necesitan tecnolog\u00eda especial. Los defensores pueden mejorar los sistemas y servicios.<\/li>\n\n\n\n<li>Muchos consumidores quieren vivir, trabajar y jugar en entornos integrados. Mucha gente quiere trabajar en trabajos regulares con apoyo en lugar de trabajar en talleres protegidos. Otros quieren ir a la &#8220;Y&#8221; local en el verano en lugar de un campamento para personas con discapacidades. Los defensores pueden ayudar a orientar los sistemas de prestaci\u00f3n de servicios hacia modelos y resultados de servicios m\u00e1s integrados.<\/li>\n\n\n\n<li>Se est\u00e1n desarrollando nuevas y mejores formas de servir a las personas en todo el mundo. Si las conoce, puede ayudar a asegurarse de que los servicios en su \u00e1rea se mantengan al d\u00eda con el progreso realizado en otros lugares.<\/li>\n<\/ul>\n\n\n\n<p>El centro regional trabaja para desarrollar nuevos tipos de servicios y hacer que sus servicios est\u00e9n disponibles para m\u00e1s personas. <span class=\"footnote_referrer\"><a role=\"button\" tabindex=\"0\" onclick=\"footnote_moveToReference_2012_1('footnote_plugin_reference_2012_1_1');\" onkeypress=\"footnote_moveToReference_2012_1('footnote_plugin_reference_2012_1_1');\" ><sup id=\"footnote_plugin_tooltip_2012_1_1\" class=\"footnote_plugin_tooltip_text\">[1]<\/sup><\/a><span id=\"footnote_plugin_tooltip_text_2012_1_1\" class=\"footnote_tooltip\">Secci\u00f3n 4648 (e)<\/span><\/span><script type=\"text\/javascript\"> jQuery('#footnote_plugin_tooltip_2012_1_1').tooltip({ tip: '#footnote_plugin_tooltip_text_2012_1_1', tipClass: 'footnote_tooltip', effect: 'fade', predelay: 0, fadeInSpeed: 200, delay: 400, fadeOutSpeed: 200, position: 'top center', relative: true, offset: [-7, 0], });<\/script>\u00a0El centro regional debe recopilar informaci\u00f3n sobre los servicios y apoyos que faltan en su \u00e1rea. Averig\u00fce si su centro regional est\u00e1 haciendo esto. Y solicite una copia de su lista de servicios necesarios que no est\u00e1n disponibles.<\/p>\n\n\n\n<p>Su coordinador de servicios debe ayudarlo a pensar en los apoyos que necesita, incluso si a\u00fan no est\u00e1n disponibles. La unidad de desarrollo del centro regional puede agregar esta informaci\u00f3n a su lista de servicios faltantes. Esto les ayudar\u00e1 a ver el &#8220;panorama general&#8221;, especialmente si muchas personas con discapacidades del desarrollo est\u00e1n solicitando el desarrollo de nuevos servicios similares. Ayudar\u00e1 al centro regional a decidir la mejor manera de enfocar sus recursos y desarrollar nuevos servicios.<\/p>\n\n\n\n<p>El Departamento de Servicios del Desarrollo (DDS) negocia contratos de cinco a\u00f1os con cada centro regional. El DDS incluye en cada contrato metas de desempe\u00f1o anual para cada centro regional. Estos objetivos deben desarrollarse a trav\u00e9s de un proceso p\u00fablico que solicita informaci\u00f3n a la comunidad del centro regional a trav\u00e9s de grupos focales y encuestas. <span class=\"footnote_referrer\"><a role=\"button\" tabindex=\"0\" onclick=\"footnote_moveToReference_2012_1('footnote_plugin_reference_2012_1_2');\" onkeypress=\"footnote_moveToReference_2012_1('footnote_plugin_reference_2012_1_2');\" ><sup id=\"footnote_plugin_tooltip_2012_1_2\" class=\"footnote_plugin_tooltip_text\">[2]<\/sup><\/a><span id=\"footnote_plugin_tooltip_text_2012_1_2\" class=\"footnote_tooltip\">Secci\u00f3n 4629(c)(1)(B)<\/span><\/span><script type=\"text\/javascript\"> jQuery('#footnote_plugin_tooltip_2012_1_2').tooltip({ tip: '#footnote_plugin_tooltip_text_2012_1_2', tipClass: 'footnote_tooltip', effect: 'fade', predelay: 0, fadeInSpeed: 200, delay: 400, fadeOutSpeed: 200, position: 'top center', relative: true, offset: [-7, 0], });<\/script> Estas audiencias p\u00fablicas, grupos focales y encuestas son una oportunidad para que las personas con discapacidades del desarrollo y sus familias hablen sobre las nuevas pol\u00edticas y programas necesarios en el \u00e1rea de cada centro regional.<\/p>\n\n\n\n<p>A partir del 1 de mayo de cada a\u00f1o, los centros regionales deben celebrar al menos una reuni\u00f3n sobre c\u00f3mo le fue al centro regional con las metas del a\u00f1o anterior. Estas reuniones deben publicitarse con anticipaci\u00f3n para obtener la opini\u00f3n de la comunidad. <span class=\"footnote_referrer\"><a role=\"button\" tabindex=\"0\" onclick=\"footnote_moveToReference_2012_1('footnote_plugin_reference_2012_1_3');\" onkeypress=\"footnote_moveToReference_2012_1('footnote_plugin_reference_2012_1_3');\" ><sup id=\"footnote_plugin_tooltip_2012_1_3\" class=\"footnote_plugin_tooltip_text\">[3]<\/sup><\/a><span id=\"footnote_plugin_tooltip_text_2012_1_3\" class=\"footnote_tooltip\">Secci\u00f3n 4629(f)<\/span><\/span><script type=\"text\/javascript\"> jQuery('#footnote_plugin_tooltip_2012_1_3').tooltip({ tip: '#footnote_plugin_tooltip_text_2012_1_3', tipClass: 'footnote_tooltip', effect: 'fade', predelay: 0, fadeInSpeed: 200, delay: 400, fadeOutSpeed: 200, position: 'top center', relative: true, offset: [-7, 0], });<\/script> Estas reuniones son una buena oportunidad para averiguar c\u00f3mo les est\u00e1 yendo a los centros regionales y c\u00f3mo pueden mejorar en \u00e1reas en las que deben hacer mejoras.<\/p>\n\n\n\n<p>Cuando desarrolla su &#8220;Plan de Ubicaci\u00f3n Comunitaria&#8221; anual, el centro regional usa su experiencia con personas en riesgo de ser ubicadas en centros de desarrollo, para encontrar servicios y apoyos que ayuden a prevenir esto. El centro regional recibe fondos espec\u00edficamente para desarrollar estos servicios y apoyos. <span class=\"footnote_referrer\"><a role=\"button\" tabindex=\"0\" onclick=\"footnote_moveToReference_2012_1('footnote_plugin_reference_2012_1_4');\" onkeypress=\"footnote_moveToReference_2012_1('footnote_plugin_reference_2012_1_4');\" ><sup id=\"footnote_plugin_tooltip_2012_1_4\" class=\"footnote_plugin_tooltip_text\">[4]<\/sup><\/a><span id=\"footnote_plugin_tooltip_text_2012_1_4\" class=\"footnote_tooltip\">Secci\u00f3n 4418.25(c)<\/span><\/span><script type=\"text\/javascript\"> jQuery('#footnote_plugin_tooltip_2012_1_4').tooltip({ tip: '#footnote_plugin_tooltip_text_2012_1_4', tipClass: 'footnote_tooltip', effect: 'fade', predelay: 0, fadeInSpeed: 200, delay: 400, fadeOutSpeed: 200, position: 'top center', relative: true, offset: [-7, 0], });<\/script> El proceso de desarrollo de este plan es otra oportunidad para brindar informaci\u00f3n y promover los servicios comunitarios. Estos servicios ayudar\u00edan a las personas a evitar ingresar a las instalaciones.<\/p>\n\n\n\n<p>Cada cinco a\u00f1os, el Consejo Estatal de Discapacidades del Desarrollo (SCDD) consulta a todos los centros regionales sobre los servicios y apoyos que les faltan. El SCDD consulta qu\u00e9 servicios y apoyos nuevos, ampliados o modificados necesitan. El SCDD muestra formas nuevas y diferentes de brindar servicios para satisfacer las necesidades de los clientes de los centros regionales. El SCDD tambi\u00e9n puede utilizar informaci\u00f3n de otras fuentes, incluidas las audiencias p\u00fablicas. Puede unirse a estas audiencias y orientar al centro regional hacia los objetivos en los que cree que deber\u00eda centrarse. <span class=\"footnote_referrer\"><a role=\"button\" tabindex=\"0\" onclick=\"footnote_moveToReference_2012_1('footnote_plugin_reference_2012_1_5');\" onkeypress=\"footnote_moveToReference_2012_1('footnote_plugin_reference_2012_1_5');\" ><sup id=\"footnote_plugin_tooltip_2012_1_5\" class=\"footnote_plugin_tooltip_text\">[5]<\/sup><\/a><span id=\"footnote_plugin_tooltip_text_2012_1_5\" class=\"footnote_tooltip\">Secci\u00f3n 4677(b)<\/span><\/span><script type=\"text\/javascript\"> jQuery('#footnote_plugin_tooltip_2012_1_5').tooltip({ tip: '#footnote_plugin_tooltip_text_2012_1_5', tipClass: 'footnote_tooltip', effect: 'fade', predelay: 0, fadeInSpeed: 200, delay: 400, fadeOutSpeed: 200, position: 'top center', relative: true, offset: [-7, 0], });<\/script><\/p>\n\n\n\n<p>La ley dice que estos objetivos deben enfocarse en ayudar a las personas con discapacidades del desarrollo a lograr resultados de calidad de vida. Deben demostrar un buen progreso, una mejora en el estado de las cosas para la gente en este momento. Deben incluir el desarrollo de los servicios necesarios para satisfacer las necesidades identificadas, incluidos los servicios apropiados para la cultura y el idioma. Deben reducir las diferencias en c\u00f3mo se compran los servicios y hacer esto igual entre los consumidores de los centros regionales. Deben hacer avances en el empleo de personas con discapacidades del desarrollo. Estos objetivos deben ser espec\u00edficos y medibles. <span class=\"footnote_referrer\"><a role=\"button\" tabindex=\"0\" onclick=\"footnote_moveToReference_2012_1('footnote_plugin_reference_2012_1_6');\" onkeypress=\"footnote_moveToReference_2012_1('footnote_plugin_reference_2012_1_6');\" ><sup id=\"footnote_plugin_tooltip_2012_1_6\" class=\"footnote_plugin_tooltip_text\">[6]<\/sup><\/a><span id=\"footnote_plugin_tooltip_text_2012_1_6\" class=\"footnote_tooltip\">Secci\u00f3n 4629<\/span><\/span><script type=\"text\/javascript\"> jQuery('#footnote_plugin_tooltip_2012_1_6').tooltip({ tip: '#footnote_plugin_tooltip_text_2012_1_6', tipClass: 'footnote_tooltip', effect: 'fade', predelay: 0, fadeInSpeed: 200, delay: 400, fadeOutSpeed: 200, position: 'top center', relative: true, offset: [-7, 0], });<\/script><\/p>\n\n\n\n<p>Puede averiguar c\u00f3mo le est\u00e1 yendo a su centro regional en el logro de estos objetivos. Los centros regionales deben publicar sus objetivos de contrato de desempe\u00f1o anual y su desempe\u00f1o de fin de a\u00f1o en sus sitios web. <span class=\"footnote_referrer\"><a role=\"button\" tabindex=\"0\" onclick=\"footnote_moveToReference_2012_1('footnote_plugin_reference_2012_1_7');\" onkeypress=\"footnote_moveToReference_2012_1('footnote_plugin_reference_2012_1_7');\" ><sup id=\"footnote_plugin_tooltip_2012_1_7\" class=\"footnote_plugin_tooltip_text\">[7]<\/sup><\/a><span id=\"footnote_plugin_tooltip_text_2012_1_7\" class=\"footnote_tooltip\">Secci\u00f3n 4629.5(b)(9)<\/span><\/span><script type=\"text\/javascript\"> jQuery('#footnote_plugin_tooltip_2012_1_7').tooltip({ tip: '#footnote_plugin_tooltip_text_2012_1_7', tipClass: 'footnote_tooltip', effect: 'fade', predelay: 0, fadeInSpeed: 200, delay: 400, fadeOutSpeed: 200, position: 'top center', relative: true, offset: [-7, 0], });<\/script><\/p>\n\n\n\n<p>Debido a que la ley requiere que los centros regionales se concentren en estos objetivos, es posible que tambi\u00e9n desee enfocarse en ellos en su defensa. Esto es especialmente importante si el centro regional no cumple con los objetivos requeridos.&nbsp;<\/p>\n<div class=\"speaker-mute footnotes_reference_container\"> <div class=\"footnote_container_prepare\"><p><span role=\"button\" tabindex=\"0\" class=\"footnote_reference_container_label pointer\" onclick=\"footnote_expand_collapse_reference_container_2012_1();\">&#x202F;<\/span><span role=\"button\" tabindex=\"0\" class=\"footnote_reference_container_collapse_button\" style=\"display: none;\" onclick=\"footnote_expand_collapse_reference_container_2012_1();\">[<a id=\"footnote_reference_container_collapse_button_2012_1\">+<\/a>]<\/span><\/p><\/div> <div id=\"footnote_references_container_2012_1\" style=\"\"><table class=\"footnotes_table footnote-reference-container\"><caption class=\"accessibility\">References<\/caption> <tbody> \r\n\r\n<tr class=\"footnotes_plugin_reference_row\"> <th scope=\"row\" class=\"footnote_plugin_index_combi pointer\"  onclick=\"footnote_moveToAnchor_2012_1('footnote_plugin_tooltip_2012_1_1');\"><a id=\"footnote_plugin_reference_2012_1_1\" class=\"footnote_backlink\"><span class=\"footnote_index_arrow\">&#8593;<\/span>1<\/a><\/th> <td class=\"footnote_plugin_text\">Secci\u00f3n 4648 (e)<\/td><\/tr>\r\n\r\n<tr class=\"footnotes_plugin_reference_row\"> <th scope=\"row\" class=\"footnote_plugin_index_combi pointer\"  onclick=\"footnote_moveToAnchor_2012_1('footnote_plugin_tooltip_2012_1_2');\"><a id=\"footnote_plugin_reference_2012_1_2\" class=\"footnote_backlink\"><span class=\"footnote_index_arrow\">&#8593;<\/span>2<\/a><\/th> <td class=\"footnote_plugin_text\">Secci\u00f3n 4629(c)(1)(B)<\/td><\/tr>\r\n\r\n<tr class=\"footnotes_plugin_reference_row\"> <th scope=\"row\" class=\"footnote_plugin_index_combi pointer\"  onclick=\"footnote_moveToAnchor_2012_1('footnote_plugin_tooltip_2012_1_3');\"><a id=\"footnote_plugin_reference_2012_1_3\" class=\"footnote_backlink\"><span class=\"footnote_index_arrow\">&#8593;<\/span>3<\/a><\/th> <td class=\"footnote_plugin_text\">Secci\u00f3n 4629(f)<\/td><\/tr>\r\n\r\n<tr class=\"footnotes_plugin_reference_row\"> <th scope=\"row\" class=\"footnote_plugin_index_combi pointer\"  onclick=\"footnote_moveToAnchor_2012_1('footnote_plugin_tooltip_2012_1_4');\"><a id=\"footnote_plugin_reference_2012_1_4\" class=\"footnote_backlink\"><span class=\"footnote_index_arrow\">&#8593;<\/span>4<\/a><\/th> <td class=\"footnote_plugin_text\">Secci\u00f3n 4418.25(c)<\/td><\/tr>\r\n\r\n<tr class=\"footnotes_plugin_reference_row\"> <th scope=\"row\" class=\"footnote_plugin_index_combi pointer\"  onclick=\"footnote_moveToAnchor_2012_1('footnote_plugin_tooltip_2012_1_5');\"><a id=\"footnote_plugin_reference_2012_1_5\" class=\"footnote_backlink\"><span class=\"footnote_index_arrow\">&#8593;<\/span>5<\/a><\/th> <td class=\"footnote_plugin_text\">Secci\u00f3n 4677(b)<\/td><\/tr>\r\n\r\n<tr class=\"footnotes_plugin_reference_row\"> <th scope=\"row\" class=\"footnote_plugin_index_combi pointer\"  onclick=\"footnote_moveToAnchor_2012_1('footnote_plugin_tooltip_2012_1_6');\"><a id=\"footnote_plugin_reference_2012_1_6\" class=\"footnote_backlink\"><span class=\"footnote_index_arrow\">&#8593;<\/span>6<\/a><\/th> <td class=\"footnote_plugin_text\">Secci\u00f3n 4629<\/td><\/tr>\r\n\r\n<tr class=\"footnotes_plugin_reference_row\"> <th scope=\"row\" class=\"footnote_plugin_index_combi pointer\"  onclick=\"footnote_moveToAnchor_2012_1('footnote_plugin_tooltip_2012_1_7');\"><a id=\"footnote_plugin_reference_2012_1_7\" class=\"footnote_backlink\"><span class=\"footnote_index_arrow\">&#8593;<\/span>7<\/a><\/th> <td class=\"footnote_plugin_text\">Secci\u00f3n 4629.5(b)(9)<\/td><\/tr>\r\n\r\n <\/tbody> <\/table> <\/div><\/div><script type=\"text\/javascript\"> function footnote_expand_reference_container_2012_1() { jQuery('#footnote_references_container_2012_1').show(); jQuery('#footnote_reference_container_collapse_button_2012_1').text('\u2212'); } function footnote_collapse_reference_container_2012_1() { jQuery('#footnote_references_container_2012_1').hide(); jQuery('#footnote_reference_container_collapse_button_2012_1').text('+'); } function footnote_expand_collapse_reference_container_2012_1() { if (jQuery('#footnote_references_container_2012_1').is(':hidden')) { footnote_expand_reference_container_2012_1(); } else { footnote_collapse_reference_container_2012_1(); } } function footnote_moveToReference_2012_1(p_str_TargetID) { footnote_expand_reference_container_2012_1(); var l_obj_Target = jQuery('#' + p_str_TargetID); if (l_obj_Target.length) { jQuery( 'html, body' ).delay( 0 ); jQuery('html, body').animate({ scrollTop: l_obj_Target.offset().top - window.innerHeight * 0.2 }, 380); } } function footnote_moveToAnchor_2012_1(p_str_TargetID) { footnote_expand_reference_container_2012_1(); var l_obj_Target = jQuery('#' + p_str_TargetID); if (l_obj_Target.length) { jQuery( 'html, body' ).delay( 0 ); jQuery('html, body').animate({ scrollTop: l_obj_Target.offset().top - window.innerHeight * 0.2 }, 380); } }<\/script>","protected":false},"excerpt":{"rendered":"<p>Mant\u00e9ngase actualizado sobre los cambios y tendencias en las necesidades de servicio y el sistema para personas con discapacidades del desarrollo. Por ejemplo: El centro&hellip;<\/p>\n","protected":false},"author":1,"featured_media":0,"parent":1957,"menu_order":21,"comment_status":"closed","ping_status":"closed","template":"","meta":{"footnotes":""},"class_list":["post-2012","page","type-page","status-publish","hentry"],"_links":{"self":[{"href":"https:\/\/rula.disabilityrightsca.org\/es\/wp-json\/wp\/v2\/pages\/2012","targetHints":{"allow":["GET"]}}],"collection":[{"href":"https:\/\/rula.disabilityrightsca.org\/es\/wp-json\/wp\/v2\/pages"}],"about":[{"href":"https:\/\/rula.disabilityrightsca.org\/es\/wp-json\/wp\/v2\/types\/page"}],"author":[{"embeddable":true,"href":"https:\/\/rula.disabilityrightsca.org\/es\/wp-json\/wp\/v2\/users\/1"}],"replies":[{"embeddable":true,"href":"https:\/\/rula.disabilityrightsca.org\/es\/wp-json\/wp\/v2\/comments?post=2012"}],"version-history":[{"count":3,"href":"https:\/\/rula.disabilityrightsca.org\/es\/wp-json\/wp\/v2\/pages\/2012\/revisions"}],"predecessor-version":[{"id":3759,"href":"https:\/\/rula.disabilityrightsca.org\/es\/wp-json\/wp\/v2\/pages\/2012\/revisions\/3759"}],"up":[{"embeddable":true,"href":"https:\/\/rula.disabilityrightsca.org\/es\/wp-json\/wp\/v2\/pages\/1957"}],"wp:attachment":[{"href":"https:\/\/rula.disabilityrightsca.org\/es\/wp-json\/wp\/v2\/media?parent=2012"}],"curies":[{"name":"wp","href":"https:\/\/api.w.org\/{rel}","templated":true}]}}