{"id":2010,"date":"2021-09-24T17:24:52","date_gmt":"2021-09-24T17:24:52","guid":{"rendered":"http:\/\/www.rula.disabilityrightsca.org\/es\/?page_id=2010"},"modified":"2023-12-05T00:05:39","modified_gmt":"2023-12-05T00:05:39","slug":"5-20-que-es-un-grupo-de-trabajo-o-grupo-asesor-y-como-puedo-unirme-a-uno","status":"publish","type":"page","link":"https:\/\/rula.disabilityrightsca.org\/es\/rula-book\/capitulo-5-defenderse-a-si-mismo\/5-20-que-es-un-grupo-de-trabajo-o-grupo-asesor-y-como-puedo-unirme-a-uno\/","title":{"rendered":"(5.20) \u00bfQu\u00e9 es un grupo de trabajo o grupo asesor y c\u00f3mo puedo unirme a uno?"},"content":{"rendered":"\n<p>El DDS, los legisladores estatales, las oficinas regionales del SCDD y los centros regionales utilizan grupos de trabajo o grupos asesores para estudiar problemas, recomendar pol\u00edticas, evaluar nuevos servicios e investigar problemas del sistema. Estas agencias deben hacer sus mejores esfuerzos para incluir a los consumidores y miembros de la familia. Los equipos de trabajo o grupos asesores tambi\u00e9n deben reflejar las diversas culturas de su comunidad.<span class=\"footnote_referrer\"><a role=\"button\" tabindex=\"0\" onclick=\"footnote_moveToReference_2010_1('footnote_plugin_reference_2010_1_1');\" onkeypress=\"footnote_moveToReference_2010_1('footnote_plugin_reference_2010_1_1');\" ><sup id=\"footnote_plugin_tooltip_2010_1_1\" class=\"footnote_plugin_tooltip_text\">[1]<\/sup><\/a><span id=\"footnote_plugin_tooltip_text_2010_1_1\" class=\"footnote_tooltip\">Secci\u00f3n 4640.8<\/span><\/span><script type=\"text\/javascript\"> jQuery('#footnote_plugin_tooltip_2010_1_1').tooltip({ tip: '#footnote_plugin_tooltip_text_2010_1_1', tipClass: 'footnote_tooltip', effect: 'fade', predelay: 0, fadeInSpeed: 200, delay: 400, fadeOutSpeed: 200, position: 'top center', relative: true, offset: [-7, 0], });<\/script><\/p>\n\n\n\n<p>Si se entera de alguno de estos grupos y desea participar, av\u00edseles. Estos grupos se forman cuando surge un problema o cuesti\u00f3n y un centro regional necesita la opini\u00f3n y el asesoramiento de la comunidad. Si se comunica con su centro regional con anticipaci\u00f3n, tiene m\u00e1s posibilidades de participar.<\/p>\n<div class=\"speaker-mute footnotes_reference_container\"> <div class=\"footnote_container_prepare\"><p><span role=\"button\" tabindex=\"0\" class=\"footnote_reference_container_label pointer\" onclick=\"footnote_expand_collapse_reference_container_2010_1();\">&#x202F;<\/span><span role=\"button\" tabindex=\"0\" class=\"footnote_reference_container_collapse_button\" style=\"display: none;\" onclick=\"footnote_expand_collapse_reference_container_2010_1();\">[<a id=\"footnote_reference_container_collapse_button_2010_1\">+<\/a>]<\/span><\/p><\/div> <div id=\"footnote_references_container_2010_1\" style=\"\"><table class=\"footnotes_table footnote-reference-container\"><caption class=\"accessibility\">References<\/caption> <tbody> \r\n\r\n<tr class=\"footnotes_plugin_reference_row\"> <th scope=\"row\" class=\"footnote_plugin_index_combi pointer\"  onclick=\"footnote_moveToAnchor_2010_1('footnote_plugin_tooltip_2010_1_1');\"><a id=\"footnote_plugin_reference_2010_1_1\" class=\"footnote_backlink\"><span class=\"footnote_index_arrow\">&#8593;<\/span>1<\/a><\/th> <td class=\"footnote_plugin_text\">Secci\u00f3n 4640.8<\/td><\/tr>\r\n\r\n <\/tbody> <\/table> <\/div><\/div><script type=\"text\/javascript\"> function footnote_expand_reference_container_2010_1() { jQuery('#footnote_references_container_2010_1').show(); jQuery('#footnote_reference_container_collapse_button_2010_1').text('\u2212'); } function footnote_collapse_reference_container_2010_1() { jQuery('#footnote_references_container_2010_1').hide(); jQuery('#footnote_reference_container_collapse_button_2010_1').text('+'); } function footnote_expand_collapse_reference_container_2010_1() { if (jQuery('#footnote_references_container_2010_1').is(':hidden')) { footnote_expand_reference_container_2010_1(); } else { footnote_collapse_reference_container_2010_1(); } } function footnote_moveToReference_2010_1(p_str_TargetID) { footnote_expand_reference_container_2010_1(); var l_obj_Target = jQuery('#' + p_str_TargetID); if (l_obj_Target.length) { jQuery( 'html, body' ).delay( 0 ); jQuery('html, body').animate({ scrollTop: l_obj_Target.offset().top - window.innerHeight * 0.2 }, 380); } } function footnote_moveToAnchor_2010_1(p_str_TargetID) { footnote_expand_reference_container_2010_1(); var l_obj_Target = jQuery('#' + p_str_TargetID); if (l_obj_Target.length) { jQuery( 'html, body' ).delay( 0 ); jQuery('html, body').animate({ scrollTop: l_obj_Target.offset().top - window.innerHeight * 0.2 }, 380); } }<\/script>","protected":false},"excerpt":{"rendered":"<p>El DDS, los legisladores estatales, las oficinas regionales del SCDD y los centros regionales utilizan grupos de trabajo o grupos asesores para estudiar problemas, recomendar&hellip;<\/p>\n","protected":false},"author":1,"featured_media":0,"parent":1957,"menu_order":20,"comment_status":"closed","ping_status":"closed","template":"","meta":{"footnotes":""},"class_list":["post-2010","page","type-page","status-publish","hentry"],"_links":{"self":[{"href":"https:\/\/rula.disabilityrightsca.org\/es\/wp-json\/wp\/v2\/pages\/2010","targetHints":{"allow":["GET"]}}],"collection":[{"href":"https:\/\/rula.disabilityrightsca.org\/es\/wp-json\/wp\/v2\/pages"}],"about":[{"href":"https:\/\/rula.disabilityrightsca.org\/es\/wp-json\/wp\/v2\/types\/page"}],"author":[{"embeddable":true,"href":"https:\/\/rula.disabilityrightsca.org\/es\/wp-json\/wp\/v2\/users\/1"}],"replies":[{"embeddable":true,"href":"https:\/\/rula.disabilityrightsca.org\/es\/wp-json\/wp\/v2\/comments?post=2010"}],"version-history":[{"count":3,"href":"https:\/\/rula.disabilityrightsca.org\/es\/wp-json\/wp\/v2\/pages\/2010\/revisions"}],"predecessor-version":[{"id":3758,"href":"https:\/\/rula.disabilityrightsca.org\/es\/wp-json\/wp\/v2\/pages\/2010\/revisions\/3758"}],"up":[{"embeddable":true,"href":"https:\/\/rula.disabilityrightsca.org\/es\/wp-json\/wp\/v2\/pages\/1957"}],"wp:attachment":[{"href":"https:\/\/rula.disabilityrightsca.org\/es\/wp-json\/wp\/v2\/media?parent=2010"}],"curies":[{"name":"wp","href":"https:\/\/api.w.org\/{rel}","templated":true}]}}