{"id":2008,"date":"2021-09-24T17:23:32","date_gmt":"2021-09-24T17:23:32","guid":{"rendered":"http:\/\/www.rula.disabilityrightsca.org\/es\/?page_id=2008"},"modified":"2023-12-05T00:05:19","modified_gmt":"2023-12-05T00:05:19","slug":"5-19-que-es-una-organizacion-de-partes-interesadas-y-como-puedo-unirme-a-una","status":"publish","type":"page","link":"https:\/\/rula.disabilityrightsca.org\/es\/rula-book\/capitulo-5-defenderse-a-si-mismo\/5-19-que-es-una-organizacion-de-partes-interesadas-y-como-puedo-unirme-a-una\/","title":{"rendered":"(5.19) \u00bfQu\u00e9 es una &#8220;organizaci\u00f3n de partes interesadas&#8221; y c\u00f3mo puedo unirme a una?"},"content":{"rendered":"\n<p>Una &#8220;organizaci\u00f3n de partes interesadas&#8221; es una organizaci\u00f3n estatal que representa los intereses de &#8220;consumidores, miembros de la familia, proveedores de servicios y organizaciones de defensa de todo el estado&#8221;. <span class=\"footnote_referrer\"><a role=\"button\" tabindex=\"0\" onclick=\"footnote_moveToReference_2008_1('footnote_plugin_reference_2008_1_1');\" onkeypress=\"footnote_moveToReference_2008_1('footnote_plugin_reference_2008_1_1');\" ><sup id=\"footnote_plugin_tooltip_2008_1_1\" class=\"footnote_plugin_tooltip_text\">[1]<\/sup><\/a><span id=\"footnote_plugin_tooltip_text_2008_1_1\" class=\"footnote_tooltip\">Secci\u00f3n 4512(k)<\/span><\/span><script type=\"text\/javascript\"> jQuery('#footnote_plugin_tooltip_2008_1_1').tooltip({ tip: '#footnote_plugin_tooltip_text_2008_1_1', tipClass: 'footnote_tooltip', effect: 'fade', predelay: 0, fadeInSpeed: 200, delay: 400, fadeOutSpeed: 200, position: 'top center', relative: true, offset: [-7, 0], });<\/script> El DDS o los comit\u00e9s legislativos a menudo solicitan a las organizaciones de partes interesadas que den su opini\u00f3n sobre cuestiones importantes de pol\u00edtica del sistema.<\/p>\n\n\n\n<p>Algunas partes interesadas son organizaciones de autodefensa, como People First of California, Disability Rights California y organizaciones proveedoras de servicios. Puede unirse a un grupo que represente sus puntos de vista e intentar hacer cambios positivos.<\/p>\n<div class=\"speaker-mute footnotes_reference_container\"> <div class=\"footnote_container_prepare\"><p><span role=\"button\" tabindex=\"0\" class=\"footnote_reference_container_label pointer\" onclick=\"footnote_expand_collapse_reference_container_2008_1();\">&#x202F;<\/span><span role=\"button\" tabindex=\"0\" class=\"footnote_reference_container_collapse_button\" style=\"display: none;\" onclick=\"footnote_expand_collapse_reference_container_2008_1();\">[<a id=\"footnote_reference_container_collapse_button_2008_1\">+<\/a>]<\/span><\/p><\/div> <div id=\"footnote_references_container_2008_1\" style=\"\"><table class=\"footnotes_table footnote-reference-container\"><caption class=\"accessibility\">References<\/caption> <tbody> \r\n\r\n<tr class=\"footnotes_plugin_reference_row\"> <th scope=\"row\" class=\"footnote_plugin_index_combi pointer\"  onclick=\"footnote_moveToAnchor_2008_1('footnote_plugin_tooltip_2008_1_1');\"><a id=\"footnote_plugin_reference_2008_1_1\" class=\"footnote_backlink\"><span class=\"footnote_index_arrow\">&#8593;<\/span>1<\/a><\/th> <td class=\"footnote_plugin_text\">Secci\u00f3n 4512(k)<\/td><\/tr>\r\n\r\n <\/tbody> <\/table> <\/div><\/div><script type=\"text\/javascript\"> function footnote_expand_reference_container_2008_1() { jQuery('#footnote_references_container_2008_1').show(); jQuery('#footnote_reference_container_collapse_button_2008_1').text('\u2212'); } function footnote_collapse_reference_container_2008_1() { jQuery('#footnote_references_container_2008_1').hide(); jQuery('#footnote_reference_container_collapse_button_2008_1').text('+'); } function footnote_expand_collapse_reference_container_2008_1() { if (jQuery('#footnote_references_container_2008_1').is(':hidden')) { footnote_expand_reference_container_2008_1(); } else { footnote_collapse_reference_container_2008_1(); } } function footnote_moveToReference_2008_1(p_str_TargetID) { footnote_expand_reference_container_2008_1(); var l_obj_Target = jQuery('#' + p_str_TargetID); if (l_obj_Target.length) { jQuery( 'html, body' ).delay( 0 ); jQuery('html, body').animate({ scrollTop: l_obj_Target.offset().top - window.innerHeight * 0.2 }, 380); } } function footnote_moveToAnchor_2008_1(p_str_TargetID) { footnote_expand_reference_container_2008_1(); var l_obj_Target = jQuery('#' + p_str_TargetID); if (l_obj_Target.length) { jQuery( 'html, body' ).delay( 0 ); jQuery('html, body').animate({ scrollTop: l_obj_Target.offset().top - window.innerHeight * 0.2 }, 380); } }<\/script>","protected":false},"excerpt":{"rendered":"<p>Una &#8220;organizaci\u00f3n de partes interesadas&#8221; es una organizaci\u00f3n estatal que representa los intereses de &#8220;consumidores, miembros de la familia, proveedores de servicios y organizaciones de&hellip;<\/p>\n","protected":false},"author":1,"featured_media":0,"parent":1957,"menu_order":19,"comment_status":"closed","ping_status":"closed","template":"","meta":{"footnotes":""},"class_list":["post-2008","page","type-page","status-publish","hentry"],"_links":{"self":[{"href":"https:\/\/rula.disabilityrightsca.org\/es\/wp-json\/wp\/v2\/pages\/2008","targetHints":{"allow":["GET"]}}],"collection":[{"href":"https:\/\/rula.disabilityrightsca.org\/es\/wp-json\/wp\/v2\/pages"}],"about":[{"href":"https:\/\/rula.disabilityrightsca.org\/es\/wp-json\/wp\/v2\/types\/page"}],"author":[{"embeddable":true,"href":"https:\/\/rula.disabilityrightsca.org\/es\/wp-json\/wp\/v2\/users\/1"}],"replies":[{"embeddable":true,"href":"https:\/\/rula.disabilityrightsca.org\/es\/wp-json\/wp\/v2\/comments?post=2008"}],"version-history":[{"count":3,"href":"https:\/\/rula.disabilityrightsca.org\/es\/wp-json\/wp\/v2\/pages\/2008\/revisions"}],"predecessor-version":[{"id":3757,"href":"https:\/\/rula.disabilityrightsca.org\/es\/wp-json\/wp\/v2\/pages\/2008\/revisions\/3757"}],"up":[{"embeddable":true,"href":"https:\/\/rula.disabilityrightsca.org\/es\/wp-json\/wp\/v2\/pages\/1957"}],"wp:attachment":[{"href":"https:\/\/rula.disabilityrightsca.org\/es\/wp-json\/wp\/v2\/media?parent=2008"}],"curies":[{"name":"wp","href":"https:\/\/api.w.org\/{rel}","templated":true}]}}