{"id":2006,"date":"2021-09-24T17:21:54","date_gmt":"2021-09-24T17:21:54","guid":{"rendered":"http:\/\/www.rula.disabilityrightsca.org\/es\/?page_id=2006"},"modified":"2023-11-29T17:12:43","modified_gmt":"2023-11-29T17:12:43","slug":"5-18-como-puedo-cambiar-el-sistema-de-centros-regionales-para-que-funcione-mejor-para-todas-las-personas-con-discapacidades-del-desarrollo","status":"publish","type":"page","link":"https:\/\/rula.disabilityrightsca.org\/es\/rula-book\/capitulo-5-defenderse-a-si-mismo\/5-18-como-puedo-cambiar-el-sistema-de-centros-regionales-para-que-funcione-mejor-para-todas-las-personas-con-discapacidades-del-desarrollo\/","title":{"rendered":"(5.18) \u00bfC\u00f3mo puedo cambiar el sistema de centros regionales para que funcione mejor para todas las personas con discapacidades del desarrollo?"},"content":{"rendered":"\n<p>Las personas con discapacidades del desarrollo, sus amigos y familias deben trabajar en el &#8220;sistema&#8221; para que las agencias estatales y los centros regionales hagan bien su trabajo.<\/p>\n\n\n\n<p>Hay muchas formas de hacer esto, que incluyen:<\/p>\n\n\n\n<ul class=\"wp-block-list\">\n<li>Ofrezca su opini\u00f3n en las reuniones p\u00fablicas del centro regional, especialmente cuando est\u00e9n haciendo su plan para el pr\u00f3ximo a\u00f1o.<\/li>\n\n\n\n<li>Ofrezca su opini\u00f3n cuando el Consejo Estatal de Discapacidades del Desarrollo o su oficina regional del SCDD recopile informaci\u00f3n sobre los servicios y apoyos necesarios.<\/li>\n\n\n\n<li>Testifique en audiencias legislativas sobre el presupuesto para el sistema de servicios de discapacidades del desarrollo y sobre los servicios y apoyos para personas con discapacidades del desarrollo en California.<\/li>\n\n\n\n<li>\u00danase a People First u otro grupo de autodefensa.<\/li>\n\n\n\n<li>\u00danase a organizaciones de defensa como: <a href=\"https:\/\/thearcca.org\/\">The Arc of California <\/a>o <a href=\"https:\/\/ucp.org\/\">United Cerebral Palsy<\/a> o <a href=\"https:\/\/fiestaeducativa.org\/\">Fiesta Educativa<\/a>.<\/li>\n\n\n\n<li>\u00danase a los grupos de trabajo o asesores locales que trabajan en un tema que le interese.<\/li>\n\n\n\n<li>\u00danase a un grupo estatal de &#8220;partes interesadas&#8221;, fuerza de trabajo o comit\u00e9 asesor formado para un proyecto espec\u00edfico para promover, asesorar o investigar.<\/li>\n\n\n\n<li>Inscr\u00edbase en la junta directiva de un centro regional u oficina regional del SCDD u otra agencia.<\/li>\n\n\n\n<li>Escriba cartas a su peri\u00f3dico o llame a su estaci\u00f3n de radio si no est\u00e1 de acuerdo con su cobertura de problemas de discapacidad.<\/li>\n<\/ul>\n","protected":false},"excerpt":{"rendered":"<p>Las personas con discapacidades del desarrollo, sus amigos y familias deben trabajar en el &#8220;sistema&#8221; para que las agencias estatales y los centros regionales hagan&hellip;<\/p>\n","protected":false},"author":1,"featured_media":0,"parent":1957,"menu_order":18,"comment_status":"closed","ping_status":"closed","template":"","meta":{"footnotes":""},"class_list":["post-2006","page","type-page","status-publish","hentry"],"_links":{"self":[{"href":"https:\/\/rula.disabilityrightsca.org\/es\/wp-json\/wp\/v2\/pages\/2006","targetHints":{"allow":["GET"]}}],"collection":[{"href":"https:\/\/rula.disabilityrightsca.org\/es\/wp-json\/wp\/v2\/pages"}],"about":[{"href":"https:\/\/rula.disabilityrightsca.org\/es\/wp-json\/wp\/v2\/types\/page"}],"author":[{"embeddable":true,"href":"https:\/\/rula.disabilityrightsca.org\/es\/wp-json\/wp\/v2\/users\/1"}],"replies":[{"embeddable":true,"href":"https:\/\/rula.disabilityrightsca.org\/es\/wp-json\/wp\/v2\/comments?post=2006"}],"version-history":[{"count":3,"href":"https:\/\/rula.disabilityrightsca.org\/es\/wp-json\/wp\/v2\/pages\/2006\/revisions"}],"predecessor-version":[{"id":3573,"href":"https:\/\/rula.disabilityrightsca.org\/es\/wp-json\/wp\/v2\/pages\/2006\/revisions\/3573"}],"up":[{"embeddable":true,"href":"https:\/\/rula.disabilityrightsca.org\/es\/wp-json\/wp\/v2\/pages\/1957"}],"wp:attachment":[{"href":"https:\/\/rula.disabilityrightsca.org\/es\/wp-json\/wp\/v2\/media?parent=2006"}],"curies":[{"name":"wp","href":"https:\/\/api.w.org\/{rel}","templated":true}]}}