{"id":2004,"date":"2021-09-24T17:20:39","date_gmt":"2021-09-24T17:20:39","guid":{"rendered":"http:\/\/www.rula.disabilityrightsca.org\/es\/?page_id=2004"},"modified":"2023-12-05T00:04:45","modified_gmt":"2023-12-05T00:04:45","slug":"5-17-como-puedo-saber-cual-es-la-posicion-del-centro-regional-u-otra-agencia-en-mi-caso","status":"publish","type":"page","link":"https:\/\/rula.disabilityrightsca.org\/es\/rula-book\/capitulo-5-defenderse-a-si-mismo\/5-17-como-puedo-saber-cual-es-la-posicion-del-centro-regional-u-otra-agencia-en-mi-caso\/","title":{"rendered":"(5.17) \u00bfC\u00f3mo puedo saber cu\u00e1l es la posici\u00f3n del centro regional u otra agencia en mi caso?"},"content":{"rendered":"\n<p>El centro regional debe darle un &#8220;aviso adecuado&#8221; 30 d\u00edas antes de que reduzca, cancele o cambie sus servicios de IPP sin su consentimiento. <span class=\"footnote_referrer\"><a role=\"button\" tabindex=\"0\" onclick=\"footnote_moveToReference_2004_1('footnote_plugin_reference_2004_1_1');\" onkeypress=\"footnote_moveToReference_2004_1('footnote_plugin_reference_2004_1_1');\" ><sup id=\"footnote_plugin_tooltip_2004_1_1\" class=\"footnote_plugin_tooltip_text\">[1]<\/sup><\/a><span id=\"footnote_plugin_tooltip_text_2004_1_1\" class=\"footnote_tooltip\">Secci\u00f3n 4710(a)<\/span><\/span><script type=\"text\/javascript\"> jQuery('#footnote_plugin_tooltip_2004_1_1').tooltip({ tip: '#footnote_plugin_tooltip_text_2004_1_1', tipClass: 'footnote_tooltip', effect: 'fade', predelay: 0, fadeInSpeed: 200, delay: 400, fadeOutSpeed: 200, position: 'top center', relative: true, offset: [-7, 0], });<\/script> Adem\u00e1s, siempre que un centro regional le niegue un servicio o apoyo que solicit\u00f3 en su IPP, debe enviarle un aviso adecuado. <span class=\"footnote_referrer\"><a role=\"button\" tabindex=\"0\" onclick=\"footnote_moveToReference_2004_1('footnote_plugin_reference_2004_1_2');\" onkeypress=\"footnote_moveToReference_2004_1('footnote_plugin_reference_2004_1_2');\" ><sup id=\"footnote_plugin_tooltip_2004_1_2\" class=\"footnote_plugin_tooltip_text\">[2]<\/sup><\/a><span id=\"footnote_plugin_tooltip_text_2004_1_2\" class=\"footnote_tooltip\">Secci\u00f3n 4710(b)<\/span><\/span><script type=\"text\/javascript\"> jQuery('#footnote_plugin_tooltip_2004_1_2').tooltip({ tip: '#footnote_plugin_tooltip_text_2004_1_2', tipClass: 'footnote_tooltip', effect: 'fade', predelay: 0, fadeInSpeed: 200, delay: 400, fadeOutSpeed: 200, position: 'top center', relative: true, offset: [-7, 0], });<\/script> Un aviso adecuado debe incluir:<\/p>\n\n\n\n<ul class=\"wp-block-list\">\n<li>la decisi\u00f3n que tom\u00f3 el centro regional,<\/li>\n\n\n\n<li>los hechos b\u00e1sicos en los que el centro regional basa su decisi\u00f3n,<\/li>\n\n\n\n<li>el motivo o los motivos de la decisi\u00f3n del centro regional,<\/li>\n\n\n\n<li>cu\u00e1ndo entrar\u00e1 en vigor la decisi\u00f3n,<\/li>\n\n\n\n<li>la ley o pol\u00edtica que respalda la decisi\u00f3n,<\/li>\n\n\n\n<li>c\u00f3mo apelar, y<\/li>\n\n\n\n<li>qu\u00e9 recursos de defensa existen para ayudarlo con su apelaci\u00f3n. <span class=\"footnote_referrer\"><a role=\"button\" tabindex=\"0\" onclick=\"footnote_moveToReference_2004_1('footnote_plugin_reference_2004_1_3');\" onkeypress=\"footnote_moveToReference_2004_1('footnote_plugin_reference_2004_1_3');\" ><sup id=\"footnote_plugin_tooltip_2004_1_3\" class=\"footnote_plugin_tooltip_text\">[3]<\/sup><\/a><span id=\"footnote_plugin_tooltip_text_2004_1_3\" class=\"footnote_tooltip\">Secci\u00f3n 4701(a)-(e) y (g)<\/span><\/span><script type=\"text\/javascript\"> jQuery('#footnote_plugin_tooltip_2004_1_3').tooltip({ tip: '#footnote_plugin_tooltip_text_2004_1_3', tipClass: 'footnote_tooltip', effect: 'fade', predelay: 0, fadeInSpeed: 200, delay: 400, fadeOutSpeed: 200, position: 'top center', relative: true, offset: [-7, 0], });<\/script><\/li>\n<\/ul>\n\n\n\n<p>Este aviso debe informarle la posici\u00f3n del centro regional en su caso. Si en el aviso falta algo o no lo entiende, comun\u00edquese con el centro regional y solicite la informaci\u00f3n.<\/p>\n\n\n\n<p>Otros programas, como IHSS y Medi-Cal, tambi\u00e9n deben enviarle cartas de aviso de acci\u00f3n cuando tomen una decisi\u00f3n. Estos avisos son como el aviso adecuado que los centros regionales deben darle. Si se est\u00e1 defendiendo a s\u00ed mismo o a otra persona en uno de esos programas y no recibe una carta de aviso de acci\u00f3n, comun\u00edquese con el programa y solicite esa carta.<\/p>\n<div class=\"speaker-mute footnotes_reference_container\"> <div class=\"footnote_container_prepare\"><p><span role=\"button\" tabindex=\"0\" class=\"footnote_reference_container_label pointer\" onclick=\"footnote_expand_collapse_reference_container_2004_1();\">&#x202F;<\/span><span role=\"button\" tabindex=\"0\" class=\"footnote_reference_container_collapse_button\" style=\"display: none;\" onclick=\"footnote_expand_collapse_reference_container_2004_1();\">[<a id=\"footnote_reference_container_collapse_button_2004_1\">+<\/a>]<\/span><\/p><\/div> <div id=\"footnote_references_container_2004_1\" style=\"\"><table class=\"footnotes_table footnote-reference-container\"><caption class=\"accessibility\">References<\/caption> <tbody> \r\n\r\n<tr class=\"footnotes_plugin_reference_row\"> <th scope=\"row\" class=\"footnote_plugin_index_combi pointer\"  onclick=\"footnote_moveToAnchor_2004_1('footnote_plugin_tooltip_2004_1_1');\"><a id=\"footnote_plugin_reference_2004_1_1\" class=\"footnote_backlink\"><span class=\"footnote_index_arrow\">&#8593;<\/span>1<\/a><\/th> <td class=\"footnote_plugin_text\">Secci\u00f3n 4710(a)<\/td><\/tr>\r\n\r\n<tr class=\"footnotes_plugin_reference_row\"> <th scope=\"row\" class=\"footnote_plugin_index_combi pointer\"  onclick=\"footnote_moveToAnchor_2004_1('footnote_plugin_tooltip_2004_1_2');\"><a id=\"footnote_plugin_reference_2004_1_2\" class=\"footnote_backlink\"><span class=\"footnote_index_arrow\">&#8593;<\/span>2<\/a><\/th> <td class=\"footnote_plugin_text\">Secci\u00f3n 4710(b)<\/td><\/tr>\r\n\r\n<tr class=\"footnotes_plugin_reference_row\"> <th scope=\"row\" class=\"footnote_plugin_index_combi pointer\"  onclick=\"footnote_moveToAnchor_2004_1('footnote_plugin_tooltip_2004_1_3');\"><a id=\"footnote_plugin_reference_2004_1_3\" class=\"footnote_backlink\"><span class=\"footnote_index_arrow\">&#8593;<\/span>3<\/a><\/th> <td class=\"footnote_plugin_text\">Secci\u00f3n 4701(a)-(e) y (g)<\/td><\/tr>\r\n\r\n <\/tbody> <\/table> <\/div><\/div><script type=\"text\/javascript\"> function footnote_expand_reference_container_2004_1() { jQuery('#footnote_references_container_2004_1').show(); jQuery('#footnote_reference_container_collapse_button_2004_1').text('\u2212'); } function footnote_collapse_reference_container_2004_1() { jQuery('#footnote_references_container_2004_1').hide(); jQuery('#footnote_reference_container_collapse_button_2004_1').text('+'); } function footnote_expand_collapse_reference_container_2004_1() { if (jQuery('#footnote_references_container_2004_1').is(':hidden')) { footnote_expand_reference_container_2004_1(); } else { footnote_collapse_reference_container_2004_1(); } } function footnote_moveToReference_2004_1(p_str_TargetID) { footnote_expand_reference_container_2004_1(); var l_obj_Target = jQuery('#' + p_str_TargetID); if (l_obj_Target.length) { jQuery( 'html, body' ).delay( 0 ); jQuery('html, body').animate({ scrollTop: l_obj_Target.offset().top - window.innerHeight * 0.2 }, 380); } } function footnote_moveToAnchor_2004_1(p_str_TargetID) { footnote_expand_reference_container_2004_1(); var l_obj_Target = jQuery('#' + p_str_TargetID); if (l_obj_Target.length) { jQuery( 'html, body' ).delay( 0 ); jQuery('html, body').animate({ scrollTop: l_obj_Target.offset().top - window.innerHeight * 0.2 }, 380); } }<\/script>","protected":false},"excerpt":{"rendered":"<p>El centro regional debe darle un &#8220;aviso adecuado&#8221; 30 d\u00edas antes de que reduzca, cancele o cambie sus servicios de IPP sin su consentimiento. [1]Secci\u00f3n&hellip;<\/p>\n","protected":false},"author":1,"featured_media":0,"parent":1957,"menu_order":17,"comment_status":"closed","ping_status":"closed","template":"","meta":{"footnotes":""},"class_list":["post-2004","page","type-page","status-publish","hentry"],"_links":{"self":[{"href":"https:\/\/rula.disabilityrightsca.org\/es\/wp-json\/wp\/v2\/pages\/2004","targetHints":{"allow":["GET"]}}],"collection":[{"href":"https:\/\/rula.disabilityrightsca.org\/es\/wp-json\/wp\/v2\/pages"}],"about":[{"href":"https:\/\/rula.disabilityrightsca.org\/es\/wp-json\/wp\/v2\/types\/page"}],"author":[{"embeddable":true,"href":"https:\/\/rula.disabilityrightsca.org\/es\/wp-json\/wp\/v2\/users\/1"}],"replies":[{"embeddable":true,"href":"https:\/\/rula.disabilityrightsca.org\/es\/wp-json\/wp\/v2\/comments?post=2004"}],"version-history":[{"count":3,"href":"https:\/\/rula.disabilityrightsca.org\/es\/wp-json\/wp\/v2\/pages\/2004\/revisions"}],"predecessor-version":[{"id":3756,"href":"https:\/\/rula.disabilityrightsca.org\/es\/wp-json\/wp\/v2\/pages\/2004\/revisions\/3756"}],"up":[{"embeddable":true,"href":"https:\/\/rula.disabilityrightsca.org\/es\/wp-json\/wp\/v2\/pages\/1957"}],"wp:attachment":[{"href":"https:\/\/rula.disabilityrightsca.org\/es\/wp-json\/wp\/v2\/media?parent=2004"}],"curies":[{"name":"wp","href":"https:\/\/api.w.org\/{rel}","templated":true}]}}