{"id":2002,"date":"2021-09-24T17:18:46","date_gmt":"2021-09-24T17:18:46","guid":{"rendered":"http:\/\/www.rula.disabilityrightsca.org\/es\/?page_id=2002"},"modified":"2023-12-05T00:03:40","modified_gmt":"2023-12-05T00:03:40","slug":"5-16-que-es-la-evidencia","status":"publish","type":"page","link":"https:\/\/rula.disabilityrightsca.org\/es\/rula-book\/capitulo-5-defenderse-a-si-mismo\/5-16-que-es-la-evidencia\/","title":{"rendered":"(5.16) \u00bfQu\u00e9 es la evidencia?"},"content":{"rendered":"\n<p>La evidencia es cualquier cosa que pueda probar que algo es cierto. La evidencia es importante incluso si no va a una audiencia imparcial. Si muestra evidencia que lo respalde, ayudar\u00e1 a persuadir al centro regional de que su solicitud debe ser concedida sin necesidad de una audiencia. Sin embargo, si tiene que ir a una audiencia porque no puede resolver su disputa de otra manera, las reglas sobre las pruebas son m\u00e1s relajadas en estas audiencias imparciales que en los tribunales.<\/p>\n\n\n\n<p>La evidencia incluye:<\/p>\n\n\n\n<ul class=\"wp-block-list\">\n<li><em>lo que usted dice o lo que dice otra persona en una audiencia, y<\/em><\/li>\n\n\n\n<li><em>lo que dicen sus registros e informes sobre usted y lo que necesita.<\/em><\/li>\n<\/ul>\n\n\n\n<p>Por ejemplo, para demostrar que necesita m\u00e1s horas de capacitaci\u00f3n en Habilidades para la Vida Independiente, entregue al juez de audiencia todos los informes de evaluaci\u00f3n u otra informaci\u00f3n que demuestre sus necesidades. Los informes y testimonios de testigos son ejemplos de pruebas. El centro regional presentar\u00e1 evidencia como esta. El centro regional har\u00e1 que su personal asista a la audiencia para decirle al juez por qu\u00e9 no necesitan brindarle el servicio o m\u00e1s horas. Debido a esto, debe traer evidencia escrita o alguien que testifique por qu\u00e9 la necesita.<\/p>\n\n\n\n<p>Tiene derecho, antes de la audiencia, a ver la evidencia que el centro regional presentar\u00e1 en la audiencia, y el centro regional tiene el mismo derecho a ver su evidencia. La ley dice que al menos cinco d\u00edas antes de la audiencia, usted y el centro regional deben intercambiar copias de los documentos que cada uno planea presentar en la audiencia. Tambi\u00e9n debe intercambiar una lista de los posibles testigos que cada uno llamar\u00e1 para que testifiquen y un poco sobre lo que dir\u00e1n. <span class=\"footnote_referrer\"><a role=\"button\" tabindex=\"0\" onclick=\"footnote_moveToReference_2002_1('footnote_plugin_reference_2002_1_1');\" onkeypress=\"footnote_moveToReference_2002_1('footnote_plugin_reference_2002_1_1');\" ><sup id=\"footnote_plugin_tooltip_2002_1_1\" class=\"footnote_plugin_tooltip_text\">[1]<\/sup><\/a><span id=\"footnote_plugin_tooltip_text_2002_1_1\" class=\"footnote_tooltip\">Secci\u00f3n 4712(d)<\/span><\/span><script type=\"text\/javascript\"> jQuery('#footnote_plugin_tooltip_2002_1_1').tooltip({ tip: '#footnote_plugin_tooltip_text_2002_1_1', tipClass: 'footnote_tooltip', effect: 'fade', predelay: 0, fadeInSpeed: 200, delay: 400, fadeOutSpeed: 200, position: 'top center', relative: true, offset: [-7, 0], });<\/script> No todas las pruebas son igualmente importantes. Por ejemplo, si un psic\u00f3logo llega a la audiencia y testifica en lugar de simplemente dar una copia de su informe, se considera m\u00e1s valioso que el informe por s\u00ed solo.\u00a0<\/p>\n<div class=\"speaker-mute footnotes_reference_container\"> <div class=\"footnote_container_prepare\"><p><span role=\"button\" tabindex=\"0\" class=\"footnote_reference_container_label pointer\" onclick=\"footnote_expand_collapse_reference_container_2002_1();\">&#x202F;<\/span><span role=\"button\" tabindex=\"0\" class=\"footnote_reference_container_collapse_button\" style=\"display: none;\" onclick=\"footnote_expand_collapse_reference_container_2002_1();\">[<a id=\"footnote_reference_container_collapse_button_2002_1\">+<\/a>]<\/span><\/p><\/div> <div id=\"footnote_references_container_2002_1\" style=\"\"><table class=\"footnotes_table footnote-reference-container\"><caption class=\"accessibility\">References<\/caption> <tbody> \r\n\r\n<tr class=\"footnotes_plugin_reference_row\"> <th scope=\"row\" class=\"footnote_plugin_index_combi pointer\"  onclick=\"footnote_moveToAnchor_2002_1('footnote_plugin_tooltip_2002_1_1');\"><a id=\"footnote_plugin_reference_2002_1_1\" class=\"footnote_backlink\"><span class=\"footnote_index_arrow\">&#8593;<\/span>1<\/a><\/th> <td class=\"footnote_plugin_text\">Secci\u00f3n 4712(d)<\/td><\/tr>\r\n\r\n <\/tbody> <\/table> <\/div><\/div><script type=\"text\/javascript\"> function footnote_expand_reference_container_2002_1() { jQuery('#footnote_references_container_2002_1').show(); jQuery('#footnote_reference_container_collapse_button_2002_1').text('\u2212'); } function footnote_collapse_reference_container_2002_1() { jQuery('#footnote_references_container_2002_1').hide(); jQuery('#footnote_reference_container_collapse_button_2002_1').text('+'); } function footnote_expand_collapse_reference_container_2002_1() { if (jQuery('#footnote_references_container_2002_1').is(':hidden')) { footnote_expand_reference_container_2002_1(); } else { footnote_collapse_reference_container_2002_1(); } } function footnote_moveToReference_2002_1(p_str_TargetID) { footnote_expand_reference_container_2002_1(); var l_obj_Target = jQuery('#' + p_str_TargetID); if (l_obj_Target.length) { jQuery( 'html, body' ).delay( 0 ); jQuery('html, body').animate({ scrollTop: l_obj_Target.offset().top - window.innerHeight * 0.2 }, 380); } } function footnote_moveToAnchor_2002_1(p_str_TargetID) { footnote_expand_reference_container_2002_1(); var l_obj_Target = jQuery('#' + p_str_TargetID); if (l_obj_Target.length) { jQuery( 'html, body' ).delay( 0 ); jQuery('html, body').animate({ scrollTop: l_obj_Target.offset().top - window.innerHeight * 0.2 }, 380); } }<\/script>","protected":false},"excerpt":{"rendered":"<p>La evidencia es cualquier cosa que pueda probar que algo es cierto. La evidencia es importante incluso si no va a una audiencia imparcial. Si&hellip;<\/p>\n","protected":false},"author":1,"featured_media":0,"parent":1957,"menu_order":16,"comment_status":"closed","ping_status":"closed","template":"","meta":{"footnotes":""},"class_list":["post-2002","page","type-page","status-publish","hentry"],"_links":{"self":[{"href":"https:\/\/rula.disabilityrightsca.org\/es\/wp-json\/wp\/v2\/pages\/2002","targetHints":{"allow":["GET"]}}],"collection":[{"href":"https:\/\/rula.disabilityrightsca.org\/es\/wp-json\/wp\/v2\/pages"}],"about":[{"href":"https:\/\/rula.disabilityrightsca.org\/es\/wp-json\/wp\/v2\/types\/page"}],"author":[{"embeddable":true,"href":"https:\/\/rula.disabilityrightsca.org\/es\/wp-json\/wp\/v2\/users\/1"}],"replies":[{"embeddable":true,"href":"https:\/\/rula.disabilityrightsca.org\/es\/wp-json\/wp\/v2\/comments?post=2002"}],"version-history":[{"count":4,"href":"https:\/\/rula.disabilityrightsca.org\/es\/wp-json\/wp\/v2\/pages\/2002\/revisions"}],"predecessor-version":[{"id":3755,"href":"https:\/\/rula.disabilityrightsca.org\/es\/wp-json\/wp\/v2\/pages\/2002\/revisions\/3755"}],"up":[{"embeddable":true,"href":"https:\/\/rula.disabilityrightsca.org\/es\/wp-json\/wp\/v2\/pages\/1957"}],"wp:attachment":[{"href":"https:\/\/rula.disabilityrightsca.org\/es\/wp-json\/wp\/v2\/media?parent=2002"}],"curies":[{"name":"wp","href":"https:\/\/api.w.org\/{rel}","templated":true}]}}